{"id":924,"date":"2017-08-31T17:40:14","date_gmt":"2017-08-31T20:40:14","guid":{"rendered":"http:\/\/sites.usp.br\/pgimunoicb\/?page_id=924"},"modified":"2026-02-27T19:53:58","modified_gmt":"2026-02-27T22:53:58","slug":"area-para-alunos","status":"publish","type":"page","link":"https:\/\/sites.usp.br\/pgimunoicb\/programa\/area-para-alunos\/","title":{"rendered":"\u00c1rea para Alunos"},"content":{"rendered":"<p>&nbsp;<\/p>\n<ul>\n<li><a href=\"\/\/sites.usp.br\/pgimunoicb\/programa\/area-para-alunos\/exame-de-proficiencia\/\">Exame de Profici\u00eancia<\/a><\/li>\n<li><a href=\"\/\/sites.usp.br\/pgimunoicb\/programa\/area-para-alunos\/prazos-e-creditos\/\">Prazos e Cr\u00e9ditos<\/a><\/li>\n<li><a href=\"\/\/sites.usp.br\/pgimunoicb\/programa\/area-para-alunos\/protocolo-de-etica\/\">Protocolo de \u00c9tica<\/a><\/li>\n<li><a href=\"\/\/sites.usp.br\/pgimunoicb\/programa\/area-para-alunos\/exame-de-qualificacao\/\">Exame de Qualifica\u00e7\u00e3o<\/a><\/li>\n<li><a href=\"\/\/sites.usp.br\/pgimunoicb\/programa\/area-para-alunos\/defesa-dissertacao-e-tese\/\">Defesa (disserta\u00e7\u00e3o e tese)<\/a><\/li>\n<li><a href=\"https:\/\/sites.usp.br\/pgimunoicb\/programa\/area-para-alunos\/prorrogacaotrancamento\/\">Prorroga\u00e7\u00e3o\/Trancamento<\/a><\/li>\n<li><a href=\"\/\/sites.usp.br\/pgimunoicb\/programa\/area-para-alunos\/tabela-creditos-especiais\/\">Tabela Cr\u00e9ditos Especiais<\/a><\/li>\n<\/ul>\n<p>&nbsp;<\/p>\n","protected":false},"excerpt":{"rendered":"<p>&nbsp; Exame de Profici\u00eancia Prazos e Cr\u00e9ditos Protocolo de \u00c9tica Exame de Qualifica\u00e7\u00e3o Defesa (disserta\u00e7\u00e3o e tese) Prorroga\u00e7\u00e3o\/Trancamento Tabela Cr\u00e9ditos Especiais &nbsp;<\/p>\n","protected":false},"author":584,"featured_media":0,"parent":901,"menu_order":0,"comment_status":"closed","ping_status":"closed","template":"","meta":{"footnotes":"","_links_to":"","_links_to_target":""},"categories":[],"tags":[],"class_list":["post-924","page","type-page","status-publish","hentry"],"_links":{"self":[{"href":"https:\/\/sites.usp.br\/pgimunoicb\/wp-json\/wp\/v2\/pages\/924","targetHints":{"allow":["GET"]}}],"collection":[{"href":"https:\/\/sites.usp.br\/pgimunoicb\/wp-json\/wp\/v2\/pages"}],"about":[{"href":"https:\/\/sites.usp.br\/pgimunoicb\/wp-json\/wp\/v2\/types\/page"}],"author":[{"embeddable":true,"href":"https:\/\/sites.usp.br\/pgimunoicb\/wp-json\/wp\/v2\/users\/584"}],"replies":[{"embeddable":true,"href":"https:\/\/sites.usp.br\/pgimunoicb\/wp-json\/wp\/v2\/comments?post=924"}],"version-history":[{"count":4,"href":"https:\/\/sites.usp.br\/pgimunoicb\/wp-json\/wp\/v2\/pages\/924\/revisions"}],"predecessor-version":[{"id":3870,"href":"https:\/\/sites.usp.br\/pgimunoicb\/wp-json\/wp\/v2\/pages\/924\/revisions\/3870"}],"up":[{"embeddable":true,"href":"https:\/\/sites.usp.br\/pgimunoicb\/wp-json\/wp\/v2\/pages\/901"}],"wp:attachment":[{"href":"https:\/\/sites.usp.br\/pgimunoicb\/wp-json\/wp\/v2\/media?parent=924"}],"wp:term":[{"taxonomy":"category","embeddable":true,"href":"https:\/\/sites.usp.br\/pgimunoicb\/wp-json\/wp\/v2\/categories?post=924"},{"taxonomy":"post_tag","embeddable":true,"href":"https:\/\/sites.usp.br\/pgimunoicb\/wp-json\/wp\/v2\/tags?post=924"}],"curies":[{"name":"wp","href":"https:\/\/api.w.org\/{rel}","templated":true}]}}