{"id":930,"date":"2017-08-31T17:49:04","date_gmt":"2017-08-31T20:49:04","guid":{"rendered":"http:\/\/sites.usp.br\/pgimunoicb\/?page_id=930"},"modified":"2026-02-27T20:04:03","modified_gmt":"2026-02-27T23:04:03","slug":"prazos-e-creditos","status":"publish","type":"page","link":"https:\/\/sites.usp.br\/pgimunoicb\/programa\/area-para-alunos\/prazos-e-creditos\/","title":{"rendered":"Prazos e Cr\u00e9ditos"},"content":{"rendered":"<p><strong>III &#8211; PRAZOS<\/strong><br \/>\nIII.1 No curso de Mestrado, o prazo para dep\u00f3sito da disserta\u00e7\u00e3o \u00e9 de 30 (trinta) meses.<br \/>\nIII.2 No curso de Doutorado, para o portador do t\u00edtulo de mestre, o prazo para dep\u00f3sito da tese \u00e9 de 54 (cinquenta e quatro) meses.<br \/>\nIII.3 No curso de Doutorado, sem obten\u00e7\u00e3o pr\u00e9via do t\u00edtulo de mestre (Doutorado Direto), o prazo para dep\u00f3sito da tese \u00e9 de 66 (sessenta e seis) meses.<br \/>\nIII.4 Em qualquer um dos cursos, em casos excepcionais devidamente justificados, os estudantes poder\u00e3o solicitar prorroga\u00e7\u00e3o de prazo por um per\u00edodo m\u00e1ximo de 6 meses (cento e oitenta dias).<\/p>\n<p>&nbsp;<\/p>\n<p><strong>IV &#8211; CR\u00c9DITOS M\u00cdNIMOS<\/strong><br \/>\nIV.1 O estudante de Mestrado dever\u00e1 integralizar um m\u00ednimo de unidades de cr\u00e9dito, da seguinte forma:<br \/>\n&#8211; 96 (noventa e seis) unidades de cr\u00e9dito, sendo 32 (trinta e dois) cr\u00e9ditos em disciplinas (sendo no m\u00ednimo 16 cr\u00e9ditos em disciplinas obrigat\u00f3rias) e 64 (sessenta e quatro) cr\u00e9ditos na elabora\u00e7\u00e3o da disserta\u00e7\u00e3o.<br \/>\nIV.2 O(A) estudante de Doutorado, portador do t\u00edtulo de Mestre pela USP ou por ela reconhecido, dever\u00e1 integralizar um m\u00ednimo de unidades de cr\u00e9dito, da seguinte forma:<br \/>\n&#8211; 160 (cento e sessenta) unidades de cr\u00e9dito, sendo 24 (vinte e quatro) cr\u00e9ditos em disciplinas (sendo no m\u00ednimo 12 cr\u00e9ditos em disciplinas obrigat\u00f3rias) e 136 (cento e trinta e seis) cr\u00e9ditos na elabora\u00e7\u00e3o da tese.<br \/>\nIV.3 O(A) estudante de Doutorado, sem a obten\u00e7\u00e3o pr\u00e9via do t\u00edtulo de Mestre, dever\u00e1 integralizar um m\u00ednimo de unidades de cr\u00e9dito, da seguinte forma: &#8211; 192 (cento e noventa e duas) unidades de cr\u00e9dito, sendo 56 (cinquenta e seis) cr\u00e9ditos em disciplinas (sendo no m\u00ednimo 28 cr\u00e9ditos em disciplinas obrigat\u00f3rias) e 136 (cento e trinta e seis) cr\u00e9ditos na elabora\u00e7\u00e3o da tese.<\/p>\n<p><strong>IV.4 Disciplinas Obrigat\u00f3rias<\/strong><br \/>\nIV.4.1 Os alunos poder\u00e3o escolher as disciplinas obrigat\u00f3rias entre as seguintes: BMI5904 (4 cr\u00e9ditos), BMI5905 (4 cr\u00e9ditos), BMI5906 (4 cr\u00e9ditos), BMI5907 (4 cr\u00e9ditos), BMI5908 (4 cr\u00e9ditos), BMI5862 (4 cr\u00e9ditos), BMI5863 (4 cr\u00e9ditos).<br \/>\nIV.4.2 As unidades de cr\u00e9dito m\u00ednimas em disciplinas obrigat\u00f3rias s\u00e3o 16 par alunos de mestrado, 12 para alunos de doutorado e 28 para alunos de doutorado direto.<\/p>\n<p><strong>IV.5 Cr\u00e9ditos Especiais<\/strong><br \/>\nPoder\u00e3o ser concedidos, como cr\u00e9ditos especiais, no m\u00e1ximo 12 (doze), 12 (doze) e 24 (vinte e quatro) cr\u00e9ditos para os Cursos de Mestrado, Doutorado ou Doutorado Direto, respectivamente. Tais cr\u00e9ditos est\u00e3o especificados nos itens abaixo:<br \/>\nIV.5.1 No caso de trabalho completo publicado em revista de circula\u00e7\u00e3o nacional ou internacional que tenha corpo editorial reconhecido, ou cap\u00edtulo de livro de reconhecido m\u00e9rito na \u00e1rea do conhecimento, sendo o(a) estudante o(a) primeiro(a) autor(a) e que possua rela\u00e7\u00e3o com o projeto de sua disserta\u00e7\u00e3o ou tese, o n\u00famero de cr\u00e9ditos especiais \u00e9 igual a 4 (quatro). No caso de coautoria, o n\u00famero de cr\u00e9ditos especiais \u00e9 igual a 2 (dois)<br \/>\nIV.5.2 No caso de dep\u00f3sito de patentes o n\u00famero de cr\u00e9ditos especiais \u00e9 igual a 2 (dois).<br \/>\nIV.5.3 No caso de participa\u00e7\u00e3o em Congressos, Workshops, Simp\u00f3sios ou outro tipo de reuni\u00e3o cient\u00edfica com apresenta\u00e7\u00e3o de trabalho completo e que seja publicado (na forma impressa ou digital) em anais (ou similares) e que o aluno seja o primeiro autor, o n\u00famero de cr\u00e9ditos concedidos \u00e9 igual a 2 (dois), limitados a at\u00e9 2 (dois) por evento, com apresenta\u00e7\u00e3o de trabalhos distintos.<br \/>\nIV.5.4 No caso de participa\u00e7\u00e3o no Programa de Aperfei\u00e7oamento de Ensino (PAE) o n\u00famero de cr\u00e9ditos especiais \u00e9 igual a 4 (quatro), sendo permitida a atribui\u00e7\u00e3o a uma \u00fanica participa\u00e7\u00e3o no Mestrado, no Doutorado e no Doutorado Direto.<\/p>\n<p>&nbsp;<\/p>\n","protected":false},"excerpt":{"rendered":"<p>III &#8211; PRAZOS III.1 No curso de Mestrado, o prazo para dep\u00f3sito da disserta\u00e7\u00e3o \u00e9 de 30 (trinta) meses. III.2 No curso de Doutorado, para o portador do t\u00edtulo de mestre, o prazo para dep\u00f3sito da tese \u00e9 de 54 (cinquenta e quatro) meses. III.3 No curso de Doutorado, sem obten\u00e7\u00e3o pr\u00e9via do t\u00edtulo de mestre (Doutorado Direto), o prazo para dep\u00f3sito da tese \u00e9 de 66 (sessenta e seis) meses. III.4 Em qualquer um dos cursos, em casos excepcionais devidamente justificados, os estudantes poder\u00e3o solicitar prorroga\u00e7\u00e3o de prazo por um per\u00edodo m\u00e1ximo de 6 meses (cento e oitenta dias). &nbsp; IV &#8211; CR\u00c9DITOS M\u00cdNIMOS IV.1 O estudante de Mestrado dever\u00e1 integralizar um m\u00ednimo de unidades de cr\u00e9dito, da seguinte forma: &#8211; 96 (noventa e seis) unidades de cr\u00e9dito, sendo 32 (trinta e dois) cr\u00e9ditos em disciplinas (sendo no m\u00ednimo 16 cr\u00e9ditos em disciplinas obrigat\u00f3rias) e 64 (sessenta e quatro) cr\u00e9ditos na elabora\u00e7\u00e3o da disserta\u00e7\u00e3o. IV.2 O(A) estudante de Doutorado, portador do t\u00edtulo de Mestre pela USP ou por ela reconhecido, dever\u00e1 integralizar um m\u00ednimo de unidades de cr\u00e9dito, da seguinte forma: &#8211; 160 (cento e sessenta) unidades de cr\u00e9dito, sendo 24 (vinte e quatro) cr\u00e9ditos em disciplinas (sendo no [&#8230;]<\/p>\n","protected":false},"author":584,"featured_media":0,"parent":924,"menu_order":0,"comment_status":"closed","ping_status":"closed","template":"","meta":{"footnotes":"","_links_to":"","_links_to_target":""},"categories":[],"tags":[],"class_list":["post-930","page","type-page","status-publish","hentry"],"_links":{"self":[{"href":"https:\/\/sites.usp.br\/pgimunoicb\/wp-json\/wp\/v2\/pages\/930","targetHints":{"allow":["GET"]}}],"collection":[{"href":"https:\/\/sites.usp.br\/pgimunoicb\/wp-json\/wp\/v2\/pages"}],"about":[{"href":"https:\/\/sites.usp.br\/pgimunoicb\/wp-json\/wp\/v2\/types\/page"}],"author":[{"embeddable":true,"href":"https:\/\/sites.usp.br\/pgimunoicb\/wp-json\/wp\/v2\/users\/584"}],"replies":[{"embeddable":true,"href":"https:\/\/sites.usp.br\/pgimunoicb\/wp-json\/wp\/v2\/comments?post=930"}],"version-history":[{"count":4,"href":"https:\/\/sites.usp.br\/pgimunoicb\/wp-json\/wp\/v2\/pages\/930\/revisions"}],"predecessor-version":[{"id":3884,"href":"https:\/\/sites.usp.br\/pgimunoicb\/wp-json\/wp\/v2\/pages\/930\/revisions\/3884"}],"up":[{"embeddable":true,"href":"https:\/\/sites.usp.br\/pgimunoicb\/wp-json\/wp\/v2\/pages\/924"}],"wp:attachment":[{"href":"https:\/\/sites.usp.br\/pgimunoicb\/wp-json\/wp\/v2\/media?parent=930"}],"wp:term":[{"taxonomy":"category","embeddable":true,"href":"https:\/\/sites.usp.br\/pgimunoicb\/wp-json\/wp\/v2\/categories?post=930"},{"taxonomy":"post_tag","embeddable":true,"href":"https:\/\/sites.usp.br\/pgimunoicb\/wp-json\/wp\/v2\/tags?post=930"}],"curies":[{"name":"wp","href":"https:\/\/api.w.org\/{rel}","templated":true}]}}