{"id":955,"date":"2017-09-01T11:20:49","date_gmt":"2017-09-01T14:20:49","guid":{"rendered":"http:\/\/sites.usp.br\/pgimunoicb\/?page_id=955"},"modified":"2026-02-27T19:56:07","modified_gmt":"2026-02-27T22:56:07","slug":"defesas-dissertacoes-e-teses","status":"publish","type":"page","link":"https:\/\/sites.usp.br\/pgimunoicb\/programa\/defesas-dissertacoes-e-teses\/","title":{"rendered":"Defesas"},"content":{"rendered":"<p>A CCP &#8211; convida a todos para a Defesa de Disserta\u00e7\u00e3o no dia 13 de junho de 2023 \u00e0s 09h00min \u2013 Anfiteatro Rosa \u2013 T\u00e9rreo \u2013 ICB-IV.<\/p>\n<p style=\"font-weight: 400;\"><strong>Defesa de Disserta\u00e7\u00e3o<\/strong>: dia 13 de junho de 2023 \u00e0s 09h00min.<\/p>\n<p style=\"font-weight: 400;\"><strong>Aluna<\/strong>:\u00a0Daniele Rodrigues Pereira<\/p>\n<p style=\"font-weight: 400;\"><strong>Orientadora<\/strong>: Dra.\u00a0Eliana Faquim De Lima Mauro<\/p>\n<p style=\"font-weight: 400;\"><strong>T\u00edtulo<\/strong>: \u201cEstudo do efeito estimulador de nanopart\u00edculas de PDDA conjugadas \u00e0 ovalbumina sobre as c\u00e9lulas dendr\u00edticas\u201d.<\/p>\n<p>\u00a0<strong>Aluna: Tamiris Isabela Guidugli<\/strong><\/p>\n<p>Orientador: Orlando Garcia Ribeiro Filho<\/p>\n<p>Intitulada: \u201cO estudo das c\u00e9lulas mieloderivadas supressoras na tumorig\u00eanese pulmonar em camundongos selecionados para m\u00e1xima ou m\u00ednima resposta inflamat\u00f3ria aguda\u201d.<\/p>\n<p>Dia: 22 de novembro de 2019, &#8211; \u00e0s 09h00min \u2013 Anfiteatro Prof. Ivan Motta (Anfiteatro Rosa), Instituto de Ci\u00eancias Biom\u00e9dicas da Universidade de S\u00e3o Paulo &#8211; ICB IV.<\/p>\n<p>&nbsp;<\/p>\n<p><strong>Aluno: Aamir Rana<\/strong><\/p>\n<p>Orientador: Jo\u00e3o Gustavo Pessini Amarante Mendes<\/p>\n<p>Intitulada: \u201cModula\u00e7\u00e3o da resposta anti-tumoral por agentes infecciosos modificados geneticamente \u201c.<\/p>\n<p>Dia: 28 de novembro de 2019, \u2013 \u00e0s 09h00min &#8211; Anfiteatro Prof. Ivan Motta (Anfiteatro Rosa), Instituto de Ci\u00eancias Biom\u00e9dicas da Universidade de S\u00e3o Paulo &#8211; ICB IV.<\/p>\n<p>&nbsp;<\/p>\n<p><strong>Aluna: Carla Longo de Freitas<\/strong><\/p>\n<p>Orientador: Jean Pierre Schatzmann Peron<\/p>\n<p>Intitulada: \u201cPropriedades imunomoduladoras de c\u00e9lulas tronco mesenquimais estromais no modelo de encefalomielite experimental autoimune\u201d.<\/p>\n<p>Dia: 03 de dezembro de 2019, \u2013 \u00e0s 09h00min &#8211; Anfiteatro do CEFAP, Instituto de Ci\u00eancias Biom\u00e9dicas da Universidade de S\u00e3o Paulo &#8211; ICB IV.<\/p>\n","protected":false},"excerpt":{"rendered":"<p>A CCP &#8211; convida a todos para a Defesa de Disserta\u00e7\u00e3o no dia 13 de junho de 2023 \u00e0s 09h00min \u2013 Anfiteatro Rosa \u2013 T\u00e9rreo \u2013 ICB-IV. Defesa de Disserta\u00e7\u00e3o: dia 13 de junho de 2023 \u00e0s 09h00min. Aluna:\u00a0Daniele Rodrigues Pereira Orientadora: Dra.\u00a0Eliana Faquim De Lima Mauro T\u00edtulo: \u201cEstudo do efeito estimulador de nanopart\u00edculas de PDDA conjugadas \u00e0 ovalbumina sobre as c\u00e9lulas dendr\u00edticas\u201d. \u00a0Aluna: Tamiris Isabela Guidugli Orientador: Orlando Garcia Ribeiro Filho Intitulada: \u201cO estudo das c\u00e9lulas mieloderivadas supressoras na tumorig\u00eanese pulmonar em camundongos selecionados para m\u00e1xima ou m\u00ednima resposta inflamat\u00f3ria aguda\u201d. Dia: 22 de novembro de 2019, &#8211; \u00e0s 09h00min \u2013 Anfiteatro Prof. Ivan Motta (Anfiteatro Rosa), Instituto de Ci\u00eancias Biom\u00e9dicas da Universidade de S\u00e3o Paulo &#8211; ICB IV. &nbsp; Aluno: Aamir Rana Orientador: Jo\u00e3o Gustavo Pessini Amarante Mendes Intitulada: \u201cModula\u00e7\u00e3o da resposta anti-tumoral por agentes infecciosos modificados geneticamente \u201c. Dia: 28 de novembro de 2019, \u2013 \u00e0s 09h00min &#8211; Anfiteatro Prof. Ivan Motta (Anfiteatro Rosa), Instituto de Ci\u00eancias Biom\u00e9dicas da Universidade de S\u00e3o Paulo &#8211; ICB IV. &nbsp; Aluna: Carla Longo de Freitas Orientador: Jean Pierre Schatzmann Peron Intitulada: \u201cPropriedades imunomoduladoras de c\u00e9lulas tronco mesenquimais estromais no modelo de encefalomielite experimental autoimune\u201d. Dia: 03 de dezembro de 2019, [&#8230;]<\/p>\n","protected":false},"author":584,"featured_media":0,"parent":901,"menu_order":0,"comment_status":"closed","ping_status":"closed","template":"","meta":{"footnotes":"","_links_to":"","_links_to_target":""},"categories":[],"tags":[],"class_list":["post-955","page","type-page","status-publish","hentry"],"_links":{"self":[{"href":"https:\/\/sites.usp.br\/pgimunoicb\/wp-json\/wp\/v2\/pages\/955","targetHints":{"allow":["GET"]}}],"collection":[{"href":"https:\/\/sites.usp.br\/pgimunoicb\/wp-json\/wp\/v2\/pages"}],"about":[{"href":"https:\/\/sites.usp.br\/pgimunoicb\/wp-json\/wp\/v2\/types\/page"}],"author":[{"embeddable":true,"href":"https:\/\/sites.usp.br\/pgimunoicb\/wp-json\/wp\/v2\/users\/584"}],"replies":[{"embeddable":true,"href":"https:\/\/sites.usp.br\/pgimunoicb\/wp-json\/wp\/v2\/comments?post=955"}],"version-history":[{"count":4,"href":"https:\/\/sites.usp.br\/pgimunoicb\/wp-json\/wp\/v2\/pages\/955\/revisions"}],"predecessor-version":[{"id":3872,"href":"https:\/\/sites.usp.br\/pgimunoicb\/wp-json\/wp\/v2\/pages\/955\/revisions\/3872"}],"up":[{"embeddable":true,"href":"https:\/\/sites.usp.br\/pgimunoicb\/wp-json\/wp\/v2\/pages\/901"}],"wp:attachment":[{"href":"https:\/\/sites.usp.br\/pgimunoicb\/wp-json\/wp\/v2\/media?parent=955"}],"wp:term":[{"taxonomy":"category","embeddable":true,"href":"https:\/\/sites.usp.br\/pgimunoicb\/wp-json\/wp\/v2\/categories?post=955"},{"taxonomy":"post_tag","embeddable":true,"href":"https:\/\/sites.usp.br\/pgimunoicb\/wp-json\/wp\/v2\/tags?post=955"}],"curies":[{"name":"wp","href":"https:\/\/api.w.org\/{rel}","templated":true}]}}