{"id":958,"date":"2017-09-01T11:23:02","date_gmt":"2017-09-01T14:23:02","guid":{"rendered":"http:\/\/sites.usp.br\/pgimunoicb\/?page_id=958"},"modified":"2026-02-27T19:54:42","modified_gmt":"2026-02-27T22:54:42","slug":"credenciamento-de-orientadores","status":"publish","type":"page","link":"https:\/\/sites.usp.br\/pgimunoicb\/programa\/credenciamento-de-orientadores\/","title":{"rendered":"Credenciamento de Orientadores"},"content":{"rendered":"<p><strong>X &#8211; ORIENTADORES E COORIENTADORES<\/strong><\/p>\n<p>X.1 A decis\u00e3o sobre o credenciamento ou recredenciamento de um orientador (interno ou externo) ser\u00e1 deliberada pela CPG ap\u00f3s encaminhamento pela CCP, circunstanciado na excel\u00eancia de sua produ\u00e7\u00e3o cient\u00edfica, art\u00edstica ou tecnol\u00f3gica e na coordena\u00e7\u00e3o e\/ou participa\u00e7\u00e3o em projetos de pesquisa financiados, conforme crit\u00e9rios m\u00ednimos especificados neste regulamento. O docente ser\u00e1 avaliado por sua capacidade de conduzir um projeto de pesquisa e gerar publica\u00e7\u00f5es em peri\u00f3dicos com arbitragem. Ser\u00e1 considerada sua participa\u00e7\u00e3o em congressos e est\u00e1gios de p\u00f3s-doutorado. A coordena\u00e7\u00e3o e a participa\u00e7\u00e3o do docente em projetos de pesquisa ser\u00e3o valorizadas.<\/p>\n<p>X.2 O n\u00famero m\u00e1ximo de orientados por orientador \u00e9 10 (dez). Adicionalmente, o orientador poder\u00e1 coorientar at\u00e9 3 (tr\u00eas) alunos.<\/p>\n<p>X.3 Os credenciamentos poder\u00e3o ser plenos ou espec\u00edficos. Credenciamentos espec\u00edficos s\u00e3o para orientar um determinado aluno.<\/p>\n<p>X.4 O credenciamento pleno de orientadores ter\u00e1 validade de 4 (quatro) anos.<\/p>\n<p>X.5 Para credenciamento ou recredenciamento, o solicitante dever\u00e1 encaminhar pedido formal circunstanciado \u00e0 CCP indicando objetivamente suas qualifica\u00e7\u00f5es para atuar ou continuar atuando junto ao programa. Dever\u00e1 anexar ao pedido o curr\u00edculo Lattes atualizado ou Curriculum Vitae (no caso de candidatos estrangeiros ainda sem Curr\u00edculo Lattes)atualizado e os endere\u00e7os eletr\u00f4nicos de cadastro no ResearcherID e ORCID.<\/p>\n<p><strong>X.6 Credenciamento Pleno de Orientadores<\/strong><\/p>\n<p>X.6.1 ser\u00e1 exigido do orientador pleno e do orientador espec\u00edfico:<\/p>\n<p>a) Linha de pesquisa definida, compat\u00edvel e de interesse do programa;<\/p>\n<p>b) Condi\u00e7\u00f5es laboratoriais adequadas para o desenvolvimento do trabalho, incluindo participa\u00e7\u00e3o direta (pesquisador principal) ou indireta (pesquisador associado, colaborador)em projetos de pesquisa financiados;<\/p>\n<p>c) Proposta de disciplina a ser oferecida em l\u00edngua inglesa no programa;<\/p>\n<p>d) M\u00ednimo de 5 (cinco) artigos em revistas indexadas pelo ISI-Web of Science no per\u00edodo de 5 (cinco) anos, como primeiro ou \u00faltimo autor;<\/p>\n<p>e) Financiamento comprovado em pesquisa, como respons\u00e1vel ou colaborador principal, em vig\u00eancia e com dura\u00e7\u00e3o de no m\u00ednimo 12 (doze) meses a contar da entrada do aluno.<\/p>\n<p><strong>X.7 Recredenciamento de Orientadores<\/strong><\/p>\n<p>X.7.1 Para fins de recredenciamento, ser\u00e1 exigido do orientador pleno e do orientador espec\u00edfico:<\/p>\n<p>a) Linha de pesquisa definida, compat\u00edvel e de interesse do programa;<\/p>\n<p>b) Condi\u00e7\u00f5es laboratoriais adequadas para o desenvolvimento do trabalho, incluindo participa\u00e7\u00e3o direta (pesquisador principal) ou indireta (pesquisador associado, colaborador)em projetos de pesquisa financiados;<\/p>\n<p>c) Proposta de disciplina a ser oferecida em l\u00edngua inglesa no programa;<\/p>\n<p>d) M\u00ednimo de 5 (cinco) artigos em revistas indexadas pelo ISI-Web of Science no per\u00edodo de 5 (cinco) anos, como primeiro ou \u00faltimo autor ou autor de correspond\u00eancia. Pelo menos 1 (uma) dessas publica\u00e7\u00f5es dever\u00e1 constar participa\u00e7\u00e3o de um aluno sob orienta\u00e7\u00e3o do requerente. Uma entre as 5 publica\u00e7\u00f5es deve estar classificada dentro dos tr\u00eas primeiros n\u00edveis da classifica\u00e7\u00e3o de peri\u00f3dicos da \u00e1rea de Ci\u00eancias Biol\u00f3gicas III da CAPES. Nos recredenciamentos posteriores, a partir do segundo pedido, ser\u00e1 obrigat\u00f3rio a participa\u00e7\u00e3o de alunos sob orienta\u00e7\u00e3o do requerente em mais de 30% dos artigos publicados pelo requerente ao longo do per\u00edodo como orientador cadastrado no programa;<\/p>\n<p>e) Contribui\u00e7\u00e3o em bancas de exames de qualifica\u00e7\u00e3o, disserta\u00e7\u00f5es e teses;<\/p>\n<p>f) Possuir pelo menos uma orienta\u00e7\u00e3o de Mestrado ou Doutorado conclu\u00edda;<\/p>\n<p>g) Ser respons\u00e1vel ou correspons\u00e1vel por disciplina(s) do Programa ministrada(s) pelo menos 2 (duas) vezes nos \u00faltimos 4 (quatro) anos, totalizando uma m\u00e9dia individual de no m\u00ednimo 2 cr\u00e9ditos\/ano;<\/p>\n<p>h) Apresentar hist\u00f3rico de financiamentos que comprovem capacidade de capta\u00e7\u00e3o de recursos nos \u00faltimos 5 (cinco) anos, preferencialmente com financiamento comprovado em pesquisa, como respons\u00e1vel ou colaborador principal, em vig\u00eancia e com dura\u00e7\u00e3o de no m\u00ednimo 12 (doze) meses a contar da entrada do aluno.<\/p>\n<p>X.7.2 Uma vez atendidos os crit\u00e9rios acima, as solicita\u00e7\u00f5es de credenciamento e recredenciamento ser\u00e3o analisadas pela CCP, que poder\u00e1 acatar ou n\u00e3o a solicita\u00e7\u00e3o, levando em considera\u00e7\u00e3o os interesses do Programa.<\/p>\n<p><strong>X.8 Credenciamento Espec\u00edfico de Orientadores<\/strong><\/p>\n<p>X.8.1 O primeiro credenciamento ser\u00e1 preferencialmente espec\u00edfico.<\/p>\n<p>X.8.2 Portadores do t\u00edtulo de doutor que n\u00e3o cumprirem com os requisitos m\u00ednimos de credenciamento especificados no item X.6 poder\u00e3o, a crit\u00e9rio da CCP, obter credenciamento espec\u00edfico.<\/p>\n<p>X.8.3 O solicitante de credenciamento espec\u00edfico poder\u00e1 orientar no m\u00e1ximo 2 estudantes de mestrado. A solicita\u00e7\u00e3o de credenciamento espec\u00edfico para orientar doutorado exige que o solicitante tenha conclu\u00eddo pelo menos uma orienta\u00e7\u00e3o de mestrado. Ser\u00e1 permitida a orienta\u00e7\u00e3o espec\u00edfica de apenas um aluno de doutorado.<\/p>\n<p><strong>X.9 Credenciamento de Coorientadores<\/strong><\/p>\n<p>X.9.1 O prazo para o credenciamento de coorientador no curso de mestrado ser\u00e1 de 15(quinze) meses.<\/p>\n<p>X.9.2 O prazo para o credenciamento de coorientador no curso de doutorado ser\u00e1 de 27(vinte e sete) meses.<\/p>\n<p>X.9.3 O prazo para o credenciamento de coorientador no curso de doutorado direto ser\u00e1 de33 (trinta e tr\u00eas) meses.<\/p>\n<p>X.9.4 Para credenciamento de coorientadores ser\u00e1 exigido:<\/p>\n<p>a) Linha de pesquisa definida, compat\u00edvel e de interesse do programa;<\/p>\n<p>b) Condi\u00e7\u00f5es laboratoriais adequadas para o desenvolvimento do trabalho incluindo participa\u00e7\u00e3o direta ou indireta em projetos de pesquisa financiados;<\/p>\n<p>c) Publica\u00e7\u00e3o regular na sua \u00e1rea de atua\u00e7\u00e3o em peri\u00f3dicos de circula\u00e7\u00e3o internacional indexados;<\/p>\n<p>d) M\u00e9dia m\u00ednima de 3 (tr\u00eas) artigos em revistas indexadas pelo ISI com \u00edndice de impacto maior ou igual a 2 (dois) no per\u00edodo de 5 (cinco) anos.<\/p>\n<p>e) Justificativa circunstanciada evidenciando a complementariedade da atua\u00e7\u00e3o do coorientador em rela\u00e7\u00e3o ao orientador no projeto de pesquisa do estudante dever\u00e1 ser apresentada.<\/p>\n<p><strong>X.10 Orientadores Externos<\/strong><\/p>\n<p>X.10.1 Preferencialmente, colaboradores externos \u00e0 Unidade dever\u00e3o ter credenciamento espec\u00edfico.<\/p>\n<p>X.10.2Nos pedidos referentes ao credenciamento de orientadores externos \u00e0 USP, incluindo Jovens Pesquisadores, Professores Visitantes, Pesquisadores Estagi\u00e1rios e outros, devem cumprir as exig\u00eancias de produ\u00e7\u00e3o cient\u00edfica mencionadas no item X.6.1 e al\u00e9m disso dever\u00e3o ser observados ainda os seguintes aspectos:<\/p>\n<p>a)Justificativa circunstanciada do solicitante quanto \u00e0 contribui\u00e7\u00e3o inovadora do projeto para o programa de p\u00f3s-gradua\u00e7\u00e3o;<\/p>\n<p>b)Identifica\u00e7\u00e3o do v\u00ednculo do interessado (ex: jovem pesquisador), mencionando a vig\u00eancia do programa e linha de pesquisa;<\/p>\n<p>c)Demonstrar a exist\u00eancia de infraestrutura (f\u00edsica, material e\/ou de equipamento);<\/p>\n<p>d)Demonstrar a exist\u00eancia de recursos para financiamento do projeto proposto para orienta\u00e7\u00e3o do p\u00f3s-graduando;<\/p>\n<p>e)Manifesta\u00e7\u00e3o de um professor da institui\u00e7\u00e3o ou supervisor, com a anu\u00eancia do chefe do departamento ou equivalente, demonstrando concord\u00e2ncia quanto \u00e0 utiliza\u00e7\u00e3o do espa\u00e7o para o desenvolvimento da orienta\u00e7\u00e3o solicitada e \u00e0 manuten\u00e7\u00e3o das condi\u00e7\u00f5es para a execu\u00e7\u00e3o do projeto do p\u00f3s-graduando;<\/p>\n<p>f)Curriculum vitae do interessado devendo constar, caso se aplique, as orienta\u00e7\u00f5es conclu\u00eddas e em andamento na USP e fora dela;Demonstrar a situa\u00e7\u00e3o funcional e o v\u00ednculo institucional do interessado (caso o interessado n\u00e3o comprove v\u00ednculo institucional est\u00e1vel o per\u00edodo de perman\u00eancia na institui\u00e7\u00e3o da USP dever\u00e1 ser de pelo menos 75% do prazo m\u00e1ximo para o dep\u00f3sito da disserta\u00e7\u00e3o ou tese).<\/p>\n<p>&nbsp;<\/p>\n","protected":false},"excerpt":{"rendered":"<p>X &#8211; ORIENTADORES E COORIENTADORES X.1 A decis\u00e3o sobre o credenciamento ou recredenciamento de um orientador (interno ou externo) ser\u00e1 deliberada pela CPG ap\u00f3s encaminhamento pela CCP, circunstanciado na excel\u00eancia de sua produ\u00e7\u00e3o cient\u00edfica, art\u00edstica ou tecnol\u00f3gica e na coordena\u00e7\u00e3o e\/ou participa\u00e7\u00e3o em projetos de pesquisa financiados, conforme crit\u00e9rios m\u00ednimos especificados neste regulamento. O docente ser\u00e1 avaliado por sua capacidade de conduzir um projeto de pesquisa e gerar publica\u00e7\u00f5es em peri\u00f3dicos com arbitragem. Ser\u00e1 considerada sua participa\u00e7\u00e3o em congressos e est\u00e1gios de p\u00f3s-doutorado. A coordena\u00e7\u00e3o e a participa\u00e7\u00e3o do docente em projetos de pesquisa ser\u00e3o valorizadas. X.2 O n\u00famero m\u00e1ximo de orientados por orientador \u00e9 10 (dez). Adicionalmente, o orientador poder\u00e1 coorientar at\u00e9 3 (tr\u00eas) alunos. X.3 Os credenciamentos poder\u00e3o ser plenos ou espec\u00edficos. Credenciamentos espec\u00edficos s\u00e3o para orientar um determinado aluno. X.4 O credenciamento pleno de orientadores ter\u00e1 validade de 4 (quatro) anos. X.5 Para credenciamento ou recredenciamento, o solicitante dever\u00e1 encaminhar pedido formal circunstanciado \u00e0 CCP indicando objetivamente suas qualifica\u00e7\u00f5es para atuar ou continuar atuando junto ao programa. Dever\u00e1 anexar ao pedido o curr\u00edculo Lattes atualizado ou Curriculum Vitae (no caso de candidatos estrangeiros ainda sem Curr\u00edculo Lattes)atualizado e os endere\u00e7os eletr\u00f4nicos de cadastro no ResearcherID e ORCID. [&#8230;]<\/p>\n","protected":false},"author":584,"featured_media":0,"parent":901,"menu_order":0,"comment_status":"closed","ping_status":"closed","template":"","meta":{"footnotes":"","_links_to":"","_links_to_target":""},"categories":[],"tags":[],"class_list":["post-958","page","type-page","status-publish","hentry"],"_links":{"self":[{"href":"https:\/\/sites.usp.br\/pgimunoicb\/wp-json\/wp\/v2\/pages\/958","targetHints":{"allow":["GET"]}}],"collection":[{"href":"https:\/\/sites.usp.br\/pgimunoicb\/wp-json\/wp\/v2\/pages"}],"about":[{"href":"https:\/\/sites.usp.br\/pgimunoicb\/wp-json\/wp\/v2\/types\/page"}],"author":[{"embeddable":true,"href":"https:\/\/sites.usp.br\/pgimunoicb\/wp-json\/wp\/v2\/users\/584"}],"replies":[{"embeddable":true,"href":"https:\/\/sites.usp.br\/pgimunoicb\/wp-json\/wp\/v2\/comments?post=958"}],"version-history":[{"count":4,"href":"https:\/\/sites.usp.br\/pgimunoicb\/wp-json\/wp\/v2\/pages\/958\/revisions"}],"predecessor-version":[{"id":3871,"href":"https:\/\/sites.usp.br\/pgimunoicb\/wp-json\/wp\/v2\/pages\/958\/revisions\/3871"}],"up":[{"embeddable":true,"href":"https:\/\/sites.usp.br\/pgimunoicb\/wp-json\/wp\/v2\/pages\/901"}],"wp:attachment":[{"href":"https:\/\/sites.usp.br\/pgimunoicb\/wp-json\/wp\/v2\/media?parent=958"}],"wp:term":[{"taxonomy":"category","embeddable":true,"href":"https:\/\/sites.usp.br\/pgimunoicb\/wp-json\/wp\/v2\/categories?post=958"},{"taxonomy":"post_tag","embeddable":true,"href":"https:\/\/sites.usp.br\/pgimunoicb\/wp-json\/wp\/v2\/tags?post=958"}],"curies":[{"name":"wp","href":"https:\/\/api.w.org\/{rel}","templated":true}]}}