{"id":967,"date":"2017-09-01T11:40:06","date_gmt":"2017-09-01T14:40:06","guid":{"rendered":"http:\/\/sites.usp.br\/pgimunoicb\/?page_id=967"},"modified":"2026-02-27T20:04:38","modified_gmt":"2026-02-27T23:04:38","slug":"prorrogacaotrancamento","status":"publish","type":"page","link":"https:\/\/sites.usp.br\/pgimunoicb\/programa\/area-para-alunos\/prorrogacaotrancamento\/","title":{"rendered":"Prorroga\u00e7\u00e3o\/Trancamento"},"content":{"rendered":"<p>Em casos excepcionais, devidamente justificados, os estudantes poder\u00e3o solicitar prorroga\u00e7\u00e3o de prazo por um per\u00edodo m\u00e1ximo de 6 meses (cento e oitenta dias).<\/p>\n<p>&nbsp;<\/p>\n","protected":false},"excerpt":{"rendered":"<p>Em casos excepcionais, devidamente justificados, os estudantes poder\u00e3o solicitar prorroga\u00e7\u00e3o de prazo por um per\u00edodo m\u00e1ximo de 6 meses (cento e oitenta dias). &nbsp;<\/p>\n","protected":false},"author":584,"featured_media":0,"parent":924,"menu_order":0,"comment_status":"closed","ping_status":"closed","template":"","meta":{"footnotes":"","_links_to":"","_links_to_target":""},"categories":[],"tags":[],"class_list":["post-967","page","type-page","status-publish","hentry"],"_links":{"self":[{"href":"https:\/\/sites.usp.br\/pgimunoicb\/wp-json\/wp\/v2\/pages\/967","targetHints":{"allow":["GET"]}}],"collection":[{"href":"https:\/\/sites.usp.br\/pgimunoicb\/wp-json\/wp\/v2\/pages"}],"about":[{"href":"https:\/\/sites.usp.br\/pgimunoicb\/wp-json\/wp\/v2\/types\/page"}],"author":[{"embeddable":true,"href":"https:\/\/sites.usp.br\/pgimunoicb\/wp-json\/wp\/v2\/users\/584"}],"replies":[{"embeddable":true,"href":"https:\/\/sites.usp.br\/pgimunoicb\/wp-json\/wp\/v2\/comments?post=967"}],"version-history":[{"count":4,"href":"https:\/\/sites.usp.br\/pgimunoicb\/wp-json\/wp\/v2\/pages\/967\/revisions"}],"predecessor-version":[{"id":3885,"href":"https:\/\/sites.usp.br\/pgimunoicb\/wp-json\/wp\/v2\/pages\/967\/revisions\/3885"}],"up":[{"embeddable":true,"href":"https:\/\/sites.usp.br\/pgimunoicb\/wp-json\/wp\/v2\/pages\/924"}],"wp:attachment":[{"href":"https:\/\/sites.usp.br\/pgimunoicb\/wp-json\/wp\/v2\/media?parent=967"}],"wp:term":[{"taxonomy":"category","embeddable":true,"href":"https:\/\/sites.usp.br\/pgimunoicb\/wp-json\/wp\/v2\/categories?post=967"},{"taxonomy":"post_tag","embeddable":true,"href":"https:\/\/sites.usp.br\/pgimunoicb\/wp-json\/wp\/v2\/tags?post=967"}],"curies":[{"name":"wp","href":"https:\/\/api.w.org\/{rel}","templated":true}]}}