{"id":13,"date":"2021-02-15T09:20:47","date_gmt":"2021-02-15T12:20:47","guid":{"rendered":"https:\/\/sites.usp.br\/pgmphb\/?page_id=13"},"modified":"2021-02-17T16:16:39","modified_gmt":"2021-02-17T19:16:39","slug":"programa","status":"publish","type":"page","link":"https:\/\/sites.usp.br\/pgmphb\/programa\/","title":{"rendered":"Programa"},"content":{"rendered":"<h3>Hist\u00f3rico e contextualiza\u00e7\u00e3o<\/h3>\n<p>Criado em 1990, o Hemocentro de Ribeir\u00e3o Preto \u00e9 um departamento do Hospital das Cl\u00ednicas da Faculdade de Medicina de Ribeir\u00e3o Preto (FMRP-USP), que integra atividades de n\u00facleos de pesquisa instalados no campus, desenvolvendo pesquisas nas \u00e1reas de hematologia, hemoterapia, biotecnologia, imunologia, virologia, terapia celular e contribui para a forma\u00e7\u00e3o de t\u00e9cnicos, especialistas, m\u00e9dicos, mestres e doutores. Sua estreita rela\u00e7\u00e3o com o Hospital das Cl\u00ednicas (hospital escola) e a Faculdade de Medicina (centro de forma\u00e7\u00e3o e pesquisa), imprimiu em sua hist\u00f3ria a proximidade com a pesquisa, que se estabelece em diversos graus atrav\u00e9s dos pesquisadores-professores, al\u00e9m das condi\u00e7\u00f5es f\u00edsicas de instala\u00e7\u00f5es e equipamentos. Caracterizado como centro de assist\u00eancia, o Hemocentro nas \u00faltimas duas d\u00e9cadas, constituiu-se e consolidou-se como \u00e1rea de pesquisa, produ\u00e7\u00e3o de conhecimento e forma\u00e7\u00e3o de recursos humanos especializados.<\/p>\n<p>Iniciado em 1\u00ba de janeiro de 2012, credenciado na \u00e1rea de Medicina I (c\u00f3digo do curso 33002029043F9), o programa de Hemoterapia e Biotecnologia compreende duas \u00e1reas de concentra\u00e7\u00e3o, com estruturas e din\u00e2micas distintas: a) Hemoterapia e Medicina Transfusional; b) Biotecnologia.<\/p>\n<p>A primeira \u00e9 decorrente do \u00eaxito alcan\u00e7ado pelo Curso de Medicina Transfusional e Hemoterapia Aplicada, oferecidos desde 2004, que inicialmente visou suprir a car\u00eancia de profissionais de n\u00edvel superior na \u00e1rea de Hemoterapia. Ainda hoje, mais de 800 servi\u00e7os transfusionais no pa\u00eds n\u00e3o possuem hemoterapeutas e\/ou profissionais especializados em medicina transfusional.<\/p>\n<p>A segunda \u00e1rea de concentra\u00e7\u00e3o, Biotecnologia, ganha destaque pelo surgimento e fortalecimento de novas empresas na \u00e1rea, que tem demandado profissionais qualificados e com a devida forma\u00e7\u00e3o. A presen\u00e7a do Parque Tecnol\u00f3gico (SUPERA Parque) no campus da USP de Ribeir\u00e3o Preto cria outra importante oportunidade, pois confere condi\u00e7\u00f5es favor\u00e1veis para novas empresas, que buscam o desenvolvimento de novas tecnologias em projetos de P&amp;D.<\/p>\n<p>Motivada pela percep\u00e7\u00e3o, tanto do grupo de pesquisadores e profissionais especialistas da FMRP, quanto pelo Minist\u00e9rio da Sa\u00fade, da car\u00eancia de profissionais com a devida forma\u00e7\u00e3o em hemoterapia e biotecnologia no Brasil, foi proposta a cria\u00e7\u00e3o deste mestrado profissional. Para atender \u00e0s especifica\u00e7\u00f5es e objetivos de um programa de p\u00f3s-gradua\u00e7\u00e3o stricto sensu, que prev\u00ea a produ\u00e7\u00e3o de conhecimento, a proposta contempla e prioriza a forma\u00e7\u00e3o em pesquisa com aplica\u00e7\u00e3o nas unidades de trabalhos.<\/p>\n<p>Assim, o Programa estruturou-se para oferecer forma\u00e7\u00e3o profissional s\u00f3lida por meio de uma grade curricular abrangente e integrada, al\u00e9m de permitir o desenvolvimento de projetos e solu\u00e7\u00f5es sob a orienta\u00e7\u00e3o de profissionais destacados que tamb\u00e9m possuem forte experi\u00eancia em pesquisa cient\u00edfica. A combina\u00e7\u00e3o de experi\u00eancia profissional e em pesquisa cient\u00edfica de ponta permite ambiente \u00fanico para a forma\u00e7\u00e3o dos alunos.<\/p>\n<p>Desde o in\u00edcio do Programa, o corpo docente contou com um conjunto de profissionais de relevante atua\u00e7\u00e3o: quatro docentes permanentes (DP) fazem parte da diretoria da Associa\u00e7\u00e3o Brasileira de Hematologia, Hemoterapia e Terapia Celular (ABHH), que corresponde \u00e0 sociedade m\u00e9dico-cient\u00edfica nacional na \u00e1rea de hemoterapia. Uma DP comp\u00f5e a diretoria da Sociedade Brasileira de Transplante de Medula \u00d3ssea (SBTMO). Dois DP do Programa editaram o Tratado de Hematologia e outros dois DP editaram o Manual de Medicina Transfusional, os livros-texto de refer\u00eancia nacional mais importantes na \u00e1rea. Os DP do Programa tamb\u00e9m conduzem o Curso de Medicina Transfusional e Hemoterapia Aplicada, destinado aos profissionais da \u00e1rea de sa\u00fade e que \u00e9 oferecido anualmente desde 2004. V\u00e1rios dos DP do Programa presidiram o Congresso Anual de Hematologia, Hemoterapia e Terapia Celular (Hemo) da ABHH nos \u00faltimos 10 anos. Um DP foi membro da Comiss\u00e3o T\u00e9cnica Nacional de Biosseguran\u00e7a. Um DP \u00e9 presidente do Comit\u00ea Internacional da American Society of Hematology (ASH), um DP coordena o cons\u00f3rcio internacional em leucemias agudas, um DP \u00e9 membro do Comit\u00ea Educacional da ASH e membro da Task Force em Imunoterapias da ASH. Um DP \u00e9 Diretor do Instituto Butant\u00e3 desde 2017. Ademais, o Hemocentro RP albergou por 9 anos (at\u00e9 2014) a Incubadora de Bases Tecnol\u00f3gicas (SUPERA). Em conjunto, essas a\u00e7\u00f5es demonstram a posi\u00e7\u00e3o de destaque do corpo docente e sua dedica\u00e7\u00e3o e expertise em diversos aspectos da hemoterapia e da biotecnologia. No momento da cria\u00e7\u00e3o, em 2012, o programa era constitu\u00eddo por 28 docentes permanentes. No quadri\u00eanio atual (2017 \u2013 atual), o n\u00famero de docentes permanentes variou de 30 a 37, sendo 32 em 2019.<\/p>\n<p>Em 2021, dos 94 integrantes do corpo discente do programa, 75 est\u00e3o titulados (67 em Hemoterapia e Medicina Transfusional e 8 em Biotecnologia, correspondendo \u00e0 95% de egressos), 19 alunos est\u00e3o regularmente matriculados.<\/p>\n<p>A modalidade \u00e9 oferecida pela <a href=\"http:\/\/www.fmrp.usp.br\/\">Faculdade de Medicina de Ribeir\u00e3o Preto da USP<\/a> em parceria com o <a href=\"http:\/\/ctcusp.org\/\">Centro de Terapia Celular<\/a> e o <a href=\"http:\/\/www.hemocentro.fmrp.usp.br\/\">Hemocentro de Ribeir\u00e3o Preto<\/a>.<\/p>\n","protected":false},"excerpt":{"rendered":"<p>Hist\u00f3rico e contextualiza\u00e7\u00e3o Criado em 1990, o Hemocentro de Ribeir\u00e3o Preto \u00e9 um departamento do Hospital das Cl\u00ednicas da Faculdade de Medicina de Ribeir\u00e3o Preto (FMRP-USP), que integra atividades de n\u00facleos de pesquisa instalados no campus, desenvolvendo pesquisas nas \u00e1reas de hematologia, hemoterapia, biotecnologia, imunologia, virologia, terapia celular e contribui para a forma\u00e7\u00e3o de t\u00e9cnicos,<a href=\"https:\/\/sites.usp.br\/pgmphb\/programa\/\">[&#8230;]<\/a><\/p>\n","protected":false},"author":457,"featured_media":0,"parent":0,"menu_order":0,"comment_status":"closed","ping_status":"closed","template":"","meta":{"footnotes":"","_links_to":"","_links_to_target":""},"class_list":["post-13","page","type-page","status-publish","hentry"],"_links":{"self":[{"href":"https:\/\/sites.usp.br\/pgmphb\/wp-json\/wp\/v2\/pages\/13","targetHints":{"allow":["GET"]}}],"collection":[{"href":"https:\/\/sites.usp.br\/pgmphb\/wp-json\/wp\/v2\/pages"}],"about":[{"href":"https:\/\/sites.usp.br\/pgmphb\/wp-json\/wp\/v2\/types\/page"}],"author":[{"embeddable":true,"href":"https:\/\/sites.usp.br\/pgmphb\/wp-json\/wp\/v2\/users\/457"}],"replies":[{"embeddable":true,"href":"https:\/\/sites.usp.br\/pgmphb\/wp-json\/wp\/v2\/comments?post=13"}],"version-history":[{"count":1,"href":"https:\/\/sites.usp.br\/pgmphb\/wp-json\/wp\/v2\/pages\/13\/revisions"}],"predecessor-version":[{"id":14,"href":"https:\/\/sites.usp.br\/pgmphb\/wp-json\/wp\/v2\/pages\/13\/revisions\/14"}],"wp:attachment":[{"href":"https:\/\/sites.usp.br\/pgmphb\/wp-json\/wp\/v2\/media?parent=13"}],"curies":[{"name":"wp","href":"https:\/\/api.w.org\/{rel}","templated":true}]}}