{"id":152,"date":"2021-02-23T14:04:55","date_gmt":"2021-02-23T17:04:55","guid":{"rendered":"https:\/\/sites.usp.br\/pgmphb\/?page_id=152"},"modified":"2021-02-23T14:08:17","modified_gmt":"2021-02-23T17:08:17","slug":"disciplinas","status":"publish","type":"page","link":"https:\/\/sites.usp.br\/pgmphb\/disciplinas\/","title":{"rendered":"Disciplinas"},"content":{"rendered":"<ul>\n<li>CAT\u00c1LOGO DE DISCIPLINAS: <a href=\"https:\/\/uspdigital.usp.br\/janus\/componente\/catalogoDisciplinasInicial.jsf?action=4&amp;tipo=D&amp;codcpg=17\">Janus (usp.br)<\/a><\/li>\n<li>DISCIPLINAS OFERECIDAS NO SEMESTRE: <a href=\"https:\/\/uspdigital.usp.br\/janus\/componente\/disciplinasOferecidasInicial.jsf?action=2&amp;codcpg=17&amp;codare=17155\">\u00c1rea de Biotecnologia<\/a> e <a href=\"https:\/\/uspdigital.usp.br\/janus\/componente\/disciplinasOferecidasInicial.jsf?action=2&amp;codcpg=17&amp;codare=17156\">\u00c1rea de Hemoterapia e Medicina Transfusional<\/a><\/li>\n<\/ul>\n","protected":false},"excerpt":{"rendered":"<p>CAT\u00c1LOGO DE DISCIPLINAS: Janus (usp.br) DISCIPLINAS OFERECIDAS NO SEMESTRE: \u00c1rea de Biotecnologia e \u00c1rea de Hemoterapia e Medicina Transfusional<\/p>\n","protected":false},"author":457,"featured_media":0,"parent":0,"menu_order":0,"comment_status":"closed","ping_status":"closed","template":"","meta":{"footnotes":"","_links_to":"","_links_to_target":""},"class_list":["post-152","page","type-page","status-publish","hentry"],"_links":{"self":[{"href":"https:\/\/sites.usp.br\/pgmphb\/wp-json\/wp\/v2\/pages\/152","targetHints":{"allow":["GET"]}}],"collection":[{"href":"https:\/\/sites.usp.br\/pgmphb\/wp-json\/wp\/v2\/pages"}],"about":[{"href":"https:\/\/sites.usp.br\/pgmphb\/wp-json\/wp\/v2\/types\/page"}],"author":[{"embeddable":true,"href":"https:\/\/sites.usp.br\/pgmphb\/wp-json\/wp\/v2\/users\/457"}],"replies":[{"embeddable":true,"href":"https:\/\/sites.usp.br\/pgmphb\/wp-json\/wp\/v2\/comments?post=152"}],"version-history":[{"count":2,"href":"https:\/\/sites.usp.br\/pgmphb\/wp-json\/wp\/v2\/pages\/152\/revisions"}],"predecessor-version":[{"id":155,"href":"https:\/\/sites.usp.br\/pgmphb\/wp-json\/wp\/v2\/pages\/152\/revisions\/155"}],"wp:attachment":[{"href":"https:\/\/sites.usp.br\/pgmphb\/wp-json\/wp\/v2\/media?parent=152"}],"curies":[{"name":"wp","href":"https:\/\/api.w.org\/{rel}","templated":true}]}}