{"id":19,"date":"2021-02-15T09:22:36","date_gmt":"2021-02-15T12:22:36","guid":{"rendered":"https:\/\/sites.usp.br\/pgmphb\/?page_id=19"},"modified":"2021-02-15T09:22:36","modified_gmt":"2021-02-15T12:22:36","slug":"perfil-do-egresso","status":"publish","type":"page","link":"https:\/\/sites.usp.br\/pgmphb\/perfil-do-egresso\/","title":{"rendered":"Perfil do egresso"},"content":{"rendered":"<p>O mestrado profissional em Hemoterapia e Biotecnologia, sendo stricto sensu, prev\u00ea a produ\u00e7\u00e3o de conhecimento. A aproxima\u00e7\u00e3o de profissionais da sa\u00fade com projetos de pesquisa, focados no desenvolvimento de tecnologias aplicadas ao trabalho, modifica, aprimora e fortalece sua atua\u00e7\u00e3o profissional. O contato com o pesquisador, que produz conhecimento espec\u00edfico em sua \u00e1rea, aproxima\/articula quest\u00f5es pr\u00f3prias da pesquisa e as aplicam \u00e0 pr\u00e1tica profissional.<\/p>\n<p>Al\u00e9m da robusta forma\u00e7\u00e3o em pesquisa, os egressos devem ser profissionais com compet\u00eancia para atender \u00e0 demanda da sociedade e do mercado de trabalho, em especial \u00e0s quest\u00f5es de desenvolvimento, transfer\u00eancia e implementa\u00e7\u00e3o de tecnologias.<\/p>\n<p>Na Hemoterapia e Medicinal Transfusional, o egresso ter\u00e1 o perfil de trabalhar nas mais diversas \u00e1reas da medicina transfusional (doa\u00e7\u00e3o, imunohematologia, sorologia, congelamento de c\u00e9lulas, bancos de sangue de cord\u00e3o umbilical e de medula \u00f3ssea, af\u00e9rese, gest\u00e3o) com capacidade de aprimorar os processos e incorporar novas tecnologias nos diversos servi\u00e7os de hemoterapia do pa\u00eds.<\/p>\n<p>Em Biotecnologia, o egresso ter\u00e1 compet\u00eancia nos diversos aspectos da \u00e1rea de biotecnologia (engenharia gen\u00e9tica, biologia molecular, biologia celular) com \u00eanfase no processamento de c\u00e9lulas adultas e c\u00e9lulas-tronco e seu uso terap\u00eautico. Este profissional ter\u00e1 espa\u00e7o em universidades, institutos de pesquisa, hospitais e empresas de biotecnologia.<\/p>\n","protected":false},"excerpt":{"rendered":"<p>O mestrado profissional em Hemoterapia e Biotecnologia, sendo stricto sensu, prev\u00ea a produ\u00e7\u00e3o de conhecimento. A aproxima\u00e7\u00e3o de profissionais da sa\u00fade com projetos de pesquisa, focados no desenvolvimento de tecnologias aplicadas ao trabalho, modifica, aprimora e fortalece sua atua\u00e7\u00e3o profissional. O contato com o pesquisador, que produz conhecimento espec\u00edfico em sua \u00e1rea, aproxima\/articula quest\u00f5es pr\u00f3prias<a href=\"https:\/\/sites.usp.br\/pgmphb\/perfil-do-egresso\/\">[&#8230;]<\/a><\/p>\n","protected":false},"author":457,"featured_media":0,"parent":0,"menu_order":0,"comment_status":"closed","ping_status":"closed","template":"","meta":{"footnotes":"","_links_to":"","_links_to_target":""},"class_list":["post-19","page","type-page","status-publish","hentry"],"_links":{"self":[{"href":"https:\/\/sites.usp.br\/pgmphb\/wp-json\/wp\/v2\/pages\/19","targetHints":{"allow":["GET"]}}],"collection":[{"href":"https:\/\/sites.usp.br\/pgmphb\/wp-json\/wp\/v2\/pages"}],"about":[{"href":"https:\/\/sites.usp.br\/pgmphb\/wp-json\/wp\/v2\/types\/page"}],"author":[{"embeddable":true,"href":"https:\/\/sites.usp.br\/pgmphb\/wp-json\/wp\/v2\/users\/457"}],"replies":[{"embeddable":true,"href":"https:\/\/sites.usp.br\/pgmphb\/wp-json\/wp\/v2\/comments?post=19"}],"version-history":[{"count":1,"href":"https:\/\/sites.usp.br\/pgmphb\/wp-json\/wp\/v2\/pages\/19\/revisions"}],"predecessor-version":[{"id":20,"href":"https:\/\/sites.usp.br\/pgmphb\/wp-json\/wp\/v2\/pages\/19\/revisions\/20"}],"wp:attachment":[{"href":"https:\/\/sites.usp.br\/pgmphb\/wp-json\/wp\/v2\/media?parent=19"}],"curies":[{"name":"wp","href":"https:\/\/api.w.org\/{rel}","templated":true}]}}