{"id":21,"date":"2021-02-15T09:23:03","date_gmt":"2021-02-15T12:23:03","guid":{"rendered":"https:\/\/sites.usp.br\/pgmphb\/?page_id=21"},"modified":"2021-03-01T09:20:49","modified_gmt":"2021-03-01T12:20:49","slug":"estrutura-curricular","status":"publish","type":"page","link":"https:\/\/sites.usp.br\/pgmphb\/estrutura-curricular\/","title":{"rendered":"Estrutura curricular"},"content":{"rendered":"<p>O estudante de Mestrado dever\u00e1 integralizar um m\u00ednimo de unidades de cr\u00e9dito, da seguinte forma: 96 (noventa e seis) unidades de cr\u00e9dito, sendo 20 (vinte) em disciplinas e 76 (setenta e seis) na disserta\u00e7\u00e3o. O estudante pode cursar disciplinas oferecidas pelo Programa de Mestrado Profissional em Hemoterapia e Biotecnologia, assim como cursar disciplinas de outros Programas de P\u00f3s-gradua\u00e7\u00e3o da USP.<\/p>\n<ul>\n<li>CAT\u00c1LOGO DE DISCIPLINAS:\u00a0<a href=\"https:\/\/uspdigital.usp.br\/janus\/componente\/catalogoDisciplinasInicial.jsf?action=4&amp;tipo=D&amp;codcpg=17\">Janus (usp.br)<\/a><\/li>\n<li>DISCIPLINAS OFERECIDAS NO SEMESTRE:\u00a0<a href=\"https:\/\/uspdigital.usp.br\/janus\/componente\/disciplinasOferecidasInicial.jsf?action=2&amp;codcpg=17&amp;codare=17155\">\u00c1rea de Biotecnologia<\/a>\u00a0e\u00a0<a href=\"https:\/\/uspdigital.usp.br\/janus\/componente\/disciplinasOferecidasInicial.jsf?action=2&amp;codcpg=17&amp;codare=17156\">\u00c1rea de Hemoterapia e Medicina Transfusional<\/a><\/li>\n<\/ul>\n","protected":false},"excerpt":{"rendered":"<p>O estudante de Mestrado dever\u00e1 integralizar um m\u00ednimo de unidades de cr\u00e9dito, da seguinte forma: 96 (noventa e seis) unidades de cr\u00e9dito, sendo 20 (vinte) em disciplinas e 76 (setenta e seis) na disserta\u00e7\u00e3o. O estudante pode cursar disciplinas oferecidas pelo Programa de Mestrado Profissional em Hemoterapia e Biotecnologia, assim como cursar disciplinas de outros<a href=\"https:\/\/sites.usp.br\/pgmphb\/estrutura-curricular\/\">[&#8230;]<\/a><\/p>\n","protected":false},"author":457,"featured_media":0,"parent":0,"menu_order":0,"comment_status":"closed","ping_status":"closed","template":"","meta":{"footnotes":"","_links_to":"","_links_to_target":""},"class_list":["post-21","page","type-page","status-publish","hentry"],"_links":{"self":[{"href":"https:\/\/sites.usp.br\/pgmphb\/wp-json\/wp\/v2\/pages\/21","targetHints":{"allow":["GET"]}}],"collection":[{"href":"https:\/\/sites.usp.br\/pgmphb\/wp-json\/wp\/v2\/pages"}],"about":[{"href":"https:\/\/sites.usp.br\/pgmphb\/wp-json\/wp\/v2\/types\/page"}],"author":[{"embeddable":true,"href":"https:\/\/sites.usp.br\/pgmphb\/wp-json\/wp\/v2\/users\/457"}],"replies":[{"embeddable":true,"href":"https:\/\/sites.usp.br\/pgmphb\/wp-json\/wp\/v2\/comments?post=21"}],"version-history":[{"count":2,"href":"https:\/\/sites.usp.br\/pgmphb\/wp-json\/wp\/v2\/pages\/21\/revisions"}],"predecessor-version":[{"id":166,"href":"https:\/\/sites.usp.br\/pgmphb\/wp-json\/wp\/v2\/pages\/21\/revisions\/166"}],"wp:attachment":[{"href":"https:\/\/sites.usp.br\/pgmphb\/wp-json\/wp\/v2\/media?parent=21"}],"curies":[{"name":"wp","href":"https:\/\/api.w.org\/{rel}","templated":true}]}}