{"id":23,"date":"2021-02-15T10:05:08","date_gmt":"2021-02-15T13:05:08","guid":{"rendered":"https:\/\/sites.usp.br\/pgmphb\/?page_id=23"},"modified":"2025-08-11T09:33:56","modified_gmt":"2025-08-11T12:33:56","slug":"comissao-coordenadora","status":"publish","type":"page","link":"https:\/\/sites.usp.br\/pgmphb\/comissao-coordenadora\/","title":{"rendered":"Comiss\u00e3o coordenadora"},"content":{"rendered":"<p><span style=\"font-weight: 400;\">Veja <\/span><a href=\"https:\/\/uspdigital.usp.br\/janus\/programa\/comissao\/membroCCP.jsf\"><span style=\"font-weight: 400;\">aqui<\/span><\/a><\/p>\n<table style=\"width: 79.2543%; height: 166px;\">\n<tbody>\n<tr style=\"height: 24px;\">\n<td style=\"height: 24px;\"><b>Titular<\/b><\/td>\n<td style=\"height: 24px;\"><b>In\u00edcio<\/b><\/td>\n<td style=\"height: 24px;\"><b>Fim<\/b><\/td>\n<td style=\"height: 24px;\"><b>Suplente<\/b><\/td>\n<\/tr>\n<tr style=\"height: 24px;\">\n<td style=\"height: 24px;\"><b>(Coordenador)<\/b><span style=\"font-weight: 400;\"> Lorena L\u00f4bo de Figueiredo Pontes (4877913)<\/span><\/td>\n<td style=\"height: 24px;\"><span style=\"font-weight: 400;\">03\/09\/2023<\/span><\/td>\n<td style=\"height: 24px;\"><span style=\"font-weight: 400;\">02\/09\/2025<\/span><\/td>\n<td style=\"height: 24px;\"><\/td>\n<\/tr>\n<tr style=\"height: 24px;\">\n<td style=\"height: 24px;\"><b>(Supl. Coord.)<\/b><span style=\"font-weight: 400;\"> Fab\u00edola Traina (8660526)<\/span><\/td>\n<td style=\"height: 24px;\"><span style=\"font-weight: 400;\">03\/09\/2023<\/span><\/td>\n<td style=\"height: 24px;\"><span style=\"font-weight: 400;\">02\/09\/2025<\/span><\/td>\n<td style=\"height: 24px;\"><\/td>\n<\/tr>\n<tr style=\"height: 22px;\">\n<td style=\"height: 22px;\"><span style=\"font-weight: 400;\">Fab\u00edola Traina (8660526)<\/span><\/td>\n<td style=\"height: 22px;\"><span style=\"font-weight: 400;\">24\/02\/2024<\/span><\/td>\n<td style=\"height: 22px;\"><span style=\"font-weight: 400;\">23\/02\/2026<\/span><\/td>\n<td style=\"height: 22px;\"><span style=\"font-weight: 400;\">Fernanda Maris Peria (777783)<\/span><\/td>\n<\/tr>\n<tr style=\"height: 24px;\">\n<td style=\"height: 24px;\"><span style=\"font-weight: 400;\">Leandro Machado Colli (3694293)<\/span><\/td>\n<td style=\"height: 24px;\"><span style=\"font-weight: 400;\">24\/02\/2024<\/span><\/td>\n<td style=\"height: 24px;\"><span style=\"font-weight: 400;\">23\/02\/2026<\/span><\/td>\n<td style=\"height: 24px;\">Fab\u00edola Atti\u00e9 de Castro (1109117)<\/td>\n<\/tr>\n<tr style=\"height: 24px;\">\n<td style=\"height: 24px;\"><span style=\"font-weight: 400;\">Lorena L\u00f4bo de Figueiredo Pontes (4877913)<\/span><\/td>\n<td style=\"height: 24px;\"><span style=\"font-weight: 400;\">24\/02\/2024<\/span><\/td>\n<td style=\"height: 24px;\"><span style=\"font-weight: 400;\">23\/02\/2026<\/span><\/td>\n<td style=\"height: 24px;\">Ana Cristina Silva Pinto (537447)<\/td>\n<\/tr>\n<tr style=\"height: 24px;\">\n<td style=\"height: 24px;\"><span style=\"font-weight: 400;\">Simone Kashima Haddad (1952540)<\/span><\/td>\n<td style=\"height: 24px;\"><span style=\"font-weight: 400;\">24\/02\/2024<\/span><\/td>\n<td style=\"height: 24px;\"><span style=\"font-weight: 400;\">23\/02\/2026<\/span><\/td>\n<td style=\"height: 24px;\"><span style=\"font-weight: 400;\">Rodrigo do Tocantins Calado de Saloma Rodrigues (1878036)<\/span><\/td>\n<\/tr>\n<\/tbody>\n<\/table>\n<p>&nbsp;<\/p>\n","protected":false},"excerpt":{"rendered":"<p>Veja aqui Titular In\u00edcio Fim Suplente (Coordenador) Lorena L\u00f4bo de Figueiredo Pontes (4877913) 03\/09\/2023 02\/09\/2025 (Supl. Coord.) Fab\u00edola Traina (8660526) 03\/09\/2023 02\/09\/2025 Fab\u00edola Traina (8660526) 24\/02\/2024 23\/02\/2026 Fernanda Maris Peria (777783) Leandro Machado Colli (3694293) 24\/02\/2024 23\/02\/2026 Fab\u00edola Atti\u00e9 de Castro (1109117) Lorena L\u00f4bo de Figueiredo Pontes (4877913) 24\/02\/2024 23\/02\/2026 Ana Cristina Silva Pinto (537447)<a href=\"https:\/\/sites.usp.br\/pgmphb\/comissao-coordenadora\/\">[&#8230;]<\/a><\/p>\n","protected":false},"author":457,"featured_media":0,"parent":0,"menu_order":0,"comment_status":"closed","ping_status":"closed","template":"","meta":{"footnotes":"","_links_to":"","_links_to_target":""},"class_list":["post-23","page","type-page","status-publish","hentry"],"_links":{"self":[{"href":"https:\/\/sites.usp.br\/pgmphb\/wp-json\/wp\/v2\/pages\/23","targetHints":{"allow":["GET"]}}],"collection":[{"href":"https:\/\/sites.usp.br\/pgmphb\/wp-json\/wp\/v2\/pages"}],"about":[{"href":"https:\/\/sites.usp.br\/pgmphb\/wp-json\/wp\/v2\/types\/page"}],"author":[{"embeddable":true,"href":"https:\/\/sites.usp.br\/pgmphb\/wp-json\/wp\/v2\/users\/457"}],"replies":[{"embeddable":true,"href":"https:\/\/sites.usp.br\/pgmphb\/wp-json\/wp\/v2\/comments?post=23"}],"version-history":[{"count":4,"href":"https:\/\/sites.usp.br\/pgmphb\/wp-json\/wp\/v2\/pages\/23\/revisions"}],"predecessor-version":[{"id":388,"href":"https:\/\/sites.usp.br\/pgmphb\/wp-json\/wp\/v2\/pages\/23\/revisions\/388"}],"wp:attachment":[{"href":"https:\/\/sites.usp.br\/pgmphb\/wp-json\/wp\/v2\/media?parent=23"}],"curies":[{"name":"wp","href":"https:\/\/api.w.org\/{rel}","templated":true}]}}