{"id":25,"date":"2021-02-15T10:07:22","date_gmt":"2021-02-15T13:07:22","guid":{"rendered":"https:\/\/sites.usp.br\/pgmphb\/?page_id=25"},"modified":"2021-02-23T13:50:55","modified_gmt":"2021-02-23T16:50:55","slug":"infraestrutura","status":"publish","type":"page","link":"https:\/\/sites.usp.br\/pgmphb\/infraestrutura\/","title":{"rendered":"Infraestrutura"},"content":{"rendered":"<p><strong><u>Infraestrutura da Funda\u00e7\u00e3o Hemocentro de Ribeir\u00e3o Preto e Hospital das Cl\u00ednicas de Ribeir\u00e3o Preto,<\/u><\/strong><\/p>\n<p><strong>Laborat\u00f3rios\u00a0<\/strong><\/p>\n<p><a href=\"http:\/\/ctcusp.org\/\">Centro de Terapia Celular<\/a><\/p>\n<p><a href=\"https:\/\/ctcusp.org\/involved-laboratories\/\">Laborat\u00f3rios do Centro de Terapia Celular<\/a><\/p>\n<p>O Programa de Mestrado Profissional em Hemoterapia e Biotecnologia conta com uma infraestrutura com \u00e1rea de aproximadamente 5.000 m\u00b2 destinada \u00e0 pesquisa e desenvolvimento que est\u00e3o dispon\u00edveis para as atividades relacionadas ao mestrado profissional em hemoterapia e biotecnologia, assim distribu\u00eddos:<\/p>\n<p><strong><u>Hemocentro de Ribeir\u00e3o Preto<\/u><\/strong>:<\/p>\n<p>&#8211; <strong>Laborat\u00f3rio de Criobiologia <\/strong>I<br \/>\n&#8211; <strong>Laborat\u00f3rio de Transfer\u00eancia G\u00eanica<br \/>\n<\/strong>&#8211; <strong>Laborat\u00f3rio de Controle de Qualidad<\/strong>e<br \/>\n&#8211; <strong>Laborat\u00f3rio de H.L.A.<br \/>\n<\/strong>&#8211; <strong>Laborat\u00f3rio de Cultura Celula<\/strong>r<br \/>\n&#8211; <strong>Laborat\u00f3rio de Biologia Molecular<br \/>\n<\/strong>&#8211; <strong>Laborat\u00f3rio de Biologia Celular<br \/>\n<\/strong>&#8211; <strong>Laborat\u00f3rio de Gen\u00e9tica Molecular<br \/>\n<\/strong>&#8211;<strong> Laborat\u00f3rio de Bioinform\u00e1tica<br \/>\n<\/strong>&#8211; <strong>Laborat\u00f3rio de Pesquisas e Estudos<br \/>\n<\/strong>&#8211; <strong>Laborat\u00f3rio de Hematologia<br \/>\n<\/strong>&#8211; <strong>Biocentro<br \/>\n<\/strong>&#8211;<strong> Laborat\u00f3rio de Biotecnologia<br \/>\n<\/strong>&#8211; <strong>Laborat\u00f3rio de Anemias Heredit\u00e1rias<br \/>\n<\/strong>&#8211; <strong>Laborat\u00f3rio de Terapia Celular<br \/>\n<\/strong>&#8211;<strong> Laborat\u00f3rio Citogen\u00e9tica e Imunofluoresc\u00eancia<br \/>\n<\/strong>&#8211;<strong> Laborat\u00f3rio de Estudos Animais<br \/>\n<\/strong>&#8211; <strong>Centro de Qu\u00edmica de Prote\u00ednas<\/strong><\/p>\n<p><strong><u>Faculdade de Zootecnia e Engenharia de Alimentos da USP<\/u><\/strong><strong>, <\/strong>Laborat\u00f3rio de Morfofisiologia Molecular do Departamento de Ci\u00eancias B\u00e1sicas:<\/p>\n<p>&#8211; <strong>Laborat\u00f3rio de Morfofisiologia Molecular e Desenvolvimento<\/strong> conta com 280 m2 de \u00e1rea constru\u00edda de pesquisa equipada com toda a infraestrutura de pesquisa em cultivo celular incluindo incubadoras, microsc\u00f3pios al\u00e9m de uma boa infraestrutura de pesquisa molecular capacitada para estudos de express\u00e3o g\u00eanica incluindo PCR em tempo real, leitores de imagem a laser para diferentes aplica\u00e7\u00f5es incluindo differential display PCR e macro-arranjo entre outros. O LMMD tamb\u00e9m possui um anexo denominado de Unidade Neonatol\u00f3gica Animal que est\u00e1 em constru\u00e7\u00e3o em Pirassununga com financiamento de infraestrutura da FINEP e tem uma \u00e1rea de 200 m2 que \u00e9 destinada \u00e0 produ\u00e7\u00e3o de animais de grande porte geneticamente modificados.<\/p>\n<h3>Salas de Aula (Hemocentro de Ribeir\u00e3o Preto):<\/h3>\n<ul>\n<li>Sala Verde (72 m\u00b2): unidade climatizada, composta de mesas modulares com cadeiras individuais, com capacidade para at\u00e9 50 pessoas, equipada com sistema de multim\u00eddia e internet.<\/li>\n<li>Sala Amarela (22 m\u00b2): unidade climatizada, composta de carteiras individuais tipo escolar, com capacidade para at\u00e9 30 pessoas, equipada com sistema port\u00e1til de multim\u00eddia.<\/li>\n<li>Sala Laranja (30 m\u00b2): unidade climatizada, composta de carteiras individuais, com capacidade para at\u00e9 25 pessoas, equipada com sistema port\u00e1til de multim\u00eddia.<\/li>\n<li>Sala Roxa (30 m\u00b2): unidade climatizada, composta de carteiras individuais, com capacidade para at\u00e9 25 pessoas, equipada com sistema port\u00e1til de multim\u00eddia.<\/li>\n<li>Sala de Aula 1 Bloco F (33,93 m\u00b2): unidade climatizada, composta de carteiras individuais tipo escolar, com capacidade para at\u00e9 16 pessoas, equipada com sistema port\u00e1til de multim\u00eddia.<\/li>\n<li>Sala de Aula 2 Bloco F (31,30 m\u00b2): unidade climatizada, composta de carteiras individuais tipo escolar, com capacidade para at\u00e9 16 pessoas, equipada com sistema port\u00e1til de multim\u00eddia.<\/li>\n<\/ul>\n<p>Anfiteatros (Hemocentro de Ribeir\u00e3o Preto):<\/p>\n<ul>\n<li>Vermelho (146 m\u00b2): unidade climatizada, composta de cadeiras individuais com bra\u00e7o escamote\u00e1vel, com capacidade para 173 pessoas, equipada com sistema de multim\u00eddia, internet e som.<\/li>\n<li>Azul (62 m\u00b2): unidade climatizada, composta de cadeiras individuais com bra\u00e7o escamote\u00e1vel, com capacidade para 40 pessoas, equipada com sistema de multim\u00eddia, internet e som.<\/li>\n<\/ul>\n","protected":false},"excerpt":{"rendered":"<p>Infraestrutura da Funda\u00e7\u00e3o Hemocentro de Ribeir\u00e3o Preto e Hospital das Cl\u00ednicas de Ribeir\u00e3o Preto, Laborat\u00f3rios\u00a0 Centro de Terapia Celular Laborat\u00f3rios do Centro de Terapia Celular O Programa de Mestrado Profissional em Hemoterapia e Biotecnologia conta com uma infraestrutura com \u00e1rea de aproximadamente 5.000 m\u00b2 destinada \u00e0 pesquisa e desenvolvimento que est\u00e3o dispon\u00edveis para as atividades<a href=\"https:\/\/sites.usp.br\/pgmphb\/infraestrutura\/\">[&#8230;]<\/a><\/p>\n","protected":false},"author":457,"featured_media":0,"parent":0,"menu_order":0,"comment_status":"closed","ping_status":"closed","template":"","meta":{"footnotes":"","_links_to":"","_links_to_target":""},"class_list":["post-25","page","type-page","status-publish","hentry"],"_links":{"self":[{"href":"https:\/\/sites.usp.br\/pgmphb\/wp-json\/wp\/v2\/pages\/25","targetHints":{"allow":["GET"]}}],"collection":[{"href":"https:\/\/sites.usp.br\/pgmphb\/wp-json\/wp\/v2\/pages"}],"about":[{"href":"https:\/\/sites.usp.br\/pgmphb\/wp-json\/wp\/v2\/types\/page"}],"author":[{"embeddable":true,"href":"https:\/\/sites.usp.br\/pgmphb\/wp-json\/wp\/v2\/users\/457"}],"replies":[{"embeddable":true,"href":"https:\/\/sites.usp.br\/pgmphb\/wp-json\/wp\/v2\/comments?post=25"}],"version-history":[{"count":4,"href":"https:\/\/sites.usp.br\/pgmphb\/wp-json\/wp\/v2\/pages\/25\/revisions"}],"predecessor-version":[{"id":146,"href":"https:\/\/sites.usp.br\/pgmphb\/wp-json\/wp\/v2\/pages\/25\/revisions\/146"}],"wp:attachment":[{"href":"https:\/\/sites.usp.br\/pgmphb\/wp-json\/wp\/v2\/media?parent=25"}],"curies":[{"name":"wp","href":"https:\/\/api.w.org\/{rel}","templated":true}]}}