{"id":27,"date":"2021-02-15T10:08:29","date_gmt":"2021-02-15T13:08:29","guid":{"rendered":"https:\/\/sites.usp.br\/pgmphb\/?page_id=27"},"modified":"2021-02-15T10:08:29","modified_gmt":"2021-02-15T13:08:29","slug":"biblioteca","status":"publish","type":"page","link":"https:\/\/sites.usp.br\/pgmphb\/biblioteca\/","title":{"rendered":"Biblioteca"},"content":{"rendered":"<p>Al\u00e9m da biblioteca da USP, os alunos t\u00eam acesso \u00e0 Biblioteca do Hemocentro de Ribeir\u00e3o Preto.<\/p>\n<p>A Biblioteca do Hemocentro RP est\u00e1 dispon\u00edvel para: docentes, discentes, pesquisadores, bolsistas, funcion\u00e1rios e p\u00f3s-graduandos da Institui\u00e7\u00e3o. Para utilizar a Biblioteca \u00e9 necess\u00e1rio apenas realizar um breve cadastro. S\u00e3o oferecidos os seguintes servi\u00e7os: empr\u00e9stimo de obras, aux\u00edlio em pesquisas bibliogr\u00e1ficas, levantamento bibliogr\u00e1fico, normaliza\u00e7\u00e3o bibliogr\u00e1fica, entre outros. O acervo \u00e9 composto por mais de 3068 t\u00edtulos de livros, peri\u00f3dicos, disserta\u00e7\u00f5es, teses e multimeios.<\/p>\n<p>Atrav\u00e9s do link <a href=\"http:\/\/143.107.223.99\/\">Biblioteca online<\/a>, o usu\u00e1rio cadastrado poder\u00e1:<\/p>\n<p>-Consultar o acervo;<\/p>\n<p>-Efetuar renova\u00e7\u00f5es de obras emprestadas;<\/p>\n<p>-Reservar obras.<\/p>\n<p>Para realizar pesquisa no acervo, basta digitar palavras do t\u00edtulo, assunto e\/ou autor e BUSCAR. Verificar se o material se encontra dispon\u00edvel na biblioteca e anotar o c\u00f3digo de localiza\u00e7\u00e3o. Exemplo de busca:<\/p>\n<p>HEMOTERAPIA*COVAS, qualquer d\u00favida clique em AJUDA (entre uma palavra e outra, utilize o asterisco).<\/p>\n<p><strong>\u00a0<\/strong>Caso haja interesse em efetuar treinamento do programa, favor agendar data e hor\u00e1rio com os funcion\u00e1rios da biblioteca.<\/p>\n<p><strong>\u00a0<\/strong>Hor\u00e1rio de atendimento da biblioteca: de segunda a sexta-feira, das 07h \u00e0s 17h.<\/p>\n<p><strong>\u00a0<\/strong>A Biblioteca est\u00e1 \u00e0 disposi\u00e7\u00e3o para servir a todos seus usu\u00e1rios e contribuir para o avan\u00e7o das pesquisas.<\/p>\n","protected":false},"excerpt":{"rendered":"<p>Al\u00e9m da biblioteca da USP, os alunos t\u00eam acesso \u00e0 Biblioteca do Hemocentro de Ribeir\u00e3o Preto. A Biblioteca do Hemocentro RP est\u00e1 dispon\u00edvel para: docentes, discentes, pesquisadores, bolsistas, funcion\u00e1rios e p\u00f3s-graduandos da Institui\u00e7\u00e3o. Para utilizar a Biblioteca \u00e9 necess\u00e1rio apenas realizar um breve cadastro. S\u00e3o oferecidos os seguintes servi\u00e7os: empr\u00e9stimo de obras, aux\u00edlio em pesquisas<a href=\"https:\/\/sites.usp.br\/pgmphb\/biblioteca\/\">[&#8230;]<\/a><\/p>\n","protected":false},"author":457,"featured_media":0,"parent":0,"menu_order":0,"comment_status":"closed","ping_status":"closed","template":"","meta":{"footnotes":"","_links_to":"","_links_to_target":""},"class_list":["post-27","page","type-page","status-publish","hentry"],"_links":{"self":[{"href":"https:\/\/sites.usp.br\/pgmphb\/wp-json\/wp\/v2\/pages\/27","targetHints":{"allow":["GET"]}}],"collection":[{"href":"https:\/\/sites.usp.br\/pgmphb\/wp-json\/wp\/v2\/pages"}],"about":[{"href":"https:\/\/sites.usp.br\/pgmphb\/wp-json\/wp\/v2\/types\/page"}],"author":[{"embeddable":true,"href":"https:\/\/sites.usp.br\/pgmphb\/wp-json\/wp\/v2\/users\/457"}],"replies":[{"embeddable":true,"href":"https:\/\/sites.usp.br\/pgmphb\/wp-json\/wp\/v2\/comments?post=27"}],"version-history":[{"count":1,"href":"https:\/\/sites.usp.br\/pgmphb\/wp-json\/wp\/v2\/pages\/27\/revisions"}],"predecessor-version":[{"id":28,"href":"https:\/\/sites.usp.br\/pgmphb\/wp-json\/wp\/v2\/pages\/27\/revisions\/28"}],"wp:attachment":[{"href":"https:\/\/sites.usp.br\/pgmphb\/wp-json\/wp\/v2\/media?parent=27"}],"curies":[{"name":"wp","href":"https:\/\/api.w.org\/{rel}","templated":true}]}}