{"id":29,"date":"2021-02-15T10:09:35","date_gmt":"2021-02-15T13:09:35","guid":{"rendered":"https:\/\/sites.usp.br\/pgmphb\/?page_id=29"},"modified":"2021-02-23T10:41:19","modified_gmt":"2021-02-23T13:41:19","slug":"instituicoes-colaboradoras","status":"publish","type":"page","link":"https:\/\/sites.usp.br\/pgmphb\/instituicoes-colaboradoras\/","title":{"rendered":"Institui\u00e7\u00f5es Colaboradoras"},"content":{"rendered":"<h3><strong>Institui\u00e7\u00f5es Colaboradoras<\/strong><\/h3>\n<p>Nacionais<\/p>\n<ul>\n<li><a href=\"http:\/\/ctcusp.org\/\">Centro de Terapia Celular<\/a><\/li>\n<li><a href=\"http:\/\/www.hemocentro.fmrp.usp.br\/\">Hemocentro de Ribeir\u00e3o Preto<\/a><\/li>\n<li><a href=\"https:\/\/site.hcrp.usp.br\/\">Hospital das Cl\u00ednicas da Faculdade de Medicina de Ribeir\u00e3o Preto<\/a><\/li>\n<li><a href=\"http:\/\/www.fzea.usp.br\/\">Faculdade de Zootecnia e Engenharia de Alimentos-FZEA\/USP<\/a><\/li>\n<\/ul>\n","protected":false},"excerpt":{"rendered":"<p>Institui\u00e7\u00f5es Colaboradoras Nacionais Centro de Terapia Celular Hemocentro de Ribeir\u00e3o Preto Hospital das Cl\u00ednicas da Faculdade de Medicina de Ribeir\u00e3o Preto Faculdade de Zootecnia e Engenharia de Alimentos-FZEA\/USP<\/p>\n","protected":false},"author":457,"featured_media":0,"parent":0,"menu_order":0,"comment_status":"closed","ping_status":"closed","template":"","meta":{"footnotes":"","_links_to":"","_links_to_target":""},"class_list":["post-29","page","type-page","status-publish","hentry"],"_links":{"self":[{"href":"https:\/\/sites.usp.br\/pgmphb\/wp-json\/wp\/v2\/pages\/29","targetHints":{"allow":["GET"]}}],"collection":[{"href":"https:\/\/sites.usp.br\/pgmphb\/wp-json\/wp\/v2\/pages"}],"about":[{"href":"https:\/\/sites.usp.br\/pgmphb\/wp-json\/wp\/v2\/types\/page"}],"author":[{"embeddable":true,"href":"https:\/\/sites.usp.br\/pgmphb\/wp-json\/wp\/v2\/users\/457"}],"replies":[{"embeddable":true,"href":"https:\/\/sites.usp.br\/pgmphb\/wp-json\/wp\/v2\/comments?post=29"}],"version-history":[{"count":3,"href":"https:\/\/sites.usp.br\/pgmphb\/wp-json\/wp\/v2\/pages\/29\/revisions"}],"predecessor-version":[{"id":140,"href":"https:\/\/sites.usp.br\/pgmphb\/wp-json\/wp\/v2\/pages\/29\/revisions\/140"}],"wp:attachment":[{"href":"https:\/\/sites.usp.br\/pgmphb\/wp-json\/wp\/v2\/media?parent=29"}],"curies":[{"name":"wp","href":"https:\/\/api.w.org\/{rel}","templated":true}]}}