{"id":31,"date":"2021-02-15T10:09:57","date_gmt":"2021-02-15T13:09:57","guid":{"rendered":"https:\/\/sites.usp.br\/pgmphb\/?page_id=31"},"modified":"2021-02-23T13:57:40","modified_gmt":"2021-02-23T16:57:40","slug":"normas-e-regimentos","status":"publish","type":"page","link":"https:\/\/sites.usp.br\/pgmphb\/normas-e-regimentos\/","title":{"rendered":"Normas e regimentos"},"content":{"rendered":"<p>&#8211; <a href=\"http:\/\/www.leginf.usp.br\/?resolucao=resolucao-no-7493-de-27-de-marco-de-2018\">Regimento da P\u00f3s-Gradua\u00e7\u00e3o da USP &#8211; Resolu\u00e7\u00e3o 7.493 de 27 de mar\u00e7o de 2018.<\/a><\/p>\n<p><a href=\"http:\/\/www.leginf.usp.br\/?resolucao=resolucao-copgr-no-7621-de-21-de-fevereiro-de-2019\">&#8211; Regimento da Comiss\u00e3o de P\u00f3s-Gradua\u00e7\u00e3o da Faculdade de Medicina de Ribeir\u00e3o Preto &#8211; FMRP\/USP &#8211; Resolu\u00e7\u00e3o CoPGr 7.621, de 21 de fevereiro de 2019<\/a><\/p>\n<p>&#8211; <a href=\"http:\/\/www.leginf.usp.br\/?resolucao=resolucao-copgr-no-7743-de-13-de-junho-de-2019\">Regulamento do Mestrado Profissional em Hemoterapia e Biotecnologia &#8211; Resolu\u00e7\u00e3o CoPGr 7.743, de 13 de junho de 2019.<\/a><\/p>\n","protected":false},"excerpt":{"rendered":"<p>&#8211; Regimento da P\u00f3s-Gradua\u00e7\u00e3o da USP &#8211; Resolu\u00e7\u00e3o 7.493 de 27 de mar\u00e7o de 2018. &#8211; Regimento da Comiss\u00e3o de P\u00f3s-Gradua\u00e7\u00e3o da Faculdade de Medicina de Ribeir\u00e3o Preto &#8211; FMRP\/USP &#8211; Resolu\u00e7\u00e3o CoPGr 7.621, de 21 de fevereiro de 2019 &#8211; Regulamento do Mestrado Profissional em Hemoterapia e Biotecnologia &#8211; Resolu\u00e7\u00e3o CoPGr 7.743, de 13<a href=\"https:\/\/sites.usp.br\/pgmphb\/normas-e-regimentos\/\">[&#8230;]<\/a><\/p>\n","protected":false},"author":457,"featured_media":0,"parent":0,"menu_order":0,"comment_status":"closed","ping_status":"closed","template":"","meta":{"footnotes":"","_links_to":"","_links_to_target":""},"class_list":["post-31","page","type-page","status-publish","hentry"],"_links":{"self":[{"href":"https:\/\/sites.usp.br\/pgmphb\/wp-json\/wp\/v2\/pages\/31","targetHints":{"allow":["GET"]}}],"collection":[{"href":"https:\/\/sites.usp.br\/pgmphb\/wp-json\/wp\/v2\/pages"}],"about":[{"href":"https:\/\/sites.usp.br\/pgmphb\/wp-json\/wp\/v2\/types\/page"}],"author":[{"embeddable":true,"href":"https:\/\/sites.usp.br\/pgmphb\/wp-json\/wp\/v2\/users\/457"}],"replies":[{"embeddable":true,"href":"https:\/\/sites.usp.br\/pgmphb\/wp-json\/wp\/v2\/comments?post=31"}],"version-history":[{"count":2,"href":"https:\/\/sites.usp.br\/pgmphb\/wp-json\/wp\/v2\/pages\/31\/revisions"}],"predecessor-version":[{"id":149,"href":"https:\/\/sites.usp.br\/pgmphb\/wp-json\/wp\/v2\/pages\/31\/revisions\/149"}],"wp:attachment":[{"href":"https:\/\/sites.usp.br\/pgmphb\/wp-json\/wp\/v2\/media?parent=31"}],"curies":[{"name":"wp","href":"https:\/\/api.w.org\/{rel}","templated":true}]}}