{"id":35,"date":"2021-02-15T10:12:02","date_gmt":"2021-02-15T13:12:02","guid":{"rendered":"https:\/\/sites.usp.br\/pgmphb\/?page_id=35"},"modified":"2023-06-12T14:13:29","modified_gmt":"2023-06-12T17:13:29","slug":"ingresso","status":"publish","type":"page","link":"https:\/\/sites.usp.br\/pgmphb\/ingresso\/","title":{"rendered":"Ingresso"},"content":{"rendered":"<div class=\"gmail_default\">\n<p style=\"font-weight: 400;\">Os processos seletivos para ingresso no programa acontecem semestralmente, em tr\u00eas diferentes per\u00edodos, geralmente nos meses de janeiro, mar\u00e7o e maio, para ingresso no primeiro semestre e junho, agosto e outubro, para ingresso no segundo semestre.<\/p>\n<p style=\"font-weight: 400;\"><a href=\"https:\/\/cpg.fmrp.usp.br\/programas\/processo-seletivo\" data-saferedirecturl=\"https:\/\/www.google.com\/url?q=https:\/\/cpg.fmrp.usp.br\/programas\/processo-seletivo&amp;source=gmail&amp;ust=1686674997704000&amp;usg=AOvVaw2amJwBsrs1iNMNpYeTZEvy\">CLIQUE AQUI PARA ACESSO AO EDITAL DE VAGAS<\/a><\/p>\n<\/div>\n","protected":false},"excerpt":{"rendered":"<p>Os processos seletivos para ingresso no programa acontecem semestralmente, em tr\u00eas diferentes per\u00edodos, geralmente nos meses de janeiro, mar\u00e7o e maio, para ingresso no primeiro semestre e junho, agosto e outubro, para ingresso no segundo semestre. CLIQUE AQUI PARA ACESSO AO EDITAL DE VAGAS<\/p>\n","protected":false},"author":457,"featured_media":0,"parent":0,"menu_order":0,"comment_status":"closed","ping_status":"closed","template":"","meta":{"footnotes":"","_links_to":"","_links_to_target":""},"class_list":["post-35","page","type-page","status-publish","hentry"],"_links":{"self":[{"href":"https:\/\/sites.usp.br\/pgmphb\/wp-json\/wp\/v2\/pages\/35","targetHints":{"allow":["GET"]}}],"collection":[{"href":"https:\/\/sites.usp.br\/pgmphb\/wp-json\/wp\/v2\/pages"}],"about":[{"href":"https:\/\/sites.usp.br\/pgmphb\/wp-json\/wp\/v2\/types\/page"}],"author":[{"embeddable":true,"href":"https:\/\/sites.usp.br\/pgmphb\/wp-json\/wp\/v2\/users\/457"}],"replies":[{"embeddable":true,"href":"https:\/\/sites.usp.br\/pgmphb\/wp-json\/wp\/v2\/comments?post=35"}],"version-history":[{"count":4,"href":"https:\/\/sites.usp.br\/pgmphb\/wp-json\/wp\/v2\/pages\/35\/revisions"}],"predecessor-version":[{"id":344,"href":"https:\/\/sites.usp.br\/pgmphb\/wp-json\/wp\/v2\/pages\/35\/revisions\/344"}],"wp:attachment":[{"href":"https:\/\/sites.usp.br\/pgmphb\/wp-json\/wp\/v2\/media?parent=35"}],"curies":[{"name":"wp","href":"https:\/\/api.w.org\/{rel}","templated":true}]}}