{"id":37,"date":"2021-02-15T10:13:36","date_gmt":"2021-02-15T13:13:36","guid":{"rendered":"https:\/\/sites.usp.br\/pgmphb\/?page_id=37"},"modified":"2023-05-17T16:56:14","modified_gmt":"2023-05-17T19:56:14","slug":"resultados-processos-seletivos","status":"publish","type":"page","link":"https:\/\/sites.usp.br\/pgmphb\/resultados-processos-seletivos\/","title":{"rendered":"Resultados Processos Seletivos"},"content":{"rendered":"<p dir=\"ltr\"><strong>RESULTADO DE PROCESSO SELETIVO \u2013 1\u00ba\/2023- Mestrado Profissional em Hemoterapia e Biotecnologia<\/strong><\/p>\n<div dir=\"ltr\" align=\"left\">\n<table>\n<colgroup>\n<col width=\"174\" \/>\n<col width=\"277\" \/>\n<col width=\"139\" \/>\n<col width=\"129\" \/><\/colgroup>\n<tbody>\n<tr>\n<td colspan=\"4\">\n<p dir=\"ltr\">\u00c1rea\/Op\u00e7\u00e3o: 17155 \u2013 Hemoterapia e Medicina Transfusional<\/p>\n<\/td>\n<\/tr>\n<tr>\n<td colspan=\"2\">\n<p dir=\"ltr\">MESTRADO<\/p>\n<\/td>\n<td>\n<p dir=\"ltr\">Situa\u00e7\u00e3o<\/p>\n<\/td>\n<td>\n<p dir=\"ltr\">Classifica\u00e7\u00e3o<\/p>\n<\/td>\n<\/tr>\n<tr>\n<td>\n<p dir=\"ltr\">MP 04\/2023-001<\/p>\n<\/td>\n<td>\n<p dir=\"ltr\">Lucas Vogt Cota<\/p>\n<\/td>\n<td>\n<p dir=\"ltr\">Aprovado<\/p>\n<\/td>\n<td>\n<p dir=\"ltr\">1\u00ba<\/p>\n<\/td>\n<\/tr>\n<tr>\n<td>\n<p dir=\"ltr\">MP 04\/2023-002<\/p>\n<\/td>\n<td>\n<p dir=\"ltr\">William George Giusti Fischer<\/p>\n<\/td>\n<td>\n<p dir=\"ltr\">Aprovado<\/p>\n<\/td>\n<td>\n<p dir=\"ltr\">2\u00ba<\/p>\n<\/td>\n<\/tr>\n<tr>\n<td>\n<p dir=\"ltr\">MP 04\/2023-003<\/p>\n<\/td>\n<td>\n<p dir=\"ltr\">Felipe Araujo da Silva<\/p>\n<\/td>\n<td>\n<p dir=\"ltr\">Aprovado<\/p>\n<\/td>\n<td>\n<p dir=\"ltr\">3\u00ba<\/p>\n<\/td>\n<\/tr>\n<tr>\n<td>\n<p dir=\"ltr\">MP 04\/2023-004<\/p>\n<\/td>\n<td>\n<p dir=\"ltr\">Fernando Franco Lafeta Queiroz<\/p>\n<\/td>\n<td>\n<p dir=\"ltr\">Aprovado<\/p>\n<\/td>\n<td>\n<p dir=\"ltr\">4\u00ba<\/p>\n<\/td>\n<\/tr>\n<\/tbody>\n<\/table>\n<\/div>\n","protected":false},"excerpt":{"rendered":"<p>RESULTADO DE PROCESSO SELETIVO \u2013 1\u00ba\/2023- Mestrado Profissional em Hemoterapia e Biotecnologia \u00c1rea\/Op\u00e7\u00e3o: 17155 \u2013 Hemoterapia e Medicina Transfusional MESTRADO Situa\u00e7\u00e3o Classifica\u00e7\u00e3o MP 04\/2023-001 Lucas Vogt Cota Aprovado 1\u00ba MP 04\/2023-002 William George Giusti Fischer Aprovado 2\u00ba MP 04\/2023-003 Felipe Araujo da Silva Aprovado 3\u00ba MP 04\/2023-004 Fernando Franco Lafeta Queiroz Aprovado 4\u00ba<\/p>\n","protected":false},"author":457,"featured_media":0,"parent":0,"menu_order":0,"comment_status":"closed","ping_status":"closed","template":"","meta":{"footnotes":"","_links_to":"","_links_to_target":""},"class_list":["post-37","page","type-page","status-publish","hentry"],"_links":{"self":[{"href":"https:\/\/sites.usp.br\/pgmphb\/wp-json\/wp\/v2\/pages\/37","targetHints":{"allow":["GET"]}}],"collection":[{"href":"https:\/\/sites.usp.br\/pgmphb\/wp-json\/wp\/v2\/pages"}],"about":[{"href":"https:\/\/sites.usp.br\/pgmphb\/wp-json\/wp\/v2\/types\/page"}],"author":[{"embeddable":true,"href":"https:\/\/sites.usp.br\/pgmphb\/wp-json\/wp\/v2\/users\/457"}],"replies":[{"embeddable":true,"href":"https:\/\/sites.usp.br\/pgmphb\/wp-json\/wp\/v2\/comments?post=37"}],"version-history":[{"count":4,"href":"https:\/\/sites.usp.br\/pgmphb\/wp-json\/wp\/v2\/pages\/37\/revisions"}],"predecessor-version":[{"id":343,"href":"https:\/\/sites.usp.br\/pgmphb\/wp-json\/wp\/v2\/pages\/37\/revisions\/343"}],"wp:attachment":[{"href":"https:\/\/sites.usp.br\/pgmphb\/wp-json\/wp\/v2\/media?parent=37"}],"curies":[{"name":"wp","href":"https:\/\/api.w.org\/{rel}","templated":true}]}}