{"id":41,"date":"2021-02-17T09:29:34","date_gmt":"2021-02-17T12:29:34","guid":{"rendered":"https:\/\/sites.usp.br\/pgmphb\/?page_id=41"},"modified":"2025-08-11T09:27:37","modified_gmt":"2025-08-11T12:27:37","slug":"alunos","status":"publish","type":"page","link":"https:\/\/sites.usp.br\/pgmphb\/programa\/alunos\/","title":{"rendered":"Alunos"},"content":{"rendered":"<p><strong><u>ATUAIS<\/u><\/strong><\/p>\n<p>Ana Cl\u00e9a Oliveira Neves da Luz<br \/>\nCarolina Gontijo Quadros Ferreira<br \/>\nJo\u00e3o Paulo Lettieri da Silva<br \/>\nLucas Daniel de Almeida Fernandes<br \/>\nLucas Oliveira<br \/>\nNat\u00e1lia Costa Resende Cunha<br \/>\nRenan de Souza Melo<\/p>\n","protected":false},"excerpt":{"rendered":"<p>ATUAIS Ana Cl\u00e9a Oliveira Neves da Luz Carolina Gontijo Quadros Ferreira Jo\u00e3o Paulo Lettieri da Silva Lucas Daniel de Almeida Fernandes Lucas Oliveira Nat\u00e1lia Costa Resende Cunha Renan de Souza Melo<\/p>\n","protected":false},"author":457,"featured_media":0,"parent":13,"menu_order":0,"comment_status":"closed","ping_status":"closed","template":"","meta":{"footnotes":"","_links_to":"","_links_to_target":""},"class_list":["post-41","page","type-page","status-publish","hentry"],"_links":{"self":[{"href":"https:\/\/sites.usp.br\/pgmphb\/wp-json\/wp\/v2\/pages\/41","targetHints":{"allow":["GET"]}}],"collection":[{"href":"https:\/\/sites.usp.br\/pgmphb\/wp-json\/wp\/v2\/pages"}],"about":[{"href":"https:\/\/sites.usp.br\/pgmphb\/wp-json\/wp\/v2\/types\/page"}],"author":[{"embeddable":true,"href":"https:\/\/sites.usp.br\/pgmphb\/wp-json\/wp\/v2\/users\/457"}],"replies":[{"embeddable":true,"href":"https:\/\/sites.usp.br\/pgmphb\/wp-json\/wp\/v2\/comments?post=41"}],"version-history":[{"count":4,"href":"https:\/\/sites.usp.br\/pgmphb\/wp-json\/wp\/v2\/pages\/41\/revisions"}],"predecessor-version":[{"id":386,"href":"https:\/\/sites.usp.br\/pgmphb\/wp-json\/wp\/v2\/pages\/41\/revisions\/386"}],"up":[{"embeddable":true,"href":"https:\/\/sites.usp.br\/pgmphb\/wp-json\/wp\/v2\/pages\/13"}],"wp:attachment":[{"href":"https:\/\/sites.usp.br\/pgmphb\/wp-json\/wp\/v2\/media?parent=41"}],"curies":[{"name":"wp","href":"https:\/\/api.w.org\/{rel}","templated":true}]}}