{"id":44,"date":"2021-02-17T09:32:29","date_gmt":"2021-02-17T12:32:29","guid":{"rendered":"https:\/\/sites.usp.br\/pgmphb\/?page_id=44"},"modified":"2021-02-23T14:26:08","modified_gmt":"2021-02-23T17:26:08","slug":"egressos","status":"publish","type":"page","link":"https:\/\/sites.usp.br\/pgmphb\/egressos\/","title":{"rendered":"Egressos"},"content":{"rendered":"<p><strong><u>(<\/u><\/strong><a href=\"http:\/\/www.alumni.usp.br\">http:\/\/www.alumni.usp.br<\/a>)<\/p>\n<p>Adriana Nascimento de Araujo Buchmann<br \/>\nAline Cristina Garcia Silva<br \/>\nAline Delduque Kropf<br \/>\nAline Shiramizu Hisamitsu Brunello<br \/>\nAna Luisa Alves Mafra<br \/>\nAna Maria Alves do Nascimento<br \/>\nAna Paula Rocha Diniz Zanelli<br \/>\nAndr\u00e9a Vilela de Oliveira Santos<br \/>\nAngela Melga\u00e7o Ferreira<br \/>\nB\u00e1rbara de Jesus Sim\u00f5es<br \/>\nBelchior Marcelo Pereira dos Santos<br \/>\nBruno Vieira Dias<br \/>\nCaio Vinicius da Silva Nery<br \/>\nCamila Cunha Soares de Oliveira<br \/>\nCarola Catalina Navarro Hurtado<br \/>\nCaroline Klein Maranho<br \/>\nC\u00e9lia Kazue Abiko<br \/>\nCibele Ang\u00e9lica de Souza Spina<br \/>\nClaudiane Aparecida da Silva<br \/>\nCynthia Maria Le\u00e3o Yamada<br \/>\nDiego Rinaldi Pavesi Nicollete<br \/>\nDivino Jos\u00e9 Otaviano<br \/>\nEdna Yoshiko Yamada Nakanishi<br \/>\nEdson Galdino do Nascimento Filho<br \/>\n\u00camile Cristina Souza Bettarello<br \/>\nEster Serrano Ferreira<br \/>\nEveraldo Jos\u00e9 Sch\u00f6rner<br \/>\nFabiana Akil<br \/>\nFelipe Carlos Brito de Souza<br \/>\nFernanda Acedo Moretto Gon\u00e7alves<br \/>\nFernanda Lima Vilas Boas<br \/>\nFernando Rossi Trigo<br \/>\nFl\u00e1via Naves Givisiez<br \/>\nFortun\u00e9e Rosa Meyohas Neves<br \/>\nGabriela Coelho de Rezende Cunha<br \/>\nGiselle Bissaro Barban Evangelista<br \/>\nHelder Teixeira Melo<br \/>\nHellen Tayan\u00e1 Oliveira Bitencourt<br \/>\nIraildes Alves de Moura Gomes<br \/>\nJamile Souza Nicanor<br \/>\nJanete Lourdes Cattani Baldissera<br \/>\nJosie Fabiana Santos Sim\u00e3o<br \/>\nKatia Teixeira de Meiroz Grilo<br \/>\nLarissa Espindola Leite<br \/>\nLeonardo Scalon de Oliveira<br \/>\nLet\u00edcia Sarni Roque<br \/>\nLiana Andrade Labres de Souza<br \/>\nLiliane Wendling Jacques<br \/>\nLuciana Aparecida Luvezuti Gon\u00e7alves<br \/>\nLygia Bernardino Pereira<br \/>\nMarcelo Froes Assun\u00e7\u00e3o<br \/>\nM\u00e1rcia Maria Bruno Ara\u00fajo<br \/>\nMaria Bernadete Pedro<br \/>\nMaria Eny Vargas Queiroz<br \/>\nMarta Aparecida Barbosa Chagas<br \/>\nMayara Aoyama Soares<br \/>\nMelina Lellis Bianquini<br \/>\nMichelen Debiasi Ghedin<br \/>\nNaiara Cristina Pulzi Saito Vedoveli<br \/>\nNixon Ramos da Silva<br \/>\nPaula Renata Machado Passos<br \/>\nPaulo Henrique Ribeiro de Paiva<br \/>\nRenata Pavese<br \/>\nRenata Vernay Lopes<br \/>\nRenato Nascimento da Costa<br \/>\nSonia Mara Nunes da Silva<br \/>\nTatiana Caetano Ramos<br \/>\nTeresinha Guerreiro Cervi Angstmam<br \/>\nThaiana Cirqueira Gon\u00e7alves<br \/>\nThiago Vianna de Carvalho<br \/>\nThiara Guimar\u00e3es Heleno de Oliveira Poncio<br \/>\nVal\u00e9ria Caetano Morais Pereira<br \/>\nVanessa Tieko Marques dos Santos<br \/>\nVladimir Granovski<br \/>\nWallyd Kalluf Koury<\/p>\n","protected":false},"excerpt":{"rendered":"<p>(http:\/\/www.alumni.usp.br) Adriana Nascimento de Araujo Buchmann Aline Cristina Garcia Silva Aline Delduque Kropf Aline Shiramizu Hisamitsu Brunello Ana Luisa Alves Mafra Ana Maria Alves do Nascimento Ana Paula Rocha Diniz Zanelli Andr\u00e9a Vilela de Oliveira Santos Angela Melga\u00e7o Ferreira B\u00e1rbara de Jesus Sim\u00f5es Belchior Marcelo Pereira dos Santos Bruno Vieira Dias Caio Vinicius da Silva<a href=\"https:\/\/sites.usp.br\/pgmphb\/egressos\/\">[&#8230;]<\/a><\/p>\n","protected":false},"author":457,"featured_media":0,"parent":0,"menu_order":0,"comment_status":"closed","ping_status":"closed","template":"","meta":{"footnotes":"","_links_to":"","_links_to_target":""},"class_list":["post-44","page","type-page","status-publish","hentry"],"_links":{"self":[{"href":"https:\/\/sites.usp.br\/pgmphb\/wp-json\/wp\/v2\/pages\/44","targetHints":{"allow":["GET"]}}],"collection":[{"href":"https:\/\/sites.usp.br\/pgmphb\/wp-json\/wp\/v2\/pages"}],"about":[{"href":"https:\/\/sites.usp.br\/pgmphb\/wp-json\/wp\/v2\/types\/page"}],"author":[{"embeddable":true,"href":"https:\/\/sites.usp.br\/pgmphb\/wp-json\/wp\/v2\/users\/457"}],"replies":[{"embeddable":true,"href":"https:\/\/sites.usp.br\/pgmphb\/wp-json\/wp\/v2\/comments?post=44"}],"version-history":[{"count":4,"href":"https:\/\/sites.usp.br\/pgmphb\/wp-json\/wp\/v2\/pages\/44\/revisions"}],"predecessor-version":[{"id":148,"href":"https:\/\/sites.usp.br\/pgmphb\/wp-json\/wp\/v2\/pages\/44\/revisions\/148"}],"wp:attachment":[{"href":"https:\/\/sites.usp.br\/pgmphb\/wp-json\/wp\/v2\/media?parent=44"}],"curies":[{"name":"wp","href":"https:\/\/api.w.org\/{rel}","templated":true}]}}