{"id":46,"date":"2021-02-17T09:34:38","date_gmt":"2021-02-17T12:34:38","guid":{"rendered":"https:\/\/sites.usp.br\/pgmphb\/?page_id=46"},"modified":"2021-02-23T10:37:54","modified_gmt":"2021-02-23T13:37:54","slug":"alunos-ingressantes","status":"publish","type":"page","link":"https:\/\/sites.usp.br\/pgmphb\/alunos-ingressantes\/","title":{"rendered":"Alunos Ingressantes"},"content":{"rendered":"<p><a href=\"http:\/\/cpg.fmrp.usp.br\/alunos\/ingressantes\"><strong>ALUNOS INGRESSANTES<\/strong><\/a><br \/>\n(informa\u00e7\u00f5es dispon\u00edveis no site da CPG-<a href=\"http:\/\/cpg.fmrp.usp.br\/alunos\/\">COMISS\u00c3O DE P\u00d3S-GRADUA\u00c7\u00c3O da FMRP<\/a>)<\/p>\n<p>(C\u00f3digo USP, Acesso ao Sistema Janus, Email USP, Carteirinha USP, Disciplinas, Solicita\u00e7\u00e3o de documentos, Acesso de entrada no campus, Atendimento M\u00e9dico, Alunos Estrangeiros, Equival\u00eancia de t\u00edtulo de mestre para contagem de cr\u00e9ditos para o doutorado, Biblioteca Central do Campus, Restaurante Central, Atendimento Social, Atividades Culturais, Atividades F\u00edsicas.)<\/p>\n<p>Acesso ao HCRP <a href=\"https:\/\/site.hcrp.usp.br\/centro-de-recursos-humanos\/\">CLIQUE AQUI<\/a> ou entre em contato com:<br \/>\nE-mail: crh@hcrp.usp.br<br \/>\nE-mail: tmoraes@hcrp.usp.br<br \/>\nFone: (16) 3602-2166<br \/>\nEndere\u00e7o: Campus Universit\u00e1rio \u2013 Monte Alegre |CEP: 14048-900 \u2013 Ribeir\u00e3o Preto \u2013 SP<\/p>\n","protected":false},"excerpt":{"rendered":"<p>ALUNOS INGRESSANTES (informa\u00e7\u00f5es dispon\u00edveis no site da CPG-COMISS\u00c3O DE P\u00d3S-GRADUA\u00c7\u00c3O da FMRP) (C\u00f3digo USP, Acesso ao Sistema Janus, Email USP, Carteirinha USP, Disciplinas, Solicita\u00e7\u00e3o de documentos, Acesso de entrada no campus, Atendimento M\u00e9dico, Alunos Estrangeiros, Equival\u00eancia de t\u00edtulo de mestre para contagem de cr\u00e9ditos para o doutorado, Biblioteca Central do Campus, Restaurante Central, Atendimento Social,<a href=\"https:\/\/sites.usp.br\/pgmphb\/alunos-ingressantes\/\">[&#8230;]<\/a><\/p>\n","protected":false},"author":457,"featured_media":0,"parent":0,"menu_order":0,"comment_status":"closed","ping_status":"closed","template":"","meta":{"footnotes":"","_links_to":"","_links_to_target":""},"class_list":["post-46","page","type-page","status-publish","hentry"],"_links":{"self":[{"href":"https:\/\/sites.usp.br\/pgmphb\/wp-json\/wp\/v2\/pages\/46","targetHints":{"allow":["GET"]}}],"collection":[{"href":"https:\/\/sites.usp.br\/pgmphb\/wp-json\/wp\/v2\/pages"}],"about":[{"href":"https:\/\/sites.usp.br\/pgmphb\/wp-json\/wp\/v2\/types\/page"}],"author":[{"embeddable":true,"href":"https:\/\/sites.usp.br\/pgmphb\/wp-json\/wp\/v2\/users\/457"}],"replies":[{"embeddable":true,"href":"https:\/\/sites.usp.br\/pgmphb\/wp-json\/wp\/v2\/comments?post=46"}],"version-history":[{"count":4,"href":"https:\/\/sites.usp.br\/pgmphb\/wp-json\/wp\/v2\/pages\/46\/revisions"}],"predecessor-version":[{"id":137,"href":"https:\/\/sites.usp.br\/pgmphb\/wp-json\/wp\/v2\/pages\/46\/revisions\/137"}],"wp:attachment":[{"href":"https:\/\/sites.usp.br\/pgmphb\/wp-json\/wp\/v2\/media?parent=46"}],"curies":[{"name":"wp","href":"https:\/\/api.w.org\/{rel}","templated":true}]}}