{"id":50,"date":"2021-02-17T09:36:23","date_gmt":"2021-02-17T12:36:23","guid":{"rendered":"https:\/\/sites.usp.br\/pgmphb\/?page_id=50"},"modified":"2021-02-23T14:28:29","modified_gmt":"2021-02-23T17:28:29","slug":"para-orientadores","status":"publish","type":"page","link":"https:\/\/sites.usp.br\/pgmphb\/para-orientadores\/","title":{"rendered":"Para Orientadores"},"content":{"rendered":"<h3><\/h3>\n<h3><strong>Cadastro de perfil de produ\u00e7\u00e3o cient\u00edfica Data USP <\/strong><\/h3>\n<p>COMO OBTER SEU IDENTIFICADOR GOOGLE SCHOLAR? (Tutorial\u00a0<a href=\"https:\/\/www.pucpr.br\/wp-content\/uploads\/2017\/01\/tutorial-google-scholar-1.pdf\">CLIQUE AQUI<\/a>)<br \/>\n<a href=\"https:\/\/uspdigital.usp.br\/datausp\/images\/scholar.png\">https:\/\/uspdigital.usp.br\/datausp\/images\/scholar.png<\/a><\/p>\n<p>COMO OBTER SEU IDENTIFICADOR ORCID? (Tutorial <a href=\"https:\/\/drive.google.com\/file\/d\/1pARTr15phA-_LL48BCJ1eVej6fMLDdy4\/view?usp=sharing\">CLIQUE AQUI<\/a>)<br \/>\n<a href=\"https:\/\/uspdigital.usp.br\/datausp\/images\/orcid.png\">https:\/\/uspdigital.usp.br\/datausp\/images\/orcid.png<\/a><\/p>\n<p>COMO OBTER SEU IDENTIFICADOR Scopus? (Tutorial\u00a0<a href=\"https:\/\/www.aguia.usp.br\/apoio-pesquisador\/identificacao-pesquisadores\/scopus-id\/\">CLIQUE AQUI<\/a>)<br \/>\n<a href=\"https:\/\/uspdigital.usp.br\/datausp\/images\/scopus.png\">https:\/\/uspdigital.usp.br\/datausp\/images\/scopus.png<\/a><\/p>\n<p>COMO OBTER SEU IDENTIFICADOR Web of Science (Researcher ID)? (Tutorial\u00a0<a href=\"https:\/\/www.pucpr.br\/wp-content\/uploads\/2017\/01\/tutorial-researcherid-orcid.pdf\">CLIQUE AQUI<\/a>)<br \/>\n<a href=\"https:\/\/uspdigital.usp.br\/datausp\/images\/rid.png\">https:\/\/uspdigital.usp.br\/datausp\/images\/rid.png<\/a><\/p>\n<h3><\/h3>\n<h3><strong>Credenciamento e recredenciamento para orienta\u00e7\u00e3o e co-orienta\u00e7\u00e3o\u00a0<\/strong><\/h3>\n<p>Para obter informa\u00e7\u00f5es (normas) consulte item X do <a href=\"http:\/\/www.leginf.usp.br\/?resolucao=resolucao-copgr-no-7743-de-13-de-junho-de-2019\">Regulamento do Mestrado Profissional em Hemoterapia e Biotecnologia &#8211; Resolu\u00e7\u00e3o CoPGr 7.743, de 13 de junho de 2019.<\/a><\/p>\n<p>Para obter formul\u00e1rios (Credenciamento e Recredenciamento de Orientador) <a href=\"http:\/\/cpg.fmrp.usp.br\/informacoes\/formularios-para-credenciamento-e-recredenciamento-de-orientador\"><strong>CLIQUE AQUI<\/strong><\/a><\/p>\n<h3><\/h3>\n<h3><strong>Credenciamento e recredenciamento de disciplinas\u00a0<\/strong><\/h3>\n<p>Para obter formul\u00e1rios (Apresenta\u00e7\u00e3o de Disciplinas e Credenciamento e Recredenciamento de Disciplinas) <a href=\"http:\/\/cpg.fmrp.usp.br\/informacoes\/formularios\"><strong>CLIQUE AQUI<\/strong><\/a><\/p>\n<h3><\/h3>\n<h3><strong>Oferecimento de disciplinas<\/strong><\/h3>\n<p>Para obter informa\u00e7\u00f5es (Instru\u00e7\u00f5es Oferecimento de Disciplinas) e formul\u00e1rios (Dados para Oferecimento de Disciplinas) acesse <a href=\"http:\/\/cpg.fmrp.usp.br\/informacoes\/formularios\"><strong>CLIQUE AQUI<\/strong><\/a><\/p>\n<p><strong>&#8211; Disciplinas ativas<\/strong> <a href=\"https:\/\/uspdigital.usp.br\/janus\/componente\/catalogoDisciplinasInicial.jsf\">CLIQUE AQUI<\/a><\/p>\n<p><strong>&#8211; Orienta\u00e7\u00f5es para composi\u00e7\u00e3o de bancas<\/strong> <a href=\"http:\/\/cpg.fmrp.usp.br\/alunos\/defesas\/indicacao-da-banca\">CLIQUE AQUI<\/a><\/p>\n","protected":false},"excerpt":{"rendered":"<p>Cadastro de perfil de produ\u00e7\u00e3o cient\u00edfica Data USP COMO OBTER SEU IDENTIFICADOR GOOGLE SCHOLAR? (Tutorial\u00a0CLIQUE AQUI) https:\/\/uspdigital.usp.br\/datausp\/images\/scholar.png COMO OBTER SEU IDENTIFICADOR ORCID? (Tutorial CLIQUE AQUI) https:\/\/uspdigital.usp.br\/datausp\/images\/orcid.png COMO OBTER SEU IDENTIFICADOR Scopus? (Tutorial\u00a0CLIQUE AQUI) https:\/\/uspdigital.usp.br\/datausp\/images\/scopus.png COMO OBTER SEU IDENTIFICADOR Web of Science (Researcher ID)? (Tutorial\u00a0CLIQUE AQUI) https:\/\/uspdigital.usp.br\/datausp\/images\/rid.png Credenciamento e recredenciamento para orienta\u00e7\u00e3o e co-orienta\u00e7\u00e3o\u00a0 Para obter<a href=\"https:\/\/sites.usp.br\/pgmphb\/para-orientadores\/\">[&#8230;]<\/a><\/p>\n","protected":false},"author":457,"featured_media":0,"parent":0,"menu_order":0,"comment_status":"closed","ping_status":"closed","template":"","meta":{"footnotes":"","_links_to":"","_links_to_target":""},"class_list":["post-50","page","type-page","status-publish","hentry"],"_links":{"self":[{"href":"https:\/\/sites.usp.br\/pgmphb\/wp-json\/wp\/v2\/pages\/50","targetHints":{"allow":["GET"]}}],"collection":[{"href":"https:\/\/sites.usp.br\/pgmphb\/wp-json\/wp\/v2\/pages"}],"about":[{"href":"https:\/\/sites.usp.br\/pgmphb\/wp-json\/wp\/v2\/types\/page"}],"author":[{"embeddable":true,"href":"https:\/\/sites.usp.br\/pgmphb\/wp-json\/wp\/v2\/users\/457"}],"replies":[{"embeddable":true,"href":"https:\/\/sites.usp.br\/pgmphb\/wp-json\/wp\/v2\/comments?post=50"}],"version-history":[{"count":4,"href":"https:\/\/sites.usp.br\/pgmphb\/wp-json\/wp\/v2\/pages\/50\/revisions"}],"predecessor-version":[{"id":163,"href":"https:\/\/sites.usp.br\/pgmphb\/wp-json\/wp\/v2\/pages\/50\/revisions\/163"}],"wp:attachment":[{"href":"https:\/\/sites.usp.br\/pgmphb\/wp-json\/wp\/v2\/media?parent=50"}],"curies":[{"name":"wp","href":"https:\/\/api.w.org\/{rel}","templated":true}]}}