{"id":52,"date":"2021-02-17T09:36:54","date_gmt":"2021-02-17T12:36:54","guid":{"rendered":"https:\/\/sites.usp.br\/pgmphb\/?page_id=52"},"modified":"2025-08-08T15:30:19","modified_gmt":"2025-08-08T18:30:19","slug":"producoes","status":"publish","type":"page","link":"https:\/\/sites.usp.br\/pgmphb\/producoes\/","title":{"rendered":"Produ\u00e7\u00f5es"},"content":{"rendered":"<ul>\n<li>Acesso \u00e0 <a href=\"http:\/\/www.usp.br\/sibi\/\">SIBi ( Sistema Integrado de Bibliotecas USP )<\/a><\/li>\n<li>Acesso \u00e0s disserta\u00e7\u00f5es: <a href=\"http:\/\/www.teses.usp.br\/\">http:\/\/www.teses.usp.br\/<\/a><\/li>\n<li><span lang=\"PT-BR\" style=\"color: black;\">Egressos e Teses: <\/span><span lang=\"PT-BR\"><a href=\"https:\/\/teses.usp.br\/index.php?option=com_jumi&amp;fileid=19&amp;Itemid=87&amp;lang=pt-br&amp;g=3&amp;b0=biotecnologia&amp;c0=c&amp;o0=AND&amp;b1=faculdade%20de%20medicina%20de%20ribeir%C3%A3o%20preto&amp;c1=u&amp;o1=AND\">\u00c1rea de Biotecnologia<\/a><span style=\"color: black;\"> e <\/span><a href=\"https:\/\/teses.usp.br\/index.php?option=com_jumi&amp;fileid=19&amp;Itemid=87&amp;lang=pt-br&amp;g=3&amp;b0=hemoterapia%20e%20medicina%20transfusional&amp;c0=c&amp;o0=AND&amp;b1=faculdade%20de%20medicina%20de%20ribeir%C3%A3o%20preto&amp;c1=u&amp;o1=AND\">\u00c1rea de Hemoterapia e Medicina Transfusional<\/a><\/span><\/li>\n<\/ul>\n<h3>Disserta\u00e7\u00f5es de Mestrado<\/h3>\n<p><strong><span style=\"font-size: 12pt; font-family: georgia, palatino, serif;\"><a href=\"https:\/\/teses.usp.br\/teses\/disponiveis\/17\/17155\/tde-06122018-170612\/pt-br.php\">Adriana Nascimento de Araujo Buchmann<\/a><\/span><\/strong><br \/>\n<strong><span style=\"font-size: 12pt; font-family: georgia, palatino, serif;\"><a href=\"https:\/\/teses.usp.br\/teses\/disponiveis\/17\/17155\/tde-05082019-110429\/pt-br.php\">Aline Cristina Garcia Silva<\/a><\/span><\/strong><br \/>\n<strong><span style=\"font-size: 12pt; font-family: georgia, palatino, serif;\"><a href=\"https:\/\/teses.usp.br\/teses\/disponiveis\/17\/17155\/tde-08012019-142634\/pt-br.php\">Aline Delduque Kropf<\/a><\/span><\/strong><br \/>\n<strong><span style=\"font-size: 12pt; font-family: georgia, palatino, serif;\"><a href=\"https:\/\/teses.usp.br\/teses\/disponiveis\/17\/17155\/tde-07062017-125128\/pt-br.php\">Aline Shiramizu Hisamitsu Brunello<\/a><\/span><\/strong><br \/>\n<strong><span style=\"font-size: 12pt; font-family: georgia, palatino, serif;\"><a href=\"https:\/\/teses.usp.br\/teses\/disponiveis\/17\/17155\/tde-05082019-112346\/pt-br.php\">Ana Luisa Alves Mafra<\/a><\/span><\/strong><br \/>\n<strong><span style=\"font-size: 12pt; font-family: georgia, palatino, serif;\"><a href=\"https:\/\/uspdigital.usp.br\/janus\/alunoGeral\/pesquisaDeAlunos\/pesquisaDeAlunos.jsf\">Ana Maria Alves do Nascimento<\/a>*<\/span><\/strong><br \/>\n<strong><span style=\"font-size: 12pt; font-family: georgia, palatino, serif;\"><a href=\"https:\/\/teses.usp.br\/teses\/disponiveis\/17\/17155\/tde-07062017-132339\/pt-br.php\">Ana Paula Rocha Diniz Zanelli<\/a><\/span><\/strong><br \/>\n<strong><span style=\"font-size: 12pt; font-family: georgia, palatino, serif;\"><a href=\"https:\/\/teses.usp.br\/teses\/disponiveis\/17\/17155\/tde-07062017-134649\/pt-br.php\">Andr\u00e9a Vilela de Oliveira Santos<\/a><\/span><\/strong><br \/>\n<strong><a href=\"https:\/\/www.teses.usp.br\/teses\/disponiveis\/17\/17156\/tde-22012025-164152\/pt-br.php\">Anelise de Almeida Sedassari<\/a><\/strong><br \/>\n<strong><span style=\"font-size: 12pt; font-family: georgia, palatino, serif;\"><a href=\"https:\/\/teses.usp.br\/teses\/disponiveis\/17\/17155\/tde-07062017-142345\/pt-br.php\">Angela Melga\u00e7o Ferreira<\/a><\/span><\/strong><br \/>\n<strong><a href=\"https:\/\/www.teses.usp.br\/teses\/disponiveis\/17\/17156\/tde-16012025-150133\/pt-br.php\">Anne Caroline Teixeira Cavalcanti Furtado<\/a><\/strong><br \/>\n<strong><span style=\"font-size: 12pt; font-family: georgia, palatino, serif;\"><a href=\"https:\/\/www.teses.usp.br\/teses\/disponiveis\/17\/17155\/tde-24022021-131132\/pt-br.php\">B\u00e1rbara de Jesus Sim\u00f5es<\/a><\/span><\/strong><br \/>\n<strong><span style=\"font-size: 12pt; font-family: georgia, palatino, serif;\"><a href=\"https:\/\/teses.usp.br\/teses\/disponiveis\/17\/17155\/tde-12112019-095514\/pt-br.php\">Belchior Marcelo Pereira dos Santos<\/a><\/span><\/strong><br \/>\n<strong><span style=\"font-size: 12pt; font-family: georgia, palatino, serif;\"><a href=\"https:\/\/www.teses.usp.br\/teses\/disponiveis\/17\/17155\/tde-24022021-131754\/pt-br.php\">Bruno Vieira Dias<\/a><\/span><\/strong><br \/>\n<strong><span style=\"font-size: 12pt; font-family: georgia, palatino, serif;\"><a href=\"https:\/\/teses.usp.br\/teses\/disponiveis\/17\/17155\/tde-13092018-142500\/pt-br.php\">Caio Vinicius da Silva Nery<\/a><\/span><\/strong><br \/>\n<strong><span style=\"font-size: 12pt; font-family: georgia, palatino, serif;\"><a href=\"https:\/\/teses.usp.br\/teses\/disponiveis\/17\/17155\/tde-17122019-145848\/pt-br.php\">Camila Cunha Soares de Oliveira<\/a><\/span><\/strong><br \/>\n<strong><a href=\"https:\/\/www.teses.usp.br\/teses\/disponiveis\/17\/17155\/tde-17112023-095642\/pt-br.php\">Camila Derminio Donadel Gon\u00e7alves<\/a><\/strong><br \/>\n<a href=\"https:\/\/www.teses.usp.br\/teses\/disponiveis\/17\/17156\/tde-29102024-164833\/pt-br.php\"><strong>Camila Reis Teixeira Avelar<\/strong><\/a><br \/>\n<strong><span style=\"font-size: 12pt; font-family: georgia, palatino, serif;\"><a href=\"https:\/\/www.teses.usp.br\/teses\/disponiveis\/17\/17155\/tde-24022021-103939\/pt-br.php\">Carola Catalina Navarro Hurtado<\/a><\/span><\/strong><br \/>\n<a href=\"https:\/\/www.teses.usp.br\/teses\/disponiveis\/17\/17155\/tde-13052024-153727\/pt-br.php\"><strong>Carolina Madeira Ribeiro<\/strong><\/a><br \/>\n<strong><span style=\"font-size: 12pt; font-family: georgia, palatino, serif;\"><a href=\"https:\/\/teses.usp.br\/teses\/disponiveis\/17\/17155\/tde-07062017-145049\/pt-br.php\">Caroline Klein Maranho<\/a><\/span><\/strong><br \/>\n<a href=\"https:\/\/www.teses.usp.br\/teses\/disponiveis\/17\/17156\/tde-16012025-152113\/pt-br.php\"><strong>Cec\u00edlia Soares Gomes<\/strong><\/a><br \/>\n<strong><span style=\"font-size: 12pt; font-family: georgia, palatino, serif;\"><a href=\"https:\/\/teses.usp.br\/teses\/disponiveis\/17\/17155\/tde-07062017-145740\/pt-br.php\">C\u00e9lia Kazue Abiko<\/a><\/span><\/strong><br \/>\n<strong><span style=\"font-size: 12pt; font-family: georgia, palatino, serif;\"><a href=\"https:\/\/teses.usp.br\/teses\/disponiveis\/17\/17155\/tde-11022020-165258\/pt-br.php\">Cibele Ang\u00e9lica de Souza Spina<\/a><\/span><\/strong><br \/>\n<a href=\"https:\/\/www.teses.usp.br\/teses\/disponiveis\/17\/17156\/tde-05012024-141422\/pt-br.php\"><strong>Claudia Mota Leite Barbosa Monteiro<\/strong><\/a><br \/>\n<strong><span style=\"font-size: 12pt; font-family: georgia, palatino, serif;\"><a href=\"https:\/\/teses.usp.br\/teses\/disponiveis\/17\/17155\/tde-20072018-102639\/pt-br.php\">Claudiane Aparecida da Silva<\/a><\/span><\/strong><br \/>\n<strong><span style=\"font-size: 12pt; font-family: georgia, palatino, serif;\"><a href=\"https:\/\/teses.usp.br\/teses\/disponiveis\/17\/17155\/tde-11022020-165744\/pt-br.php\">Cynthia Maria Le\u00e3o Yamada<\/a><\/span><\/strong><br \/>\n<strong><span style=\"font-size: 12pt; font-family: georgia, palatino, serif;\"><a href=\"https:\/\/www.teses.usp.br\/teses\/disponiveis\/17\/17156\/tde-24022021-130623\/pt-br.php\">Diego Rinaldi Pavesi Nicollete<\/a><\/span><\/strong><br \/>\n<strong><span style=\"font-size: 12pt; font-family: georgia, palatino, serif;\"><a href=\"https:\/\/teses.usp.br\/teses\/disponiveis\/17\/17155\/tde-07012016-101949\/pt-br.php\">Divino Jos\u00e9 Otaviano<\/a><\/span><\/strong><br \/>\n<a href=\"https:\/\/www.teses.usp.br\/teses\/disponiveis\/17\/17155\/tde-03022023-150353\/pt-br.php\"><strong>Douglas C\u00f4vre Stocco<\/strong><\/a><br \/>\n<strong><span style=\"font-size: 12pt; font-family: georgia, palatino, serif;\"><a href=\"https:\/\/teses.usp.br\/teses\/disponiveis\/17\/17155\/tde-10032020-141657\/pt-br.php\">Edna Yoshiko Yamada Nakanishi<\/a><\/span><\/strong><br \/>\n<strong><span style=\"font-size: 12pt; font-family: georgia, palatino, serif;\"><a href=\"https:\/\/teses.usp.br\/teses\/disponiveis\/17\/17156\/tde-30032017-090851\/pt-br.php\">Edson Galdino do Nascimento Filho<\/a><\/span><\/strong><br \/>\n<strong><span style=\"font-size: 12pt; font-family: georgia, palatino, serif;\"><a href=\"https:\/\/teses.usp.br\/teses\/disponiveis\/17\/17155\/tde-12072019-085633\/pt-br.php\">\u00camile Cristina Souza Bettarello<\/a><\/span><\/strong><br \/>\n<strong><span style=\"font-size: 12pt; font-family: georgia, palatino, serif;\"><a href=\"https:\/\/teses.usp.br\/teses\/disponiveis\/17\/17155\/tde-07062017-150220\/pt-br.php\">Ester Serrano Ferreira<\/a><\/span><\/strong><br \/>\n<strong><span style=\"font-size: 12pt; font-family: georgia, palatino, serif;\"><a href=\"https:\/\/teses.usp.br\/teses\/disponiveis\/17\/17155\/tde-27072015-053713\/pt-br.php\">Everaldo Jos\u00e9 Sch\u00f6rner<\/a><\/span><\/strong><br \/>\n<strong><span style=\"font-size: 12pt; font-family: georgia, palatino, serif;\"><a href=\"https:\/\/teses.usp.br\/teses\/disponiveis\/17\/17155\/tde-08012019-145413\/pt-br.php\">Fabiana Akil<\/a><\/span><\/strong><br \/>\n<strong><span style=\"font-size: 12pt; font-family: georgia, palatino, serif;\"><a href=\"https:\/\/teses.usp.br\/teses\/disponiveis\/17\/17155\/tde-12112019-101711\/pt-br.php\">Felipe Carlos Brito de Souza<\/a><\/span><\/strong><br \/>\n<strong><span style=\"font-size: 12pt; font-family: georgia, palatino, serif;\"><a href=\"https:\/\/teses.usp.br\/teses\/disponiveis\/17\/17155\/tde-10042018-154444\/pt-br.php\">Fernanda Acedo Moretto Gon\u00e7alves<\/a><\/span><\/strong><br \/>\n<strong><span style=\"font-size: 12pt; font-family: georgia, palatino, serif;\"><a href=\"https:\/\/teses.usp.br\/teses\/disponiveis\/17\/17156\/tde-10042019-100256\/pt-br.php\">Fernanda Lima Vilas Boas<\/a><\/span><\/strong><br \/>\n<strong><span style=\"font-size: 12pt; font-family: georgia, palatino, serif;\"><a href=\"https:\/\/teses.usp.br\/teses\/disponiveis\/17\/17156\/tde-12042018-111852\/pt-br.php\">Fernando Rossi Trigo<\/a><\/span><\/strong><br \/>\n<strong><span style=\"font-size: 12pt; font-family: georgia, palatino, serif;\"><a href=\"https:\/\/teses.usp.br\/teses\/disponiveis\/17\/17155\/tde-13092018-142954\/pt-br.php\">Fernanda Naves Givisiez<\/a><\/span><\/strong><br \/>\n<strong><span style=\"font-size: 12pt; font-family: georgia, palatino, serif;\"><a href=\"https:\/\/teses.usp.br\/teses\/disponiveis\/17\/17155\/tde-07062017-152230\/pt-br.php\">Fortun\u00e9e Rosa Meyohas Neves<\/a><\/span><\/strong><br \/>\n<strong><span style=\"font-size: 12pt; font-family: georgia, palatino, serif;\"><a href=\"https:\/\/www.teses.usp.br\/teses\/disponiveis\/17\/17155\/tde-24022021-130343\/pt-br.php\">Gabriela Coelho de Rezende Cunha<\/a><\/span><\/strong><br \/>\n<a href=\"https:\/\/www.teses.usp.br\/teses\/disponiveis\/17\/17155\/tde-22012025-171219\/pt-br.php\"><strong>Gabriela Ventura de Almeida Silva<\/strong><\/a><br \/>\n<strong><span style=\"font-size: 12pt; font-family: georgia, palatino, serif;\"><a href=\"https:\/\/www.teses.usp.br\/teses\/disponiveis\/17\/17155\/tde-24022021-104515\/pt-br.php\">Giselle Bissaro Barban Evangelista<\/a><\/span><\/strong><br \/>\n<a href=\"https:\/\/www.teses.usp.br\/teses\/disponiveis\/17\/17155\/tde-15022024-161916\/pt-br.php\"><strong>Gustavo Visconde Martins<\/strong><\/a><br \/>\n<strong><span style=\"font-size: 12pt; font-family: georgia, palatino, serif;\"><a href=\"https:\/\/teses.usp.br\/teses\/disponiveis\/17\/17155\/tde-22062015-215957\/pt-br.php\">Helder Teixeira Melo<\/a><\/span><\/strong><br \/>\n<strong><span style=\"font-size: 12pt; font-family: georgia, palatino, serif;\"><a href=\"https:\/\/teses.usp.br\/teses\/disponiveis\/17\/17155\/tde-07062017-161019\/pt-br.php\">Hellen Tayan\u00e1 Oliveira Bitencourt<\/a><\/span><\/strong><br \/>\n<strong><span style=\"font-size: 12pt; font-family: georgia, palatino, serif;\"><a href=\"https:\/\/www.teses.usp.br\/teses\/disponiveis\/17\/17155\/tde-28082020-102310\/pt-br.php\">Iraildes Alves de Moura Gomes<\/a><\/span><\/strong><br \/>\n<strong><span style=\"font-size: 12pt; font-family: georgia, palatino, serif;\"><a href=\"https:\/\/teses.usp.br\/teses\/disponiveis\/17\/17155\/tde-17042018-160546\/pt-br.php\">Jamile Souza Nicanor<\/a><\/span><\/strong><br \/>\n<strong><span style=\"font-size: 12pt; font-family: georgia, palatino, serif;\"><a href=\"https:\/\/teses.usp.br\/teses\/disponiveis\/17\/17155\/tde-12072015-161535\/pt-br.php\">Janete Lourdes Cattani Baldissera<\/a><\/span><\/strong><br \/>\n<strong><span style=\"font-size: 12pt; font-family: georgia, palatino, serif;\"><a href=\"https:\/\/www.teses.usp.br\/teses\/disponiveis\/17\/17155\/tde-19082020-101616\/pt-br.php\">Josie Fabiana Santos Sim\u00e3o<\/a><\/span><\/strong><br \/>\n<strong><span style=\"font-size: 12pt; font-family: georgia, palatino, serif;\"><a href=\"https:\/\/teses.usp.br\/teses\/disponiveis\/17\/17155\/tde-06062017-165908\/pt-br.php\">Katia Teixeira de Meiroz Grilo<\/a><\/span><\/strong><br \/>\n<a href=\"https:\/\/www.teses.usp.br\/teses\/disponiveis\/17\/17155\/tde-03022023-145921\/pt-br.php\"><strong>Larissa Christina Pires Barrientto<\/strong><\/a><br \/>\n<strong><span style=\"font-size: 12pt; font-family: georgia, palatino, serif;\"><a href=\"https:\/\/teses.usp.br\/teses\/disponiveis\/17\/17155\/tde-23102019-170538\/pt-br.php\">Larissa Espindola Leite<\/a><\/span><\/strong><br \/>\n<strong><span style=\"font-size: 12pt; font-family: georgia, palatino, serif;\"><a href=\"https:\/\/teses.usp.br\/teses\/disponiveis\/17\/17155\/tde-17102018-133444\/pt-br.php\">Leonardo Scalon de Oliveira<\/a><\/span><\/strong><br \/>\n<a href=\"https:\/\/www.teses.usp.br\/teses\/disponiveis\/17\/17155\/tde-05052025-140230\/pt-br.php\"><strong>Leticia Santos de Oliveira<\/strong><\/a><br \/>\n<strong><span style=\"font-size: 12pt; font-family: georgia, palatino, serif;\"><a href=\"https:\/\/teses.usp.br\/teses\/disponiveis\/17\/17155\/tde-19072018-140901\/pt-br.php\">Let\u00edcia Sarni Roque<\/a><\/span><\/strong><br \/>\n<strong><span style=\"font-size: 12pt; font-family: georgia, palatino, serif;\"><a href=\"https:\/\/teses.usp.br\/teses\/disponiveis\/17\/17155\/tde-11022020-170233\/pt-br.php\">Liana Andrade Labres de Souza<\/a><\/span><\/strong><br \/>\n<strong><span style=\"font-size: 12pt; font-family: georgia, palatino, serif;\"><a href=\"https:\/\/teses.usp.br\/teses\/disponiveis\/17\/17155\/tde-23112015-075015\/pt-br.php\">Liliane Wendling Jacques<\/a><\/span><\/strong><br \/>\n<strong><span style=\"font-size: 12pt; font-family: georgia, palatino, serif;\"><a href=\"https:\/\/teses.usp.br\/teses\/disponiveis\/17\/17155\/tde-18072018-171647\/pt-br.php\">Luciana Aparecida Luvezuti Gon\u00e7alves<\/a><\/span><\/strong><br \/>\n<a href=\"https:\/\/www.teses.usp.br\/teses\/disponiveis\/17\/17155\/tde-24062025-141148\/pt-br.php\"><strong>Luciana Maria Mendes Santiago<\/strong><\/a><br \/>\n<strong><span style=\"font-size: 12pt; font-family: georgia, palatino, serif;\"><a href=\"https:\/\/teses.usp.br\/teses\/disponiveis\/17\/17156\/tde-13092018-152402\/pt-br.php\">Lygia Bernardino Pereira<\/a><\/span><\/strong><br \/>\n<strong><span style=\"font-size: 12pt; font-family: georgia, palatino, serif;\"><a href=\"https:\/\/teses.usp.br\/teses\/disponiveis\/17\/17155\/tde-13092018-152847\/pt-br.php\">Marcelo Froes Assun\u00e7\u00e3o<\/a><\/span><\/strong><br \/>\n<strong><span style=\"font-size: 12pt; font-family: georgia, palatino, serif;\"><a href=\"https:\/\/www.teses.usp.br\/teses\/disponiveis\/17\/17155\/tde-24022021-114614\/pt-br.php\">M\u00e1rcia Maria Bruno Ara\u00fajo<\/a><\/span><\/strong><br \/>\n<strong><span style=\"font-size: 12pt; font-family: georgia, palatino, serif;\"><a href=\"https:\/\/www.teses.usp.br\/teses\/disponiveis\/17\/17155\/tde-24022021-124029\/pt-br.php\">Maria Bernadete Pedro<\/a><\/span><\/strong><br \/>\n<strong><span style=\"font-size: 12pt; font-family: georgia, palatino, serif;\"><a href=\"https:\/\/www.teses.usp.br\/teses\/disponiveis\/17\/17155\/tde-24022021-115020\/pt-br.php\">Maria Eny Vargas Queiroz<\/a><\/span><\/strong><br \/>\n<a href=\"https:\/\/www.teses.usp.br\/teses\/disponiveis\/17\/17156\/tde-11042024-091425\/pt-br.php\"><strong>Mariane Evaristo<\/strong><\/a><br \/>\n<strong><span style=\"font-size: 12pt; font-family: georgia, palatino, serif;\"><a href=\"https:\/\/www.teses.usp.br\/teses\/disponiveis\/17\/17155\/tde-24022021-124352\/pt-br.php\">Marta Aparecida Barbosa Chagas<\/a><\/span><\/strong><br \/>\n<strong><span style=\"font-size: 12pt; font-family: georgia, palatino, serif;\"><a href=\"https:\/\/www.teses.usp.br\/teses\/disponiveis\/17\/17155\/tde-20082020-120530\/pt-br.php\">Mayara Aoyama Soares<\/a><\/span><\/strong><br \/>\n<strong><span style=\"font-size: 12pt; font-family: georgia, palatino, serif;\"><a href=\"https:\/\/teses.usp.br\/teses\/disponiveis\/17\/17155\/tde-19072018-101754\/pt-br.php\">Melina Lellis Bianquini<\/a><\/span><\/strong><br \/>\n<strong><span style=\"font-size: 12pt; font-family: georgia, palatino, serif;\"><a href=\"https:\/\/teses.usp.br\/teses\/disponiveis\/17\/17155\/tde-12112019-104615\/pt-br.php\">Michelen Debiasi Ghedin<\/a><\/span><\/strong><br \/>\n<strong><span style=\"font-size: 12pt; font-family: georgia, palatino, serif;\"><a href=\"https:\/\/teses.usp.br\/teses\/disponiveis\/17\/17156\/tde-26082016-152814\/pt-br.php\">Naiara Cristina Pulzi Saito Vedoveli<\/a><\/span><\/strong><br \/>\n<strong><span style=\"font-size: 12pt; font-family: georgia, palatino, serif;\"><a href=\"https:\/\/teses.usp.br\/teses\/disponiveis\/17\/17155\/tde-08062017-094754\/pt-br.php\">Nixon Ramos da Silva<\/a><\/span><\/strong><br \/>\n<strong><span style=\"font-size: 12pt; font-family: georgia, palatino, serif;\"><a href=\"https:\/\/teses.usp.br\/teses\/disponiveis\/17\/17155\/tde-13092018-160308\/pt-br.php\">Paula Renata Machado Passos<\/a><\/span><\/strong><br \/>\n<strong><span style=\"font-size: 12pt; font-family: georgia, palatino, serif;\"><a href=\"https:\/\/teses.usp.br\/teses\/disponiveis\/17\/17155\/tde-07062017-120732\/pt-br.php\">Paulo Henrique Ribeiro de Paiva<\/a><\/span><\/strong><br \/>\n<a href=\"https:\/\/www.teses.usp.br\/teses\/disponiveis\/17\/17155\/tde-05012024-124512\/pt-br.php\"><strong>Patr\u00edcia Oliveira da Cunha Terra<\/strong><\/a><br \/>\n<strong><span style=\"font-size: 12pt; font-family: georgia, palatino, serif;\"><a href=\"https:\/\/teses.usp.br\/teses\/disponiveis\/17\/17155\/tde-17122019-150422\/pt-br.php\">Renata Pavese<\/a><\/span><\/strong><br \/>\n<strong><span style=\"font-size: 12pt; font-family: georgia, palatino, serif;\"><a href=\"https:\/\/teses.usp.br\/teses\/disponiveis\/17\/17155\/tde-08012019-154356\/pt-br.php\">Renata Vernay Lopes<\/a><\/span><\/strong><br \/>\n<strong><span style=\"font-size: 12pt; font-family: georgia, palatino, serif;\"><a href=\"https:\/\/teses.usp.br\/teses\/disponiveis\/17\/17155\/tde-08062017-100958\/pt-br.php\">Renato Nascimento da Costa<\/a><\/span><\/strong><br \/>\n<strong><span style=\"font-size: 12pt; font-family: georgia, palatino, serif;\"><a href=\"https:\/\/www.teses.usp.br\/teses\/disponiveis\/17\/17155\/tde-24022021-124630\/pt-br.php\">Sonia Mara Nunes da Silva<\/a><\/span><\/strong><br \/>\n<strong><span style=\"font-size: 12pt; font-family: georgia, palatino, serif;\"><a href=\"https:\/\/uspdigital.usp.br\/janus\/alunoGeral\/pesquisaDeAlunos\/pesquisaDeAlunos.jsf\">Tatiana Caetano Ramos<\/a>*<\/span><\/strong><br \/>\n<strong><span style=\"font-size: 12pt; font-family: georgia, palatino, serif;\"><a href=\"https:\/\/uspdigital.usp.br\/janus\/alunoGeral\/pesquisaDeAlunos\/pesquisaDeAlunos.jsf\">Teresinha Guerreiro Cervi Angstmam<\/a>*<\/span><\/strong><br \/>\n<strong><span style=\"font-size: 12pt; font-family: georgia, palatino, serif;\"><a href=\"https:\/\/teses.usp.br\/teses\/disponiveis\/17\/17155\/tde-11022020-170730\/pt-br.php\">Thaiana Cirqueira Gon\u00e7alves<\/a><\/span><\/strong><br \/>\n<strong><span style=\"font-size: 12pt; font-family: georgia, palatino, serif;\"><a href=\"https:\/\/teses.usp.br\/teses\/disponiveis\/17\/17155\/tde-19072018-141223\/pt-br.php\">Thiago Vianna de Carvalho<\/a><\/span><\/strong><br \/>\n<strong><span style=\"font-size: 12pt; font-family: georgia, palatino, serif;\"><a href=\"https:\/\/teses.usp.br\/teses\/disponiveis\/17\/17155\/tde-19072018-102650\/pt-br.php\">Thiara Guimar\u00e3es Heleno de Oliveira Poncio<\/a><\/span><\/strong><br \/>\n<strong><span style=\"font-size: 12pt; font-family: georgia, palatino, serif;\"><a href=\"https:\/\/teses.usp.br\/teses\/disponiveis\/17\/17155\/tde-11022020-171530\/pt-br.php\">Val\u00e9ria Caetano Morais Pereira<\/a><\/span><\/strong><br \/>\n<strong><span style=\"font-size: 12pt; font-family: georgia, palatino, serif;\"><a href=\"https:\/\/teses.usp.br\/teses\/disponiveis\/17\/17156\/tde-20072016-150857\/pt-br.php\">Vanessa Tieko Marques dos Santos<\/a><\/span><\/strong><br \/>\n<strong><span style=\"font-size: 12pt; font-family: georgia, palatino, serif;\"><a href=\"https:\/\/teses.usp.br\/teses\/disponiveis\/17\/17156\/tde-26042018-173449\/pt-br.php\">Vladimir Granovski<\/a><\/span><\/strong><br \/>\n<a href=\"https:\/\/www.teses.usp.br\/teses\/disponiveis\/17\/17155\/tde-17112023-100040\/pt-br.php\"><strong>Virg\u00edlio da Costa Farnese<\/strong><\/a><br \/>\n<strong><span style=\"font-size: 12pt; font-family: georgia, palatino, serif;\"><a href=\"https:\/\/teses.usp.br\/teses\/disponiveis\/17\/17155\/tde-19072018-105457\/pt-br.php\">Wallyd Kalluf Koury<\/a><\/span><\/strong><\/p>\n<p>* em processo de registro na biblioteca digital<\/p>\n","protected":false},"excerpt":{"rendered":"<p>Acesso \u00e0 SIBi ( Sistema Integrado de Bibliotecas USP ) Acesso \u00e0s disserta\u00e7\u00f5es: http:\/\/www.teses.usp.br\/ Egressos e Teses: \u00c1rea de Biotecnologia e \u00c1rea de Hemoterapia e Medicina Transfusional Disserta\u00e7\u00f5es de Mestrado Adriana Nascimento de Araujo Buchmann Aline Cristina Garcia Silva Aline Delduque Kropf Aline Shiramizu Hisamitsu Brunello Ana Luisa Alves Mafra Ana Maria Alves do Nascimento*<a href=\"https:\/\/sites.usp.br\/pgmphb\/producoes\/\">[&#8230;]<\/a><\/p>\n","protected":false},"author":457,"featured_media":0,"parent":0,"menu_order":0,"comment_status":"closed","ping_status":"closed","template":"","meta":{"footnotes":"","_links_to":"","_links_to_target":""},"class_list":["post-52","page","type-page","status-publish","hentry"],"_links":{"self":[{"href":"https:\/\/sites.usp.br\/pgmphb\/wp-json\/wp\/v2\/pages\/52","targetHints":{"allow":["GET"]}}],"collection":[{"href":"https:\/\/sites.usp.br\/pgmphb\/wp-json\/wp\/v2\/pages"}],"about":[{"href":"https:\/\/sites.usp.br\/pgmphb\/wp-json\/wp\/v2\/types\/page"}],"author":[{"embeddable":true,"href":"https:\/\/sites.usp.br\/pgmphb\/wp-json\/wp\/v2\/users\/457"}],"replies":[{"embeddable":true,"href":"https:\/\/sites.usp.br\/pgmphb\/wp-json\/wp\/v2\/comments?post=52"}],"version-history":[{"count":4,"href":"https:\/\/sites.usp.br\/pgmphb\/wp-json\/wp\/v2\/pages\/52\/revisions"}],"predecessor-version":[{"id":381,"href":"https:\/\/sites.usp.br\/pgmphb\/wp-json\/wp\/v2\/pages\/52\/revisions\/381"}],"wp:attachment":[{"href":"https:\/\/sites.usp.br\/pgmphb\/wp-json\/wp\/v2\/media?parent=52"}],"curies":[{"name":"wp","href":"https:\/\/api.w.org\/{rel}","templated":true}]}}