{"id":54,"date":"2021-02-17T09:37:41","date_gmt":"2021-02-17T12:37:41","guid":{"rendered":"https:\/\/sites.usp.br\/pgmphb\/?page_id=54"},"modified":"2024-06-14T14:21:19","modified_gmt":"2024-06-14T17:21:19","slug":"contato","status":"publish","type":"page","link":"https:\/\/sites.usp.br\/pgmphb\/contato\/","title":{"rendered":"Contato"},"content":{"rendered":"<h3>Servi\u00e7o de P\u00f3s-Gradua\u00e7\u00e3o da FMRP-USP<\/h3>\n<h3>Secretaria<\/h3>\n<p><strong>Ana Paula Barros Zana<\/strong><\/p>\n<p>Hor\u00e1rio de atendimento:<br \/>\nDe segunda a sexta-feira de 08:30 \u00e0s 12:00 e de 13:00 \u00e0s 17:30<br \/>\nEmail: <a href=\"mailto:ppg.mphb@usp.br\">ppg.mphb@usp.br<\/a><\/p>\n<p>Telefone: (16) 3315-0687<br \/>\nEndere\u00e7o: Rua Pedreira de Freitas, casa 2<br \/>\nCampus da Universitario<br \/>\nRibeir\u00e3o Preto \u2013 SP<\/p>\n<p>&nbsp;<\/p>\n","protected":false},"excerpt":{"rendered":"<p>Servi\u00e7o de P\u00f3s-Gradua\u00e7\u00e3o da FMRP-USP Secretaria Ana Paula Barros Zana Hor\u00e1rio de atendimento: De segunda a sexta-feira de 08:30 \u00e0s 12:00 e de 13:00 \u00e0s 17:30 Email: ppg.mphb@usp.br Telefone: (16) 3315-0687 Endere\u00e7o: Rua Pedreira de Freitas, casa 2 Campus da Universitario Ribeir\u00e3o Preto \u2013 SP &nbsp;<\/p>\n","protected":false},"author":457,"featured_media":0,"parent":0,"menu_order":0,"comment_status":"closed","ping_status":"closed","template":"","meta":{"footnotes":"","_links_to":"","_links_to_target":""},"class_list":["post-54","page","type-page","status-publish","hentry"],"_links":{"self":[{"href":"https:\/\/sites.usp.br\/pgmphb\/wp-json\/wp\/v2\/pages\/54","targetHints":{"allow":["GET"]}}],"collection":[{"href":"https:\/\/sites.usp.br\/pgmphb\/wp-json\/wp\/v2\/pages"}],"about":[{"href":"https:\/\/sites.usp.br\/pgmphb\/wp-json\/wp\/v2\/types\/page"}],"author":[{"embeddable":true,"href":"https:\/\/sites.usp.br\/pgmphb\/wp-json\/wp\/v2\/users\/457"}],"replies":[{"embeddable":true,"href":"https:\/\/sites.usp.br\/pgmphb\/wp-json\/wp\/v2\/comments?post=54"}],"version-history":[{"count":4,"href":"https:\/\/sites.usp.br\/pgmphb\/wp-json\/wp\/v2\/pages\/54\/revisions"}],"predecessor-version":[{"id":368,"href":"https:\/\/sites.usp.br\/pgmphb\/wp-json\/wp\/v2\/pages\/54\/revisions\/368"}],"wp:attachment":[{"href":"https:\/\/sites.usp.br\/pgmphb\/wp-json\/wp\/v2\/media?parent=54"}],"curies":[{"name":"wp","href":"https:\/\/api.w.org\/{rel}","templated":true}]}}