{"id":1249,"date":"2023-12-21T10:04:06","date_gmt":"2023-12-21T13:04:06","guid":{"rendered":"https:\/\/sites.usp.br\/pgonco\/?page_id=1249"},"modified":"2023-12-21T10:04:06","modified_gmt":"2023-12-21T13:04:06","slug":"criterios-de-distribuicao-de-bolsas-capes","status":"publish","type":"page","link":"https:\/\/sites.usp.br\/pgonco\/criterios-de-distribuicao-de-bolsas-capes\/","title":{"rendered":"Crit\u00e9rios de distribui\u00e7\u00e3o de bolsas CAPES"},"content":{"rendered":"<p><a href=\"https:\/\/sites.usp.br\/pgonco\/wp-content\/uploads\/sites\/850\/2023\/12\/Oficio_Criterios.pdf\" target=\"_blank\" rel=\"noopener\">Clique aqui e veja os crit\u00e9rios de distribui\u00e7\u00e3o de bolsas CAPES<\/a><\/p>\n","protected":false},"excerpt":{"rendered":"<p>Clique aqui e veja os crit\u00e9rios de distribui\u00e7\u00e3o de bolsas CAPES<\/p>\n","protected":false},"author":453,"featured_media":0,"parent":0,"menu_order":0,"comment_status":"closed","ping_status":"closed","template":"","meta":{"footnotes":"","_links_to":"","_links_to_target":""},"class_list":["post-1249","page","type-page","status-publish","hentry"],"_links":{"self":[{"href":"https:\/\/sites.usp.br\/pgonco\/wp-json\/wp\/v2\/pages\/1249","targetHints":{"allow":["GET"]}}],"collection":[{"href":"https:\/\/sites.usp.br\/pgonco\/wp-json\/wp\/v2\/pages"}],"about":[{"href":"https:\/\/sites.usp.br\/pgonco\/wp-json\/wp\/v2\/types\/page"}],"author":[{"embeddable":true,"href":"https:\/\/sites.usp.br\/pgonco\/wp-json\/wp\/v2\/users\/453"}],"replies":[{"embeddable":true,"href":"https:\/\/sites.usp.br\/pgonco\/wp-json\/wp\/v2\/comments?post=1249"}],"version-history":[{"count":1,"href":"https:\/\/sites.usp.br\/pgonco\/wp-json\/wp\/v2\/pages\/1249\/revisions"}],"predecessor-version":[{"id":1251,"href":"https:\/\/sites.usp.br\/pgonco\/wp-json\/wp\/v2\/pages\/1249\/revisions\/1251"}],"wp:attachment":[{"href":"https:\/\/sites.usp.br\/pgonco\/wp-json\/wp\/v2\/media?parent=1249"}],"curies":[{"name":"wp","href":"https:\/\/api.w.org\/{rel}","templated":true}]}}