{"id":1342,"date":"2025-08-08T11:04:37","date_gmt":"2025-08-08T14:04:37","guid":{"rendered":"https:\/\/sites.usp.br\/pgonco\/?page_id=1342"},"modified":"2025-08-11T11:17:21","modified_gmt":"2025-08-11T14:17:21","slug":"producoes-bibliograficas","status":"publish","type":"page","link":"https:\/\/sites.usp.br\/pgonco\/producoes-bibliograficas\/","title":{"rendered":"Produ\u00e7\u00f5es Bibliogr\u00e1ficas"},"content":{"rendered":"\t\t<div data-elementor-type=\"wp-page\" data-elementor-id=\"1342\" class=\"elementor elementor-1342\">\n\t\t\t\t\t\t<section class=\"elementor-section elementor-top-section elementor-element elementor-element-1de37ad elementor-section-boxed elementor-section-height-default elementor-section-height-default\" data-id=\"1de37ad\" data-element_type=\"section\">\n\t\t\t\t\t\t<div class=\"elementor-container elementor-column-gap-default\">\n\t\t\t\t\t<div class=\"elementor-column elementor-col-100 elementor-top-column elementor-element elementor-element-34f0573\" data-id=\"34f0573\" data-element_type=\"column\">\n\t\t\t<div class=\"elementor-widget-wrap elementor-element-populated\">\n\t\t\t\t\t\t<div class=\"elementor-element elementor-element-31d9de3 elementor-widget elementor-widget-text-editor\" data-id=\"31d9de3\" data-element_type=\"widget\" data-widget_type=\"text-editor.default\">\n\t\t\t\t<div class=\"elementor-widget-container\">\n\t\t\t\t\t\t\t<section class=\"elementor-section elementor-top-section elementor-element elementor-element-84c08fb elementor-section-boxed elementor-section-height-default elementor-section-height-default\" data-id=\"84c08fb\" data-element_type=\"section\"><div class=\"elementor-container elementor-column-gap-default\"><div class=\"elementor-column elementor-col-100 elementor-top-column elementor-element elementor-element-6c6181a\" data-id=\"6c6181a\" data-element_type=\"column\"><div class=\"elementor-widget-wrap elementor-element-populated\"><div class=\"elementor-element elementor-element-e5e081c elementor-widget elementor-widget-heading\" data-id=\"e5e081c\" data-element_type=\"widget\" data-widget_type=\"heading.default\"><div class=\"elementor-widget-container\"><h2 class=\"elementor-heading-title elementor-size-default\">\u00a0<\/h2><h1 style=\"font-family: var( --e-global-typography-primary-font-family ), Sans-serif; font-size: 20px; font-style: normal; font-weight: var( --e-global-typography-primary-font-weight );\" data-elementor-setting-key=\"title\" data-pen-placeholder=\"Digite aqui...\">BASES PARA PESQUISA BIBLIOGR\u00c1FICA<\/h1><\/div><\/div><\/div><\/div><\/div><\/section><section class=\"elementor-section elementor-top-section elementor-element elementor-element-89d5f2b elementor-section-boxed elementor-section-height-default elementor-section-height-default\" data-id=\"89d5f2b\" data-element_type=\"section\"><div class=\"elementor-container elementor-column-gap-default\"><div class=\"elementor-column elementor-col-20 elementor-top-column elementor-element elementor-element-695e920\" data-id=\"695e920\" data-element_type=\"column\"><div class=\"elementor-widget-wrap elementor-element-populated\"><div class=\"elementor-element elementor-element-e1f3859 elementor-widget elementor-widget-image\" data-id=\"e1f3859\" data-element_type=\"widget\" data-widget_type=\"image.default\"><div class=\"elementor-widget-container\"><a class=\"no-lightbox\" href=\"https:\/\/www.abcd.usp.br\/\"><br \/><img decoding=\"async\" class=\"attachment-large size-large wp-image-4551\" src=\"https:\/\/posgo.fmrp.usp.br\/wp-content\/uploads\/sites\/88\/2022\/09\/logo_abcd.png\" alt=\"\" width=\"228\" height=\"105\" \/> <\/a><\/div><\/div><\/div><\/div><div class=\"elementor-column elementor-col-20 elementor-top-column elementor-element elementor-element-553a3c6\" data-id=\"553a3c6\" data-element_type=\"column\"><div class=\"elementor-widget-wrap elementor-element-populated\"><div class=\"elementor-element elementor-element-b07e8e2 elementor-widget elementor-widget-image\" data-id=\"b07e8e2\" data-element_type=\"widget\" data-widget_type=\"image.default\"><div class=\"elementor-widget-container\"><a class=\"no-lightbox\" href=\"https:\/\/www.ncbi.nlm.nih.gov\/pubmed\"><br \/><img fetchpriority=\"high\" decoding=\"async\" class=\"attachment-large size-large wp-image-4552\" src=\"https:\/\/posgo.fmrp.usp.br\/wp-content\/uploads\/sites\/88\/2022\/09\/download-1.png\" sizes=\"(max-width: 352px) 100vw, 352px\" srcset=\"https:\/\/posgo.fmrp.usp.br\/wp-content\/uploads\/sites\/88\/2022\/09\/download-1.png 352w, https:\/\/posgo.fmrp.usp.br\/wp-content\/uploads\/sites\/88\/2022\/09\/download-1-300x122.png 300w\" alt=\"\" width=\"352\" height=\"143\" \/> <\/a><\/div><\/div><\/div><\/div><div class=\"elementor-column elementor-col-20 elementor-top-column elementor-element elementor-element-fb6de40\" data-id=\"fb6de40\" data-element_type=\"column\"><div class=\"elementor-widget-wrap elementor-element-populated\"><div class=\"elementor-element elementor-element-8a3835e elementor-widget elementor-widget-image\" data-id=\"8a3835e\" data-element_type=\"widget\" data-widget_type=\"image.default\"><div class=\"elementor-widget-container\"><a class=\"no-lightbox\" href=\"https:\/\/www.scopus.com\/home.uri\"><br \/><img decoding=\"async\" class=\"attachment-large size-large wp-image-4553\" src=\"https:\/\/posgo.fmrp.usp.br\/wp-content\/uploads\/sites\/88\/2022\/09\/download-2.png\" sizes=\"(max-width: 318px) 100vw, 318px\" srcset=\"https:\/\/posgo.fmrp.usp.br\/wp-content\/uploads\/sites\/88\/2022\/09\/download-2.png 318w, https:\/\/posgo.fmrp.usp.br\/wp-content\/uploads\/sites\/88\/2022\/09\/download-2-300x126.png 300w\" alt=\"\" width=\"318\" height=\"134\" \/> <\/a><\/div><\/div><\/div><\/div><div class=\"elementor-column elementor-col-20 elementor-top-column elementor-element elementor-element-44ca5dc\" data-id=\"44ca5dc\" data-element_type=\"column\"><div class=\"elementor-widget-wrap elementor-element-populated\"><div class=\"elementor-element elementor-element-c694dc0 elementor-widget elementor-widget-image\" data-id=\"c694dc0\" data-element_type=\"widget\" data-widget_type=\"image.default\"><div class=\"elementor-widget-container\"><a class=\"no-lightbox\" href=\"http:\/\/www-periodicos-capes-gov-br.ez67.periodicos.capes.gov.br\/index.php?option%3Dcom_phome%26Itemid%3D68%26\"><br \/><img loading=\"lazy\" decoding=\"async\" class=\"attachment-large size-large wp-image-4554\" src=\"https:\/\/posgo.fmrp.usp.br\/wp-content\/uploads\/sites\/88\/2022\/09\/download-3.png\" sizes=\"(max-width: 318px) 100vw, 318px\" srcset=\"https:\/\/posgo.fmrp.usp.br\/wp-content\/uploads\/sites\/88\/2022\/09\/download-3.png 318w, https:\/\/posgo.fmrp.usp.br\/wp-content\/uploads\/sites\/88\/2022\/09\/download-3-300x150.png 300w\" alt=\"\" width=\"318\" height=\"159\" \/> <\/a><\/div><\/div><\/div><\/div><div class=\"elementor-column elementor-col-20 elementor-top-column elementor-element elementor-element-3015dc1\" data-id=\"3015dc1\" data-element_type=\"column\"><div class=\"elementor-widget-wrap elementor-element-populated\"><div class=\"elementor-element elementor-element-3719c0b elementor-widget elementor-widget-image\" data-id=\"3719c0b\" data-element_type=\"widget\" data-widget_type=\"image.default\"><div class=\"elementor-widget-container\"><a class=\"no-lightbox\" href=\"http:\/\/apps.webofknowledge.com\/\"><br \/><img loading=\"lazy\" decoding=\"async\" class=\"attachment-large size-large wp-image-4555\" src=\"https:\/\/posgo.fmrp.usp.br\/wp-content\/uploads\/sites\/88\/2022\/09\/download-4.png\" sizes=\"(max-width: 466px) 100vw, 466px\" srcset=\"https:\/\/posgo.fmrp.usp.br\/wp-content\/uploads\/sites\/88\/2022\/09\/download-4.png 466w, https:\/\/posgo.fmrp.usp.br\/wp-content\/uploads\/sites\/88\/2022\/09\/download-4-300x70.png 300w, https:\/\/posgo.fmrp.usp.br\/wp-content\/uploads\/sites\/88\/2022\/09\/download-4-400x93.png 400w\" alt=\"\" width=\"466\" height=\"108\" \/> <\/a><\/div><\/div><\/div><\/div><\/div><\/section>\t\t\t\t\t\t<\/div>\n\t\t\t\t<\/div>\n\t\t\t\t\t<\/div>\n\t\t<\/div>\n\t\t\t\t\t<\/div>\n\t\t<\/section>\n\t\t\t\t<section class=\"elementor-section elementor-top-section elementor-element elementor-element-3b73f5f elementor-section-boxed elementor-section-height-default elementor-section-height-default\" data-id=\"3b73f5f\" data-element_type=\"section\">\n\t\t\t\t\t\t<div class=\"elementor-container elementor-column-gap-default\">\n\t\t\t\t\t<div class=\"elementor-column elementor-col-100 elementor-top-column elementor-element elementor-element-59f830b\" data-id=\"59f830b\" data-element_type=\"column\">\n\t\t\t<div class=\"elementor-widget-wrap elementor-element-populated\">\n\t\t\t\t\t\t<div class=\"elementor-element elementor-element-8ec72cd elementor-widget elementor-widget-text-editor\" data-id=\"8ec72cd\" data-element_type=\"widget\" data-widget_type=\"text-editor.default\">\n\t\t\t\t<div class=\"elementor-widget-container\">\n\t\t\t\t\t\t\t<section class=\"elementor-section elementor-top-section elementor-element elementor-element-0af1899 elementor-section-boxed elementor-section-height-default elementor-section-height-default\" data-id=\"0af1899\" data-element_type=\"section\">\n<div class=\"elementor-container elementor-column-gap-default\">\n<div class=\"elementor-column elementor-col-100 elementor-top-column elementor-element elementor-element-caf65d1\" data-id=\"caf65d1\" data-element_type=\"column\">\n<div class=\"elementor-widget-wrap elementor-element-populated\">\n<div class=\"elementor-element elementor-element-7103a16 elementor-widget elementor-widget-heading\" data-id=\"7103a16\" data-element_type=\"widget\" data-widget_type=\"heading.default\">\n<div class=\"elementor-widget-container\">\n<h2 class=\"elementor-heading-title elementor-size-default\"><\/h2>\n<h1 style=\"font-family: var( --e-global-typography-primary-font-family ), Sans-serif; font-size: 20px; font-style: normal; font-weight: var( --e-global-typography-primary-font-weight );\" data-elementor-setting-key=\"title\" data-pen-placeholder=\"Digite aqui...\">PRODU\u00c7\u00c3O BIBLIOGR\u00c1FICA DO PROGRAMA<\/h1>\n<\/div>\n<\/div>\n<\/div>\n<\/div>\n<\/div>\n<\/section><section class=\"elementor-section elementor-top-section elementor-element elementor-element-f1405a8 elementor-section-boxed elementor-section-height-default elementor-section-height-default\" data-id=\"f1405a8\" data-element_type=\"section\">\n<div class=\"elementor-container elementor-column-gap-default\">\n<div class=\"elementor-column elementor-col-20 elementor-top-column elementor-element elementor-element-ffe611f\" data-id=\"ffe611f\" data-element_type=\"column\">\n<div class=\"elementor-widget-wrap elementor-element-populated\">\n<div class=\"elementor-element elementor-element-c33f922 elementor-align-center elementor-widget elementor-widget-button\" data-id=\"c33f922\" data-element_type=\"widget\" data-widget_type=\"button.default\">\n<div class=\"elementor-widget-container\">\n<div class=\"elementor-button-wrapper\"><a class=\"elementor-button elementor-button-link elementor-size-sm\" href=\"https:\/\/sites.usp.br\/pgonco\/wp-content\/uploads\/sites\/850\/2025\/08\/Producao_Bibliografica_OCCTTC_2024.pdf\" target=\"_blank\" rel=\"noopener\">\n<span class=\"elementor-button-content-wrapper\">\n<span class=\"elementor-button-icon\">\n<i class=\"far fa-folder-open\" aria-hidden=\"true\"><\/i> <\/span>\n<span class=\"elementor-button-text\">2024<\/span>\n<\/span>\n<\/a><\/div>\n<\/div>\n<\/div>\n<\/div>\n<\/div>\n<div class=\"elementor-column elementor-col-20 elementor-top-column elementor-element elementor-element-ef159a9\" data-id=\"ef159a9\" data-element_type=\"column\">\n<div class=\"elementor-widget-wrap elementor-element-populated\">\n<div class=\"elementor-element elementor-element-23c35a2 elementor-align-center elementor-widget elementor-widget-button\" data-id=\"23c35a2\" data-element_type=\"widget\" data-widget_type=\"button.default\">\n<div class=\"elementor-widget-container\">\n<div class=\"elementor-button-wrapper\"><a class=\"elementor-button elementor-button-link elementor-size-sm\" href=\"https:\/\/sites.usp.br\/pgonco\/wp-content\/uploads\/sites\/850\/2025\/08\/Producao_Bibliografica_OCCTTC_2023.pdf\" target=\"_blank\" rel=\"noopener\">\n<span class=\"elementor-button-content-wrapper\">\n<span class=\"elementor-button-icon\">\n<i class=\"far fa-folder-open\" aria-hidden=\"true\"><\/i> <\/span>\n<span class=\"elementor-button-text\">2023<\/span>\n<\/span>\n<\/a><\/div>\n<\/div>\n<\/div>\n<\/div>\n<\/div>\n<div class=\"elementor-column elementor-col-20 elementor-top-column elementor-element elementor-element-93f6d51\" data-id=\"93f6d51\" data-element_type=\"column\">\n<div class=\"elementor-widget-wrap elementor-element-populated\">\n<div class=\"elementor-element elementor-element-c321fad elementor-align-center elementor-widget elementor-widget-button\" data-id=\"c321fad\" data-element_type=\"widget\" data-widget_type=\"button.default\">\n<div class=\"elementor-widget-container\">\n<div class=\"elementor-button-wrapper\"><a class=\"elementor-button elementor-button-link elementor-size-sm\" href=\"https:\/\/sites.usp.br\/pgonco\/wp-content\/uploads\/sites\/850\/2025\/08\/Producao_Bibliografica_OCCTTC_2022.pdf\" target=\"_blank\" rel=\"noopener\">\n<span class=\"elementor-button-content-wrapper\">\n<span class=\"elementor-button-icon\">\n<i class=\"far fa-folder-open\" aria-hidden=\"true\"><\/i> <\/span>\n<span class=\"elementor-button-text\">2022<\/span>\n<\/span>\n<\/a><\/div>\n<\/div>\n<\/div>\n<\/div>\n<\/div>\n<div class=\"elementor-column elementor-col-20 elementor-top-column elementor-element elementor-element-86217a5\" data-id=\"86217a5\" data-element_type=\"column\">\n<div class=\"elementor-widget-wrap elementor-element-populated\">\n<div class=\"elementor-element elementor-element-03c829a elementor-align-center elementor-widget elementor-widget-button\" data-id=\"03c829a\" data-element_type=\"widget\" data-widget_type=\"button.default\">\n<div class=\"elementor-widget-container\">\n<div class=\"elementor-button-wrapper\"><a class=\"elementor-button elementor-button-link elementor-size-sm\" href=\"https:\/\/sites.usp.br\/pgonco\/wp-content\/uploads\/sites\/850\/2025\/08\/Producao_Bibliografica_OCCTTC_2021.pdf\" target=\"_blank\" rel=\"noopener\">\n<span class=\"elementor-button-content-wrapper\">\n<span class=\"elementor-button-icon\">\n<i class=\"far fa-folder-open\" aria-hidden=\"true\"><\/i> <\/span>\n<span class=\"elementor-button-text\">2021<\/span>\n<\/span>\n<\/a><\/div>\n<\/div>\n<\/div>\n<\/div>\n<\/div>\n<div class=\"elementor-column elementor-col-20 elementor-top-column elementor-element elementor-element-1d7c20c\" data-id=\"1d7c20c\" data-element_type=\"column\">\n<div class=\"elementor-widget-wrap elementor-element-populated\">\n<div class=\"elementor-element elementor-element-60f0081 elementor-align-center elementor-widget elementor-widget-button\" data-id=\"60f0081\" data-element_type=\"widget\" data-widget_type=\"button.default\">\n<div class=\"elementor-widget-container\">\n\n<\/span>\n<\/a><\/div>\n<\/div>\n<\/div>\n<\/div>\n<\/div>\n<\/div>\n<\/section>\t\t\t\t\t\t<\/div>\n\t\t\t\t<\/div>\n\t\t\t\t\t<\/div>\n\t\t<\/div>\n\t\t\t\t\t<\/div>\n\t\t<\/section>\n\t\t\t\t<\/div>\n\t\t","protected":false},"excerpt":{"rendered":"<p>\u00a0 BASES PARA PESQUISA BIBLIOGR\u00c1FICA PRODU\u00c7\u00c3O BIBLIOGR\u00c1FICA DO PROGRAMA 2024 2023 2022 2021<\/p>\n","protected":false},"author":23292,"featured_media":0,"parent":0,"menu_order":0,"comment_status":"closed","ping_status":"closed","template":"","meta":{"footnotes":"","_links_to":"","_links_to_target":""},"class_list":["post-1342","page","type-page","status-publish","hentry"],"_links":{"self":[{"href":"https:\/\/sites.usp.br\/pgonco\/wp-json\/wp\/v2\/pages\/1342","targetHints":{"allow":["GET"]}}],"collection":[{"href":"https:\/\/sites.usp.br\/pgonco\/wp-json\/wp\/v2\/pages"}],"about":[{"href":"https:\/\/sites.usp.br\/pgonco\/wp-json\/wp\/v2\/types\/page"}],"author":[{"embeddable":true,"href":"https:\/\/sites.usp.br\/pgonco\/wp-json\/wp\/v2\/users\/23292"}],"replies":[{"embeddable":true,"href":"https:\/\/sites.usp.br\/pgonco\/wp-json\/wp\/v2\/comments?post=1342"}],"version-history":[{"count":4,"href":"https:\/\/sites.usp.br\/pgonco\/wp-json\/wp\/v2\/pages\/1342\/revisions"}],"predecessor-version":[{"id":1411,"href":"https:\/\/sites.usp.br\/pgonco\/wp-json\/wp\/v2\/pages\/1342\/revisions\/1411"}],"wp:attachment":[{"href":"https:\/\/sites.usp.br\/pgonco\/wp-json\/wp\/v2\/media?parent=1342"}],"curies":[{"name":"wp","href":"https:\/\/api.w.org\/{rel}","templated":true}]}}