{"id":1354,"date":"2025-08-08T11:35:35","date_gmt":"2025-08-08T14:35:35","guid":{"rendered":"https:\/\/sites.usp.br\/pgonco\/?page_id=1354"},"modified":"2025-08-08T11:35:35","modified_gmt":"2025-08-08T14:35:35","slug":"visibilidade-internacional-docente","status":"publish","type":"page","link":"https:\/\/sites.usp.br\/pgonco\/visibilidade-internacional-docente\/","title":{"rendered":"Visibilidade Internacional Docente"},"content":{"rendered":"<p><span style=\"font-weight: 400;\">A participa\u00e7\u00e3o em comiss\u00f5es de eventos internacionais e ministra\u00e7\u00e3o de aulas em eventos no exterior tamb\u00e9m pode ser demonstrada por parte de docentes permanentes do programa, como se exemplifica a seguir:<\/span><\/p>\n<p><span style=\"font-weight: 400;\">Leandro Machado Colli: (a) Renal Cell Carcinoma Post-GWAS, National Cancer Institute\/NIH, Washington DC, 2022, (b) Precision Medicine in Oncology, Oncopole de Toulouse, Fran\u00e7a, 2022, (c) One Health in Oncology, FAPESP Week Chicago, EUA, 2024.<\/span><\/p>\n<p><span style=\"font-weight: 400;\">Virg\u00ednia Pican\u00e7o e Castro: CARs in the Tropics, Univ. de Los Andes, Chile, 2024.<\/span><\/p>\n<p><span style=\"font-weight: 400;\">Fab\u00edola Traina: Modera\u00e7\u00e3o na sess\u00e3o conjunta de biologia e neoplasias mieloides, ASH 2022.<\/span><\/p>\n<p><span style=\"font-weight: 400;\">Simone Kashima Haddad: (a) Sickle Cell Disease \u2013 Perspectives, CAPES-COFECUB, Aix-Marseille, 2024, (b) Chikungunya Phylogenetics, Molecular Epidemiology Conf., Alemanha, 2023<\/span><\/p>\n<p><span style=\"font-weight: 400;\">Rodrigo do Tocantins Calado: (a) Diagn\u00f3stico em Fal\u00eancia Medular, EHA (online), 2021, (b) BMF: Da c\u00e9lula \u00e0 cura, ESH-EBMT, Paris, 2022, (c) Complemento e Covid-19, ASH Summit, Washington DC, 2023, (d) PNH in South America, IPIG Conf., UK, 2023, (e) Tratamento da aplasia, MRV BMF Symposium, Austr\u00e1lia, 2023, (f) Tel\u00f4meros e fal\u00eancia medular, Aplastic Anemia Trust Conf., Londres, 2024.<\/span><\/p>\n<p><span style=\"font-weight: 400;\">Tathiane Maistro Malta Pereira: (a) Epigen\u00e9tica de gliomas, Congresso Inernacional CIFARP, Ribeir\u00e3o Preto, 2023, (b) Epigen\u00f4mica e progress\u00e3o tumoral, Simp\u00f3sio Internacional Barretos, 2022, (c) An\u00e1lise computacional do c\u00e2ncer, CIFARP, 2021<\/span><\/p>\n<p><span style=\"font-weight: 400;\">Maria Carolina de Oliveira Rodrigues: (a) HSCT e fun\u00e7\u00e3o cardiopulmonar, EBMT, Glasgow, 2024, (b) HSCT em esclerose sist\u00eamica juvenil, EBMT ADWP\/PDWP, online, 2024, (c) Covid e transplante em doen\u00e7as autoimunes, MATHEC, online, 2023.<\/span><\/p>\n<p><span style=\"font-weight: 400;\">A internacionaliza\u00e7\u00e3o tamb\u00e9m se reflete por meio da participa\u00e7\u00e3o de docentes permanentes em Comit\u00eas Cient\u00edficos Internacionais.\u00a0<\/span><\/p>\n<p><span style=\"font-weight: 400;\">Rodrigo do Tocantins Calado de Saloma Rodrigues, Fab\u00edola Traina e Lorena Lobo de Figueiredo Pontes s\u00e3o membros da Sociedade Americana de Hematologia (American Society of Hematology, ASH), atuando em diferentes comit\u00eas de atua\u00e7\u00e3o global.<\/span><\/p>\n<p><span style=\"font-weight: 400;\">Rodrigo T. Calado atuou como membro do Executive Committee on Educational Affairs da Sociedade.<\/span><\/p>\n<p><span style=\"font-weight: 400;\">Fab\u00edola Traina \u00e9 membro do Latin American Training Program (LATP) Subcommittee. (https:\/\/www.hematology.org\/about\/governance\/standing-committees\/latin-american-training). Atuou como membro do Scientific Committee on Myeloid Biology of the American Society of Hematology (ASH), comit\u00ea que organiza a Sess\u00e3o Cient\u00edfica em Neoplasia Mieloide na reuni\u00e3o anual da ASH, de janeiro de 2015 a dezembro de 2022. Participa ainda como membro do American Society of Hematology Global Award Committee, cujos membros avaliam projetos de pesquisa a serem contemplados com financiamento da ASH, com mandato v\u00e1lido de dezembro de 2023 a dezembro de 2025. Tamb\u00e9m \u00e9 membro do International Consortium on Acute Leukemia (ICAL) e vice-coordenadora do Brasil desde 2019 (https:\/\/www.hematology.org\/global-initiatives\/international-consortium-on-acute-leukemia).\u00a0<\/span><\/p>\n<p><span style=\"font-weight: 400;\">Lorena Lobo de Figueiredo Pontes \u00e9 coordenadora do Latin American Training Program em Citometria de Fluxo e Biologia Molecular, atividade que se desenvolve no laborat\u00f3rio sob sua coordena\u00e7\u00e3o, integrando a equipe de especialistas do laborat\u00f3rio com alunos de p\u00f3s-gradua\u00e7\u00e3o e os especializandos do programa (https:\/\/www.hematology.org\/awards\/career-enhancement-and-training\/latin-american-training-program). Tamb\u00e9m \u00e9 coordenadora nacional, desde 2019, e membro do International Consortium of Acute Leukemias (https:\/\/www.hematology.org\/global-initiatives\/international-consortium-on-acute-leukemia).\u00a0<\/span><\/p>\n<p><span style=\"font-weight: 400;\">Leandro Machado Colli \u00e9 membro do comit\u00ea de Translational Research da ESMO (European Society Medical oncology), atuando como Faculty Member do National Cancer Institute &#8211; NIH (https:\/\/www.esmo.org\/about-esmo\/organisational-structure\/educational-committee\/esmo-faculty).<\/span><\/p>\n<p><span style=\"font-weight: 400;\">A inser\u00e7\u00e3o nacional do programa tamb\u00e9m pode ser ressaltada pela expressiva participa\u00e7\u00e3o dos seus docentes em entidades de classe e Comit\u00eas Cient\u00edficos da Associa\u00e7\u00e3o Brasileira de Hematologia, Hemoterapia e Terapia Celular (ABHH), Sociedade Brasileira de Transplante de Medula \u00f3ssea (SBTMO) que projetam as lideran\u00e7as do programa no contexto de problemas de Sa\u00fade e incorpora\u00e7\u00e3o de novas tecnologias nas \u00e1reas de Oncologia, Hematologia, Hemoterapia e Terapia Celular. A participa\u00e7\u00e3o destas entidades resulta em atividade de palestrantes pelos docentes anualmente nos Congressos Nacionais da \u00e1rea (<\/span><a href=\"https:\/\/www.abhhoficial.com.br\/\"><span style=\"font-weight: 400;\">https:\/\/www.abhhoficial.com.br\/<\/span><\/a><span style=\"font-weight: 400;\">).<\/span><\/p>\n","protected":false},"excerpt":{"rendered":"<p>A participa\u00e7\u00e3o em comiss\u00f5es de eventos internacionais e ministra\u00e7\u00e3o de aulas em eventos no exterior tamb\u00e9m pode ser demonstrada por parte de docentes permanentes do programa, como se exemplifica a seguir: Leandro Machado Colli: (a) Renal Cell Carcinoma Post-GWAS, National Cancer Institute\/NIH, Washington DC, 2022, (b) Precision Medicine in Oncology, Oncopole de Toulouse, Fran\u00e7a, 2022,<a href=\"https:\/\/sites.usp.br\/pgonco\/visibilidade-internacional-docente\/\">[&#8230;]<\/a><\/p>\n","protected":false},"author":23292,"featured_media":0,"parent":0,"menu_order":0,"comment_status":"closed","ping_status":"closed","template":"","meta":{"footnotes":"","_links_to":"","_links_to_target":""},"class_list":["post-1354","page","type-page","status-publish","hentry"],"_links":{"self":[{"href":"https:\/\/sites.usp.br\/pgonco\/wp-json\/wp\/v2\/pages\/1354","targetHints":{"allow":["GET"]}}],"collection":[{"href":"https:\/\/sites.usp.br\/pgonco\/wp-json\/wp\/v2\/pages"}],"about":[{"href":"https:\/\/sites.usp.br\/pgonco\/wp-json\/wp\/v2\/types\/page"}],"author":[{"embeddable":true,"href":"https:\/\/sites.usp.br\/pgonco\/wp-json\/wp\/v2\/users\/23292"}],"replies":[{"embeddable":true,"href":"https:\/\/sites.usp.br\/pgonco\/wp-json\/wp\/v2\/comments?post=1354"}],"version-history":[{"count":1,"href":"https:\/\/sites.usp.br\/pgonco\/wp-json\/wp\/v2\/pages\/1354\/revisions"}],"predecessor-version":[{"id":1355,"href":"https:\/\/sites.usp.br\/pgonco\/wp-json\/wp\/v2\/pages\/1354\/revisions\/1355"}],"wp:attachment":[{"href":"https:\/\/sites.usp.br\/pgonco\/wp-json\/wp\/v2\/media?parent=1354"}],"curies":[{"name":"wp","href":"https:\/\/api.w.org\/{rel}","templated":true}]}}