{"id":692,"date":"2021-02-04T14:47:10","date_gmt":"2021-02-04T17:47:10","guid":{"rendered":"https:\/\/sites.usp.br\/pgonco\/?page_id=692"},"modified":"2025-08-08T09:28:47","modified_gmt":"2025-08-08T12:28:47","slug":"programa","status":"publish","type":"page","link":"https:\/\/sites.usp.br\/pgonco\/programa\/","title":{"rendered":"Hist\u00f3rico"},"content":{"rendered":"<p style=\"text-align: justify;\"><strong>Hist\u00f3rico e contextualiza\u00e7\u00e3o<\/strong><\/p>\n<p style=\"text-align: justify;\"><span style=\"font-weight: 400;\">O Programa de P\u00f3s-Gradua\u00e7\u00e3o (PPG) em Oncologia Cl\u00ednica, C\u00e9lulas-Tronco e Terapia Celular (OCCTTC) da FMRP-USP foi aprovado pela Pr\u00f3-Reitoria de P\u00f3s-Gradua\u00e7\u00e3o da USP aos 29 de julho de 2011, avaliado pela Comiss\u00e3o de Avalia\u00e7\u00e3o da Medicina I da CAPES aos 4 de outubro de 2011, e iniciado seu funcionamento em julho de 2012.\u00a0<\/span><\/p>\n<p style=\"text-align: justify;\"><span style=\"font-weight: 400;\">O Programa \u00e9 totalmente alinhado \u00e0 Pol\u00edtica Nacional de CT&amp;I e tem como miss\u00e3o: integrar, modernizar, criar ambiente favor\u00e1vel \u00e0 inova\u00e7\u00e3o, disseminar conhecimentos e formar pessoal de alto n\u00edvel na sua \u00e1rea estrat\u00e9gica de interesse \u00e0 ci\u00eancia mundial com vistas a desenvolver novas perspectivas para a melhoria da aten\u00e7\u00e3o \u00e0 sa\u00fade.\u00a0<\/span><\/p>\n<p style=\"text-align: justify;\"><span style=\"font-weight: 400;\">Trata-se de um PPG interdisciplinar, com articula\u00e7\u00e3o entre pesquisa b\u00e1sica, translacional e cl\u00ednica, reunindo docentes com comprovada lideran\u00e7a cient\u00edfica em \u00e1reas estrat\u00e9gicas como oncologia molecular, imunoterapia, terapias celulares, medicina personalizada e bioinform\u00e1tica aplicada \u00e0 sa\u00fade. A atua\u00e7\u00e3o conjunta entre m\u00e9dicos, bi\u00f3logos, farmac\u00eauticos, biom\u00e9dicos e pesquisadores de outras \u00e1reas confere ao programa uma identidade \u00fanica, voltada para a forma\u00e7\u00e3o cr\u00edtica, inovadora e com forte inser\u00e7\u00e3o social.<\/span><\/p>\n<p style=\"text-align: justify;\"><span style=\"font-weight: 400;\">O PPG em OCCTTC est\u00e1 vinculado ao Centro de Terapia Celular (CTC), um dos Institutos Nacionais de Ci\u00eancia e Tecnologia (INCT) apoiados pelo CNPq, FAPESP e CAPES, e ao Hemocentro de Ribeir\u00e3o Preto, integrando estrutura de pesquisa e assist\u00eancia hospitalar com excel\u00eancia. Esse ecossistema promove a r\u00e1pida transla\u00e7\u00e3o de descobertas laboratoriais para aplica\u00e7\u00f5es cl\u00ednicas, com impacto direto na pr\u00e1tica m\u00e9dica, especialmente no tratamento de neoplasias hematol\u00f3gicas, doen\u00e7as autoimunes e aplica\u00e7\u00e3o de terapias celulares e terapias com c\u00e9lulas T modificadas (CAR-T).<\/span><\/p>\n<p style=\"text-align: justify;\"><span style=\"font-weight: 400;\">Do ponto de vista da produ\u00e7\u00e3o cient\u00edfica, o programa acumula expressiva quantidade de publica\u00e7\u00f5es em peri\u00f3dicos de alto impacto, forte colabora\u00e7\u00e3o internacional, capta\u00e7\u00e3o cont\u00ednua de financiamento competitivo (FAPESP, CNPq, CAPES, ag\u00eancias internacionais), al\u00e9m de pr\u00eamios e reconhecimento de seus docentes e discentes. A inser\u00e7\u00e3o dos egressos em institui\u00e7\u00f5es acad\u00eamicas, hospitais de refer\u00eancia e centros de pesquisa dentro e fora do Brasil \u00e9 outro indicador concreto da excel\u00eancia formativa do programa.<\/span><\/p>\n<p style=\"text-align: justify;\"><span style=\"font-weight: 400;\">Al\u00e9m disso, o PPG em OCCTTC apresenta comprometimento na condu\u00e7\u00e3o de sua pol\u00edtica de autoavalia\u00e7\u00e3o, com processos sistem\u00e1ticos de monitoramento de desempenho, an\u00e1lise cr\u00edtica de resultados e implementa\u00e7\u00e3o de medidas corretivas e inovadoras. A internacionaliza\u00e7\u00e3o tamb\u00e9m \u00e9 consolidada, com conv\u00eanios acad\u00eamicos, disciplinas ministradas em ingl\u00eas, cotutelas e est\u00e1gios no exterior, al\u00e9m da atra\u00e7\u00e3o de discentes estrangeiros.<\/span><\/p>\n<p style=\"text-align: justify;\"><span style=\"font-weight: 400;\">Espera-se que as informa\u00e7\u00f5es evidenciem o conjunto de caracter\u00edsticas do PPG e o crescimento do PPG ao longo dos anos, com produ\u00e7\u00e3o cient\u00edfica consistente e de alto impacto, corpo docente qualificado e ativo, forte inser\u00e7\u00e3o social, estrutura institucional de ponta e uma vis\u00e3o estrat\u00e9gica voltada \u00e0 inova\u00e7\u00e3o e \u00e0 forma\u00e7\u00e3o \u00e9tica e cr\u00edtica. Trata-se de um programa que n\u00e3o apenas forma pesquisadores de qualidade, mas que contribui diretamente para o desenvolvimento cient\u00edfico, tecnol\u00f3gico e social do Brasil, com proje\u00e7\u00e3o internacional consolidada.<\/span><\/p>\n<p style=\"text-align: justify;\"><span style=\"font-weight: 400;\">Os tr\u00eas pilares do saber do PPG s\u00e3o:<\/span><\/p>\n<h3 style=\"text-align: justify;\"><b>Oncologia<\/b><\/h3>\n<p style=\"text-align: justify;\"><span style=\"font-weight: 400;\">Nas \u00faltimas d\u00e9cadas, o c\u00e2ncer tornou-se um problema de sa\u00fade p\u00fablica mundial, com crescente incid\u00eancia devido ao envelhecimento e crescimento da popula\u00e7\u00e3o bem como \u00e0s mudan\u00e7as na preval\u00eancia de fatores de risco ligados ao desenvolvimento socioecon\u00f4mico. Segundo a Organiza\u00e7\u00e3o Mundial de Sa\u00fade (OMS), o c\u00e2ncer lidera entre a primeira ou segunda causa de mortalidade da maioria dos Pa\u00edses. A ag\u00eancia Internacional de Pesquisa em C\u00e2ncer estimou a ocorr\u00eancia de 18.1 milh\u00f5es de novos casos de c\u00e2ncer e 9.6 milh\u00f5es de mortes por c\u00e2ncer no ano de 2018 em todo o globo, o que exemplifica o incremento observado em rela\u00e7\u00e3o ao ano de 2012, quando foram diagnosticados 14,1 milh\u00f5es de casos novos e morreram 8,2 milh\u00f5es de pessoas em decorr\u00eancia da doen\u00e7a. No Brasil, as neoplasias s\u00e3o a segunda causa de mortalidade. O Instituto Nacional de C\u00e2ncer projetou para o bi\u00eanio 2018-2019 a ocorr\u00eancia de 600 mil casos novos de c\u00e2ncer, estando as neoplasias de pr\u00f3stata, mama feminina, colo uterino, pulm\u00e3o e c\u00f3lon e reto entre as mais incidentes, com taxas semelhantes \u00e0s dos pa\u00edses em desenvolvimento. Diante dessa realidade, o Programa realizou esfor\u00e7o recente no ano de 2019 para ampliar a \u00e1rea de investiga\u00e7\u00e3o em Oncologia Cl\u00ednica, dentre outras, a inclus\u00e3o de novo docente USP como orientador e pesquisador na \u00e1rea de investiga\u00e7\u00e3o gen\u00f4mica e epidemiol\u00f3gica do c\u00e2ncer.<\/span><\/p>\n<h3 style=\"text-align: justify;\"><b>C\u00e9lulas-tronco<\/b><\/h3>\n<p style=\"text-align: justify;\"><span style=\"font-weight: 400;\">A pesquisa em c\u00e9lulas-tronco est\u00e1 em andamento desde a estrutura\u00e7\u00e3o do Programa e inclui estudos sobre mecanismos, marcadores biol\u00f3gicos e estrat\u00e9gias terap\u00eauticas para neoplasias e fal\u00eancias da medula \u00f3ssea, bem como investiga\u00e7\u00e3o sobre a contribui\u00e7\u00e3o de c\u00e9lulas do microambiente e do sistema imune sobre a origem dessas doen\u00e7as. Essa \u00e1rea de pesquisa se mant\u00e9m forte no Programa como fonte de resultados com relevante impacto cient\u00edfico e continua em pleno desenvolvimento.\u00a0<\/span><\/p>\n<h3 style=\"text-align: justify;\"><b>Terapia Celular<\/b><\/h3>\n<p style=\"text-align: justify;\"><span style=\"font-weight: 400;\">A terapia celular, por defini\u00e7\u00e3o m\u00ednima, compreende a utiliza\u00e7\u00e3o de c\u00e9lulas com objetivos terap\u00eauticos. Estas c\u00e9lulas quando injetadas por via intravenosa no organismo exercem a\u00e7\u00f5es sist\u00eamicas ou atingem \u00f3rg\u00e3os e tecidos protegidos, tais como a medula \u00f3ssea ou o sistema nervoso central. Quando usadas localmente ou injetadas diretamente nos tecidos ou \u00f3rg\u00e3os comprometidos, podem promover algum efeito regenerativo ou protetor. Para fins da terapia celular, podem ser utilizadas c\u00e9lulas maduras do sangue perif\u00e9rico como acontece nas transfus\u00f5es sangu\u00edneas, ou ainda linf\u00f3citos geneticamente modificados (c\u00e9lulas CAR-T) para o tratamento de neoplasias e doen\u00e7as imunes, como tamb\u00e9m podem ser utilizadas c\u00e9lulas-tronco ou c\u00e9lulas progenitoras com o objetivo de promover o reparo ou substitui\u00e7\u00e3o de um tecido ou \u00f3rg\u00e3o lesado. Neste \u00faltimo caso, a equipe de pesquisadores envolvida no programa tem contribui\u00e7\u00e3o consolidada por d\u00e9cadas de transplantes inovadores de c\u00e9lulas-tronco hematopoi\u00e9ticas derivadas da medula \u00f3ssea, do sangue perif\u00e9rico ou do sangue do cord\u00e3o umbilical para tratamento de leucemias, linfomas, doen\u00e7as imunes e hemoglobinopatias. A terapia celular teve recente avan\u00e7o no Programa com a implementa\u00e7\u00e3o e otimiza\u00e7\u00e3o da pesquisa b\u00e1sica e cl\u00ednica em c\u00e9lulas CAR-T no ano de 2019. Al\u00e9m do estabelecimento da t\u00e9cnica de expans\u00e3o destes linf\u00f3citos geneticamente modificados em laborat\u00f3rio especializado e inclus\u00e3o de pesquisador\/docente da USP com experi\u00eancia nesta \u00e1rea espec\u00edfica como orientador do Programa, os resultados obtidos neste \u00faltimo ano impulsionaram a realiza\u00e7\u00e3o dos ensaios cl\u00ednicos com c\u00e9lulas CAR-T no ano de 2020, fazendo da nossa Institui\u00e7\u00e3o pioneira na Am\u00e9rica Latina para realiza\u00e7\u00e3o deste tipo de terapia celular.<\/span><\/p>\n<p style=\"text-align: justify;\">\n<p style=\"text-align: justify;\"><span style=\"font-weight: 400;\">A modalidade \u00e9 oferecida pela <\/span><a href=\"http:\/\/www.fmrp.usp.br\/\"><span style=\"font-weight: 400;\">Faculdade de Medicina de Ribeir\u00e3o Preto da USP<\/span><\/a><span style=\"font-weight: 400;\"> em parceria com o <\/span><a href=\"http:\/\/ctcusp.org\/\"><span style=\"font-weight: 400;\">Centro de Terapia Celular<\/span><\/a><span style=\"font-weight: 400;\">) e o <\/span><a href=\"http:\/\/www.hemocentro.fmrp.usp.br\/\"><span style=\"font-weight: 400;\">Hemocentro <\/span><span style=\"font-weight: 400;\">de Ribeir\u00e3o Preto<\/span><\/a><span style=\"font-weight: 400;\">. <\/span><\/p>\n","protected":false},"excerpt":{"rendered":"<p>Hist\u00f3rico e contextualiza\u00e7\u00e3o O Programa de P\u00f3s-Gradua\u00e7\u00e3o (PPG) em Oncologia Cl\u00ednica, C\u00e9lulas-Tronco e Terapia Celular (OCCTTC) da FMRP-USP foi aprovado pela Pr\u00f3-Reitoria de P\u00f3s-Gradua\u00e7\u00e3o da USP aos 29 de julho de 2011, avaliado pela Comiss\u00e3o de Avalia\u00e7\u00e3o da Medicina I da CAPES aos 4 de outubro de 2011, e iniciado seu funcionamento em julho de<a href=\"https:\/\/sites.usp.br\/pgonco\/programa\/\">[&#8230;]<\/a><\/p>\n","protected":false},"author":457,"featured_media":0,"parent":0,"menu_order":0,"comment_status":"closed","ping_status":"closed","template":"","meta":{"footnotes":"","_links_to":"","_links_to_target":""},"class_list":["post-692","page","type-page","status-publish","hentry"],"_links":{"self":[{"href":"https:\/\/sites.usp.br\/pgonco\/wp-json\/wp\/v2\/pages\/692","targetHints":{"allow":["GET"]}}],"collection":[{"href":"https:\/\/sites.usp.br\/pgonco\/wp-json\/wp\/v2\/pages"}],"about":[{"href":"https:\/\/sites.usp.br\/pgonco\/wp-json\/wp\/v2\/types\/page"}],"author":[{"embeddable":true,"href":"https:\/\/sites.usp.br\/pgonco\/wp-json\/wp\/v2\/users\/457"}],"replies":[{"embeddable":true,"href":"https:\/\/sites.usp.br\/pgonco\/wp-json\/wp\/v2\/comments?post=692"}],"version-history":[{"count":4,"href":"https:\/\/sites.usp.br\/pgonco\/wp-json\/wp\/v2\/pages\/692\/revisions"}],"predecessor-version":[{"id":1312,"href":"https:\/\/sites.usp.br\/pgonco\/wp-json\/wp\/v2\/pages\/692\/revisions\/1312"}],"wp:attachment":[{"href":"https:\/\/sites.usp.br\/pgonco\/wp-json\/wp\/v2\/media?parent=692"}],"curies":[{"name":"wp","href":"https:\/\/api.w.org\/{rel}","templated":true}]}}