{"id":697,"date":"2021-02-05T10:09:59","date_gmt":"2021-02-05T13:09:59","guid":{"rendered":"https:\/\/sites.usp.br\/pgonco\/?page_id=697"},"modified":"2025-08-08T09:31:59","modified_gmt":"2025-08-08T12:31:59","slug":"linhas-de-pesquisa","status":"publish","type":"page","link":"https:\/\/sites.usp.br\/pgonco\/programa\/linhas-de-pesquisa\/","title":{"rendered":"Linhas de Pesquisa"},"content":{"rendered":"<p style=\"text-align: justify;\"><span style=\"font-weight: 400;\">As \u00e1reas de concentra\u00e7\u00e3o \u201cC\u00e9lulas-tronco e terapia celular\u201d e \u201cDiferencia\u00e7\u00e3o celular normal e neopl\u00e1sica\u201d est\u00e3o alinhadas ao perfil multidisciplinar do n\u00facleo de orientadores com v\u00e1rias forma\u00e7\u00f5es: m\u00e9dicos hematologistas, oncologistas, geneticistas, bi\u00f3logos, bioqu\u00edmicos, farmac\u00eauticos, bioinformatas e odontologistas que se reuniram com o prop\u00f3sito de integrar a pesquisa, havendo intensa colabora\u00e7\u00e3o entre os diversos laborat\u00f3rios para a realiza\u00e7\u00e3o dos projetos de pesquisa bem como para o oferecimento de disciplinas com objetivo de formar os egressos no perfil desejado pelo programa. Os orientadores do programa atuam de forma alinhada, colaborativa, e multidisciplinar entre as \u00e1reas de concentra\u00e7\u00e3o, linhas de pesquisa e projetos de pesquisa de forma que existe uma coer\u00eancia com disciplinas, disserta\u00e7\u00f5es, teses e produ\u00e7\u00e3o bibliogr\u00e1fica.<\/span><\/p>\n<p style=\"text-align: justify;\"><span style=\"font-weight: 400;\">O PPG tem registrado 5 linhas de pesquisa distribu\u00eddas entre as 2 \u00e1reas de concentra\u00e7\u00e3o. Para a \u00e1rea de concentra\u00e7\u00e3o C\u00e9lulas-tronco e Terapia Celular, as linhas de pesquisa s\u00e3o C\u00e9lula Tronco Som\u00e1tica, C\u00e9lula Tronco Pluripotencial e Estudos Cl\u00ednicos e pr\u00e9 -Cl\u00ednicos em Terapia Celular. Para a \u00e1rea de concentra\u00e7\u00e3o Diferencia\u00e7\u00e3o Celular Normal e Neopl\u00e1sica, as linhas de pesquisa s\u00e3o C\u00e9lulas Tronco Neopl\u00e1sicas e Marcadores Tumorais. Para cada linha de pesquisa, existem de 2 a 6 projetos de pesquisa associados, de forma a garantir a coer\u00eancia, consist\u00eancia, abrang\u00eancia com as \u00e1reas de concentra\u00e7\u00e3o, linhas e projetos de pesquisa em andamento e com as \u00e1reas de atua\u00e7\u00e3o dos docentes de forma a propiciarem ambiente de ensino-aprendizagem e de pesquisa inter\/multidisciplinar adequado e forma\u00e7\u00e3o s\u00f3lida. Ao longo do quadri\u00eanio, o PPG teve 24 projetos de pesquisa, dos quais, 6 projetos de pesquisa foram encerrados, de forma a manter a organiza\u00e7\u00e3o de forma equilibrada, hier\u00e1rquica, sem sobreposi\u00e7\u00e3o, com integra\u00e7\u00e3o de docentes em projetos e disciplinas. Ao final do quadri\u00eanio, o PPG apresenta 18 projetos de pesquisa ativos, distribu\u00eddos em 5 linhas de pesquisa e 2 \u00e1reas de concentra\u00e7\u00e3o. O n\u00famero de docentes que participam de cada projeto de pesquisa varia de 1 a 12, fato que evidencia a intera\u00e7\u00e3o e coer\u00eancia entre os docentes, linhas e projetos de pesquisa. <\/span><\/p>\n<p style=\"text-align: justify;\"><span style=\"font-weight: 400;\">H\u00e1, portanto, grande complementaridade e sobreposi\u00e7\u00e3o na investiga\u00e7\u00e3o cient\u00edfica nas \u00e1reas de oncologia cl\u00ednica, c\u00e9lulas-tronco e terapia celular. Para fins pedag\u00f3gicos e program\u00e1ticos, o Programa contempla duas \u00e1reas de concentra\u00e7\u00e3o, subdivididas nas seguintes linhas de pesquisa:<\/span><\/p>\n<p style=\"text-align: justify;\"><span style=\"font-weight: 400;\">1 &#8211; C\u00e9lulas-Tronco e Terapia Celular:<br \/>\n<\/span><span style=\"font-weight: 400;\">1.1 C\u00e9lulas-Tronco Som\u00e1ticas;<br \/>\n<\/span><span style=\"font-weight: 400;\">1.2 C\u00e9lulas-Tronco Pluripotenciais<br \/>\n<\/span><span style=\"font-weight: 400;\">1.3 Estudos Pr\u00e9-Cl\u00ednicos e Cl\u00ednicos em Terapia Celular.<\/span><\/p>\n<p style=\"text-align: justify;\"><span style=\"font-weight: 400;\">2 &#8211; Diferencia\u00e7\u00e3o Celular Normal e Neopl\u00e1sica:<br \/>\n<\/span><span style=\"font-weight: 400;\">2.1 C\u00e9lulas Tronco Neopl\u00e1sicas;<br \/>\n<\/span><span style=\"font-weight: 400;\">2.2 Marcadores Tumorais.<\/span><\/p>\n","protected":false},"excerpt":{"rendered":"<p>As \u00e1reas de concentra\u00e7\u00e3o \u201cC\u00e9lulas-tronco e terapia celular\u201d e \u201cDiferencia\u00e7\u00e3o celular normal e neopl\u00e1sica\u201d est\u00e3o alinhadas ao perfil multidisciplinar do n\u00facleo de orientadores com v\u00e1rias forma\u00e7\u00f5es: m\u00e9dicos hematologistas, oncologistas, geneticistas, bi\u00f3logos, bioqu\u00edmicos, farmac\u00eauticos, bioinformatas e odontologistas que se reuniram com o prop\u00f3sito de integrar a pesquisa, havendo intensa colabora\u00e7\u00e3o entre os diversos laborat\u00f3rios para a<a href=\"https:\/\/sites.usp.br\/pgonco\/programa\/linhas-de-pesquisa\/\">[&#8230;]<\/a><\/p>\n","protected":false},"author":457,"featured_media":0,"parent":692,"menu_order":0,"comment_status":"closed","ping_status":"closed","template":"","meta":{"footnotes":"","_links_to":"","_links_to_target":""},"class_list":["post-697","page","type-page","status-publish","hentry"],"_links":{"self":[{"href":"https:\/\/sites.usp.br\/pgonco\/wp-json\/wp\/v2\/pages\/697","targetHints":{"allow":["GET"]}}],"collection":[{"href":"https:\/\/sites.usp.br\/pgonco\/wp-json\/wp\/v2\/pages"}],"about":[{"href":"https:\/\/sites.usp.br\/pgonco\/wp-json\/wp\/v2\/types\/page"}],"author":[{"embeddable":true,"href":"https:\/\/sites.usp.br\/pgonco\/wp-json\/wp\/v2\/users\/457"}],"replies":[{"embeddable":true,"href":"https:\/\/sites.usp.br\/pgonco\/wp-json\/wp\/v2\/comments?post=697"}],"version-history":[{"count":5,"href":"https:\/\/sites.usp.br\/pgonco\/wp-json\/wp\/v2\/pages\/697\/revisions"}],"predecessor-version":[{"id":1313,"href":"https:\/\/sites.usp.br\/pgonco\/wp-json\/wp\/v2\/pages\/697\/revisions\/1313"}],"up":[{"embeddable":true,"href":"https:\/\/sites.usp.br\/pgonco\/wp-json\/wp\/v2\/pages\/692"}],"wp:attachment":[{"href":"https:\/\/sites.usp.br\/pgonco\/wp-json\/wp\/v2\/media?parent=697"}],"curies":[{"name":"wp","href":"https:\/\/api.w.org\/{rel}","templated":true}]}}