{"id":699,"date":"2021-02-05T10:11:25","date_gmt":"2021-02-05T13:11:25","guid":{"rendered":"https:\/\/sites.usp.br\/pgonco\/?page_id=699"},"modified":"2021-02-05T10:11:25","modified_gmt":"2021-02-05T13:11:25","slug":"perfil-do-egresso","status":"publish","type":"page","link":"https:\/\/sites.usp.br\/pgonco\/programa\/perfil-do-egresso\/","title":{"rendered":"Perfil do Egresso"},"content":{"rendered":"<p><span style=\"font-weight: 400;\">O egresso do programa, al\u00e9m de possuir o treinamento acad\u00eamico e cient\u00edfico, deve ser capaz de exercer lideran\u00e7a nas suas \u00e1reas de atua\u00e7\u00e3o, possuir esp\u00edrito cr\u00edtico, ser versado na reda\u00e7\u00e3o cient\u00edfica, nas t\u00e9cnicas de argumenta\u00e7\u00e3o l\u00f3gica e nas t\u00e9cnicas da comunica\u00e7\u00e3o e pedagogia. Espera-se que possam constituir, no futuro, massa cr\u00edtica na tem\u00e1tica do programa permitindo o progresso cient\u00edfico do pa\u00eds nesta \u00e1rea. Espera-se que compreendam em profundidade a natureza do empreendimento cient\u00edfico e sejam capazes de planejar e conduzir de forma adequada experimentos cient\u00edficos relevantes para a sociedade. Espera-se que sejam bons professores universit\u00e1rios, cientes de seu papel fundamental no futuro do pa\u00eds.\u00a0<\/span><\/p>\n","protected":false},"excerpt":{"rendered":"<p>O egresso do programa, al\u00e9m de possuir o treinamento acad\u00eamico e cient\u00edfico, deve ser capaz de exercer lideran\u00e7a nas suas \u00e1reas de atua\u00e7\u00e3o, possuir esp\u00edrito cr\u00edtico, ser versado na reda\u00e7\u00e3o cient\u00edfica, nas t\u00e9cnicas de argumenta\u00e7\u00e3o l\u00f3gica e nas t\u00e9cnicas da comunica\u00e7\u00e3o e pedagogia. Espera-se que possam constituir, no futuro, massa cr\u00edtica na tem\u00e1tica do programa<a href=\"https:\/\/sites.usp.br\/pgonco\/programa\/perfil-do-egresso\/\">[&#8230;]<\/a><\/p>\n","protected":false},"author":457,"featured_media":0,"parent":692,"menu_order":0,"comment_status":"closed","ping_status":"closed","template":"","meta":{"footnotes":"","_links_to":"","_links_to_target":""},"class_list":["post-699","page","type-page","status-publish","hentry"],"_links":{"self":[{"href":"https:\/\/sites.usp.br\/pgonco\/wp-json\/wp\/v2\/pages\/699","targetHints":{"allow":["GET"]}}],"collection":[{"href":"https:\/\/sites.usp.br\/pgonco\/wp-json\/wp\/v2\/pages"}],"about":[{"href":"https:\/\/sites.usp.br\/pgonco\/wp-json\/wp\/v2\/types\/page"}],"author":[{"embeddable":true,"href":"https:\/\/sites.usp.br\/pgonco\/wp-json\/wp\/v2\/users\/457"}],"replies":[{"embeddable":true,"href":"https:\/\/sites.usp.br\/pgonco\/wp-json\/wp\/v2\/comments?post=699"}],"version-history":[{"count":1,"href":"https:\/\/sites.usp.br\/pgonco\/wp-json\/wp\/v2\/pages\/699\/revisions"}],"predecessor-version":[{"id":700,"href":"https:\/\/sites.usp.br\/pgonco\/wp-json\/wp\/v2\/pages\/699\/revisions\/700"}],"up":[{"embeddable":true,"href":"https:\/\/sites.usp.br\/pgonco\/wp-json\/wp\/v2\/pages\/692"}],"wp:attachment":[{"href":"https:\/\/sites.usp.br\/pgonco\/wp-json\/wp\/v2\/media?parent=699"}],"curies":[{"name":"wp","href":"https:\/\/api.w.org\/{rel}","templated":true}]}}