{"id":701,"date":"2021-02-05T10:12:26","date_gmt":"2021-02-05T13:12:26","guid":{"rendered":"https:\/\/sites.usp.br\/pgonco\/?page_id=701"},"modified":"2022-07-26T10:37:54","modified_gmt":"2022-07-26T13:37:54","slug":"estrutura-curricular","status":"publish","type":"page","link":"https:\/\/sites.usp.br\/pgonco\/programa\/estrutura-curricular\/","title":{"rendered":"Estrutura Curricular"},"content":{"rendered":"<p><span style=\"font-weight: 400;\">O conjunto de disciplinas do Programa pretende oferecer s\u00f3lida base de conhecimentos na tem\u00e1tica que possibilite ao p\u00f3s-graduando treinamento para manipular, caracterizar e diferenciar c\u00e9lulas-tronco com o objetivo de entender sua biologia e us\u00e1-las terapeuticamente. No terreno da oncologia, o objetivo \u00e9 fornecer e obter conhecimentos que permitam entender a complexidade do c\u00e2ncer de forma a propiciar o avan\u00e7o no seu tratamento. Um terceiro conjunto de disciplinas destina-se \u00e0 forma\u00e7\u00e3o geral do cientista, ao aprimoramento do senso cr\u00edtico e l\u00f3gico, \u00e0 forma\u00e7\u00e3o de compet\u00eancias para a publica\u00e7\u00e3o, divulga\u00e7\u00e3o e populariza\u00e7\u00e3o da ci\u00eancia, bem como para a gera\u00e7\u00e3o, registro de direitos de propriedade intelectual e transfer\u00eancia de conhecimentos para o setor produtivo.\u00a0<\/span><\/p>\n<p><a href=\"https:\/\/uspdigital.usp.br\/janus\/componente\/catalogoDisciplinasInicial.jsf\"><b>Cat\u00e1logo de Disciplinas (Link de acesso)<br \/>\n<\/b><\/a><\/p>\n","protected":false},"excerpt":{"rendered":"<p>O conjunto de disciplinas do Programa pretende oferecer s\u00f3lida base de conhecimentos na tem\u00e1tica que possibilite ao p\u00f3s-graduando treinamento para manipular, caracterizar e diferenciar c\u00e9lulas-tronco com o objetivo de entender sua biologia e us\u00e1-las terapeuticamente. No terreno da oncologia, o objetivo \u00e9 fornecer e obter conhecimentos que permitam entender a complexidade do c\u00e2ncer de forma<a href=\"https:\/\/sites.usp.br\/pgonco\/programa\/estrutura-curricular\/\">[&#8230;]<\/a><\/p>\n","protected":false},"author":457,"featured_media":0,"parent":692,"menu_order":0,"comment_status":"closed","ping_status":"closed","template":"","meta":{"footnotes":"","_links_to":"","_links_to_target":""},"class_list":["post-701","page","type-page","status-publish","hentry"],"_links":{"self":[{"href":"https:\/\/sites.usp.br\/pgonco\/wp-json\/wp\/v2\/pages\/701","targetHints":{"allow":["GET"]}}],"collection":[{"href":"https:\/\/sites.usp.br\/pgonco\/wp-json\/wp\/v2\/pages"}],"about":[{"href":"https:\/\/sites.usp.br\/pgonco\/wp-json\/wp\/v2\/types\/page"}],"author":[{"embeddable":true,"href":"https:\/\/sites.usp.br\/pgonco\/wp-json\/wp\/v2\/users\/457"}],"replies":[{"embeddable":true,"href":"https:\/\/sites.usp.br\/pgonco\/wp-json\/wp\/v2\/comments?post=701"}],"version-history":[{"count":2,"href":"https:\/\/sites.usp.br\/pgonco\/wp-json\/wp\/v2\/pages\/701\/revisions"}],"predecessor-version":[{"id":1114,"href":"https:\/\/sites.usp.br\/pgonco\/wp-json\/wp\/v2\/pages\/701\/revisions\/1114"}],"up":[{"embeddable":true,"href":"https:\/\/sites.usp.br\/pgonco\/wp-json\/wp\/v2\/pages\/692"}],"wp:attachment":[{"href":"https:\/\/sites.usp.br\/pgonco\/wp-json\/wp\/v2\/media?parent=701"}],"curies":[{"name":"wp","href":"https:\/\/api.w.org\/{rel}","templated":true}]}}