{"id":703,"date":"2021-02-05T10:13:20","date_gmt":"2021-02-05T13:13:20","guid":{"rendered":"https:\/\/sites.usp.br\/pgonco\/?page_id=703"},"modified":"2026-04-28T10:47:53","modified_gmt":"2026-04-28T13:47:53","slug":"comissao-coordenadora","status":"publish","type":"page","link":"https:\/\/sites.usp.br\/pgonco\/programa\/comissao-coordenadora\/","title":{"rendered":"Comiss\u00e3o Coordenadora"},"content":{"rendered":"<p style=\"text-align: center;\"><strong>COORDENA\u00c7\u00c3O DO PROGRAMA<\/strong><\/p>\n<p>&nbsp;<\/p>\n<table style=\"width: 100%; height: 150px;\">\n<tbody>\n<tr style=\"height: 24px;\">\n<td style=\"height: 24px; width: 336.877px;\"><\/td>\n<td style=\"height: 24px; width: 89.255px;\"><b>In\u00edcio<\/b><\/td>\n<td style=\"height: 24px; width: 88.87px;\"><b>Fim<\/b><\/td>\n<\/tr>\n<tr style=\"height: 48px;\">\n<td style=\"height: 48px; width: 336.877px;\">(Coordenadora)<span style=\"font-weight: 400;\">\u00a0<\/span>Fab\u00edola Traina<\/td>\n<td style=\"height: 48px; width: 89.255px;\"><span style=\"font-weight: 400;\">02\/09\/2025<\/span><\/td>\n<td style=\"height: 48px; width: 88.87px;\"><span style=\"font-weight: 400;\">01\/09\/2027<\/span><\/td>\n<\/tr>\n<tr style=\"height: 48px;\">\n<td style=\"height: 48px; width: 336.877px;\">(Vice-coordenadora)<span style=\"font-weight: 400;\"> Lorena L\u00f4bo de Figueiredo Pontes<\/span><\/td>\n<td style=\"height: 48px; width: 89.255px;\"><span style=\"font-weight: 400;\">02\/09\/2025<\/span><\/td>\n<td style=\"height: 48px; width: 88.87px;\"><span style=\"font-weight: 400;\">01\/09\/2027<\/span><\/td>\n<\/tr>\n<\/tbody>\n<\/table>\n<p>&nbsp;<\/p>\n<p style=\"text-align: center;\"><strong>MEMBROS DA COMISS\u00c3O COORDENADORA DE PROGRAMA (CCP)<\/strong><\/p>\n<table style=\"width: 100%; height: 336px;\">\n<tbody>\n<tr style=\"height: 24px;\">\n<td style=\"height: 24px; width: 33.7017%;\"><strong>Titulares<\/strong><\/td>\n<td style=\"height: 24px; width: 17.1271%;\"><b>In\u00edcio<\/b><\/td>\n<td style=\"height: 24px; width: 16.7587%;\"><b>Fim<\/b><\/td>\n<td style=\"height: 24px; width: 30.0184%;\"><b>Suplente<\/b><\/td>\n<\/tr>\n<tr style=\"height: 48px;\">\n<td style=\"height: 48px; width: 33.7017%;\"><span style=\"font-weight: 400;\">\u00a0(Presidente) Fab\u00edola Traina<\/span><\/td>\n<td style=\"height: 48px; width: 17.1271%;\"><span style=\"font-weight: 400;\">20\/04\/2026<\/span><\/td>\n<td style=\"height: 48px; width: 16.7587%;\"><span style=\"font-weight: 400;\">19\/04\/2028<\/span><\/td>\n<td style=\"height: 48px; width: 30.0184%;\">Tathiane Maistro Malta Pereira<\/td>\n<\/tr>\n<tr style=\"height: 24px;\">\n<td style=\"height: 24px; width: 33.7017%;\"><span style=\"font-weight: 400;\">(Vice-presidente) Lorena L\u00f4bo de Figueiredo Pontes<\/span><\/td>\n<td style=\"height: 24px; width: 17.1271%;\"><span style=\"font-weight: 400;\">20\/04\/2026<\/span><\/td>\n<td style=\"height: 24px; width: 16.7587%;\"><span style=\"font-weight: 400;\">19\/04\/2028<\/span><\/td>\n<td style=\"height: 24px; width: 30.0184%;\">Virg\u00ednia Pican\u00e7o e castro<\/td>\n<\/tr>\n<tr style=\"height: 48px;\">\n<td style=\"height: 48px; width: 33.7017%;\">(Discente) Joao Pedro da Cruz Rosario<\/td>\n<td style=\"height: 48px; width: 17.1271%;\"><span style=\"font-weight: 400;\">06\/05\/2025<\/span><\/td>\n<td style=\"height: 48px; width: 16.7587%;\"><span style=\"font-weight: 400;\">05\/05\/2026<\/span><\/td>\n<td style=\"height: 48px; width: 30.0184%;\">Lilian Beatriz Moreira de Oliveira Chagas<\/td>\n<\/tr>\n<tr style=\"height: 48px;\">\n<td style=\"height: 48px; width: 33.7017%;\">Leandro Machado Coli<\/td>\n<td style=\"height: 48px; width: 17.1271%;\"><span style=\"font-weight: 400;\">20\/04\/2026<\/span><\/td>\n<td style=\"height: 48px; width: 16.7587%;\"><span style=\"font-weight: 400;\">19\/04\/2028<\/span><\/td>\n<td style=\"height: 48px; width: 30.0184%;\">Diego Villa Cl\u00e9<\/td>\n<\/tr>\n<\/tbody>\n<\/table>\n<table>\n<tbody>\n<tr style=\"height: 48px;\">\n<td style=\"height: 48px; width: 33.7017%;\">Rodrigo do Tocantins Calado de Saloma Rogrigues<\/td>\n<td style=\"height: 48px; width: 17.1271%;\"><span style=\"font-weight: 400;\">20\/04\/2026<\/span><\/td>\n<td style=\"height: 48px; width: 16.7587%;\"><span style=\"font-weight: 400;\">19\/04\/2028<\/span><\/td>\n<td style=\"height: 48px; width: 30.0184%;\">Fernanda Maris Peria<\/td>\n<\/tr>\n<\/tbody>\n<\/table>\n<p>&nbsp;<\/p>\n<p style=\"text-align: center;\"><b>CALEND\u00c1RIO DE REUNI\u00d5ES<\/b><\/p>\n<table style=\"width: 152.592%; height: 310px;\" width=\"833\">\n<tbody>\n<tr style=\"height: 24px;\">\n<td style=\"height: 24px; width: 50.9047%;\" colspan=\"2\" width=\"431\"><strong>CCP\u00a0<\/strong><\/td>\n<td style=\"height: 24px; width: 47.5272%;\" colspan=\"2\" width=\"402\"><strong>CPG<\/strong><\/td>\n<\/tr>\n<tr style=\"height: 48px;\">\n<td style=\"height: 48px; width: 25.8142%;\" width=\"219\">ENTRADA DE MATERIAL NO PROGRAMA<\/td>\n<td style=\"height: 48px; width: 25.0905%;\" width=\"213\">DATA REUNI\u00c3O CCP<\/td>\n<td style=\"height: 48px; width: 23.7636%;\" width=\"201\">ENTRADA DE MATERIAL NA CPG<\/td>\n<td style=\"height: 48px; width: 23.7636%;\" width=\"201\">DATA REUNI\u00c3O CPG<\/td>\n<\/tr>\n<tr>\n<td style=\"width: 25.8142%;\">\u00a0 \u00a0 \u00a0 \u00a0 \u00a0 \u00a0 \u00a0 \u00a0 &#8211;<\/td>\n<td style=\"width: 25.0905%;\">\u00a0 \u00a0 \u00a0 \u00a0 \u00a0 \u00a0 \u00a0 \u00a0 \u00a0&#8211;<\/td>\n<td style=\"width: 23.7636%;\">19\/01\/2026<\/td>\n<td style=\"width: 23.7636%;\">03\/02\/2026<\/td>\n<\/tr>\n<tr style=\"height: 24px;\">\n<td style=\"height: 24px; width: 25.8142%;\" width=\"219\">06\/02\/2026<\/td>\n<td style=\"height: 24px; width: 25.0905%;\" width=\"213\">13\/02\/2026<\/td>\n<td style=\"height: 24px; width: 23.7636%;\" width=\"201\">18\/02\/2026<\/td>\n<td style=\"height: 24px; width: 23.7636%;\" width=\"201\">03\/03\/2026<\/td>\n<\/tr>\n<tr style=\"height: 24px;\">\n<td style=\"height: 24px; width: 25.8142%;\" width=\"219\">13\/03\/2026<\/td>\n<td style=\"height: 24px; width: 25.0905%;\" width=\"213\">20\/03\/2026<\/td>\n<td style=\"height: 24px; width: 23.7636%;\" width=\"201\">23\/03\/2026<\/td>\n<td style=\"height: 24px; width: 23.7636%;\" width=\"201\">07\/04\/2026<\/td>\n<\/tr>\n<tr style=\"height: 24px;\">\n<td style=\"height: 24px; width: 25.8142%;\" width=\"219\">10\/04\/2026<\/td>\n<td style=\"height: 24px; width: 25.0905%;\" width=\"213\">17\/04\/2026<\/td>\n<td style=\"height: 24px; width: 23.7636%;\" width=\"201\">21\/04\/2026<\/td>\n<td style=\"height: 24px; width: 23.7636%;\" width=\"201\">05\/05\/2026<\/td>\n<\/tr>\n<tr style=\"height: 24px;\">\n<td style=\"height: 24px; width: 25.8142%;\" width=\"219\">08\/05\/2026<\/td>\n<td style=\"height: 24px; width: 25.0905%;\" width=\"213\">15\/05\/2026<\/td>\n<td style=\"height: 24px; width: 23.7636%;\" width=\"201\">18\/05\/2026<\/td>\n<td style=\"height: 24px; width: 23.7636%;\" width=\"201\">02\/06\/2026<\/td>\n<\/tr>\n<tr style=\"height: 24px;\">\n<td style=\"height: 24px; width: 25.8142%;\" width=\"219\">12\/06\/2026<\/td>\n<td style=\"height: 24px; width: 25.0905%;\" width=\"213\">19\/06\/2026<\/td>\n<td style=\"height: 24px; width: 23.7636%;\" width=\"201\">22\/06\/2026<\/td>\n<td style=\"height: 24px; width: 23.7636%;\" width=\"201\">07\/07\/2026<\/td>\n<\/tr>\n<tr style=\"height: 24px;\">\n<td style=\"height: 24px; width: 25.8142%;\" width=\"219\">10\/07\/2026<\/td>\n<td style=\"height: 24px; width: 25.0905%;\" width=\"213\">17\/07\/2026<\/td>\n<td style=\"height: 24px; width: 23.7636%;\" width=\"201\">20\/07\/2026<\/td>\n<td style=\"height: 24px; width: 23.7636%;\" width=\"201\">04\/08\/2026<\/td>\n<\/tr>\n<tr style=\"height: 24px;\">\n<td style=\"height: 24px; width: 25.8142%;\" width=\"219\">07\/08\/2026<\/td>\n<td style=\"height: 24px; width: 25.0905%;\" width=\"213\">14\/08\/2026<\/td>\n<td style=\"height: 24px; width: 23.7636%;\" width=\"201\">17\/08\/2026<\/td>\n<td style=\"height: 24px; width: 23.7636%;\" width=\"201\">01\/09\/2026<\/td>\n<\/tr>\n<tr style=\"height: 24px;\">\n<td style=\"height: 24px; width: 25.8142%;\" width=\"219\">11\/09\/2026<\/td>\n<td style=\"height: 24px; width: 25.0905%;\" width=\"213\">18\/09\/2026<\/td>\n<td style=\"height: 24px; width: 23.7636%;\" width=\"201\">21\/09\/2026<\/td>\n<td style=\"height: 24px; width: 23.7636%;\" width=\"201\">06\/10\/2026<\/td>\n<\/tr>\n<tr style=\"height: 23px;\">\n<td style=\"height: 23px; width: 25.8142%;\" width=\"219\">09\/10\/2026<\/td>\n<td style=\"height: 23px; width: 25.0905%;\" width=\"213\">16\/10\/2026<\/td>\n<td style=\"height: 23px; width: 23.7636%;\" width=\"201\">19\/10\/2026<\/td>\n<td style=\"height: 23px; width: 23.7636%;\" width=\"201\">03\/11\/2026<\/td>\n<\/tr>\n<tr style=\"height: 23px;\">\n<td style=\"height: 23px; width: 25.8142%;\" width=\"219\">06\/11\/2026<\/td>\n<td style=\"height: 23px; width: 25.0905%;\" width=\"213\">13\/11\/2026<\/td>\n<td style=\"height: 23px; width: 23.7636%;\" width=\"201\">16\/11\/2026<\/td>\n<td style=\"height: 23px; width: 23.7636%;\" width=\"201\">01\/12\/2026<\/td>\n<\/tr>\n<\/tbody>\n<\/table>\n","protected":false},"excerpt":{"rendered":"<p>COORDENA\u00c7\u00c3O DO PROGRAMA &nbsp; In\u00edcio Fim (Coordenadora)\u00a0Fab\u00edola Traina 02\/09\/2025 01\/09\/2027 (Vice-coordenadora) Lorena L\u00f4bo de Figueiredo Pontes 02\/09\/2025 01\/09\/2027 &nbsp; MEMBROS DA COMISS\u00c3O COORDENADORA DE PROGRAMA (CCP) Titulares In\u00edcio Fim Suplente \u00a0(Presidente) Fab\u00edola Traina 20\/04\/2026 19\/04\/2028 Tathiane Maistro Malta Pereira (Vice-presidente) Lorena L\u00f4bo de Figueiredo Pontes 20\/04\/2026 19\/04\/2028 Virg\u00ednia Pican\u00e7o e castro (Discente) Joao Pedro da<a href=\"https:\/\/sites.usp.br\/pgonco\/programa\/comissao-coordenadora\/\">[&#8230;]<\/a><\/p>\n","protected":false},"author":457,"featured_media":0,"parent":692,"menu_order":0,"comment_status":"closed","ping_status":"closed","template":"","meta":{"footnotes":"","_links_to":"","_links_to_target":""},"class_list":["post-703","page","type-page","status-publish","hentry"],"_links":{"self":[{"href":"https:\/\/sites.usp.br\/pgonco\/wp-json\/wp\/v2\/pages\/703","targetHints":{"allow":["GET"]}}],"collection":[{"href":"https:\/\/sites.usp.br\/pgonco\/wp-json\/wp\/v2\/pages"}],"about":[{"href":"https:\/\/sites.usp.br\/pgonco\/wp-json\/wp\/v2\/types\/page"}],"author":[{"embeddable":true,"href":"https:\/\/sites.usp.br\/pgonco\/wp-json\/wp\/v2\/users\/457"}],"replies":[{"embeddable":true,"href":"https:\/\/sites.usp.br\/pgonco\/wp-json\/wp\/v2\/comments?post=703"}],"version-history":[{"count":4,"href":"https:\/\/sites.usp.br\/pgonco\/wp-json\/wp\/v2\/pages\/703\/revisions"}],"predecessor-version":[{"id":1461,"href":"https:\/\/sites.usp.br\/pgonco\/wp-json\/wp\/v2\/pages\/703\/revisions\/1461"}],"up":[{"embeddable":true,"href":"https:\/\/sites.usp.br\/pgonco\/wp-json\/wp\/v2\/pages\/692"}],"wp:attachment":[{"href":"https:\/\/sites.usp.br\/pgonco\/wp-json\/wp\/v2\/media?parent=703"}],"curies":[{"name":"wp","href":"https:\/\/api.w.org\/{rel}","templated":true}]}}