{"id":707,"date":"2021-02-05T10:17:54","date_gmt":"2021-02-05T13:17:54","guid":{"rendered":"https:\/\/sites.usp.br\/pgonco\/?page_id=707"},"modified":"2021-02-05T10:17:54","modified_gmt":"2021-02-05T13:17:54","slug":"infraestrutura","status":"publish","type":"page","link":"https:\/\/sites.usp.br\/pgonco\/programa\/infraestrutura\/","title":{"rendered":"Infraestrutura"},"content":{"rendered":"<p><span style=\"font-weight: 400;\">Infraestrutura da Funda\u00e7\u00e3o Hemocentro de Ribeir\u00e3o Preto e Hospital das Cl\u00ednicas de Ribeir\u00e3o Preto: <\/span><span style=\"font-weight: 400;\">(adicionar fotos como no site atual)<\/span><\/p>\n<p><span style=\"font-weight: 400;\">Laborat\u00f3rio de Criobiologia I\u00a0<\/span><\/p>\n<p><span style=\"font-weight: 400;\">Laborat\u00f3rio de Transfer\u00eancia G\u00eanica\u00a0<\/span><\/p>\n<p><span style=\"font-weight: 400;\">Laborat\u00f3rio de Controle de Qualidade\u00a0<\/span><\/p>\n<p><span style=\"font-weight: 400;\">Laborat\u00f3rio de H.L.A.\u00a0<\/span><\/p>\n<p><span style=\"font-weight: 400;\">Laborat\u00f3rio de Cultura Celular\u00a0<\/span><\/p>\n<p><span style=\"font-weight: 400;\">Laborat\u00f3rio de Biologia Molecular\u00a0<\/span><\/p>\n<p><span style=\"font-weight: 400;\">Laborat\u00f3rio de Biologia Celular\u00a0<\/span><\/p>\n<p><span style=\"font-weight: 400;\">Laborat\u00f3rio de Citometria de Fluxo\u00a0<\/span><\/p>\n<p><span style=\"font-weight: 400;\">Laborat\u00f3rio de Gen\u00e9tica Molecular\u00a0<\/span><\/p>\n<p><span style=\"font-weight: 400;\">Laborat\u00f3rio de Bioinform\u00e1tica\u00a0<\/span><\/p>\n<p><span style=\"font-weight: 400;\">Laborat\u00f3rio de Pesquisas e Estudos\u00a0<\/span><\/p>\n<p><span style=\"font-weight: 400;\">Biblioteca\u00a0<\/span><\/p>\n<p><span style=\"font-weight: 400;\">Recursos Audiovisuais\u00a0<\/span><\/p>\n<p><span style=\"font-weight: 400;\">Laborat\u00f3rio de Hematologia\u00a0<\/span><\/p>\n<p><span style=\"font-weight: 400;\">Biocentro\u00a0<\/span><\/p>\n<p><span style=\"font-weight: 400;\">Laborat\u00f3rio de Biotecnologia\u00a0<\/span><\/p>\n<p><span style=\"font-weight: 400;\">Laborat\u00f3rio de Anemias Heredit\u00e1rias<\/span><\/p>\n<p><span style=\"font-weight: 400;\">Laborat\u00f3rio de Terapia Celular\u00a0<\/span><\/p>\n<p><span style=\"font-weight: 400;\">Laborat\u00f3rio de Citogen\u00e9tica e Imunofluoresc\u00eancia\u00a0<\/span><\/p>\n<p><span style=\"font-weight: 400;\">Casa da Ci\u00eancia e Museu e Laborat\u00f3rio de Ensino de Ci\u00eancias<\/span><\/p>\n<p><span style=\"font-weight: 400;\">Laborat\u00f3rio de Estudos Animais\u00a0<\/span><\/p>\n<p><span style=\"font-weight: 400;\">Centro de Qu\u00edmica de Prote\u00ednas\u00a0<\/span><\/p>\n<h3><span style=\"font-weight: 400;\">Salas de Aula (Hemocentro de Ribeir\u00e3o Preto):<\/span><\/h3>\n<ul>\n<li style=\"font-weight: 400;\" aria-level=\"1\"><span style=\"font-weight: 400;\">Sala Verde (72 m\u00b2): unidade climatizada, composta de mesas modulares com cadeiras individuais, com capacidade para at\u00e9 50 pessoas, equipada com sistema de multim\u00eddia e internet.\u00a0<\/span><\/li>\n<li style=\"font-weight: 400;\" aria-level=\"1\"><span style=\"font-weight: 400;\">Sala Amarela (22 m\u00b2): unidade climatizada, composta de carteiras individuais tipo escolar, com capacidade para at\u00e9 30 pessoas, equipada com sistema port\u00e1til de multim\u00eddia.<\/span><\/li>\n<li style=\"font-weight: 400;\" aria-level=\"1\"><span style=\"font-weight: 400;\">Sala Laranja (30 m\u00b2): unidade climatizada, composta de carteiras individuais, com capacidade para at\u00e9 25 pessoas, equipada com sistema port\u00e1til de multim\u00eddia.<\/span><\/li>\n<li style=\"font-weight: 400;\" aria-level=\"1\"><span style=\"font-weight: 400;\">Sala Roxa (30 m\u00b2): unidade climatizada, composta de carteiras individuais, com capacidade para at\u00e9 25 pessoas, equipada com sistema port\u00e1til de multim\u00eddia.<\/span><\/li>\n<li style=\"font-weight: 400;\" aria-level=\"1\"><span style=\"font-weight: 400;\">Sala de Aula 1 Bloco F (33,93 m\u00b2): unidade climatizada, composta de carteiras individuais tipo escolar, com capacidade para at\u00e9 16 pessoas, equipada com sistema port\u00e1til de multim\u00eddia.<\/span><\/li>\n<li style=\"font-weight: 400;\" aria-level=\"1\"><span style=\"font-weight: 400;\">Sala de Aula 2 Bloco F (31,30 m\u00b2): unidade climatizada, composta de carteiras individuais tipo escolar, com capacidade para at\u00e9 16 pessoas, equipada com sistema port\u00e1til de multim\u00eddia.<\/span><\/li>\n<\/ul>\n<p>&nbsp;<\/p>\n<p><span style=\"font-weight: 400;\">Anfiteatros (Hemocentro de Ribeir\u00e3o Preto):<\/span><\/p>\n<ul>\n<li style=\"font-weight: 400;\" aria-level=\"1\"><span style=\"font-weight: 400;\">Vermelho (146 m\u00b2): unidade climatizada, composta de cadeiras individuais com bra\u00e7o escamote\u00e1vel, com capacidade para 173 pessoas, equipada com sistema de multim\u00eddia, internet e som.<\/span><\/li>\n<li style=\"font-weight: 400;\" aria-level=\"1\"><span style=\"font-weight: 400;\">Azul (62 m\u00b2): unidade climatizada, composta de cadeiras individuais com bra\u00e7o escamote\u00e1vel, com capacidade para 40 pessoas, equipada com sistema de multim\u00eddia, internet e som.<\/span><\/li>\n<\/ul>\n<p>&nbsp;<\/p>\n<ol>\n<li style=\"font-weight: 400;\" aria-level=\"1\"><span style=\"font-weight: 400;\">Biblioteca<\/span><\/li>\n<\/ol>\n<p><span style=\"font-weight: 400;\">A Biblioteca do Hemocentro RP est\u00e1 dispon\u00edvel para: docentes, discentes, pesquisadores, bolsistas, funcion\u00e1rios e p\u00f3s-graduandos da Institui\u00e7\u00e3o. Para utilizar a Biblioteca \u00e9 necess\u00e1rio apenas realizar um breve cadastro. S\u00e3o oferecidos os seguintes servi\u00e7os: empr\u00e9stimo de obras, aux\u00edlio em pesquisas bibliogr\u00e1ficas, levantamento bibliogr\u00e1fico, normaliza\u00e7\u00e3o bibliogr\u00e1fica, entre outros. O acervo \u00e9 composto por mais de 3068 t\u00edtulos de livros, peri\u00f3dicos, disserta\u00e7\u00f5es, teses e multimeios.<\/span><\/p>\n<p>&nbsp;<\/p>\n<p><span style=\"font-weight: 400;\">Atrav\u00e9s do link <\/span><a href=\"http:\/\/143.107.223.99\/\"><span style=\"font-weight: 400;\">Biblioteca online<\/span><\/a><span style=\"font-weight: 400;\">, o usu\u00e1rio cadastrado poder\u00e1:<\/span><\/p>\n<p><span style=\"font-weight: 400;\">-Consultar o acervo;<\/span><\/p>\n<p><span style=\"font-weight: 400;\">-Efetuar renova\u00e7\u00f5es de obras emprestadas;<\/span><\/p>\n<p><span style=\"font-weight: 400;\">-Reservar obras.<\/span><\/p>\n<p>&nbsp;<\/p>\n<p><span style=\"font-weight: 400;\">Para realizar pesquisa no acervo, basta digitar palavras do t\u00edtulo, assunto e\/ou autor e BUSCAR. Verificar se o material se encontra dispon\u00edvel na biblioteca e anotar o c\u00f3digo de localiza\u00e7\u00e3o. Exemplo de busca:<\/span><\/p>\n<p><span style=\"font-weight: 400;\">HEMOTERAPIA*COVAS, qualquer d\u00favida clique em AJUDA (entre uma palavra e outra, utilize o asterisco).<\/span><\/p>\n<p>&nbsp;<\/p>\n<p><span style=\"font-weight: 400;\">Caso haja interesse em efetuar treinamento do programa, favor agendar data e hor\u00e1rio com os funcion\u00e1rios da biblioteca.<\/span><\/p>\n<p>&nbsp;<\/p>\n<p><span style=\"font-weight: 400;\">Hor\u00e1rio de atendimento da biblioteca: de segunda a sexta-feira, das 07h \u00e0s 17h.<\/span><\/p>\n<p>&nbsp;<\/p>\n<p><span style=\"font-weight: 400;\">A Biblioteca est\u00e1 \u00e0 disposi\u00e7\u00e3o para servir a todos seus usu\u00e1rios e contribuir para o avan\u00e7o das pesquisas.<\/span><\/p>\n","protected":false},"excerpt":{"rendered":"<p>Infraestrutura da Funda\u00e7\u00e3o Hemocentro de Ribeir\u00e3o Preto e Hospital das Cl\u00ednicas de Ribeir\u00e3o Preto: (adicionar fotos como no site atual) Laborat\u00f3rio de Criobiologia I\u00a0 Laborat\u00f3rio de Transfer\u00eancia G\u00eanica\u00a0 Laborat\u00f3rio de Controle de Qualidade\u00a0 Laborat\u00f3rio de H.L.A.\u00a0 Laborat\u00f3rio de Cultura Celular\u00a0 Laborat\u00f3rio de Biologia Molecular\u00a0 Laborat\u00f3rio de Biologia Celular\u00a0 Laborat\u00f3rio de Citometria de Fluxo\u00a0 Laborat\u00f3rio de<a href=\"https:\/\/sites.usp.br\/pgonco\/programa\/infraestrutura\/\">[&#8230;]<\/a><\/p>\n","protected":false},"author":457,"featured_media":0,"parent":692,"menu_order":0,"comment_status":"closed","ping_status":"closed","template":"","meta":{"footnotes":"","_links_to":"","_links_to_target":""},"class_list":["post-707","page","type-page","status-publish","hentry"],"_links":{"self":[{"href":"https:\/\/sites.usp.br\/pgonco\/wp-json\/wp\/v2\/pages\/707","targetHints":{"allow":["GET"]}}],"collection":[{"href":"https:\/\/sites.usp.br\/pgonco\/wp-json\/wp\/v2\/pages"}],"about":[{"href":"https:\/\/sites.usp.br\/pgonco\/wp-json\/wp\/v2\/types\/page"}],"author":[{"embeddable":true,"href":"https:\/\/sites.usp.br\/pgonco\/wp-json\/wp\/v2\/users\/457"}],"replies":[{"embeddable":true,"href":"https:\/\/sites.usp.br\/pgonco\/wp-json\/wp\/v2\/comments?post=707"}],"version-history":[{"count":1,"href":"https:\/\/sites.usp.br\/pgonco\/wp-json\/wp\/v2\/pages\/707\/revisions"}],"predecessor-version":[{"id":708,"href":"https:\/\/sites.usp.br\/pgonco\/wp-json\/wp\/v2\/pages\/707\/revisions\/708"}],"up":[{"embeddable":true,"href":"https:\/\/sites.usp.br\/pgonco\/wp-json\/wp\/v2\/pages\/692"}],"wp:attachment":[{"href":"https:\/\/sites.usp.br\/pgonco\/wp-json\/wp\/v2\/media?parent=707"}],"curies":[{"name":"wp","href":"https:\/\/api.w.org\/{rel}","templated":true}]}}