{"id":709,"date":"2021-02-05T10:19:07","date_gmt":"2021-02-05T13:19:07","guid":{"rendered":"https:\/\/sites.usp.br\/pgonco\/?page_id=709"},"modified":"2021-02-05T10:19:07","modified_gmt":"2021-02-05T13:19:07","slug":"instituicoes-colaboradoras","status":"publish","type":"page","link":"https:\/\/sites.usp.br\/pgonco\/programa\/instituicoes-colaboradoras\/","title":{"rendered":"Institui\u00e7\u00f5es Colaboradoras"},"content":{"rendered":"<p><span style=\"font-weight: 400;\">Nacionais<\/span><\/p>\n<p><span style=\"font-weight: 400;\">&#8211; <\/span><a href=\"http:\/\/ctcusp.org\"><span style=\"font-weight: 400;\">Centro de Terapia Celular<\/span><\/a><\/p>\n<p><span style=\"font-weight: 400;\">&#8211; <\/span><a href=\"http:\/\/www.hemocentro.fmrp.usp.br\"><span style=\"font-weight: 400;\">Hemocentro de Ribeir\u00e3o Preto<\/span><\/a><\/p>\n<p><span style=\"font-weight: 400;\">&#8211; <\/span><a href=\"https:\/\/site.hcrp.usp.br\/\"><span style=\"font-weight: 400;\">Hospital das Cl\u00ednicas da Faculdade de Medicina de Ribeir\u00e3o Preto<\/span><\/a><\/p>\n<p>&nbsp;<\/p>\n<p><span style=\"font-weight: 400;\">Internacionais:<\/span><\/p>\n<p><span style=\"font-weight: 400;\">&#8211; National Institutes of Health &#8211; Bethesda, Maryland, EUA<\/span><\/p>\n<p><span style=\"font-weight: 400;\">&#8211; Universit\u00e9 de Paris &#8211; Paris, Fran\u00e7a<\/span><\/p>\n<p><span style=\"font-weight: 400;\">&#8211; University of Groningen \u2013 Groningen, Holanda<\/span><\/p>\n","protected":false},"excerpt":{"rendered":"<p>Nacionais &#8211; Centro de Terapia Celular &#8211; Hemocentro de Ribeir\u00e3o Preto &#8211; Hospital das Cl\u00ednicas da Faculdade de Medicina de Ribeir\u00e3o Preto &nbsp; Internacionais: &#8211; National Institutes of Health &#8211; Bethesda, Maryland, EUA &#8211; Universit\u00e9 de Paris &#8211; Paris, Fran\u00e7a &#8211; University of Groningen \u2013 Groningen, Holanda<\/p>\n","protected":false},"author":457,"featured_media":0,"parent":692,"menu_order":0,"comment_status":"closed","ping_status":"closed","template":"","meta":{"footnotes":"","_links_to":"","_links_to_target":""},"class_list":["post-709","page","type-page","status-publish","hentry"],"_links":{"self":[{"href":"https:\/\/sites.usp.br\/pgonco\/wp-json\/wp\/v2\/pages\/709","targetHints":{"allow":["GET"]}}],"collection":[{"href":"https:\/\/sites.usp.br\/pgonco\/wp-json\/wp\/v2\/pages"}],"about":[{"href":"https:\/\/sites.usp.br\/pgonco\/wp-json\/wp\/v2\/types\/page"}],"author":[{"embeddable":true,"href":"https:\/\/sites.usp.br\/pgonco\/wp-json\/wp\/v2\/users\/457"}],"replies":[{"embeddable":true,"href":"https:\/\/sites.usp.br\/pgonco\/wp-json\/wp\/v2\/comments?post=709"}],"version-history":[{"count":1,"href":"https:\/\/sites.usp.br\/pgonco\/wp-json\/wp\/v2\/pages\/709\/revisions"}],"predecessor-version":[{"id":710,"href":"https:\/\/sites.usp.br\/pgonco\/wp-json\/wp\/v2\/pages\/709\/revisions\/710"}],"up":[{"embeddable":true,"href":"https:\/\/sites.usp.br\/pgonco\/wp-json\/wp\/v2\/pages\/692"}],"wp:attachment":[{"href":"https:\/\/sites.usp.br\/pgonco\/wp-json\/wp\/v2\/media?parent=709"}],"curies":[{"name":"wp","href":"https:\/\/api.w.org\/{rel}","templated":true}]}}