{"id":711,"date":"2021-02-05T10:19:42","date_gmt":"2021-02-05T13:19:42","guid":{"rendered":"https:\/\/sites.usp.br\/pgonco\/?page_id=711"},"modified":"2021-02-19T10:02:38","modified_gmt":"2021-02-19T13:02:38","slug":"normas-e-regimentos","status":"publish","type":"page","link":"https:\/\/sites.usp.br\/pgonco\/programa\/normas-e-regimentos\/","title":{"rendered":"Normas e Regimentos"},"content":{"rendered":"<p><span style=\"font-weight: 400;\">&#8211; <\/span><a href=\"http:\/\/www.leginf.usp.br\/?resolucao=resolucao-no-7493-de-27-de-marco-de-2018\"><span style=\"font-weight: 400;\">Regimento da P\u00f3s-Gradua\u00e7\u00e3o da USP &#8211; Resolu\u00e7\u00e3o 7.493 de 27 de mar\u00e7o de 2018.<\/span><\/a><\/p>\n<p><span style=\"font-weight: 400;\">&#8211; <\/span><a href=\"http:\/\/www.leginf.usp.br\/?resolucao=resolucao-copgr-no-7621-de-21-de-fevereiro-de-2019\"><span style=\"font-weight: 400;\">Regimento da Comiss\u00e3o de P\u00f3s-Gradua\u00e7\u00e3o da Faculdade de Medicina de Ribeir\u00e3o Preto &#8211; FMRP\/USP &#8211; Resolu\u00e7\u00e3o CoPGr 7.621, de 21 de fevereiro de 2019<\/span><\/a><\/p>\n<p><span style=\"font-weight: 400;\">&#8211; <\/span><a href=\"http:\/\/www.leginf.usp.br\/?resolucao=resolucao-copgr-no-7747-de-13-de-junho-de-2019\"><span style=\"font-weight: 400;\">Regulamento do Programa de P\u00f3s-Gradua\u00e7\u00e3o em Oncologia Cl\u00ednica, C\u00e9lulas-Tronco e Terapia Celular &#8211; Resolu\u00e7\u00e3o CoPGr 7.747, de 13 de junho de 2019.<\/span><\/a><\/p>\n","protected":false},"excerpt":{"rendered":"<p>&#8211; Regimento da P\u00f3s-Gradua\u00e7\u00e3o da USP &#8211; Resolu\u00e7\u00e3o 7.493 de 27 de mar\u00e7o de 2018. &#8211; Regimento da Comiss\u00e3o de P\u00f3s-Gradua\u00e7\u00e3o da Faculdade de Medicina de Ribeir\u00e3o Preto &#8211; FMRP\/USP &#8211; Resolu\u00e7\u00e3o CoPGr 7.621, de 21 de fevereiro de 2019 &#8211; Regulamento do Programa de P\u00f3s-Gradua\u00e7\u00e3o em Oncologia Cl\u00ednica, C\u00e9lulas-Tronco e Terapia Celular &#8211; Resolu\u00e7\u00e3o<a href=\"https:\/\/sites.usp.br\/pgonco\/programa\/normas-e-regimentos\/\">[&#8230;]<\/a><\/p>\n","protected":false},"author":457,"featured_media":0,"parent":692,"menu_order":0,"comment_status":"closed","ping_status":"closed","template":"","meta":{"footnotes":"","_links_to":"","_links_to_target":""},"class_list":["post-711","page","type-page","status-publish","hentry"],"_links":{"self":[{"href":"https:\/\/sites.usp.br\/pgonco\/wp-json\/wp\/v2\/pages\/711","targetHints":{"allow":["GET"]}}],"collection":[{"href":"https:\/\/sites.usp.br\/pgonco\/wp-json\/wp\/v2\/pages"}],"about":[{"href":"https:\/\/sites.usp.br\/pgonco\/wp-json\/wp\/v2\/types\/page"}],"author":[{"embeddable":true,"href":"https:\/\/sites.usp.br\/pgonco\/wp-json\/wp\/v2\/users\/457"}],"replies":[{"embeddable":true,"href":"https:\/\/sites.usp.br\/pgonco\/wp-json\/wp\/v2\/comments?post=711"}],"version-history":[{"count":3,"href":"https:\/\/sites.usp.br\/pgonco\/wp-json\/wp\/v2\/pages\/711\/revisions"}],"predecessor-version":[{"id":922,"href":"https:\/\/sites.usp.br\/pgonco\/wp-json\/wp\/v2\/pages\/711\/revisions\/922"}],"up":[{"embeddable":true,"href":"https:\/\/sites.usp.br\/pgonco\/wp-json\/wp\/v2\/pages\/692"}],"wp:attachment":[{"href":"https:\/\/sites.usp.br\/pgonco\/wp-json\/wp\/v2\/media?parent=711"}],"curies":[{"name":"wp","href":"https:\/\/api.w.org\/{rel}","templated":true}]}}