{"id":717,"date":"2021-02-05T10:24:35","date_gmt":"2021-02-05T13:24:35","guid":{"rendered":"https:\/\/sites.usp.br\/pgonco\/?page_id=717"},"modified":"2025-08-08T09:42:37","modified_gmt":"2025-08-08T12:42:37","slug":"processo-seletivo","status":"publish","type":"page","link":"https:\/\/sites.usp.br\/pgonco\/processo-seletivo\/","title":{"rendered":"Processo Seletivo"},"content":{"rendered":"<div class=\"gmail_default\">\n<div class=\"gmail_default\">\n<p><b>Processo seletivo para ingresso no Curso de Mestrado, Doutorado e Doutorado Direto at\u00e9 o segundo semestre de 2025:<\/b><\/p>\n<p style=\"font-weight: 400;\">\n<p style=\"font-weight: 400;\"><a href=\"https:\/\/sites.usp.br\/pgonco\/wp-content\/uploads\/sites\/850\/2025\/08\/Oncologia_2sem2025-1.pdf\" data-saferedirecturl=\"https:\/\/www.google.com\/url?q=https:\/\/cpg.fmrp.usp.br\/programas\/processo-seletivo&amp;source=gmail&amp;ust=1686674997704000&amp;usg=AOvVaw2amJwBsrs1iNMNpYeTZEvy\">CLIQUE AQUI PARA ACESSO AO EDITAL DE VAGAS 2025<\/a><\/p>\n<p><span style=\"font-weight: 400;\">Os processos seletivos s\u00e3o divulgados no website do programa bem como no endere\u00e7o eletr\u00f4nico da Comiss\u00e3o de P\u00f3s-gradua\u00e7\u00e3o da FMRP \u2013 USP com abertura de 2 editais por ano. Ap\u00f3s a inscri\u00e7\u00e3o no processo seletivo, os alunos realizam exame de admiss\u00e3o em at\u00e9 5 semanas desta data da inscri\u00e7\u00e3o que consiste em:<\/span><\/p>\n<p><span style=\"font-weight: 400;\">1) Prova Escrita com nota de 0,0 (zero) a 10,0 (dez) baseada na interpretac\u0327a\u0303o de experimentos e\/ou publicac\u0327o\u0303es cienti\u0301ficas, considerada eliminato\u0301ria para aqueles alunos que na\u0303o atingirem a nota final igual ou superior a 5,0 (cinco).<\/span><\/p>\n<p><span style=\"font-weight: 400;\">2) Ana\u0301lise de <\/span><i><span style=\"font-weight: 400;\">Curriculum Vitae<\/span><\/i><span style=\"font-weight: 400;\"> com nota a ser atribui\u0301da de 0,0 (zero) a 10,0 (dez)\u00a0<\/span><\/p>\n<p><span style=\"font-weight: 400;\">3) Ana\u0301lise do projeto de pesquisa tanto no conteu\u0301do quanto na forma, sendo considerados para a avalia\u00e7\u00e3o a proposta cienti\u0301fica, a metodologia, a viabilidade e a integrac\u0327a\u0303o com as linhas de pesquisa do programa, sendo atribui\u0301da nota de 0,0 (zero) a 10,0 (dez).\u00a0<\/span><\/p>\n<p><span style=\"font-weight: 400;\">A nota de cada membro da comissa\u0303o examinadora (tr\u00eas docentes da comiss\u00e3o coordenadora do programa previamente delegados como comiss\u00e3o de processos seletivos) \u00e9 calculada por meio da me\u0301dia aritme\u0301tica entre as notas em cada um dos itens de avaliac\u0327a\u0303o, sendo que a nota final representa a me\u0301dia entre as notas de cada um dos membros da Comissa\u0303o examinadora. Os candidatos com nota final igual ou superior a 5 (cinco) sa\u0303o classificados e selecionados para ingressarem no programa mediante disponibilidade de orientador e nu\u0301mero de vagas do Edital do Processo Seletivo.\u00a0<\/span><\/p>\n<p><b>Processo seletivo para ingresso no Curso de Mestrado, Doutorado e Doutorado Direto a partir do primeiro semestre de 2026:<\/b><\/p>\n<p><span style=\"font-weight: 400;\">O Edital do processo seletivo para o ingresso no primeiro semestre de 2026 foi publicado no DI\u00c1RIO OFICIAL DO ESTADO DE S\u00c3O PAULO; Edi\u00e7\u00e3o de 6 de agosto de 2025 | Caderno Executivo | Se\u00e7\u00e3o Atos Normativos<\/span><\/p>\n<p><span style=\"font-weight: 400;\">Link: <a href=\"https:\/\/sites.usp.br\/pgonco\/wp-content\/uploads\/sites\/850\/2025\/08\/fmrpusp_2026_edital.pdf\">Processo Seletivo Unificado realizado pela FUVEST<\/a><\/span><\/p>\n<p><a href=\"https:\/\/www.fuvest.br\/fmrpusp\/\"><span style=\"font-weight: 400;\">https:\/\/www.fuvest.br\/fmrpusp\/<\/span><\/a><\/p>\n<p><span style=\"font-weight: 400;\"><strong>Processo Mestrado<\/strong><\/span><\/p>\n<p><span style=\"font-weight: 400;\">A nota da prova escrita ser\u00e1 composta por duas etapas: prova objetiva e prova dissertativa.<\/span><\/p>\n<p><span style=\"font-weight: 400;\">Prova Objetiva (elaborada pela FUVEST com conte\u00fado de interpreta\u00e7\u00e3o de texto e conhecimentos de inform\u00e1tica, peso 3, eliminat\u00f3ria, nota de corte 5,0 e classifica\u00e7\u00e3o dentre os 24 primeiros candidatos). Apenas os 24 primeiros candidatos classificados na prova objetiva ser\u00e3o eleg\u00edveis para a corre\u00e7\u00e3o da prova dissertativa. Em caso de empate na \u00faltima posi\u00e7\u00e3o de classifica\u00e7\u00e3o da prova objetiva, todos os candidatos empatados na nota da prova objetiva ser\u00e3o eleg\u00edveis para a corre\u00e7\u00e3o da prova dissertativa.\u00a0<\/span><\/p>\n<p><span style=\"font-weight: 400;\">Prova Dissertativa (elaborada pelo Programa, peso 7, nota de corte 5,0).<\/span><\/p>\n<p><span style=\"font-weight: 400;\">Apenas candidatos que obtiverem nota igual ou acima de 5 na prova escrita ser\u00e3o eleg\u00edveis para a avalia\u00e7\u00e3o do curr\u00edculo seguindo o roteiro pr\u00e9-definido.\u00a0<\/span><\/p>\n<p><span style=\"font-weight: 400;\"><strong>An\u00e1lise de Curr\u00edculo:<\/strong> Sim.\u00a0<\/span><\/p>\n<p><span style=\"font-weight: 400;\"><strong>Entrevista:<\/strong> N\u00e3o.<\/span><\/p>\n<p><span style=\"font-weight: 400;\">O c\u00e1lculo da nota final do processo seletivo ir\u00e1 considerar a nota final da prova escrita com peso 8 e a nota da avalia\u00e7\u00e3o do curr\u00edculo com peso 2.<\/span><\/p>\n<p><span style=\"font-weight: 400;\">Os candidatos que obtiverem nota final igual ou superior a 5 (cinco) ser\u00e3o classificados e poder\u00e3o ser aceitos para ingressarem no programa conforme o n\u00famero de vagas informado no Edital do Processo Seletivo.<\/span><\/p>\n<p>&nbsp;<\/p>\n<p><strong>Processo Doutorado e Doutorado Direto<\/strong><\/p>\n<p><span style=\"font-weight: 400;\">A prova escrita ser\u00e1 composta apenas pela prova dissertativa.\u00a0<\/span><\/p>\n<p><span style=\"font-weight: 400;\">Prova Dissertativa (Elaborada pelo Programa, eliminat\u00f3ria, nota de corte 5,0).<\/span><\/p>\n<p><span style=\"font-weight: 400;\">Apenas candidatos que obtiverem nota igual ou acima de 5 na prova escrita ser\u00e3o eleg\u00edveis para a avalia\u00e7\u00e3o do curr\u00edculo seguindo o roteiro pr\u00e9-definido e avalia\u00e7\u00e3o do projeto de pesquisa.\u00a0<\/span><\/p>\n<p><span style=\"font-weight: 400;\"><strong>An\u00e1lise de Curr\u00edculo:<\/strong> Sim.<\/span><\/p>\n<p><span style=\"font-weight: 400;\"><strong>An\u00e1lise de Projeto de Pesquisa:<\/strong> Sim. Os crit\u00e9rios de avalia\u00e7\u00e3o do projeto de pesquisa est\u00e3o anexos junto com os crit\u00e9rios de avalia\u00e7\u00e3o do curr\u00edculo. O projeto de pesquisa deve ser apresentado de maneira clara e resumida, ocupando no m\u00e1ximo 20 p\u00e1ginas digitadas em espa\u00e7o duplo. Deve compreender: Resumo (m\u00e1ximo 20 linhas); Introdu\u00e7\u00e3o, e justificativa, com s\u00edntese da bibliografia fundamental; Objetivos; Material e m\u00e9todos, Forma de an\u00e1lise de resultados, Cronograma de execu\u00e7\u00e3o, e Bibliografia. O documento de anu\u00eancia do prov\u00e1vel orientador(a) deve ser adicionado ao final do documento do projeto de pesquisa.\u00a0<\/span><\/p>\n<p><span style=\"font-weight: 400;\"><strong>Entrevista:<\/strong> N\u00e3o.<\/span><\/p>\n<p><span style=\"font-weight: 400;\">O c\u00e1lculo da nota final do processo seletivo ir\u00e1 considerar a nota final da prova escrita com peso 8, a nota da avalia\u00e7\u00e3o do curr\u00edculo com peso 1 e a nota final do projeto com peso 1.<\/span><\/p>\n<p><span style=\"font-weight: 400;\">Os candidatos que obtiverem nota final igual ou superior a 5 (cinco) ser\u00e3o classificados e poder\u00e3o ser aceitos para ingressarem no programa conforme o n\u00famero de vagas informado no Edital do Processo Seletivo.<\/span><\/p>\n<\/div>\n<\/div>\n","protected":false},"excerpt":{"rendered":"<p>Processo seletivo para ingresso no Curso de Mestrado, Doutorado e Doutorado Direto at\u00e9 o segundo semestre de 2025: CLIQUE AQUI PARA ACESSO AO EDITAL DE VAGAS 2025 Os processos seletivos s\u00e3o divulgados no website do programa bem como no endere\u00e7o eletr\u00f4nico da Comiss\u00e3o de P\u00f3s-gradua\u00e7\u00e3o da FMRP \u2013 USP com abertura de 2 editais por<a href=\"https:\/\/sites.usp.br\/pgonco\/processo-seletivo\/\">[&#8230;]<\/a><\/p>\n","protected":false},"author":457,"featured_media":0,"parent":0,"menu_order":0,"comment_status":"closed","ping_status":"closed","template":"","meta":{"footnotes":"","_links_to":"","_links_to_target":""},"class_list":["post-717","page","type-page","status-publish","hentry"],"_links":{"self":[{"href":"https:\/\/sites.usp.br\/pgonco\/wp-json\/wp\/v2\/pages\/717","targetHints":{"allow":["GET"]}}],"collection":[{"href":"https:\/\/sites.usp.br\/pgonco\/wp-json\/wp\/v2\/pages"}],"about":[{"href":"https:\/\/sites.usp.br\/pgonco\/wp-json\/wp\/v2\/types\/page"}],"author":[{"embeddable":true,"href":"https:\/\/sites.usp.br\/pgonco\/wp-json\/wp\/v2\/users\/457"}],"replies":[{"embeddable":true,"href":"https:\/\/sites.usp.br\/pgonco\/wp-json\/wp\/v2\/comments?post=717"}],"version-history":[{"count":4,"href":"https:\/\/sites.usp.br\/pgonco\/wp-json\/wp\/v2\/pages\/717\/revisions"}],"predecessor-version":[{"id":1318,"href":"https:\/\/sites.usp.br\/pgonco\/wp-json\/wp\/v2\/pages\/717\/revisions\/1318"}],"wp:attachment":[{"href":"https:\/\/sites.usp.br\/pgonco\/wp-json\/wp\/v2\/media?parent=717"}],"curies":[{"name":"wp","href":"https:\/\/api.w.org\/{rel}","templated":true}]}}