{"id":721,"date":"2021-02-05T10:27:15","date_gmt":"2021-02-05T13:27:15","guid":{"rendered":"https:\/\/sites.usp.br\/pgonco\/?page_id=721"},"modified":"2025-08-08T09:53:49","modified_gmt":"2025-08-08T12:53:49","slug":"alunos-mestrado","status":"publish","type":"page","link":"https:\/\/sites.usp.br\/pgonco\/alunos-mestrado\/","title":{"rendered":"Alunos &#8211;  Mestrado"},"content":{"rendered":"<p>&nbsp;<\/p>\n<style type=\"text\/css\">.ritz .waffle a { color: inherit; }.ritz .waffle .s1{background-color:#ffffff;text-align:left;color:#000000;font-family:docs-Calibri,Arial;font-size:11pt;vertical-align:middle;white-space:normal;overflow:hidden;word-wrap:break-word;direction:ltr;padding:0px 3px 0px 3px;}.ritz .waffle .s0{border-bottom:1px SOLID transparent;border-right:1px SOLID transparent;background-color:#336699;text-align:left;font-weight:bold;color:#ffffff;font-family:docs-Calibri,Arial;font-size:11pt;vertical-align:middle;white-space:normal;overflow:hidden;word-wrap:break-word;direction:ltr;padding:0px 3px 0px 3px;}<\/style>\n<div class=\"ritz grid-container\" dir=\"ltr\">\n<table class=\"waffle\" style=\"width: 87.9288%; height: 564px;\" cellspacing=\"0\" cellpadding=\"0\">\n<thead>\n<tr style=\"height: 24px;\">\n<th class=\"row-header freezebar-origin-ltr\" style=\"height: 24px; width: 1.89456%;\"><\/th>\n<th id=\"566618459C0\" class=\"column-headers-background\" style=\"width: 22.2405%; height: 24px;\"><\/th>\n<th id=\"566618459C1\" class=\"column-headers-background\" style=\"width: 15.7331%; height: 24px;\"><\/th>\n<th id=\"566618459C2\" class=\"column-headers-background\" style=\"width: 17.4629%; height: 24px;\"><\/th>\n<th id=\"566618459C3\" class=\"column-headers-background\" style=\"width: 42.5865%; height: 24px;\"><\/th>\n<\/tr>\n<\/thead>\n<tbody>\n<tr style=\"height: 18px;\">\n<th id=\"566618459R0\" class=\"row-headers-background\" style=\"height: 18px; width: 1.89456%;\">\n<div class=\"row-header-wrapper\" style=\"line-height: 18px;\"><\/div>\n<\/th>\n<td class=\"s0\" style=\"height: 18px; width: 22.2405%;\">Nome<\/td>\n<td class=\"s0\" style=\"height: 18px; width: 15.7331%;\">Curso<\/td>\n<td class=\"s0\" style=\"height: 18px; width: 17.4629%;\">In\u00edcio da contagem de prazo<\/td>\n<td class=\"s0\" style=\"height: 18px; width: 42.5865%;\">\u00daltimo orientador<\/td>\n<\/tr>\n<tr style=\"height: 18px;\">\n<th id=\"566618459R1\" class=\"row-headers-background\" style=\"height: 18px; width: 1.89456%;\">\n<div class=\"row-header-wrapper\" style=\"line-height: 18px;\"><\/div>\n<\/th>\n<td class=\"s1\" style=\"height: 18px; width: 22.2405%;\">Allana Guimar\u00e3es de Carvalho<\/td>\n<td class=\"s1\" style=\"height: 18px; width: 15.7331%;\">Mestrado<\/td>\n<td class=\"s1\" style=\"height: 18px; width: 17.4629%;\">9\/4\/2023<\/td>\n<td class=\"s1\" style=\"height: 18px; width: 42.5865%;\">Lorena L\u00f4bo de Figueiredo Pontes<\/td>\n<\/tr>\n<tr style=\"height: 18px;\">\n<th id=\"566618459R2\" class=\"row-headers-background\" style=\"height: 18px; width: 1.89456%;\">\n<div class=\"row-header-wrapper\" style=\"line-height: 18px;\"><\/div>\n<\/th>\n<td class=\"s1\" style=\"height: 18px; width: 22.2405%;\">Beatriz Sisdelli Brunini<\/td>\n<td class=\"s1\" style=\"height: 18px; width: 15.7331%;\">Mestrado<\/td>\n<td class=\"s1\" style=\"height: 18px; width: 17.4629%;\">5\/9\/2025<\/td>\n<td class=\"s1\" style=\"height: 18px; width: 42.5865%;\">Virg\u00ednia Pican\u00e7o e Castro<\/td>\n<\/tr>\n<tr style=\"height: 18px;\">\n<th id=\"566618459R3\" class=\"row-headers-background\" style=\"height: 18px; width: 1.89456%;\">\n<div class=\"row-header-wrapper\" style=\"line-height: 18px;\"><\/div>\n<\/th>\n<td class=\"s1\" style=\"height: 18px; width: 22.2405%;\">Camilly Melo Garcia Ferreira<\/td>\n<td class=\"s1\" style=\"height: 18px; width: 15.7331%;\">Mestrado<\/td>\n<td class=\"s1\" style=\"height: 18px; width: 17.4629%;\">2\/1\/2024<\/td>\n<td class=\"s1\" style=\"height: 18px; width: 42.5865%;\">Virg\u00ednia Pican\u00e7o e Castro<\/td>\n<\/tr>\n<tr style=\"height: 18px;\">\n<th id=\"566618459R4\" class=\"row-headers-background\" style=\"height: 18px; width: 1.89456%;\">\n<div class=\"row-header-wrapper\" style=\"line-height: 18px;\"><\/div>\n<\/th>\n<td class=\"s1\" style=\"height: 18px; width: 22.2405%;\">Denir Marcelino de Paula Junior<\/td>\n<td class=\"s1\" style=\"height: 18px; width: 15.7331%;\">Mestrado<\/td>\n<td class=\"s1\" style=\"height: 18px; width: 17.4629%;\">5\/9\/2025<\/td>\n<td class=\"s1\" style=\"height: 18px; width: 42.5865%;\">Rodrigo do Tocantins Calado de Saloma Rodrigues<\/td>\n<\/tr>\n<tr style=\"height: 18px;\">\n<th id=\"566618459R5\" class=\"row-headers-background\" style=\"height: 18px; width: 1.89456%;\">\n<div class=\"row-header-wrapper\" style=\"line-height: 18px;\"><\/div>\n<\/th>\n<td class=\"s1\" style=\"height: 18px; width: 22.2405%;\">Eliana Carolina Bastos<\/td>\n<td class=\"s1\" style=\"height: 18px; width: 15.7331%;\">Mestrado<\/td>\n<td class=\"s1\" style=\"height: 18px; width: 17.4629%;\">5\/17\/2023<\/td>\n<td class=\"s1\" style=\"height: 18px; width: 42.5865%;\">Fernanda Maris Peria<\/td>\n<\/tr>\n<tr style=\"height: 18px;\">\n<th id=\"566618459R6\" class=\"row-headers-background\" style=\"height: 18px; width: 1.89456%;\">\n<div class=\"row-header-wrapper\" style=\"line-height: 18px;\"><\/div>\n<\/th>\n<td class=\"s1\" style=\"height: 18px; width: 22.2405%;\">Felipe Alencar Monteiro Borges<\/td>\n<td class=\"s1\" style=\"height: 18px; width: 15.7331%;\">Mestrado<\/td>\n<td class=\"s1\" style=\"height: 18px; width: 17.4629%;\">7\/4\/2024<\/td>\n<td class=\"s1\" style=\"height: 18px; width: 42.5865%;\">Fernanda Maris Peria<\/td>\n<\/tr>\n<tr style=\"height: 18px;\">\n<th id=\"566618459R7\" class=\"row-headers-background\" style=\"height: 18px; width: 1.89456%;\">\n<div class=\"row-header-wrapper\" style=\"line-height: 18px;\"><\/div>\n<\/th>\n<td class=\"s1\" style=\"height: 18px; width: 22.2405%;\">Formosa Madalena Dombel<\/td>\n<td class=\"s1\" style=\"height: 18px; width: 15.7331%;\">Mestrado<\/td>\n<td class=\"s1\" style=\"height: 18px; width: 17.4629%;\">5\/24\/2024<\/td>\n<td class=\"s1\" style=\"height: 18px; width: 42.5865%;\">Leandro Machado Colli<\/td>\n<\/tr>\n<tr style=\"height: 18px;\">\n<th id=\"566618459R8\" class=\"row-headers-background\" style=\"height: 18px; width: 1.89456%;\">\n<div class=\"row-header-wrapper\" style=\"line-height: 18px;\"><\/div>\n<\/th>\n<td class=\"s1\" style=\"height: 18px; width: 22.2405%;\">Gabriela Chielli<\/td>\n<td class=\"s1\" style=\"height: 18px; width: 15.7331%;\">Mestrado<\/td>\n<td class=\"s1\" style=\"height: 18px; width: 17.4629%;\">10\/29\/2024<\/td>\n<td class=\"s1\" style=\"height: 18px; width: 42.5865%;\">Saulo Brito Silva<\/td>\n<\/tr>\n<tr style=\"height: 18px;\">\n<th id=\"566618459R9\" class=\"row-headers-background\" style=\"height: 18px; width: 1.89456%;\">\n<div class=\"row-header-wrapper\" style=\"line-height: 18px;\"><\/div>\n<\/th>\n<td class=\"s1\" style=\"height: 18px; width: 22.2405%;\">Giovana Beatriz Capuz Moreto<\/td>\n<td class=\"s1\" style=\"height: 18px; width: 15.7331%;\">Mestrado<\/td>\n<td class=\"s1\" style=\"height: 18px; width: 17.4629%;\">7\/4\/2024<\/td>\n<td class=\"s1\" style=\"height: 18px; width: 42.5865%;\">Rodrigo Alexandre Panepucci<\/td>\n<\/tr>\n<tr style=\"height: 18px;\">\n<th id=\"566618459R10\" class=\"row-headers-background\" style=\"height: 18px; width: 1.89456%;\">\n<div class=\"row-header-wrapper\" style=\"line-height: 18px;\"><\/div>\n<\/th>\n<td class=\"s1\" style=\"height: 18px; width: 22.2405%;\">Henrique Eron da Silva Gemaque<\/td>\n<td class=\"s1\" style=\"height: 18px; width: 15.7331%;\">Mestrado<\/td>\n<td class=\"s1\" style=\"height: 18px; width: 17.4629%;\">5\/9\/2025<\/td>\n<td class=\"s1\" style=\"height: 18px; width: 42.5865%;\">Lorena L\u00f4bo de Figueiredo Pontes<\/td>\n<\/tr>\n<tr style=\"height: 18px;\">\n<th id=\"566618459R11\" class=\"row-headers-background\" style=\"height: 18px; width: 1.89456%;\">\n<div class=\"row-header-wrapper\" style=\"line-height: 18px;\"><\/div>\n<\/th>\n<td class=\"s1\" style=\"height: 18px; width: 22.2405%;\">Isabela Dias Erthal<\/td>\n<td class=\"s1\" style=\"height: 18px; width: 15.7331%;\">Mestrado<\/td>\n<td class=\"s1\" style=\"height: 18px; width: 17.4629%;\">4\/4\/2023<\/td>\n<td class=\"s1\" style=\"height: 18px; width: 42.5865%;\">Tathiane Maistro Malta Pereira<\/td>\n<\/tr>\n<tr style=\"height: 18px;\">\n<th id=\"566618459R12\" class=\"row-headers-background\" style=\"height: 18px; width: 1.89456%;\">\n<div class=\"row-header-wrapper\" style=\"line-height: 18px;\"><\/div>\n<\/th>\n<td class=\"s1\" style=\"height: 18px; width: 22.2405%;\">Joana Teresa Bisinella de Faria<\/td>\n<td class=\"s1\" style=\"height: 18px; width: 15.7331%;\">Mestrado<\/td>\n<td class=\"s1\" style=\"height: 18px; width: 17.4629%;\">6\/30\/2022<\/td>\n<td class=\"s1\" style=\"height: 18px; width: 42.5865%;\">Lorena L\u00f4bo de Figueiredo Pontes<\/td>\n<\/tr>\n<tr style=\"height: 18px;\">\n<th id=\"566618459R13\" class=\"row-headers-background\" style=\"height: 18px; width: 1.89456%;\">\n<div class=\"row-header-wrapper\" style=\"line-height: 18px;\"><\/div>\n<\/th>\n<td class=\"s1\" style=\"height: 18px; width: 22.2405%;\">Jo\u00e3o Pedro da Cruz Rosario<\/td>\n<td class=\"s1\" style=\"height: 18px; width: 15.7331%;\">Mestrado<\/td>\n<td class=\"s1\" style=\"height: 18px; width: 17.4629%;\">7\/6\/2023<\/td>\n<td class=\"s1\" style=\"height: 18px; width: 42.5865%;\">Simone Kashima Haddad<\/td>\n<\/tr>\n<tr style=\"height: 18px;\">\n<th id=\"566618459R14\" class=\"row-headers-background\" style=\"height: 18px; width: 1.89456%;\">\n<div class=\"row-header-wrapper\" style=\"line-height: 18px;\"><\/div>\n<\/th>\n<td class=\"s1\" style=\"height: 18px; width: 22.2405%;\">Jo\u00e3o Pedro Zanon Murarolli<\/td>\n<td class=\"s1\" style=\"height: 18px; width: 15.7331%;\">Mestrado<\/td>\n<td class=\"s1\" style=\"height: 18px; width: 17.4629%;\">5\/17\/2023<\/td>\n<td class=\"s1\" style=\"height: 18px; width: 42.5865%;\">Rodrigo Alexandre Panepucci<\/td>\n<\/tr>\n<tr style=\"height: 18px;\">\n<th id=\"566618459R15\" class=\"row-headers-background\" style=\"height: 18px; width: 1.89456%;\">\n<div class=\"row-header-wrapper\" style=\"line-height: 18px;\"><\/div>\n<\/th>\n<td class=\"s1\" style=\"height: 18px; width: 22.2405%;\">Josilene da Silva<\/td>\n<td class=\"s1\" style=\"height: 18px; width: 15.7331%;\">Mestrado<\/td>\n<td class=\"s1\" style=\"height: 18px; width: 17.4629%;\">5\/19\/2025<\/td>\n<td class=\"s1\" style=\"height: 18px; width: 42.5865%;\">Rodrigo do Tocantins Calado de Saloma Rodrigues<\/td>\n<\/tr>\n<tr style=\"height: 18px;\">\n<th id=\"566618459R16\" class=\"row-headers-background\" style=\"height: 18px; width: 1.89456%;\">\n<div class=\"row-header-wrapper\" style=\"line-height: 18px;\"><\/div>\n<\/th>\n<td class=\"s1\" style=\"height: 18px; width: 22.2405%;\">J\u00falia Almeida de Paula<\/td>\n<td class=\"s1\" style=\"height: 18px; width: 15.7331%;\">Mestrado<\/td>\n<td class=\"s1\" style=\"height: 18px; width: 17.4629%;\">5\/9\/2025<\/td>\n<td class=\"s1\" style=\"height: 18px; width: 42.5865%;\">Lorena L\u00f4bo de Figueiredo Pontes<\/td>\n<\/tr>\n<tr style=\"height: 18px;\">\n<th id=\"566618459R17\" class=\"row-headers-background\" style=\"height: 18px; width: 1.89456%;\">\n<div class=\"row-header-wrapper\" style=\"line-height: 18px;\"><\/div>\n<\/th>\n<td class=\"s1\" style=\"height: 18px; width: 22.2405%;\">Juliana Guaraldi Sorrentino<\/td>\n<td class=\"s1\" style=\"height: 18px; width: 15.7331%;\">Mestrado<\/td>\n<td class=\"s1\" style=\"height: 18px; width: 17.4629%;\">5\/9\/2025<\/td>\n<td class=\"s1\" style=\"height: 18px; width: 42.5865%;\">Leandro Dorigan de Macedo<\/td>\n<\/tr>\n<tr style=\"height: 18px;\">\n<th id=\"566618459R18\" class=\"row-headers-background\" style=\"height: 18px; width: 1.89456%;\">\n<div class=\"row-header-wrapper\" style=\"line-height: 18px;\"><\/div>\n<\/th>\n<td class=\"s1\" style=\"height: 18px; width: 22.2405%;\">Let\u00edcia Maria Ribeiro Bassi<\/td>\n<td class=\"s1\" style=\"height: 18px; width: 15.7331%;\">Mestrado<\/td>\n<td class=\"s1\" style=\"height: 18px; width: 17.4629%;\">5\/9\/2025<\/td>\n<td class=\"s1\" style=\"height: 18px; width: 42.5865%;\">Virg\u00ednia Pican\u00e7o e Castro<\/td>\n<\/tr>\n<tr style=\"height: 18px;\">\n<th id=\"566618459R19\" class=\"row-headers-background\" style=\"height: 18px; width: 1.89456%;\">\n<div class=\"row-header-wrapper\" style=\"line-height: 18px;\"><\/div>\n<\/th>\n<td class=\"s1\" style=\"height: 18px; width: 22.2405%;\">Lilian Beatriz Moreira de Oliveira Chagas<\/td>\n<td class=\"s1\" style=\"height: 18px; width: 15.7331%;\">Mestrado<\/td>\n<td class=\"s1\" style=\"height: 18px; width: 17.4629%;\">2\/1\/2024<\/td>\n<td class=\"s1\" style=\"height: 18px; width: 42.5865%;\">Evandra Strazza Rodrigues Sandoval<\/td>\n<\/tr>\n<tr style=\"height: 18px;\">\n<th id=\"566618459R20\" class=\"row-headers-background\" style=\"height: 18px; width: 1.89456%;\">\n<div class=\"row-header-wrapper\" style=\"line-height: 18px;\"><\/div>\n<\/th>\n<td class=\"s1\" style=\"height: 18px; width: 22.2405%;\">L\u00edvia Mota de Lima<\/td>\n<td class=\"s1\" style=\"height: 18px; width: 15.7331%;\">Mestrado<\/td>\n<td class=\"s1\" style=\"height: 18px; width: 17.4629%;\">11\/7\/2024<\/td>\n<td class=\"s1\" style=\"height: 18px; width: 42.5865%;\">Rodrigo Alexandre Panepucci<\/td>\n<\/tr>\n<tr style=\"height: 18px;\">\n<th id=\"566618459R21\" class=\"row-headers-background\" style=\"height: 18px; width: 1.89456%;\">\n<div class=\"row-header-wrapper\" style=\"line-height: 18px;\"><\/div>\n<\/th>\n<td class=\"s1\" style=\"height: 18px; width: 22.2405%;\">Luis Roberto Fonseca Lima<\/td>\n<td class=\"s1\" style=\"height: 18px; width: 15.7331%;\">Mestrado<\/td>\n<td class=\"s1\" style=\"height: 18px; width: 17.4629%;\">2\/3\/2025<\/td>\n<td class=\"s1\" style=\"height: 18px; width: 42.5865%;\">Virg\u00ednia Pican\u00e7o e Castro<\/td>\n<\/tr>\n<tr style=\"height: 18px;\">\n<th id=\"566618459R22\" class=\"row-headers-background\" style=\"height: 18px; width: 1.89456%;\">\n<div class=\"row-header-wrapper\" style=\"line-height: 18px;\"><\/div>\n<\/th>\n<td class=\"s1\" style=\"height: 18px; width: 22.2405%;\">Marcos Ezequiel da Silva Santos<\/td>\n<td class=\"s1\" style=\"height: 18px; width: 15.7331%;\">Mestrado<\/td>\n<td class=\"s1\" style=\"height: 18px; width: 17.4629%;\">4\/4\/2023<\/td>\n<td class=\"s1\" style=\"height: 18px; width: 42.5865%;\">Rodrigo Alexandre Panepucci<\/td>\n<\/tr>\n<tr style=\"height: 18px;\">\n<th id=\"566618459R23\" class=\"row-headers-background\" style=\"height: 18px; width: 1.89456%;\">\n<div class=\"row-header-wrapper\" style=\"line-height: 18px;\"><\/div>\n<\/th>\n<td class=\"s1\" style=\"height: 18px; width: 22.2405%;\">Marlon Breno Zampieri Lima<\/td>\n<td class=\"s1\" style=\"height: 18px; width: 15.7331%;\">Mestrado<\/td>\n<td class=\"s1\" style=\"height: 18px; width: 17.4629%;\">2\/7\/2024<\/td>\n<td class=\"s1\" style=\"height: 18px; width: 42.5865%;\">Svetoslav Nanev Slavov<\/td>\n<\/tr>\n<tr style=\"height: 18px;\">\n<th id=\"566618459R24\" class=\"row-headers-background\" style=\"height: 18px; width: 1.89456%;\">\n<div class=\"row-header-wrapper\" style=\"line-height: 18px;\"><\/div>\n<\/th>\n<td class=\"s1\" style=\"height: 18px; width: 22.2405%;\">Niel Levy Circuitani<\/td>\n<td class=\"s1\" style=\"height: 18px; width: 15.7331%;\">Mestrado<\/td>\n<td class=\"s1\" style=\"height: 18px; width: 17.4629%;\">7\/4\/2024<\/td>\n<td class=\"s1\" style=\"height: 18px; width: 42.5865%;\">Saulo Brito Silva<\/td>\n<\/tr>\n<tr style=\"height: 18px;\">\n<th id=\"566618459R25\" class=\"row-headers-background\" style=\"height: 18px; width: 1.89456%;\">\n<div class=\"row-header-wrapper\" style=\"line-height: 18px;\"><\/div>\n<\/th>\n<td class=\"s1\" style=\"height: 18px; width: 22.2405%;\">Rafael de Lacerda Uliano<\/td>\n<td class=\"s1\" style=\"height: 18px; width: 15.7331%;\">Mestrado<\/td>\n<td class=\"s1\" style=\"height: 18px; width: 17.4629%;\">6\/12\/2025<\/td>\n<td class=\"s1\" style=\"height: 18px; width: 42.5865%;\">Fab\u00edola Traina<\/td>\n<\/tr>\n<tr style=\"height: 18px;\">\n<th id=\"566618459R26\" class=\"row-headers-background\" style=\"height: 18px; width: 1.89456%;\">\n<div class=\"row-header-wrapper\" style=\"line-height: 18px;\"><\/div>\n<\/th>\n<td class=\"s1\" style=\"height: 18px; width: 22.2405%;\">Rafael de Oliveira Pena Neto<\/td>\n<td class=\"s1\" style=\"height: 18px; width: 15.7331%;\">Mestrado<\/td>\n<td class=\"s1\" style=\"height: 18px; width: 17.4629%;\">4\/23\/2024<\/td>\n<td class=\"s1\" style=\"height: 18px; width: 42.5865%;\">Leandro Machado Colli<\/td>\n<\/tr>\n<tr style=\"height: 18px;\">\n<th id=\"566618459R27\" class=\"row-headers-background\" style=\"height: 18px; width: 1.89456%;\">\n<div class=\"row-header-wrapper\" style=\"line-height: 18px;\"><\/div>\n<\/th>\n<td class=\"s1\" style=\"height: 18px; width: 22.2405%;\">Vania Carla Corr\u00eaa<\/td>\n<td class=\"s1\" style=\"height: 18px; width: 15.7331%;\">Mestrado<\/td>\n<td class=\"s1\" style=\"height: 18px; width: 17.4629%;\">6\/4\/2024<\/td>\n<td class=\"s1\" style=\"height: 18px; width: 42.5865%;\">Thalita Cristina de Mello Costa<\/td>\n<\/tr>\n<tr style=\"height: 18px;\">\n<th id=\"566618459R28\" class=\"row-headers-background\" style=\"height: 18px; width: 1.89456%;\">\n<div class=\"row-header-wrapper\" style=\"line-height: 18px;\"><\/div>\n<\/th>\n<td class=\"s1\" style=\"height: 18px; width: 22.2405%;\">V\u00edtor Gabriel Felipe<\/td>\n<td class=\"s1\" style=\"height: 18px; width: 15.7331%;\">Mestrado<\/td>\n<td class=\"s1\" style=\"height: 18px; width: 17.4629%;\">12\/8\/2021<\/td>\n<td class=\"s1\" style=\"height: 18px; width: 42.5865%;\">Fernanda Maris Peria<\/td>\n<\/tr>\n<tr style=\"height: 18px;\">\n<th id=\"566618459R29\" class=\"row-headers-background\" style=\"height: 18px; width: 1.89456%;\">\n<div class=\"row-header-wrapper\" style=\"line-height: 18px;\"><\/div>\n<\/th>\n<td class=\"s1\" style=\"height: 18px; width: 22.2405%;\">Yasmim Vilela Soares de Oliveira<\/td>\n<td class=\"s1\" style=\"height: 18px; width: 15.7331%;\">Mestrado<\/td>\n<td class=\"s1\" style=\"height: 18px; width: 17.4629%;\">5\/9\/2025<\/td>\n<td class=\"s1\" style=\"height: 18px; width: 42.5865%;\">Diego Villa Cl\u00e9<\/td>\n<\/tr>\n<\/tbody>\n<\/table>\n<\/div>\n<p>&nbsp;<\/p>\n","protected":false},"excerpt":{"rendered":"<p>&nbsp; Nome Curso In\u00edcio da contagem de prazo \u00daltimo orientador Allana Guimar\u00e3es de Carvalho Mestrado 9\/4\/2023 Lorena L\u00f4bo de Figueiredo Pontes Beatriz Sisdelli Brunini Mestrado 5\/9\/2025 Virg\u00ednia Pican\u00e7o e Castro Camilly Melo Garcia Ferreira Mestrado 2\/1\/2024 Virg\u00ednia Pican\u00e7o e Castro Denir Marcelino de Paula Junior Mestrado 5\/9\/2025 Rodrigo do Tocantins Calado de Saloma Rodrigues Eliana<a href=\"https:\/\/sites.usp.br\/pgonco\/alunos-mestrado\/\">[&#8230;]<\/a><\/p>\n","protected":false},"author":457,"featured_media":0,"parent":0,"menu_order":0,"comment_status":"closed","ping_status":"closed","template":"","meta":{"footnotes":"","_links_to":"","_links_to_target":""},"class_list":["post-721","page","type-page","status-publish","hentry"],"_links":{"self":[{"href":"https:\/\/sites.usp.br\/pgonco\/wp-json\/wp\/v2\/pages\/721","targetHints":{"allow":["GET"]}}],"collection":[{"href":"https:\/\/sites.usp.br\/pgonco\/wp-json\/wp\/v2\/pages"}],"about":[{"href":"https:\/\/sites.usp.br\/pgonco\/wp-json\/wp\/v2\/types\/page"}],"author":[{"embeddable":true,"href":"https:\/\/sites.usp.br\/pgonco\/wp-json\/wp\/v2\/users\/457"}],"replies":[{"embeddable":true,"href":"https:\/\/sites.usp.br\/pgonco\/wp-json\/wp\/v2\/comments?post=721"}],"version-history":[{"count":4,"href":"https:\/\/sites.usp.br\/pgonco\/wp-json\/wp\/v2\/pages\/721\/revisions"}],"predecessor-version":[{"id":1326,"href":"https:\/\/sites.usp.br\/pgonco\/wp-json\/wp\/v2\/pages\/721\/revisions\/1326"}],"wp:attachment":[{"href":"https:\/\/sites.usp.br\/pgonco\/wp-json\/wp\/v2\/media?parent=721"}],"curies":[{"name":"wp","href":"https:\/\/api.w.org\/{rel}","templated":true}]}}