{"id":729,"date":"2021-02-05T10:34:57","date_gmt":"2021-02-05T13:34:57","guid":{"rendered":"https:\/\/sites.usp.br\/pgonco\/?page_id=729"},"modified":"2025-08-08T11:06:48","modified_gmt":"2025-08-08T14:06:48","slug":"alunos-ingressantes","status":"publish","type":"page","link":"https:\/\/sites.usp.br\/pgonco\/alunos-ingressantes\/","title":{"rendered":"Alunos Ingressantes"},"content":{"rendered":"<p><span style=\"font-weight: 400;\">Informa\u00e7\u00f5es gerais\u00a0dispon\u00edveis no site da CPG &#8211; <\/span><a href=\"http:\/\/cpg.fmrp.usp.br\/alunos\/\"><span style=\"font-weight: 400;\">COMISS\u00c3O DE P\u00d3S-GRADUA\u00c7\u00c3O da FMRP<\/span><\/a><\/p>\n<p>Outras informa\u00e7\u00f5es espec\u00edficas para alunos ingressantes<\/p>\n<p><a href=\"http:\/\/cpg.fmrp.usp.br\/alunos\/ingressantes\"><span style=\"font-weight: 400;\">C\u00f3digo USP, Acesso ao Sistema Janus, Email USP, Carteirinha USP, Disciplinas, Solicita\u00e7\u00e3o de documentos, Acesso de entrada no campus, Atendimento M\u00e9dico, Alunos Estrangeiros, Equival\u00eancia de t\u00edtulo de mestre para contagem de cr\u00e9ditos para o doutorado, Biblioteca Central do Campus, Restaurante Central, Atendimento Social, Atividades Culturais, Atividades F\u00edsicas.<\/span><\/a><\/p>\n<p><span style=\"font-weight: 400;\">Acesso ao HCRP <\/span><a href=\"https:\/\/site.hcrp.usp.br\/centro-de-recursos-humanos\/\"><span style=\"font-weight: 400;\">CLIQUE AQUI<\/span><\/a><span style=\"font-weight: 400;\"> ou entre em contato com:<br \/>\n<\/span><span style=\"font-weight: 400;\">E-mail: <\/span><span style=\"font-weight: 400;\">crh@hcrp.usp.br<br \/>\n<\/span><span style=\"font-weight: 400;\">E-mail: <\/span><span style=\"font-weight: 400;\">tmoraes@hcrp.usp.br<br \/>\n<\/span><span style=\"font-weight: 400;\">Fone: (16) 3602-2166<br \/>\n<\/span><span style=\"font-weight: 400;\">Endere\u00e7o: Campus Universit\u00e1rio \u2013 Monte Alegre &#8211; CEP: 14048-900 \u2013 Ribeir\u00e3o Preto \u2013 SP<\/span><\/p>\n","protected":false},"excerpt":{"rendered":"<p>Informa\u00e7\u00f5es gerais\u00a0dispon\u00edveis no site da CPG &#8211; COMISS\u00c3O DE P\u00d3S-GRADUA\u00c7\u00c3O da FMRP Outras informa\u00e7\u00f5es espec\u00edficas para alunos ingressantes C\u00f3digo USP, Acesso ao Sistema Janus, Email USP, Carteirinha USP, Disciplinas, Solicita\u00e7\u00e3o de documentos, Acesso de entrada no campus, Atendimento M\u00e9dico, Alunos Estrangeiros, Equival\u00eancia de t\u00edtulo de mestre para contagem de cr\u00e9ditos para o doutorado, Biblioteca Central<a href=\"https:\/\/sites.usp.br\/pgonco\/alunos-ingressantes\/\">[&#8230;]<\/a><\/p>\n","protected":false},"author":457,"featured_media":0,"parent":0,"menu_order":0,"comment_status":"closed","ping_status":"closed","template":"","meta":{"footnotes":"","_links_to":"","_links_to_target":""},"class_list":["post-729","page","type-page","status-publish","hentry"],"_links":{"self":[{"href":"https:\/\/sites.usp.br\/pgonco\/wp-json\/wp\/v2\/pages\/729","targetHints":{"allow":["GET"]}}],"collection":[{"href":"https:\/\/sites.usp.br\/pgonco\/wp-json\/wp\/v2\/pages"}],"about":[{"href":"https:\/\/sites.usp.br\/pgonco\/wp-json\/wp\/v2\/types\/page"}],"author":[{"embeddable":true,"href":"https:\/\/sites.usp.br\/pgonco\/wp-json\/wp\/v2\/users\/457"}],"replies":[{"embeddable":true,"href":"https:\/\/sites.usp.br\/pgonco\/wp-json\/wp\/v2\/comments?post=729"}],"version-history":[{"count":4,"href":"https:\/\/sites.usp.br\/pgonco\/wp-json\/wp\/v2\/pages\/729\/revisions"}],"predecessor-version":[{"id":1336,"href":"https:\/\/sites.usp.br\/pgonco\/wp-json\/wp\/v2\/pages\/729\/revisions\/1336"}],"wp:attachment":[{"href":"https:\/\/sites.usp.br\/pgonco\/wp-json\/wp\/v2\/media?parent=729"}],"curies":[{"name":"wp","href":"https:\/\/api.w.org\/{rel}","templated":true}]}}