{"id":733,"date":"2021-02-05T10:36:58","date_gmt":"2021-02-05T13:36:58","guid":{"rendered":"https:\/\/sites.usp.br\/pgonco\/?page_id=733"},"modified":"2021-02-19T10:40:23","modified_gmt":"2021-02-19T13:40:23","slug":"para-orientadores","status":"publish","type":"page","link":"https:\/\/sites.usp.br\/pgonco\/para-orientadores\/","title":{"rendered":"Para Orientadores"},"content":{"rendered":"<h3><b>&#8211; Cadastro de perfil de produ\u00e7\u00e3o cient\u00edfica Data USP\u00a0<\/b><\/h3>\n<p><span style=\"font-weight: 400;\">COMO OBTER SEU IDENTIFICADOR GOOGLE SCHOLAR? (Tutorial <a href=\"https:\/\/www.pucpr.br\/wp-content\/uploads\/2017\/01\/tutorial-google-scholar-1.pdf\">CLIQUE AQUI<\/a>)<br \/>\n<\/span><a href=\"https:\/\/uspdigital.usp.br\/datausp\/images\/scholar.png\"><span style=\"font-weight: 400;\">https:\/\/uspdigital.usp.br\/datausp\/images\/scholar.png<\/span><\/a><\/p>\n<p><span style=\"font-weight: 400;\">COMO OBTER SEU IDENTIFICADOR ORCID? (Tutorial <\/span><a href=\"https:\/\/drive.google.com\/file\/d\/1pARTr15phA-_LL48BCJ1eVej6fMLDdy4\/view?usp=sharing\"><span style=\"font-weight: 400;\">CLIQUE AQUI<\/span><\/a><span style=\"font-weight: 400;\">)<br \/>\n<\/span><a href=\"https:\/\/uspdigital.usp.br\/datausp\/images\/orcid.png\"><span style=\"font-weight: 400;\">https:\/\/uspdigital.usp.br\/datausp\/images\/orcid.png<\/span><\/a><\/p>\n<p><span style=\"font-weight: 400;\">COMO OBTER SEU IDENTIFICADOR Scopus? (Tutorial <a href=\"https:\/\/www.aguia.usp.br\/apoio-pesquisador\/identificacao-pesquisadores\/scopus-id\/\">CLIQUE AQUI<\/a>)<br \/>\n<\/span><a href=\"https:\/\/uspdigital.usp.br\/datausp\/images\/scopus.png\"><span style=\"font-weight: 400;\">https:\/\/uspdigital.usp.br\/datausp\/images\/scopus.png<\/span><\/a><\/p>\n<p><span style=\"font-weight: 400;\">COMO OBTER SEU IDENTIFICADOR Web of Science (Researcher ID)? (Tutorial <a href=\"https:\/\/www.pucpr.br\/wp-content\/uploads\/2017\/01\/tutorial-researcherid-orcid.pdf\">CLIQUE AQUI<\/a>)<\/span><br \/>\n<a href=\"https:\/\/uspdigital.usp.br\/datausp\/images\/rid.png\"><span style=\"font-weight: 400;\">https:\/\/uspdigital.usp.br\/datausp\/images\/rid.png<\/span><\/a><\/p>\n<h3><b><br \/>\n&#8211; Credenciamento e recredenciamento para orienta\u00e7\u00e3o e coorienta\u00e7\u00e3o<\/b><\/h3>\n<p><span style=\"font-weight: 400;\">Para obter informa\u00e7\u00f5es (normas) vide item X do <\/span><a href=\"http:\/\/www.leginf.usp.br\/?resolucao=resolucao-copgr-no-7747-de-13-de-junho-de-2019\"><span style=\"font-weight: 400;\">Regulamento do Programa de P\u00f3s-Gradua\u00e7\u00e3o em Oncologia Cl\u00ednica, C\u00e9lulas-Tronco e Terapia Celular &#8211; Resolu\u00e7\u00e3o CoPGr 7.747, de 13 de junho de 2019<\/span><\/a><br \/>\n<span style=\"font-weight: 400;\">Para obter formul\u00e1rios <\/span><a href=\"https:\/\/drive.google.com\/file\/d\/1bO9apAAJEpWPAsdugDM7VP_7Z36oqiUB\/view?usp=sharing\"><span style=\"font-weight: 400;\">CLIQUE AQUI<\/span><\/a><\/p>\n<h3><b>&#8211; Credenciamento e recredenciamento de disciplinas<\/b><\/h3>\n<p><span style=\"font-weight: 400;\">Para obter formul\u00e1rios <\/span><a href=\"http:\/\/cpg.fmrp.usp.br\/informacoes\/formularios\"><span style=\"font-weight: 400;\">CLIQUE AQUI<\/span><\/a><span style=\"font-weight: 400;\">\u00a0<\/span><\/p>\n<h3><b>&#8211; Oferecimento de disciplinas<\/b><\/h3>\n<p><span style=\"font-weight: 400;\">Para obter informa\u00e7\u00f5es acesse <\/span><a href=\"https:\/\/drive.google.com\/file\/d\/1Kt1BUBSQnUOI1ya-dwaWLvQXqZHLQ6E5\/view?usp=sharing\"><span style=\"font-weight: 400;\">CLIQUE AQUI<\/span><\/a><br \/>\n<span style=\"font-weight: 400;\">Para obter formul\u00e1rios <\/span><a href=\"https:\/\/drive.google.com\/file\/d\/1ue4dN5DD17Wyp0ykbM3Q80zGFmsaXGT5\/view?usp=sharing\"><span style=\"font-weight: 400;\">CLIQUE AQUI<\/span><\/a><\/p>\n<p><b>&#8211; Disciplinas ativas<\/b> <a href=\"https:\/\/uspdigital.usp.br\/janus\/componente\/catalogoDisciplinasInicial.jsf\"><span style=\"font-weight: 400;\">CLIQUE AQUI<\/span><\/a><\/p>\n<p><b>&#8211; Orienta\u00e7\u00f5es para composi\u00e7\u00e3o de bancas<\/b> <a href=\"http:\/\/cpg.fmrp.usp.br\/alunos\/defesas\/indicacao-da-banca\"><span style=\"font-weight: 400;\">CLIQUE AQUI<\/span><\/a><\/p>\n","protected":false},"excerpt":{"rendered":"<p>&#8211; Cadastro de perfil de produ\u00e7\u00e3o cient\u00edfica Data USP\u00a0 COMO OBTER SEU IDENTIFICADOR GOOGLE SCHOLAR? (Tutorial CLIQUE AQUI) https:\/\/uspdigital.usp.br\/datausp\/images\/scholar.png COMO OBTER SEU IDENTIFICADOR ORCID? (Tutorial CLIQUE AQUI) https:\/\/uspdigital.usp.br\/datausp\/images\/orcid.png COMO OBTER SEU IDENTIFICADOR Scopus? (Tutorial CLIQUE AQUI) https:\/\/uspdigital.usp.br\/datausp\/images\/scopus.png COMO OBTER SEU IDENTIFICADOR Web of Science (Researcher ID)? (Tutorial CLIQUE AQUI) https:\/\/uspdigital.usp.br\/datausp\/images\/rid.png &#8211; Credenciamento e recredenciamento para<a href=\"https:\/\/sites.usp.br\/pgonco\/para-orientadores\/\">[&#8230;]<\/a><\/p>\n","protected":false},"author":457,"featured_media":0,"parent":0,"menu_order":0,"comment_status":"closed","ping_status":"closed","template":"","meta":{"footnotes":"","_links_to":"","_links_to_target":""},"class_list":["post-733","page","type-page","status-publish","hentry"],"_links":{"self":[{"href":"https:\/\/sites.usp.br\/pgonco\/wp-json\/wp\/v2\/pages\/733","targetHints":{"allow":["GET"]}}],"collection":[{"href":"https:\/\/sites.usp.br\/pgonco\/wp-json\/wp\/v2\/pages"}],"about":[{"href":"https:\/\/sites.usp.br\/pgonco\/wp-json\/wp\/v2\/types\/page"}],"author":[{"embeddable":true,"href":"https:\/\/sites.usp.br\/pgonco\/wp-json\/wp\/v2\/users\/457"}],"replies":[{"embeddable":true,"href":"https:\/\/sites.usp.br\/pgonco\/wp-json\/wp\/v2\/comments?post=733"}],"version-history":[{"count":5,"href":"https:\/\/sites.usp.br\/pgonco\/wp-json\/wp\/v2\/pages\/733\/revisions"}],"predecessor-version":[{"id":942,"href":"https:\/\/sites.usp.br\/pgonco\/wp-json\/wp\/v2\/pages\/733\/revisions\/942"}],"wp:attachment":[{"href":"https:\/\/sites.usp.br\/pgonco\/wp-json\/wp\/v2\/media?parent=733"}],"curies":[{"name":"wp","href":"https:\/\/api.w.org\/{rel}","templated":true}]}}