{"id":735,"date":"2021-02-05T10:37:31","date_gmt":"2021-02-05T13:37:31","guid":{"rendered":"https:\/\/sites.usp.br\/pgonco\/?page_id=735"},"modified":"2025-08-08T09:20:09","modified_gmt":"2025-08-08T12:20:09","slug":"contato","status":"publish","type":"page","link":"https:\/\/sites.usp.br\/pgonco\/contato\/","title":{"rendered":"Contato"},"content":{"rendered":"<p><span style=\"font-size: 14pt;\"><strong>Endere\u00e7o<\/strong><\/span><\/p>\n<p><span style=\"font-size: 14pt;\"><strong>Faculdade de Medicina de Ribeir\u00e3o Preto<\/strong><\/span><\/p>\n<p><span style=\"font-size: 14pt;\"><span style=\"font-weight: 400;\">Se\u00e7\u00e3o de P\u00f3s-gradua\u00e7\u00e3o da FMRP<br \/>\n<\/span><span style=\"font-weight: 400;\"><strong>Rua Pedreira de Freitas, casa 02<\/strong><br \/>\n<\/span><span style=\"font-weight: 400;\">Monte Alegre \u2013 Ribeir\u00e3o Preto \u2013 SP\\<\/span><span style=\"font-weight: 400;\">CEP: 14049-900<\/span><\/span><\/p>\n<p><span style=\"font-size: 14pt;\"><span style=\"font-weight: 400;\"><strong>Contato:<\/strong><br \/>\n<\/span><span style=\"font-weight: 400;\"><em>Guilherme E Martins Sanches<\/em><br \/>\n<\/span><em><span style=\"font-weight: 400;\">Secret\u00e1rio do Programa de P\u00f3s-gradua\u00e7\u00e3o<\/span><\/em><\/span><\/p>\n<p><span style=\"font-size: 14pt;\"><span style=\"font-weight: 400;\"><strong>Telefone: (16)3315 3378<\/strong><br \/>\n<\/span><strong>Email: ppg.octc@usp.br<\/strong><\/span><\/p>\n","protected":false},"excerpt":{"rendered":"<p>Endere\u00e7o Faculdade de Medicina de Ribeir\u00e3o Preto Se\u00e7\u00e3o de P\u00f3s-gradua\u00e7\u00e3o da FMRP Rua Pedreira de Freitas, casa 02 Monte Alegre \u2013 Ribeir\u00e3o Preto \u2013 SP\\CEP: 14049-900 Contato: Guilherme E Martins Sanches Secret\u00e1rio do Programa de P\u00f3s-gradua\u00e7\u00e3o Telefone: (16)3315 3378 Email: ppg.octc@usp.br<\/p>\n","protected":false},"author":457,"featured_media":0,"parent":0,"menu_order":0,"comment_status":"closed","ping_status":"closed","template":"","meta":{"footnotes":"","_links_to":"","_links_to_target":""},"class_list":["post-735","page","type-page","status-publish","hentry"],"_links":{"self":[{"href":"https:\/\/sites.usp.br\/pgonco\/wp-json\/wp\/v2\/pages\/735","targetHints":{"allow":["GET"]}}],"collection":[{"href":"https:\/\/sites.usp.br\/pgonco\/wp-json\/wp\/v2\/pages"}],"about":[{"href":"https:\/\/sites.usp.br\/pgonco\/wp-json\/wp\/v2\/types\/page"}],"author":[{"embeddable":true,"href":"https:\/\/sites.usp.br\/pgonco\/wp-json\/wp\/v2\/users\/457"}],"replies":[{"embeddable":true,"href":"https:\/\/sites.usp.br\/pgonco\/wp-json\/wp\/v2\/comments?post=735"}],"version-history":[{"count":4,"href":"https:\/\/sites.usp.br\/pgonco\/wp-json\/wp\/v2\/pages\/735\/revisions"}],"predecessor-version":[{"id":1310,"href":"https:\/\/sites.usp.br\/pgonco\/wp-json\/wp\/v2\/pages\/735\/revisions\/1310"}],"wp:attachment":[{"href":"https:\/\/sites.usp.br\/pgonco\/wp-json\/wp\/v2\/media?parent=735"}],"curies":[{"name":"wp","href":"https:\/\/api.w.org\/{rel}","templated":true}]}}