{"id":918,"date":"2021-02-19T09:55:18","date_gmt":"2021-02-19T12:55:18","guid":{"rendered":"https:\/\/sites.usp.br\/pgonco\/?page_id=918"},"modified":"2021-02-19T09:55:18","modified_gmt":"2021-02-19T12:55:18","slug":"objetivos","status":"publish","type":"page","link":"https:\/\/sites.usp.br\/pgonco\/objetivos\/","title":{"rendered":"Objetivos"},"content":{"rendered":"<p><span style=\"font-weight: 400;\">Objetivo geral: formar pessoal de alto n\u00edvel em mestrado e doutorado para atuar nas \u00e1reas de oncologia, c\u00e9lulas-tronco e terapia celular, nos setores acad\u00eamicos, produtivos e p\u00fablicos.\u00a0<\/span><\/p>\n<p><span style=\"font-weight: 400;\">Objetivos Espec\u00edficos:<\/span><\/p>\n<ol>\n<li><span style=\"font-weight: 400;\"> Desenvolver no p\u00f3s-graduando habilidades em Oncologia Cl\u00ednica e nas \u00e1reas de Terapia Celular e C\u00e9lulas-tronco;<\/span><\/li>\n<li><span style=\"font-weight: 400;\"> Desenvolver a an\u00e1lise cr\u00edtica do p\u00f3s-graduando, envolvendo reda\u00e7\u00e3o cient\u00edfica, treino argumentativo, t\u00e9cnicas de comunica\u00e7\u00e3o e pedagogia;<\/span><\/li>\n<li><span style=\"font-weight: 400;\"> Promover atividades relacionadas ao empreendedorismo, gera\u00e7\u00e3o de produtos e patentes;\u00a0<\/span><\/li>\n<li><span style=\"font-weight: 400;\"> Oferecer atividades multidisciplinares para propiciar forma\u00e7\u00e3o ampla no tema;<\/span><\/li>\n<li><span style=\"font-weight: 400;\"> Incentivar a divulga\u00e7\u00e3o dos resultados alcan\u00e7ados em eventos espec\u00edficos e em revistas especializadas;<\/span><\/li>\n<li><span style=\"font-weight: 400;\"> Formar especialistas e l\u00edderes na tem\u00e1tica em quest\u00e3o;\u00a0<\/span><\/li>\n<li><span style=\"font-weight: 400;\"> Formar pessoal de alto n\u00edvel para atuar em Oncologia Cl\u00ednica, C\u00e9lulas-Tronco e Terapia Celular tanto no campo acad\u00eamico como do setor produtivo e governamental.<\/span><\/li>\n<\/ol>\n","protected":false},"excerpt":{"rendered":"<p>Objetivo geral: formar pessoal de alto n\u00edvel em mestrado e doutorado para atuar nas \u00e1reas de oncologia, c\u00e9lulas-tronco e terapia celular, nos setores acad\u00eamicos, produtivos e p\u00fablicos.\u00a0 Objetivos Espec\u00edficos: Desenvolver no p\u00f3s-graduando habilidades em Oncologia Cl\u00ednica e nas \u00e1reas de Terapia Celular e C\u00e9lulas-tronco; Desenvolver a an\u00e1lise cr\u00edtica do p\u00f3s-graduando, envolvendo reda\u00e7\u00e3o cient\u00edfica, treino argumentativo,<a href=\"https:\/\/sites.usp.br\/pgonco\/objetivos\/\">[&#8230;]<\/a><\/p>\n","protected":false},"author":457,"featured_media":0,"parent":0,"menu_order":0,"comment_status":"closed","ping_status":"closed","template":"","meta":{"footnotes":"","_links_to":"","_links_to_target":""},"class_list":["post-918","page","type-page","status-publish","hentry"],"_links":{"self":[{"href":"https:\/\/sites.usp.br\/pgonco\/wp-json\/wp\/v2\/pages\/918","targetHints":{"allow":["GET"]}}],"collection":[{"href":"https:\/\/sites.usp.br\/pgonco\/wp-json\/wp\/v2\/pages"}],"about":[{"href":"https:\/\/sites.usp.br\/pgonco\/wp-json\/wp\/v2\/types\/page"}],"author":[{"embeddable":true,"href":"https:\/\/sites.usp.br\/pgonco\/wp-json\/wp\/v2\/users\/457"}],"replies":[{"embeddable":true,"href":"https:\/\/sites.usp.br\/pgonco\/wp-json\/wp\/v2\/comments?post=918"}],"version-history":[{"count":1,"href":"https:\/\/sites.usp.br\/pgonco\/wp-json\/wp\/v2\/pages\/918\/revisions"}],"predecessor-version":[{"id":919,"href":"https:\/\/sites.usp.br\/pgonco\/wp-json\/wp\/v2\/pages\/918\/revisions\/919"}],"wp:attachment":[{"href":"https:\/\/sites.usp.br\/pgonco\/wp-json\/wp\/v2\/media?parent=918"}],"curies":[{"name":"wp","href":"https:\/\/api.w.org\/{rel}","templated":true}]}}