{"id":1048,"date":"2021-06-26T10:38:27","date_gmt":"2021-06-26T13:38:27","guid":{"rendered":"https:\/\/sites.usp.br\/pgperioforp\/?page_id=1048"},"modified":"2021-06-26T12:05:14","modified_gmt":"2021-06-26T15:05:14","slug":"lista-de-alunos-e-ex-alunos","status":"publish","type":"page","link":"https:\/\/sites.usp.br\/pgperioforp\/en\/lista-de-alunos-e-ex-alunos\/","title":{"rendered":"Lista de Alunos e Ex-alunos"},"content":{"rendered":"<p class=\"qtranxs-available-languages-message qtranxs-available-languages-message-en\">Sorry, this entry is only available in <a href=\"https:\/\/sites.usp.br\/pgperioforp\/pb\/wp-json\/wp\/v2\/pages\/1048\" class=\"qtranxs-available-language-link qtranxs-available-language-link-pb\" title=\"Portugu\u00eas do Brasil\">Portugu\u00eas do Brasil<\/a>. For the sake of viewer convenience, the content is shown below in the alternative language. You may click the link to switch the active language.<\/p><p><\/p>\n<pre><strong>Nome\u00a0 \u00a0 \u00a0 \u00a0 \u00a0 \u00a0 \u00a0 \u00a0 \u00a0 \u00a0 \u00a0 \u00a0 \u00a0 \u00a0 \u00a0 \u00a0 \u00a0 \u00a0 \u00a0 Curso\u00a0 \u00a0 \u00a0 \u00a0 \u00daltimo orientador<\/strong>\r\nAdemir Melo Leite Filho\u00a0 \u00a0 \u00a0 \u00a0 \u00a0 \u00a0 \u00a0 \u00a0 \u00a0 \u00a0Doutorado\u00a0 \u00a0 -\r\nAdriana Correa de Queiroz Pimentel\u00a0 \u00a0 \u00a0 \u00a0 Mestrado\u00a0 \u00a0 \u00a0Sergio Luis Scombatti de Souza\r\nAdriana Correa de Queiroz Pimentel\u00a0 \u00a0 \u00a0 \u00a0 Doutorado\u00a0 \u00a0 Sergio Luis Scombatti de Souza\r\nAdriano Freitas de Assis\u00a0 \u00a0 \u00a0 \u00a0 \u00a0 \u00a0 \u00a0 \u00a0 \u00a0 Mestrado\u00a0 \u00a0 \u00a0Adalberto Luiz Rosa\r\nAdriano Lima Garcia\u00a0 \u00a0 \u00a0 \u00a0 \u00a0 \u00a0 \u00a0 \u00a0 \u00a0    \u00a0 Mestrado\u00a0 \u00a0 \u00a0Alexandre Elias Trivellato\r\nAlann Thaffarell Portilho de Souza        Mestrado     Adalberto Luiz Rosa\r\nAlann Thaffarell Portilho de Souza        Doutorado    Adalberto Luiz Rosa\r\nAlexandre Cividanes Brand\u00e3o               Mestrado     Luiz Antonio Salata\r\nAlexandre Leite Carvalho                  Mestrado     Luiz Antonio Salata\r\nAlice Dias Petri                          Mestrado     Adalberto Luiz Rosa\r\nAmanda Ferreira Gonzalez                  Mestrado     Michel Reis Messora\r\nAna Carolina Aparecida Rivas              Do Direto    Mario Taba Junior\r\nAna Carolina Hawthorne                    Mestrado     Luiz Antonio Salata\r\nAna Carolina Loyola Barbosa               Doutorado    -\r\nAna Carolina Punhagui Hernandes           Doutorado    Flavia Aparecida Chaves Furlaneto Messora\r\nAna Clara Portela de Almeida              Mestrado     Daniela Bazan Palioto Bulle\r\nAna Em\u00edlia Farias Pontes                  Mestrado     Marcio Fernando de Moraes Grisi\r\nAndr\u00e9 Luis Gomes Moreira                  Mestrado     Michel Reis Messora\r\nAndr\u00e9 Luis Gomes Moreira                  Doutorado    Michel Reis Messora\r\nAndr\u00e9 Oliveira Pepato                     Mestrado     Alexandre Elias Trivellato\r\nAndr\u00e9a M\u00e1rcia Marcaccini                  Mestrado     Arthur Belem Novaes Junior\r\n\u00c2ngela Mantovani                          Mestrado     Marcio Fernando de Moraes Grisi\r\nAnnelissa Zorzeto Rodrigues               Mestrado     Daniela Bazan Palioto Bulle\r\nAntonio Azoubel Antunes                   Mestrado     Luiz Antonio Salata\r\nAntonio Azoubel Antunes                   Do Direto    Luiz Antonio Salata\r\n\u00c1tila Vinicius Vitor Nobre                Mestrado     Ana Carolina Fragoso Motta\r\n\u00c1tila Vinicius Vitor Nobre                Doutorado    Sergio Luiz de Souza Salvador\r\n\r\nB\u00e1rbara Furtado Masalskas                 Doutorado    Arthur Belem Novaes Junior\r\n\r\nCamila Alves Costa                        Mestrado     Daniela Bazan Palioto Bulle\r\nCamila Alves Costa                        Doutorado    -\r\nCarla Cruvinel Pontes                     Mestrado     Sergio Luis Scombatti de Souza\r\nCarla de Oliveira Pires da Silva          Mestrado     Mario Taba Junior\r\nCarolina de Moraes Rego Mandetta          Mestrado     Daniela Bazan Palioto Bulle\r\nCarolina de Moraes Rego Mandetta          Doutorado    Arthur Belem Novaes Junior\r\nCarolina Delmondes Freitas Dantas         Mestrado     Sergio Luis Scombatti de Souza\r\nCarolina Delmondes Freitas Dantas         Doutorado    Sergio Luis Scombatti de Souza\r\nCarolina Scanavez Martins                 Mestrado     Paulo Tambasco de Oliveira\r\nCatarina Martins Tahim                    Doutorado    Mario Taba Junior\r\nCristhiam de Jesus Hernandez Martinez     Mestrado     Arthur Belem Novaes Junior\r\nCristhiam de Jesus Hernandez Martinez     Doutorado    Daniela Bazan Palioto Bulle\r\nCristine D'Almeida Borges                 Mestrado     Mario Taba Junior\r\nCristine D'Almeida Borges                 Doutorado    Mario Taba Junior\r\n\r\nDania Desiree Conde Coronado              Mestrado     Sergio Luis Scombatti de Souza\r\nDaniel Galv\u00e3o Costa                       Mestrado     Adalberto Luiz Rosa\r\nDaniela Corr\u00eaa Grisi                      Mestrado     Sergio Luiz de Souza Salvador\r\nDanilo Maeda Reino                        Mestrado     Sergio Luis Scombatti de Souza\r\nDanilo Maeda Reino                        Doutorado    Arthur Belem Novaes Junior\r\nDarklilson Pereira Santos                 Mestrado     Valdemar Mallet da Rocha Barros\r\nDebora Cristina de Oliveira Rodrigues     Mestrado     Mario Taba Junior\r\nDenise Weffort                            Mestrado     Adalberto Luiz Rosa\r\nDiana Estefan\u00eda Ramos Pe\u00f1a                Mestrado     Ana Carolina Fragoso Motta\r\nDiana Maritza Contreras Gonz\u00e1lez          Mestrado     Alexandre Elias Trivellato\r\n\r\nEduardo Henrique Pantosso de Medeiros     Mestrado     Alexandre Elias Trivellato\r\nEduardo Henrique Pantosso de Medeiros     Doutorado    Alexandre Elias Trivellato\r\nEladio Andr\u00e9s Mu\u00f1oz Rodr\u00edguez             Mestrado     Sergio Luis Scombatti de Souza\r\nEmanuela Prado Ferraz                     Mestrado     Adalberto Luiz Rosa\r\nEmanuela Prado Ferraz                     Doutorado    Adalberto Luiz Rosa\r\nErick Ricardo Silva                       Mestrado     Samuel Porfirio Xavier\r\nErick Ricardo Silva                       Doutorado    Samuel Porfirio Xavier\r\nEvandro Carneiro Martins Neto             Mestrado     Luiz Antonio Salata\r\nEvandro Carneiro Martins Neto             Doutorado    Samuel Porfirio Xavier\r\n\r\nFelipe Anderson Sousa Nunes Mestrado Sergio Luis Scombatti de Souza\r\nFelipe Anderson Sousa Nunes Doutorado Sergio Luis Scombatti de Souza\r\nFelipe Perraro Sehn Mestrado Samuel Porfirio Xavier\r\nFelipe Perraro Sehn Doutorado Cassio Edvard Sverzut\r\nFelipe Torres Dantas Mestrado Daniela Bazan Palioto Bulle\r\nFelipe Torres Dantas Doutorado Daniela Bazan Palioto Bulle\r\nFelippe Almeida Costa Mestrado Alexandre Elias Trivellato\r\nFernando Pando de Matos Mestrado Cassio Edvard Sverzut\r\nFlavia Adelino Suaid Malheiros Mestrado Marcio Fernando de Moraes Grisi\r\nFlavia Adelino Suaid Malheiros Doutorado Marcio Fernando de Moraes Grisi\r\n\r\nGabriel Figueiredo Bastos Mestrado Arthur Belem Novaes Junior\r\nGabriel Guerra David Reis Doutorado Sergio Luis Scombatti de Souza\r\nGabriel Lucio Calazans Duarte Mestrado Paulo Tambasco de Oliveira\r\nGermana Jayme Borges Mestrado Sergio Luis Scombatti de Souza\r\nGileade Pereira Freitas Mestrado Adalberto Luiz Rosa\r\nGileade Pereira Freitas Doutorado Adalberto Luiz Rosa\r\nGiselle Aparecida da Silva Mestrado Michel Reis Messora\r\nGuilherme de Oliveira Macedo Mestrado Sergio Luis Scombatti de Souza\r\nGuilherme de Oliveira Macedo Doutorado Marcio Fernando de Moraes Grisi\r\nGuilherme Spagnol Mestrado Alexandre Elias Trivellato\r\nGuilherme Spagnol Doutorado Alexandre Elias Trivellato\r\nGustavo Augusto Grossi de Oliveira Mestrado Luiz Antonio Salata\r\nGustavo Cavalcanti de Albuquerque Mestrado Adalberto Luiz Rosa\r\nGustavo da Rocha Esp\u00edrito Mestrado Ana Carolina Fragoso Motta\r\nGustavo Henrique Apolin\u00e1rio Vieira Doutorado Mario Taba Junior\r\nGustavo Otoboni Molina Mestrado Sergio Luis Scombatti de Souza\r\n\r\nHeitor Fontes da Silva Mestrado M\u00e1rcio Mateus Beloti\r\nHelena Bacha Lopes Mestrado M\u00e1rcio Mateus Beloti\r\nHelena Bacha Lopes Doutorado M\u00e1rcio Mateus Beloti\r\nHumberto Osvaldo Schwartz Filho Mestrado Paulo Tambasco de Oliveira\r\n\r\nIgor Almeida de Meneses Mestrado Sergio Luis Scombatti de Souza\r\nIngrid Webb Josephson Ribeiro Mestrado Mario Taba Junior\r\n\u00cdtalo Miranda do Vale Pereira Mestrado Alexandre Elias Trivellato\r\n\r\nJanine Montenegro Toscano Moura de Medeiros Vanderlei Mestrado Mario Taba Junior\r\nJaqueline Isadora Reis Ramos Doutorado Direto Adalberto Luiz Rosa\r\nJessica Emanuella Rocha Moura Paz Mestrado Adalberto Luiz Rosa\r\nJessica Pires de Carvalho Mestrado Sergio Luis Scombatti de Souza\r\nJessica Pires de Carvalho Doutorado Mario Taba Junior\r\nJo\u00e3o Lisboa de Sousa Filho Mestrado Cassio Edvard Sverzut\r\nJo\u00e3o Lisboa de Sousa Filho Doutorado M\u00e1rcio Mateus Beloti\r\nJo\u00e3o Moura Neto Mestrado Paulo Tambasco de Oliveira\r\nJones Euclides Corr\u00eaa Mestrado Arthur Belem Novaes Junior\r\nJorge Luiz Jacob Liporaci Junior Mestrado Valdemar Mallet da Rocha Barros\r\nJose Henrique Santana Quinto Mestrado Alexandre Elias Trivellato\r\nJos\u00e9 Henrique Villa\u00e7a Mestrado Arthur Belem Novaes Junior\r\nJuliana Rodrigues Rozatto Mestrado Cassio Edvard Sverzut\r\nJuliana Rodrigues Rozatto Doutorado Cassio Edvard Sverzut\r\n\r\nKarina Kimiko Yamashina Pereira Mestrado Paulo Tambasco de Oliveira\r\nKarine Figueredo da Costa Doutorado Mario Taba Junior\r\nKelly Rocio Vargas Villafuerte Mestrado Daniela Bazan Palioto Bulle\r\nKelly Rocio Vargas Villafuerte Doutorado Daniela Bazan Palioto Bulle\r\nKleber Tanaka Suzuki Mestrado Mario Taba Junior\r\n\r\nLarissa Miranda Aguiar Mestrado Daniela Bazan Palioto Bulle\r\nLauro Garrastazu Ayub Mestrado Arthur Belem Novaes Junior\r\nLet\u00edcia Faustino Adolpho Mestrado M\u00e1rcio Mateus Beloti\r\nL\u00edvia Alves Corr\u00eaa Moretti Mestrado Alberto Consolaro\r\nLucas Barros Chaves Mestrado Maria da Concei\u00e7\u00e3o Pereira Saraiva\r\nLucas Costa Nogueira Mestrado Alexandre Elias Trivellato\r\nLucas Moura Sousa Mestrado Cassio Edvard Sverzut\r\nLucia Moitrel Pequeno da Silva Mestrado Michel Reis Messora\r\nLuciana Bastos Alves Doutorado Daniela Bazan Palioto Bulle\r\nLuciana Gon\u00e7alves Sicchieri Mestrado Adalberto Luiz Rosa\r\nLuciana Pastori da Silva Rosa Mestrado Adalberto Luiz Rosa\r\nLuciana Prado Maia Mestrado Daniela Bazan Palioto Bulle\r\nLuciana Prado Maia Doutorado Daniela Bazan Palioto Bulle\r\nLuiz Fernando Ferreira de Oliveira Mestrado Michel Reis Messora\r\nLuiz Fernando Ferreira de Oliveira Doutorado Michel Reis Messora\r\n\r\nMara Lucia Senna Oliveira Vieira Mestrado Sergio Luiz de Souza Salvador\r\nMarcella Costa Ribeiro Mestrado Flavia Aparecida Chaves Furlaneto Messora\r\nMarcelo Rodrigues Azenha Mestrado Valdemar Mallet da Rocha Barros\r\nMarcelo Zuanassi Macari Mestrado Marilena Chinali Komesu\r\nM\u00e1rcia de Noronha Pinho Mestrado Mario Taba Junior\r\nMarco Aur\u00e9lio Kenichi Yamaji Mestrado Cassio Edvard Sverzut\r\nMarconi Gonzaga Tavares Mestrado Samuel Porfirio Xavier\r\nMarcos Andrade de Oliva Mestrado Paulo Tambasco de Oliveira\r\nMarcos de Mendon\u00e7a Invernici Doutorado Michel Reis Messora\r\nMarcus Antonio Br\u00eada Junior Mestrado Valdemar Mallet da Rocha Barros\r\nMaria Em\u00edlia Mesquita Cansan\u00e7\u00e3o Felipe Mestrado Arthur Belem Novaes Junior\r\nMaria Fernanda Concei\u00e7\u00e3o Madeira Doutorado Luiz Antonio Salata\r\nMariana Moraes de Souza Mestrado Mario Taba Junior\r\nMariana Sales de Melo Soares Mestrado Paulo Tambasco de Oliveira\r\nMariana Sales de Melo Soares Doutorado Arthur Belem Novaes Junior\r\nMar\u00edlia Bianchini Lemos Reis Mestrado Arthur Belem Novaes Junior\r\nMar\u00edlia Bianchini Lemos Reis Doutorado Arthur Belem Novaes Junior\r\nMaya Fernanda Manfrin Arnez Mestrado Luiz Antonio Salata\r\nMaysa Nogueira de Barros Melo Mestrado Alexandre Elias Trivellato\r\nMichael Medeiros Costa Mestrado Erick Ricardo Silva\r\nMichel Campos Ribeiro Mestrado Alexandre Elias Trivellato\r\nMilena Suemi Irie Mestrado Mario Taba Junior\r\n\r\nNatacha Malu Miranda da Costa Doutorado Daniela Bazan Palioto Bulle\r\nNatacha Malu Miranda da Costa Doutorado Daniela Bazan Palioto Bulle\r\nNatacha Malu Miranda da Costa Doutorado Alexandre Elias Trivellato\r\nNathalya Maria Vilela Moura Mestrado Mario Taba Junior\r\nNicolly Parente Ribeiro Frota Doutorado Flavia Aparecida Chaves Furlaneto Messora\r\n\r\nOlivia Maria Roda Santinho Mestrado Paulo Tambasco de Oliveira\r\n\r\nPatr\u00edcia Araujo de Aquino O'Connell Mestrado Mario Taba Junior\r\nPatr\u00edcia Freitas de Andrade Mestrado Sergio Luis Scombatti de Souza\r\nPatr\u00edcia Freitas de Andrade Doutorado Sergio Luis Scombatti de Souza\r\nPatricia Garani Fernandes Mestrado Marcio Fernando de Moraes Grisi\r\nPatricia Garani Fernandes Doutorado Mario Taba Junior\r\nPatricio Jos\u00e9 de Oliveira Neto Mestrado Luiz Antonio Salata\r\nPatrick Rocha Osborne Mestrado Cassio Edvard Sverzut\r\nPatrick Rocha Osborne Doutorado Cassio Edvard Sverzut\r\nPaula Gabriela Faciola Pess\u00f4a de Oliveira Mestrado Sergio Luis Scombatti de Souza\r\nPaula Gabriela Faciola Pess\u00f4a de Oliveira Doutorado Sergio Luis Scombatti de Souza\r\nPaulo Esteves Pinto Faria Mestrado Luiz Antonio Salata\r\nPedro Henrique Felix Silva Mestrado Michel Reis Messora\r\nPedro Henrique Felix Silva Doutorado Michel Reis Messora\r\nPedro Henrique Mattos de Carvalho Doutorado Alexandre Elias Trivellato\r\nPlinio Regazzini Filho Mestrado Arthur Belem Novaes Junior\r\nPriscila Brasil da Nobrega Mestrado Mario Taba Junior\r\nPriscila Paganini Costa Mestrado Mario Taba Junior\r\nPriscila Paganini Costa Doutorado Mario Taba Junior\r\n\r\nRafael Moraes Chaves Santos Mestrado Daniela Bazan Palioto Bulle\r\nRafael Ramos de Oliveira Mestrado Mario Taba Junior\r\nRafael Ramos de Oliveira Doutorado Arthur Belem Novaes Junior\r\nRafael Rodrigues Dias Mestrado Samuel Porfirio Xavier\r\nRafael Rodrigues Dias Doutorado Cassio Edvard Sverzut\r\nRafael Tajra Evangelista Ara\u00fajo Mestrado Cassio Edvard Sverzut\r\nRafael Tajra Evangelista Ara\u00fajo Doutorado Cassio Edvard Sverzut\r\nRafaella da Cruz Polizelli Scannavino Mestrado Paulo Tambasco de Oliveira\r\nRafaella da Cruz Polizelli Scannavino Doutorado Sergio Luis Scombatti de Souza\r\nRaquel Rezende Martins de Barros Mestrado Arthur Belem Novaes Junior\r\nRaquel Rezende Martins de Barros Doutorado Arthur Belem Novaes Junior\r\nRenan de Barros e Lima Bueno Mestrado Paulo Tambasco de Oliveira\r\nRenan de Barros e Lima Bueno Doutorado Paulo Tambasco de Oliveira\r\nRenata Silva Cardoso de Campos Mestrado Flavia Aparecida Chaves Furlaneto Messora\r\nRicardo Junior Denardi Doutorado Michel Reis Messora\r\nRoberta Santos Tunes Mestrado Sergio Luis Scombatti de Souza\r\nRoberto de Oliveira Jabur Mestrado Valdemar Mallet da Rocha Barros\r\nRog\u00e9rio Bentes Kato Mestrado Cassio Edvard Sverzut\r\nRog\u00e9rio Bentes Kato Doutorado M\u00e1rcio Mateus Beloti\r\nRosemeire de Lordo Franco Gobbo Mestrado Adalberto Luiz Rosa\r\n\r\nSandra Aparecida Marinho Mestrado Miguel Angel Sala di Matteo\r\nS\u00e9rgio Henrique Lago Martins Mestrado Sergio Luis Scombatti de Souza\r\nS\u00e9rgio Henrique Lago Martins Doutorado Sergio Luis Scombatti de Souza\r\nSonia Mara Luczyszyn Mestrado Marcio Fernando de Moraes Grisi\r\nSoraya da Silva Oliveira Doutorado Alexandre Elias Trivellato\r\n\r\nThais\u00e2ngela Rodrigues Lopes e Silva Gomes Mestrado Daniela Bazan Palioto Bulle\r\nThiago de Santana Santos Doutorado Adalberto Luiz Rosa\r\nThiago Iafelice dos Santos Mestrado Cassio Edvard Sverzut\r\nT\u00falio Bonna Pignaton Mestrado Marcio Fernando de Moraes Grisi\r\n\r\nUislen Berian Cadore Mestrado Sergio Luis Scombatti de Souza\r\nUislen Berian Cadore Doutorado Sergio Luis Scombatti de Souza\r\nUlli da Costa Cunha Martins Mestrado Flavia Aparecida Chaves Furlaneto Messora\r\nUmberto Demoner Ramos Mestrado Marcio Fernando de Moraes Grisi\r\nUmberto Demoner Ramos Doutorado Arthur Belem Novaes Junior\r\n\r\nValessa Florindo Carvalho Doutorado Mario Taba Junior\r\nVirgilio Moreira Roriz Mestrado Marcio Fernando de Moraes Grisi\r\nVitor Ferreira Balan Mestrado Samuel Porfirio Xavier\r\nVula Papalexiou Mestrado Arthur Belem Novaes Junior\r\n\r\nWagner Fernandes Pedrosa Junior Mestrado Luiz Antonio Salata\r\nWillian Morais de Melo Mestrado Paulo Tambasco de Oliveira\r\n\r\nYara Loyanne de Almeida Silva Levi Doutorado Flavia Aparecida Chaves Furlaneto Messora\r\nYasmin Sim\u00f5es Dal'Acqua Mestrado Daniela Bazan Palioto Bulle\r\nYasmin Sim\u00f5es Dal'Acqua Doutorado Daniela Bazan Palioto Bulle\r\nYtalo Freitas Fernandes Mestrado Sergio Luis Scombatti de Souza<\/pre>\n<p>&nbsp;<\/p>","protected":false},"excerpt":{"rendered":"<p>Sorry, this entry is only available in Portugu\u00eas do Brasil. For the sake of viewer [&hellip;]<\/p>\n","protected":false},"author":21792,"featured_media":0,"parent":0,"menu_order":0,"comment_status":"closed","ping_status":"closed","template":"","meta":{"footnotes":"","_links_to":"","_links_to_target":""},"class_list":["post-1048","page","type-page","status-publish","hentry"],"_links":{"self":[{"href":"https:\/\/sites.usp.br\/pgperioforp\/en\/wp-json\/wp\/v2\/pages\/1048","targetHints":{"allow":["GET"]}}],"collection":[{"href":"https:\/\/sites.usp.br\/pgperioforp\/en\/wp-json\/wp\/v2\/pages"}],"about":[{"href":"https:\/\/sites.usp.br\/pgperioforp\/en\/wp-json\/wp\/v2\/types\/page"}],"author":[{"embeddable":true,"href":"https:\/\/sites.usp.br\/pgperioforp\/en\/wp-json\/wp\/v2\/users\/21792"}],"replies":[{"embeddable":true,"href":"https:\/\/sites.usp.br\/pgperioforp\/en\/wp-json\/wp\/v2\/comments?post=1048"}],"version-history":[{"count":4,"href":"https:\/\/sites.usp.br\/pgperioforp\/en\/wp-json\/wp\/v2\/pages\/1048\/revisions"}],"predecessor-version":[{"id":1072,"href":"https:\/\/sites.usp.br\/pgperioforp\/en\/wp-json\/wp\/v2\/pages\/1048\/revisions\/1072"}],"wp:attachment":[{"href":"https:\/\/sites.usp.br\/pgperioforp\/en\/wp-json\/wp\/v2\/media?parent=1048"}],"curies":[{"name":"wp","href":"https:\/\/api.w.org\/{rel}","templated":true}]}}