{"id":283,"date":"2016-05-02T15:25:09","date_gmt":"2016-05-02T18:25:09","guid":{"rendered":"http:\/\/sites.usp.br\/pgperioforp\/?page_id=283"},"modified":"2020-03-21T14:58:25","modified_gmt":"2020-03-21T17:58:25","slug":"o-programa","status":"publish","type":"page","link":"https:\/\/sites.usp.br\/pgperioforp\/en\/o-programa\/","title":{"rendered":"(Portugu\u00eas do Brasil) O Programa"},"content":{"rendered":"<p class=\"qtranxs-available-languages-message qtranxs-available-languages-message-en\">Sorry, this entry is only available in <a href=\"https:\/\/sites.usp.br\/pgperioforp\/pb\/wp-json\/wp\/v2\/pages\/283\" class=\"qtranxs-available-language-link qtranxs-available-language-link-pb\" title=\"Portugu\u00eas do Brasil\">Portugu\u00eas do Brasil<\/a>. For the sake of viewer convenience, the content is shown below in the alternative language. You may click the link to switch the active language.<\/p><p>O Programa de P\u00f3s-Gradua\u00e7\u00e3o em Odontologia \u2013 Periodontia da Faculdade de Odontologia de Ribeir\u00e3o Preto da Universidade de S\u00e3o Paulo, criado em 1998, tem conceito 5 na Avalia\u00e7\u00e3o da <a href=\"https:\/\/www.capes.gov.br\/cursos-recomendados\">CAPES<\/a>.<\/p>\n<p>Oferece os Cursos de Mestrado e Doutorado nas \u00e1reas de Periodontia e Cirurgia Buco-Maxilo-Facial<\/p>\n<p>&nbsp;<\/p>","protected":false},"excerpt":{"rendered":"<p>Sorry, this entry is only available in Portugu\u00eas do Brasil. For the sake of viewer [&hellip;]<\/p>\n","protected":false},"author":207,"featured_media":0,"parent":0,"menu_order":0,"comment_status":"closed","ping_status":"closed","template":"","meta":{"footnotes":"","_links_to":"","_links_to_target":""},"class_list":["post-283","page","type-page","status-publish","hentry"],"_links":{"self":[{"href":"https:\/\/sites.usp.br\/pgperioforp\/en\/wp-json\/wp\/v2\/pages\/283","targetHints":{"allow":["GET"]}}],"collection":[{"href":"https:\/\/sites.usp.br\/pgperioforp\/en\/wp-json\/wp\/v2\/pages"}],"about":[{"href":"https:\/\/sites.usp.br\/pgperioforp\/en\/wp-json\/wp\/v2\/types\/page"}],"author":[{"embeddable":true,"href":"https:\/\/sites.usp.br\/pgperioforp\/en\/wp-json\/wp\/v2\/users\/207"}],"replies":[{"embeddable":true,"href":"https:\/\/sites.usp.br\/pgperioforp\/en\/wp-json\/wp\/v2\/comments?post=283"}],"version-history":[{"count":4,"href":"https:\/\/sites.usp.br\/pgperioforp\/en\/wp-json\/wp\/v2\/pages\/283\/revisions"}],"predecessor-version":[{"id":649,"href":"https:\/\/sites.usp.br\/pgperioforp\/en\/wp-json\/wp\/v2\/pages\/283\/revisions\/649"}],"wp:attachment":[{"href":"https:\/\/sites.usp.br\/pgperioforp\/en\/wp-json\/wp\/v2\/media?parent=283"}],"curies":[{"name":"wp","href":"https:\/\/api.w.org\/{rel}","templated":true}]}}