{"id":358,"date":"2016-05-05T14:48:32","date_gmt":"2016-05-05T17:48:32","guid":{"rendered":"http:\/\/sites.usp.br\/pgperioforp\/?page_id=358"},"modified":"2021-02-08T10:13:11","modified_gmt":"2021-02-08T13:13:11","slug":"linhas-de-pesquisa","status":"publish","type":"page","link":"https:\/\/sites.usp.br\/pgperioforp\/en\/linhas-de-pesquisa\/","title":{"rendered":"Research Topics"},"content":{"rendered":"<p>&nbsp;<\/p>\n<div class=\"header\">\n<div class=\"fluid\">\u00a0Research Topics<\/div>\n<\/div>\n<div class=\"fluid pagina\">\n<p><a class=\"internas voltar\">&lt;&lt;&lt;<\/a><\/p>\n<p><span id=\"result_box\" lang=\"en\"><span title=\"CIRURGIA BUCO-MAXILO-FACIAL: \">ORAL MAXILO-FACIAL SURGERY:<\/span><\/span><\/p>\n<p><span title=\"1. An\u00e1lise cr\u00edtica dos fatores relacionados \u00e0 repara\u00e7\u00e3o \u00f3ssea \">1. Critical analysis of factors related to bone repair<\/span><\/p>\n<p><span title=\"Avalia\u00e7\u00e3o histomorfom\u00e9trica e qualitativa de interface osso-implante.\">Histomorphometric and qualitative evaluation of bone-implant interface. <\/span><span title=\"Avalia\u00e7\u00e3o &quot;in vivo&quot; e &quot;in vitro&quot; do reparo \u00f3sseo em osteotomias e fraturas faciais, assim como de testes laboratoriais de fixa\u00e7\u00e3o de fraturas \u00f3sseas e levantamentos epidemiol\u00f3gicos. \">Review &#8220;in vivo&#8221; and &#8220;in vitro&#8221; of bone repair in osteotomies and facial fractures, as well as laboratory tests fixation of bone fractures and epidemiological surveys.<\/span><\/p>\n<p>&nbsp;<\/p>\n<p><span title=\"2. Biocompatibilidade de materiais empregados como substitutos \u00f3sseos \">2. Biocompatibility of materials used as bone substitutes<\/span><\/p>\n<p><span title=\"Avalia\u00e7\u00e3o de novos materiais destinados \u00e0 aplica\u00e7\u00e3o cl\u00ednica como subst.\">Evaluation of new materials for clinical application as subst. <\/span><span title=\"\u00f3sseos, utilizando cultura de c\u00e9lulas ou de tecidos.\">bone using cultured cells or tissues. <\/span><span title=\"Estudo in vitro do meio biol\u00f3gico frente a materiais apresentando diferentes caracter\u00edsticas de composi\u00e7\u00e3o, estrura e superf\u00edcie. \">In vitro study of the biological medium facing materials having different composition characteristics, better structure and surface.<\/span><\/p>\n<p><span title=\"PERIODONTIA: \">PERIODONTICS:<\/span><\/p>\n<p><span title=\"1. Diagn\u00f3stico e tratamento n\u00e3o cir\u00fargico das doen\u00e7as periodontais relacionadas ou n\u00e3o a envolvimentos sist\u00eamicos \">1. Diagnosis and non-surgical treatment of periodontal diseases related or unrelated to systemic involvement<\/span><\/p>\n<p><span title=\"Analisar os novos recursos para diagn\u00f3stico e avalia\u00e7\u00e3o do tratamento do paciente, e avaliar, in vitro, os diferentes m\u00e9todos de instrument.\">Analyze the new features for the diagnosis and evaluation of patient care, and evaluate, in vitro, the different methods of instrument. <\/span><span title=\"radicular associados ou n\u00e3o a diferentes subst\u00e2ncias qu\u00edmicas, nas diferentes abordagens terap\u00eauticas peridontais \">root with or without different chemicals in different therapeutic approaches periodontal<\/span><\/p>\n<p>&nbsp;<\/p>\n<p><span title=\"2. Estudo cl\u00ednico e experimental de t\u00e9cnicas cir\u00fargicas e biomateriais nas \u00e1reas de Periodontia e Implantodontia \">2. Clinical and experimental study of biomaterials and surgical techniques in the fields of Periodontology and Implant Dentistry<\/span><\/p>\n<p><span title=\"O principal objetivo da presente linha de pesquisa \u00e9 o de avaliar diferentes materiais de enxertos, associados ou n\u00e3o a membranas biol\u00f3gicas, e rea\u00e7\u00e3o celular e tecidual \u00e0s superf\u00edcies de implantes, atrav\u00e9s de estudos &quot;in vitro&quot; e &quot;in vivo&quot;. \">The main objective of this line of research is to evaluate different materials grafts, with or without biological membranes, and cellular and tissue response to the implant surfaces, through studies &#8220;in vitro&#8221; and &#8220;in vivo&#8221;.<\/span><\/p>\n<p>&nbsp;<\/p>\n<p><span title=\"3. Estudo Cl\u00ednico e Experimental do Reparo de Tecidos Periodontais e Perimplantares \">3. Clinical and Experimental Study of Periodontal Tissue Repair and peri-implant<\/span><\/p>\n<p><span title=\"Estudo do processo de cicatriza\u00e7\u00e3o de cirurgias periodontais e tecidos perimplantares.\">Study the healing process of periodontal surgery and peri-implant tissues. <\/span><span title=\"Avalia\u00e7\u00f5es cl\u00ednica e histol\u00f3gica de t\u00e9cnicas cir\u00fargicas periodontais e para implantes associados ou n\u00e3o \u00e0 membranas biol\u00f3gicas e outros biomateriais.\">Clinical and histological evaluations of periodontal surgical techniques and implants associated or not with biological membranes and other biomaterials.<\/span><\/p>\n<\/div>\n<p><\/p>","protected":false},"excerpt":{"rendered":"<p>&nbsp; \u00a0Research Topics &lt;&lt;&lt; ORAL MAXILO-FACIAL SURGERY: 1. Critical analysis of factors related to bone [&hellip;]<\/p>\n","protected":false},"author":207,"featured_media":0,"parent":0,"menu_order":0,"comment_status":"closed","ping_status":"closed","template":"","meta":{"footnotes":"","_links_to":"","_links_to_target":""},"class_list":["post-358","page","type-page","status-publish","hentry"],"_links":{"self":[{"href":"https:\/\/sites.usp.br\/pgperioforp\/en\/wp-json\/wp\/v2\/pages\/358","targetHints":{"allow":["GET"]}}],"collection":[{"href":"https:\/\/sites.usp.br\/pgperioforp\/en\/wp-json\/wp\/v2\/pages"}],"about":[{"href":"https:\/\/sites.usp.br\/pgperioforp\/en\/wp-json\/wp\/v2\/types\/page"}],"author":[{"embeddable":true,"href":"https:\/\/sites.usp.br\/pgperioforp\/en\/wp-json\/wp\/v2\/users\/207"}],"replies":[{"embeddable":true,"href":"https:\/\/sites.usp.br\/pgperioforp\/en\/wp-json\/wp\/v2\/comments?post=358"}],"version-history":[{"count":4,"href":"https:\/\/sites.usp.br\/pgperioforp\/en\/wp-json\/wp\/v2\/pages\/358\/revisions"}],"predecessor-version":[{"id":1003,"href":"https:\/\/sites.usp.br\/pgperioforp\/en\/wp-json\/wp\/v2\/pages\/358\/revisions\/1003"}],"wp:attachment":[{"href":"https:\/\/sites.usp.br\/pgperioforp\/en\/wp-json\/wp\/v2\/media?parent=358"}],"curies":[{"name":"wp","href":"https:\/\/api.w.org\/{rel}","templated":true}]}}