{"id":394,"date":"2016-05-06T14:28:59","date_gmt":"2016-05-06T17:28:59","guid":{"rendered":"http:\/\/sites.usp.br\/pgperioforp\/?page_id=394"},"modified":"2020-03-22T13:37:07","modified_gmt":"2020-03-22T16:37:07","slug":"laboratorios","status":"publish","type":"page","link":"https:\/\/sites.usp.br\/pgperioforp\/en\/laboratorios\/","title":{"rendered":"LABORATORIES"},"content":{"rendered":"<p><span id=\"result_box\" lang=\"en\"><span title=\"O Departamento sede do Programa possui quatro laborat\u00f3rios onde s\u00e3o desenvolvidos os projetos de pesquisa e o treinamento em t\u00e9cnicas laboratoriais:\n\n\">The Department Program headquarters has four laboratories which are developed research projects and training in laboratory techniques:<\/p>\n<p><\/span><\/p>\n<p><span title=\"LABORAT\u00d3RIO DE BIOLOGIA MOLECULAR:\n\n\">MOLECULAR BIOLOGY LAB:<\/span><\/p>\n<p><span title=\"Criado em 2005 com o objetivo de avaliar a express\u00e3o de genes e prote\u00ednas utilizando ferramentas de biologia molecular em projetos in vitro e in vivo relacionados \u00e0s \u00e1reas de Periodontia e Cirurgia Buco-Maxilo-Facial.\n\n\">Created in 2005 in order to evaluate the expression of genes and proteins using molecular biology tools in projects in vitro and in vivo related to the areas of Periodontology and Oral and Maxillofacial Surgery.<\/p>\n<p><\/span><\/p>\n<p><span title=\"LABORAT\u00d3RIO DE CULTURA DE C\u00c9LULAS:\n\n\">CELL CULTURE LAB:<\/span><\/p>\n<p><span title=\"Criado em 1999 com o objetivo de investigar a biologia do tecido \u00f3sseo e a intera\u00e7\u00e3o de osteoblastos e osteoclastos com biomateriais utilizados como implantes em tecido \u00f3sseo.\n\n\">Created in 1999 with the objective of investigating the biology of bone and osteoblasts and osteoclasts interaction with biomaterials used as bone implants.<\/p>\n<p><\/span><\/p>\n<p><span title=\"LABORAT\u00d3RIO DE HISTOLOGIA:\n\n\">HISTOLOGY LABORATORY:<\/span><\/p>\n<p><span title=\"Criado em 1998 com o objetivo de preparar cortes histol\u00f3gicos de metais e tecidos duros para serem utilizados em avalia\u00e7\u00f5es por meio de microscopia de luz.\n\n\">Created in 1998 with the objective of preparing tissue sections from metals and hard tissue for use in reviews by light microscopy.<\/p>\n<p><\/span><\/p>\n<p><span title=\"LAB 3D BIO - Laborat\u00f3rio Multiusu\u00e1rio para An\u00e1lises de Imagens Tridimensionais de Tecidos Biol\u00f3gicos e Biomateriais\n\n\">3D BIO LAB &#8211; Multi-user laboratory for three-dimensional images Analysis of Biological Tissues and Biomaterials<\/span><\/p>\n<p><span title=\"Criado em 2010 com o objetivo de analisar por microtomografia computadorizada e microscopia de luz a intera\u00e7\u00e3o do tecido \u00f3sseo com biomateriais utilizados como implantes em tecido \u00f3sseo.\n\n\">Created in 2010 with the objective of analyzing computed microtomography and light microscopy interaction of bone tissue with biomaterials used as bone implants.<\/span><\/p>\n<p><span title=\"para mais informa\u00e7\u00f5es sobre o LAB 3D BIO acesse o link:\n\n\">for more information about the 3D LAB BIO visit the link:<\/span><\/p>\n<p><span title=\"http:\/\/www.forp.usp.br\/departamentos-mainmenu-28\/803.html\">http:\/\/www.forp.usp.br\/departamentos-mainmenu-28\/803.html<\/span><\/span><\/p>","protected":false},"excerpt":{"rendered":"<p>The Department Program headquarters has four laboratories which are developed research projects and training in [&hellip;]<\/p>\n","protected":false},"author":207,"featured_media":0,"parent":0,"menu_order":0,"comment_status":"closed","ping_status":"closed","template":"","meta":{"footnotes":"","_links_to":"","_links_to_target":""},"class_list":["post-394","page","type-page","status-publish","hentry"],"_links":{"self":[{"href":"https:\/\/sites.usp.br\/pgperioforp\/en\/wp-json\/wp\/v2\/pages\/394","targetHints":{"allow":["GET"]}}],"collection":[{"href":"https:\/\/sites.usp.br\/pgperioforp\/en\/wp-json\/wp\/v2\/pages"}],"about":[{"href":"https:\/\/sites.usp.br\/pgperioforp\/en\/wp-json\/wp\/v2\/types\/page"}],"author":[{"embeddable":true,"href":"https:\/\/sites.usp.br\/pgperioforp\/en\/wp-json\/wp\/v2\/users\/207"}],"replies":[{"embeddable":true,"href":"https:\/\/sites.usp.br\/pgperioforp\/en\/wp-json\/wp\/v2\/comments?post=394"}],"version-history":[{"count":4,"href":"https:\/\/sites.usp.br\/pgperioforp\/en\/wp-json\/wp\/v2\/pages\/394\/revisions"}],"predecessor-version":[{"id":814,"href":"https:\/\/sites.usp.br\/pgperioforp\/en\/wp-json\/wp\/v2\/pages\/394\/revisions\/814"}],"wp:attachment":[{"href":"https:\/\/sites.usp.br\/pgperioforp\/en\/wp-json\/wp\/v2\/media?parent=394"}],"curies":[{"name":"wp","href":"https:\/\/api.w.org\/{rel}","templated":true}]}}