{"id":1023,"date":"2021-05-24T16:55:07","date_gmt":"2021-05-24T19:55:07","guid":{"rendered":"https:\/\/sites.usp.br\/pgperioforp\/?page_id=1023"},"modified":"2021-05-31T14:57:48","modified_gmt":"2021-05-31T17:57:48","slug":"a-cidade-ribeirao-preto","status":"publish","type":"page","link":"https:\/\/sites.usp.br\/pgperioforp\/es\/a-cidade-ribeirao-preto\/","title":{"rendered":"A Cidade &#8211; Ribeir\u00e3o Preto"},"content":{"rendered":"<p class=\"qtranxs-available-languages-message qtranxs-available-languages-message-es\">Disculpa, pero esta entrada est\u00e1 disponible s\u00f3lo en <a href=\"https:\/\/sites.usp.br\/pgperioforp\/pb\/wp-json\/wp\/v2\/pages\/1023\" class=\"qtranxs-available-language-link qtranxs-available-language-link-pb\" title=\"Portugu\u00eas do Brasil\">Portugu\u00eas do Brasil<\/a>. For the sake of viewer convenience, the content is shown below in the alternative language. You may click the link to switch the active language.<\/p><p>Ribeir\u00e3o Preto \u00e9 chamada de Cidade Metr\u00f3pole e Capital do Agroneg\u00f3cio. Ribeir\u00e3o Preto \u00e9 a nona cidade mais populosa do pa\u00eds e a s\u00e9tima maior do Estado de S\u00e3o Paulo. Localizada a cerca de 315 km da capital do Estado de S\u00e3o Paulo, a cidade \u00e9 muito procurada por fam\u00edlias, estudantes universit\u00e1rios \u2013 tanto na gradua\u00e7\u00e3o quanto na p\u00f3s-gradua\u00e7\u00e3o por causa da seguran\u00e7a, das boas condi\u00e7\u00f5es de vida social, na gera\u00e7\u00e3o de emprego e renda. O \u00cdndice de Desenvolvimento Humano (IDH) \u00e9 um dos melhores no Estado, 0,800 de um intervalo de 0 a 1. Tal pontua\u00e7\u00e3o significa que o IDH do local \u00e9 alto.<\/p>\n<p>Valores atualizados de moradia, transporte e alimenta\u00e7\u00e3o podem ser consultado no link:<br \/>\n<a href=\"http:\/\/www.custodevida.com.br\/sp\/ribeirao-preto\/\" rel=\"noopener\" target=\"_blank\">http:\/\/www.custodevida.com.br\/sp\/ribeirao-preto\/<\/a><\/p>\n<p>Mais informa\u00e7\u00f5es sobre o Campus USP podem ser encontradas no link:<br \/>\n<a href=\"https:\/\/www.prefeiturarp.usp.br\/\" rel=\"noopener\" target=\"_blank\">https:\/\/www.prefeiturarp.usp.br\/<\/a><br \/>\n<\/p>","protected":false},"excerpt":{"rendered":"<p>Disculpa, pero esta entrada est\u00e1 disponible s\u00f3lo en Portugu\u00eas do Brasil. For the sake of [&hellip;]<\/p>\n","protected":false},"author":21792,"featured_media":0,"parent":0,"menu_order":0,"comment_status":"closed","ping_status":"closed","template":"","meta":{"footnotes":"","_links_to":"","_links_to_target":""},"class_list":["post-1023","page","type-page","status-publish","hentry"],"_links":{"self":[{"href":"https:\/\/sites.usp.br\/pgperioforp\/es\/wp-json\/wp\/v2\/pages\/1023","targetHints":{"allow":["GET"]}}],"collection":[{"href":"https:\/\/sites.usp.br\/pgperioforp\/es\/wp-json\/wp\/v2\/pages"}],"about":[{"href":"https:\/\/sites.usp.br\/pgperioforp\/es\/wp-json\/wp\/v2\/types\/page"}],"author":[{"embeddable":true,"href":"https:\/\/sites.usp.br\/pgperioforp\/es\/wp-json\/wp\/v2\/users\/21792"}],"replies":[{"embeddable":true,"href":"https:\/\/sites.usp.br\/pgperioforp\/es\/wp-json\/wp\/v2\/comments?post=1023"}],"version-history":[{"count":2,"href":"https:\/\/sites.usp.br\/pgperioforp\/es\/wp-json\/wp\/v2\/pages\/1023\/revisions"}],"predecessor-version":[{"id":1029,"href":"https:\/\/sites.usp.br\/pgperioforp\/es\/wp-json\/wp\/v2\/pages\/1023\/revisions\/1029"}],"wp:attachment":[{"href":"https:\/\/sites.usp.br\/pgperioforp\/es\/wp-json\/wp\/v2\/media?parent=1023"}],"curies":[{"name":"wp","href":"https:\/\/api.w.org\/{rel}","templated":true}]}}