{"id":320,"date":"2016-05-05T08:25:19","date_gmt":"2016-05-05T11:25:19","guid":{"rendered":"http:\/\/sites.usp.br\/pgperioforp\/?page_id=320"},"modified":"2025-12-08T16:48:56","modified_gmt":"2025-12-08T19:48:56","slug":"comissao-coordenadora","status":"publish","type":"page","link":"https:\/\/sites.usp.br\/pgperioforp\/es\/comissao-coordenadora\/","title":{"rendered":"Comit\u00e9 de Coordinaci\u00f3n"},"content":{"rendered":"<p> Comit\u00e9 de Coordinaci\u00f3n:<\/p>\n<p>TITULAR: Sergio Luis Scombatti de Souza (plazo: 10\/20\/2015 al 10\/19\/2017) (Coordinador)<\/p>\n<p>                    ALTERNOS: Michel Reis Messora<\/p>\n<p>TITULAR: Arthur Belem Novaes Junior: (. Supl Coord) (plazo 10\/20\/2015 al 10\/19\/2017).<\/p>\n<p>                    ALTERNOS:  Mario Taba Junior<\/p>\n<p>TITULAR: Adalberto Luiz Rosa (plazo: 10\/20\/2015 a 10\/19\/2017)<\/p>\n<p>                    ALTERNOS: Cassio Edvard Sverzut <\/p>\n<p>TITULAR: Paula Gabriela Faciola Pess\u00f4a de Oliveira (plazo: 03\/21\/2015 al 03\/20\/2016) (Estudiante)<\/p>\n<p>                    ALTERNOS: Emanuela Prado Ferraz<\/p>\n<p>SECRETARIO: Maria Isabel Gobbo Simonetti<br \/>\n  16. 3315 hasta 4788 ppg.perio@usp.br<\/p>","protected":false},"excerpt":{"rendered":"<p>Comit\u00e9 de Coordinaci\u00f3n: TITULAR: Sergio Luis Scombatti de Souza (plazo: 10\/20\/2015 al 10\/19\/2017) (Coordinador) ALTERNOS: [&hellip;]<\/p>\n","protected":false},"author":207,"featured_media":0,"parent":0,"menu_order":0,"comment_status":"closed","ping_status":"closed","template":"","meta":{"footnotes":"","_links_to":"","_links_to_target":""},"class_list":["post-320","page","type-page","status-publish","hentry"],"_links":{"self":[{"href":"https:\/\/sites.usp.br\/pgperioforp\/es\/wp-json\/wp\/v2\/pages\/320","targetHints":{"allow":["GET"]}}],"collection":[{"href":"https:\/\/sites.usp.br\/pgperioforp\/es\/wp-json\/wp\/v2\/pages"}],"about":[{"href":"https:\/\/sites.usp.br\/pgperioforp\/es\/wp-json\/wp\/v2\/types\/page"}],"author":[{"embeddable":true,"href":"https:\/\/sites.usp.br\/pgperioforp\/es\/wp-json\/wp\/v2\/users\/207"}],"replies":[{"embeddable":true,"href":"https:\/\/sites.usp.br\/pgperioforp\/es\/wp-json\/wp\/v2\/comments?post=320"}],"version-history":[{"count":5,"href":"https:\/\/sites.usp.br\/pgperioforp\/es\/wp-json\/wp\/v2\/pages\/320\/revisions"}],"predecessor-version":[{"id":1352,"href":"https:\/\/sites.usp.br\/pgperioforp\/es\/wp-json\/wp\/v2\/pages\/320\/revisions\/1352"}],"wp:attachment":[{"href":"https:\/\/sites.usp.br\/pgperioforp\/es\/wp-json\/wp\/v2\/media?parent=320"}],"curies":[{"name":"wp","href":"https:\/\/api.w.org\/{rel}","templated":true}]}}