{"id":323,"date":"2016-05-05T11:10:03","date_gmt":"2016-05-05T14:10:03","guid":{"rendered":"http:\/\/sites.usp.br\/pgperioforp\/?page_id=323"},"modified":"2016-05-05T11:10:03","modified_gmt":"2016-05-05T14:10:03","slug":"admissao","status":"publish","type":"page","link":"https:\/\/sites.usp.br\/pgperioforp\/es\/admissao\/","title":{"rendered":"Criterios y Procedimientos"},"content":{"rendered":"<p> Requisitos para el Maestro<\/p>\n<p>Los candidatos a la Maestr\u00eda deben demostrar conocimientos te\u00f3ricos \/ anterior cl\u00ednica en el \u00e1rea deseada de especializaci\u00f3n: Periodoncia y Cirug\u00eda Oral y Maxilofacial. Ser\u00e1 evaluado en eliminatorio y clasificatorio a trav\u00e9s de una prueba de escritura (peso 5, redondo y de clasificaci\u00f3n), An\u00e1lisis de su Curriculum Vitae (peso 4, partido de clasificaci\u00f3n), y una acusaci\u00f3n Curriculum Vitae Oral (peso 1, clasificaci\u00f3n) . Se considerar\u00e1 aprobado el candidato que obtiene una puntuaci\u00f3n m\u00ednima 5.0 al final del proceso de selecci\u00f3n.<\/p>\n<p>Requisitos para el Doctorado<\/p>\n<p>Los candidatos al curso de doctorado deben tener formaci\u00f3n cient\u00edfica y acad\u00e9mica en el \u00e1rea deseada de especializaci\u00f3n. Ser\u00e1 evaluado en eliminatorio y clasificatorio a trav\u00e9s de prueba escrita (peso 3 vueltas y clasificaci\u00f3n), An\u00e1lisis de Proyectos de Investigaci\u00f3n (peso 3, redondo y de clasificaci\u00f3n), Plan de Estudios de An\u00e1lisis (peso 3, la clasificaci\u00f3n) y la acusaci\u00f3n Curriculum Vitae Oral (1 peso, clasificaci\u00f3n). El candidato que obtenga un promedio final igual a 5,0 o superior se considerar\u00e1 aprobada en el proceso de selecci\u00f3n.<\/p>\n<p>Requisitos para directo Doctorado<\/p>\n<p>Los candidatos para el Programa de Doctorado Directo deben demostrar conocimientos te\u00f3ricos \/ anterior cl\u00ednica, as\u00ed como las habilidades cient\u00edficas y acad\u00e9micas en el \u00e1rea deseada de especializaci\u00f3n. Ser\u00e1 evaluado en eliminatorio y clasificatorio a trav\u00e9s de prueba escrita (peso 3 vueltas y clasificaci\u00f3n), An\u00e1lisis de Proyectos de Investigaci\u00f3n (peso 3, redondo y de clasificaci\u00f3n), Plan de Estudios de An\u00e1lisis (peso 3, la clasificaci\u00f3n) y la acusaci\u00f3n oral del Proyecto Investigaci\u00f3n (1 peso, clasificaci\u00f3n). Adem\u00e1s, se requerir\u00e1 la prueba candidato directo Curso de Doctorado de publicaci\u00f3n o art\u00edculos aceptados, como se describe en el punto IX.3, letra d, a saber :. publicaci\u00f3n de pruebas o aceptados, los 3 \u00faltimos a\u00f1os, de al Por lo menos cinco (5) art\u00edculos en revistas internacionales indexadas en PubMed por el estudiante graduado, al menos uno de los art\u00edculos con factor de impacto menor que 1, acompa\u00f1ada de una copia de los art\u00edculos;<\/p>\n<p>El candidato que obtenga un promedio final igual a 5,0 o superior se considerar\u00e1 aprobada en el proceso de selecci\u00f3n.<\/p>\n<p>Los documentos para el registro, el n\u00famero de plazas disponibles, la proporci\u00f3n de gu\u00eda, los temas y la bibliograf\u00eda dada para el proceso de selecci\u00f3n, el contenido y el momento de la finalizaci\u00f3n de la prueba escrita, incluir\u00e1n, en particular anuncio publicado en el Diario Oficial del Estado St. Paul y el sitio web del programa.<\/p>\n<p>La inscripci\u00f3n para los procesos de selecci\u00f3n debe ser llevada a cabo por el<\/p>\n<p>SERVICIO DESPU\u00c9S DE GRADUACI\u00d3N la FORP \/ USP<\/p>\n<p>16.3315-3955 \/ 3315-3971<\/p>\n<p>spg@forp.usp.br<\/p>\n<p>Programa de P\u00f3s-Gradua\u00e7\u00e3o em Odontologia (Periodontia)<\/p>","protected":false},"excerpt":{"rendered":"<p>Requisitos para el Maestro Los candidatos a la Maestr\u00eda deben demostrar conocimientos te\u00f3ricos \/ anterior [&hellip;]<\/p>\n","protected":false},"author":207,"featured_media":0,"parent":0,"menu_order":0,"comment_status":"closed","ping_status":"closed","template":"","meta":{"footnotes":"","_links_to":"","_links_to_target":""},"class_list":["post-323","page","type-page","status-publish","hentry"],"_links":{"self":[{"href":"https:\/\/sites.usp.br\/pgperioforp\/es\/wp-json\/wp\/v2\/pages\/323","targetHints":{"allow":["GET"]}}],"collection":[{"href":"https:\/\/sites.usp.br\/pgperioforp\/es\/wp-json\/wp\/v2\/pages"}],"about":[{"href":"https:\/\/sites.usp.br\/pgperioforp\/es\/wp-json\/wp\/v2\/types\/page"}],"author":[{"embeddable":true,"href":"https:\/\/sites.usp.br\/pgperioforp\/es\/wp-json\/wp\/v2\/users\/207"}],"replies":[{"embeddable":true,"href":"https:\/\/sites.usp.br\/pgperioforp\/es\/wp-json\/wp\/v2\/comments?post=323"}],"version-history":[{"count":2,"href":"https:\/\/sites.usp.br\/pgperioforp\/es\/wp-json\/wp\/v2\/pages\/323\/revisions"}],"predecessor-version":[{"id":678,"href":"https:\/\/sites.usp.br\/pgperioforp\/es\/wp-json\/wp\/v2\/pages\/323\/revisions\/678"}],"wp:attachment":[{"href":"https:\/\/sites.usp.br\/pgperioforp\/es\/wp-json\/wp\/v2\/media?parent=323"}],"curies":[{"name":"wp","href":"https:\/\/api.w.org\/{rel}","templated":true}]}}