{"id":339,"date":"2016-05-05T13:10:15","date_gmt":"2016-05-05T16:10:15","guid":{"rendered":"http:\/\/sites.usp.br\/pgperioforp\/?page_id=339"},"modified":"2020-03-20T23:49:37","modified_gmt":"2020-03-21T02:49:37","slug":"proximas-turmas","status":"publish","type":"page","link":"https:\/\/sites.usp.br\/pgperioforp\/es\/proximas-turmas\/","title":{"rendered":"Procesos de Selecci\u00f3n"},"content":{"rendered":"<p>Las inscripciones est\u00e1n abiertas para los cursos de m\u00e1ster en Cirug\u00eda y \u00c1reas Periodoncia<br \/>\ny doctorado en el \u00e1rea de Cirug\u00eda Oral y Maxilofacial.<\/p>\n<p>Para obtener m\u00e1s informaci\u00f3n, visite las carpetas de lanzamiento:<\/p>\n<p><a href=\"http:\/\/prpg.usp.br\/dcms\/uploads\/arquivos\/perioforp\/Informa%C3%A7%C3%B5es%20P.%20Seletivo%20ME%20Cirurgia%202016.jpg\">MESTRADO CIRURGIA<\/a><\/p>\n<p><a href=\"http:\/\/prpg.usp.br\/dcms\/uploads\/arquivos\/perioforp\/Informa%C3%A7%C3%B5es%20P.%20Seletivo%20DO%20PERIO%202016.jpg\">DOUTORADO PERIODONTIA<\/a><\/p>\n<p>\u00a0<\/p>\n<p>La inscripci\u00f3n para los procesos de selecci\u00f3n debe ser llevada a cabo por el<\/p>\n<p>SERVICIO DESPU\u00c9S DE GRADUACI\u00d3N la FORP \/ USP<\/p>\n<p>16.3315-3955 \/ 3315-3971<\/p>\n<p>spg@forp.usp.br<\/p>\n<p><a href=\"\/\/sites.usp.br\/pgperioforp\/wp-content\/uploads\/sites\/118\/2016\/05\/Formul\u00e1rio-Inscri\u00e7\u00e3o-Processos-Seletivos.doc\">Formul\u00e1rio Inscri\u00e7\u00e3o Processos Seletivos<\/a><\/p>","protected":false},"excerpt":{"rendered":"<p>Las inscripciones est\u00e1n abiertas para los cursos de m\u00e1ster en Cirug\u00eda y \u00c1reas Periodoncia y [&hellip;]<\/p>\n","protected":false},"author":207,"featured_media":0,"parent":0,"menu_order":0,"comment_status":"closed","ping_status":"closed","template":"","meta":{"footnotes":"","_links_to":"","_links_to_target":""},"class_list":["post-339","page","type-page","status-publish","hentry"],"_links":{"self":[{"href":"https:\/\/sites.usp.br\/pgperioforp\/es\/wp-json\/wp\/v2\/pages\/339","targetHints":{"allow":["GET"]}}],"collection":[{"href":"https:\/\/sites.usp.br\/pgperioforp\/es\/wp-json\/wp\/v2\/pages"}],"about":[{"href":"https:\/\/sites.usp.br\/pgperioforp\/es\/wp-json\/wp\/v2\/types\/page"}],"author":[{"embeddable":true,"href":"https:\/\/sites.usp.br\/pgperioforp\/es\/wp-json\/wp\/v2\/users\/207"}],"replies":[{"embeddable":true,"href":"https:\/\/sites.usp.br\/pgperioforp\/es\/wp-json\/wp\/v2\/comments?post=339"}],"version-history":[{"count":4,"href":"https:\/\/sites.usp.br\/pgperioforp\/es\/wp-json\/wp\/v2\/pages\/339\/revisions"}],"predecessor-version":[{"id":726,"href":"https:\/\/sites.usp.br\/pgperioforp\/es\/wp-json\/wp\/v2\/pages\/339\/revisions\/726"}],"wp:attachment":[{"href":"https:\/\/sites.usp.br\/pgperioforp\/es\/wp-json\/wp\/v2\/media?parent=339"}],"curies":[{"name":"wp","href":"https:\/\/api.w.org\/{rel}","templated":true}]}}