{"id":358,"date":"2016-05-05T14:48:32","date_gmt":"2016-05-05T17:48:32","guid":{"rendered":"http:\/\/sites.usp.br\/pgperioforp\/?page_id=358"},"modified":"2021-02-08T10:13:11","modified_gmt":"2021-02-08T13:13:11","slug":"linhas-de-pesquisa","status":"publish","type":"page","link":"https:\/\/sites.usp.br\/pgperioforp\/es\/linhas-de-pesquisa\/","title":{"rendered":"Temas de Investigaci\u00f3n"},"content":{"rendered":"<p><span id=\"result_box\" lang=\"es\"><span title=\"CIRURGIA BUCO-MAXILO-FACIAL:\n\n\">CIRUG\u00cdA Maxilofacial:<\/span><\/p>\n<p><span title=\"1. An\u00e1lise cr\u00edtica dos fatores relacionados \u00e0 repara\u00e7\u00e3o \u00f3ssea\n\n\">1. An\u00e1lisis cr\u00edtico de los factores relacionados con la reparaci\u00f3n \u00f3sea<\/span><\/p>\n<p><span title=\"Avalia\u00e7\u00e3o histomorfom\u00e9trica e qualitativa de interface osso-implante.\">Evaluaci\u00f3n histomorfom\u00e9trico y cualitativa de la interfaz hueso-implante. <\/span><span title=\"Avalia\u00e7\u00e3o &quot;in vivo&quot; e &quot;in vitro&quot; do reparo \u00f3sseo em osteotomias e fraturas faciais, assim como de testes laboratoriais de fixa\u00e7\u00e3o de fraturas \u00f3sseas e levantamentos epidemiol\u00f3gicos.\n\n\">La opini\u00f3n \u00abin vivo\u00bb e \u00abin vitro\u00bb de la reparaci\u00f3n \u00f3sea en las osteotom\u00edas y fracturas faciales, as\u00ed como las pruebas de laboratorio fijaci\u00f3n de fracturas \u00f3seas y estudios epidemiol\u00f3gicos.<\/span><\/p>\n<p><span title=\"2. Biocompatibilidade de materiais empregados como substitutos \u00f3sseos\n\n\">2. La biocompatibilidad de los materiales utilizados como sustitutos \u00f3seos<\/span><\/p>\n<p><span title=\"Avalia\u00e7\u00e3o de novos materiais destinados \u00e0 aplica\u00e7\u00e3o cl\u00ednica como subst.\">Evaluaci\u00f3n de nuevos materiales para la aplicaci\u00f3n cl\u00ednica como subst. <\/span><span title=\"\u00f3sseos, utilizando cultura de c\u00e9lulas ou de tecidos.\">hueso utilizando c\u00e9lulas o tejidos cultivados. <\/span><span title=\"Estudo in vitro do meio biol\u00f3gico frente a materiais apresentando diferentes caracter\u00edsticas de composi\u00e7\u00e3o, estrura e superf\u00edcie.\n\n\">Estudio in vitro del medio biol\u00f3gico frente a materiales que tienen diferentes caracter\u00edsticas de la composici\u00f3n, mejor estructura y superficie.<\/span><\/p>\n<p><span title=\"PERIODONTIA:\n\n\">PERIODONCIA:<\/span><\/p>\n<p><span title=\"1. Diagn\u00f3stico e tratamento n\u00e3o cir\u00fargico das doen\u00e7as periodontais relacionadas ou n\u00e3o a envolvimentos sist\u00eamicos\n\n\">1. Diagn\u00f3stico y tratamiento no quir\u00fargico de las enfermedades periodontales relacionadas o no relacionadas con afectaci\u00f3n sist\u00e9mica<\/span><\/p>\n<p><span title=\"Analisar os novos recursos para diagn\u00f3stico e avalia\u00e7\u00e3o do tratamento do paciente, e avaliar, in vitro, os diferentes m\u00e9todos de instrument.\">Analizar las nuevas caracter\u00edsticas para el diagn\u00f3stico y evaluaci\u00f3n de la atenci\u00f3n al paciente, y evaluar, in vitro, los diferentes m\u00e9todos de instrumento. <\/span><span title=\"radicular associados ou n\u00e3o a diferentes subst\u00e2ncias qu\u00edmicas, nas diferentes abordagens terap\u00eauticas peridontais\n\n\">ra\u00edz con o sin productos qu\u00edmicos diferentes en diferentes terap\u00e9utica se acerca periodontal<\/span><\/p>\n<p><span title=\"2. Estudo cl\u00ednico e experimental de t\u00e9cnicas cir\u00fargicas e biomateriais nas \u00e1reas de Periodontia e Implantodontia\n\n\">2. Estudio cl\u00ednico y experimental de los biomateriales y t\u00e9cnicas quir\u00fargicas en los campos de Periodoncia e Implantolog\u00eda<\/span><\/p>\n<p><span title=\"O principal objetivo da presente linha de pesquisa \u00e9 o de avaliar diferentes materiais de enxertos, associados ou n\u00e3o a membranas biol\u00f3gicas, e rea\u00e7\u00e3o celular e tecidual \u00e0s superf\u00edcies de implantes, atrav\u00e9s de estudos &quot;in vitro&quot; e &quot;in vivo&quot;.\n\n\">El objetivo principal de esta l\u00ednea de investigaci\u00f3n es evaluar diferentes materiales de injertos, con o sin membranas biol\u00f3gicas, y la respuesta celular y tisular a las superficies de los implantes, a trav\u00e9s de estudios \u00abin vitro\u00bb e \u00abin vivo\u00bb.<\/span><\/p>\n<p><span title=\"3. Estudo Cl\u00ednico e Experimental do Reparo de Tecidos Periodontais e Perimplantares\n\n\">3. Cl\u00ednica y Experimental de Estudio periodontal reparaci\u00f3n de tejidos y peri-implante<\/span><\/p>\n<p><span title=\"Estudo do processo de cicatriza\u00e7\u00e3o de cirurgias periodontais e tecidos perimplantares.\">Estudiar el proceso de cicatrizaci\u00f3n de la cirug\u00eda periodontal y tejidos peri-implante. <\/span><span title=\"Avalia\u00e7\u00f5es cl\u00ednica e histol\u00f3gica de t\u00e9cnicas cir\u00fargicas periodontais e para implantes associados ou n\u00e3o \u00e0 membranas biol\u00f3gicas e outros biomateriais.\">Las evaluaciones cl\u00ednicas e histol\u00f3gicas de t\u00e9cnicas quir\u00fargicas periodontales e implantes asociados o no con las membranas biol\u00f3gicas y otros biomateriales.<\/span><\/span><\/p>","protected":false},"excerpt":{"rendered":"<p>CIRUG\u00cdA Maxilofacial: 1. An\u00e1lisis cr\u00edtico de los factores relacionados con la reparaci\u00f3n \u00f3sea Evaluaci\u00f3n histomorfom\u00e9trico [&hellip;]<\/p>\n","protected":false},"author":207,"featured_media":0,"parent":0,"menu_order":0,"comment_status":"closed","ping_status":"closed","template":"","meta":{"footnotes":"","_links_to":"","_links_to_target":""},"class_list":["post-358","page","type-page","status-publish","hentry"],"_links":{"self":[{"href":"https:\/\/sites.usp.br\/pgperioforp\/es\/wp-json\/wp\/v2\/pages\/358","targetHints":{"allow":["GET"]}}],"collection":[{"href":"https:\/\/sites.usp.br\/pgperioforp\/es\/wp-json\/wp\/v2\/pages"}],"about":[{"href":"https:\/\/sites.usp.br\/pgperioforp\/es\/wp-json\/wp\/v2\/types\/page"}],"author":[{"embeddable":true,"href":"https:\/\/sites.usp.br\/pgperioforp\/es\/wp-json\/wp\/v2\/users\/207"}],"replies":[{"embeddable":true,"href":"https:\/\/sites.usp.br\/pgperioforp\/es\/wp-json\/wp\/v2\/comments?post=358"}],"version-history":[{"count":4,"href":"https:\/\/sites.usp.br\/pgperioforp\/es\/wp-json\/wp\/v2\/pages\/358\/revisions"}],"predecessor-version":[{"id":1003,"href":"https:\/\/sites.usp.br\/pgperioforp\/es\/wp-json\/wp\/v2\/pages\/358\/revisions\/1003"}],"wp:attachment":[{"href":"https:\/\/sites.usp.br\/pgperioforp\/es\/wp-json\/wp\/v2\/media?parent=358"}],"curies":[{"name":"wp","href":"https:\/\/api.w.org\/{rel}","templated":true}]}}