{"id":394,"date":"2016-05-06T14:28:59","date_gmt":"2016-05-06T17:28:59","guid":{"rendered":"http:\/\/sites.usp.br\/pgperioforp\/?page_id=394"},"modified":"2020-03-22T13:37:07","modified_gmt":"2020-03-22T16:37:07","slug":"laboratorios","status":"publish","type":"page","link":"https:\/\/sites.usp.br\/pgperioforp\/es\/laboratorios\/","title":{"rendered":"LABORATORIO"},"content":{"rendered":"<p><span id=\"result_box\" lang=\"es\"><span title=\"O Departamento sede do Programa possui quatro laborat\u00f3rios onde s\u00e3o desenvolvidos os projetos de pesquisa e o treinamento em t\u00e9cnicas laboratoriais:\n\n\">La sede Programa Departamento cuenta con cuatro laboratorios que se desarrollan proyectos de investigaci\u00f3n y formaci\u00f3n en t\u00e9cnicas de laboratorio:<\/p>\n<p><\/span><\/p>\n<p><span title=\"LABORAT\u00d3RIO DE BIOLOGIA MOLECULAR:\n\n\">MOLECULAR BIOLOG\u00cdA LAB:<\/span><\/p>\n<p><span title=\"Criado em 2005 com o objetivo de avaliar a express\u00e3o de genes e prote\u00ednas utilizando ferramentas de biologia molecular em projetos in vitro e in vivo relacionados \u00e0s \u00e1reas de Periodontia e Cirurgia Buco-Maxilo-Facial.\n\n\">Creado en 2005 con el fin de evaluar la expresi\u00f3n de genes y prote\u00ednas utilizando herramientas de biolog\u00eda molecular en proyectos in vitro e in vivo en relaci\u00f3n con las \u00e1reas de Periodoncia y Cirug\u00eda Oral y Maxilofacial.<\/p>\n<p><\/span><\/p>\n<p><span title=\"LABORAT\u00d3RIO DE CULTURA DE C\u00c9LULAS:\n\n\">CULTURA CELULAR LAB:<\/span><\/p>\n<p><span title=\"Criado em 1999 com o objetivo de investigar a biologia do tecido \u00f3sseo e a intera\u00e7\u00e3o de osteoblastos e osteoclastos com biomateriais utilizados como implantes em tecido \u00f3sseo.\n\n\">Creado en 1999 con el objetivo de investigar la biolog\u00eda del hueso y los osteoblastos y los osteoclastos interacci\u00f3n con biomateriales utilizados como implantes \u00f3seos.<\/p>\n<p><\/span><\/p>\n<p><span title=\"LABORAT\u00d3RIO DE HISTOLOGIA:\n\n\">HISTOLOG\u00cdA DE LABORATORIO:<\/span><\/p>\n<p><span title=\"Criado em 1998 com o objetivo de preparar cortes histol\u00f3gicos de metais e tecidos duros para serem utilizados em avalia\u00e7\u00f5es por meio de microscopia de luz.\n\n\">Creado en 1998 con el objetivo de preparar las secciones de tejido de metales y tejidos duros para el uso en los ex\u00e1menes por microscop\u00eda de luz.<\/p>\n<p><\/span><\/p>\n<p><span title=\"LAB 3D BIO - Laborat\u00f3rio Multiusu\u00e1rio para An\u00e1lises de Imagens Tridimensionais de Tecidos Biol\u00f3gicos e Biomateriais\n\n\">3D BIO LAB &#8211; Laboratorio Multi-usuario para im\u00e1genes en tres dimensiones de an\u00e1lisis de tejidos biol\u00f3gicos y biomateriales<\/span><\/p>\n<p><span title=\"Criado em 2010 com o objetivo de analisar por microtomografia computadorizada e microscopia de luz a intera\u00e7\u00e3o do tecido \u00f3sseo com biomateriais utilizados como implantes em tecido \u00f3sseo.\n\n\">Creado en 2010 con el objetivo de analizar microtomograf\u00eda computarizada y la interacci\u00f3n microscop\u00eda de luz de tejido \u00f3seo con biomateriales utilizados como implantes \u00f3seos.<\/span><\/p>\n<p><span title=\"para mais informa\u00e7\u00f5es sobre o LAB 3D BIO acesse o link:\n\n\">Para obtener m\u00e1s informaci\u00f3n acerca de la 3D LAB BIO visite el enlace:<\/span><\/p>\n<p><span title=\"http:\/\/www.forp.usp.br\/departamentos-mainmenu-28\/803.html\">http:\/\/www.forp.usp.br\/departamentos-mainmenu-28\/803.html<\/span><\/span><\/p>","protected":false},"excerpt":{"rendered":"<p>La sede Programa Departamento cuenta con cuatro laboratorios que se desarrollan proyectos de investigaci\u00f3n y [&hellip;]<\/p>\n","protected":false},"author":207,"featured_media":0,"parent":0,"menu_order":0,"comment_status":"closed","ping_status":"closed","template":"","meta":{"footnotes":"","_links_to":"","_links_to_target":""},"class_list":["post-394","page","type-page","status-publish","hentry"],"_links":{"self":[{"href":"https:\/\/sites.usp.br\/pgperioforp\/es\/wp-json\/wp\/v2\/pages\/394","targetHints":{"allow":["GET"]}}],"collection":[{"href":"https:\/\/sites.usp.br\/pgperioforp\/es\/wp-json\/wp\/v2\/pages"}],"about":[{"href":"https:\/\/sites.usp.br\/pgperioforp\/es\/wp-json\/wp\/v2\/types\/page"}],"author":[{"embeddable":true,"href":"https:\/\/sites.usp.br\/pgperioforp\/es\/wp-json\/wp\/v2\/users\/207"}],"replies":[{"embeddable":true,"href":"https:\/\/sites.usp.br\/pgperioforp\/es\/wp-json\/wp\/v2\/comments?post=394"}],"version-history":[{"count":4,"href":"https:\/\/sites.usp.br\/pgperioforp\/es\/wp-json\/wp\/v2\/pages\/394\/revisions"}],"predecessor-version":[{"id":814,"href":"https:\/\/sites.usp.br\/pgperioforp\/es\/wp-json\/wp\/v2\/pages\/394\/revisions\/814"}],"wp:attachment":[{"href":"https:\/\/sites.usp.br\/pgperioforp\/es\/wp-json\/wp\/v2\/media?parent=394"}],"curies":[{"name":"wp","href":"https:\/\/api.w.org\/{rel}","templated":true}]}}