{"id":417,"date":"2016-05-06T14:48:12","date_gmt":"2016-05-06T17:48:12","guid":{"rendered":"http:\/\/sites.usp.br\/pgperioforp\/?page_id=417"},"modified":"2021-01-08T20:00:09","modified_gmt":"2021-01-08T23:00:09","slug":"proficiencia-de-lingua-estrangeira","status":"publish","type":"page","link":"https:\/\/sites.usp.br\/pgperioforp\/es\/proficiencia-de-lingua-estrangeira\/","title":{"rendered":"Dominio de lenguas extranjeras"},"content":{"rendered":"<p><span id=\"result_box\" lang=\"es\"><span title=\"Todos os estudantes dever\u00e3o demonstrar profici\u00eancia em ingl\u00eas, tanto para o Mestrado quanto para o Doutorado.\n\n\">Todos los estudiantes deben demostrar su destreza en Ingl\u00e9s, tanto para el maestro como para el Doctorado.<\/p>\n<p><\/span><\/p>\n<p><span title=\"Para verificar a profici\u00eancia em l\u00edngua estrangeira, o aluno dever\u00e1 apresentar certificado de uma das institui\u00e7\u00f5es reconhecidas pela CPG, com a pontua\u00e7\u00e3o m\u00ednima exigida para cada curso e realizado dentro do prazo de validade estipulado.\n\n\">Para comprobar el dominio de la lengua extranjera, el estudiante debe presentar un certificado por una instituci\u00f3n reconocida por el CPG, con la puntuaci\u00f3n m\u00ednima requerida para cada curso y realizado dentro de la fecha estipulada.<\/span><\/p>\n<p><span title=\"No Mestrado:\n\n\">Maestro:<\/span><\/p>\n<p><span title=\"a) TOEFL (Test of English as a Foreign Language):\n\n\">a) TOEFL (Examen de Ingl\u00e9s como Lengua Extranjera):<\/span><\/p>\n<p><span title=\"a.1) Tradicional - Paper-based \u2013 m\u00ednimo de 450 pontos \u2013 validade 2 anos\n\n\">a.1) Tradicional &#8211; Basado en Papel &#8211; un m\u00ednimo de 450 puntos &#8211; de validez 2 a\u00f1os<\/span><\/p>\n<p><span title=\"a.2) Tradicional - Computer-based (CBT) - m\u00ednimo de 135 pontos \u2013 validade 2 anos\n\n\">a.2) Tradicional &#8211; (CBT) basado en computadora &#8211; un m\u00ednimo de 135 puntos &#8211; de validez 2 a\u00f1os<\/span><\/p>\n<p><span title=\"a.3) Tradicional \u2013 Internet-based Teste (IBT) - m\u00ednimo de 45 pontos \u2013 validade 2 anos\n\n\">a.3) Tradicional &#8211; prueba basada en Internet (IBT) &#8211; un m\u00ednimo de 45 puntos &#8211; de validez 2 a\u00f1os<\/span><\/p>\n<p><span title=\"a.4) Institucional - Institutional Testing Program (ITP) - m\u00ednimo de 350 pontos \u2013 validade 2 anos\n\n\">a.4) Institucional &#8211; Programa de Pruebas Institucional (ITP) &#8211; un m\u00ednimo de 350 puntos &#8211; de validez 2 a\u00f1os<\/span><\/p>\n<p><span title=\"b) Cambridge FCE (First Certificate in English) \u2013 validade 5 anos\n\n\">b) Cambridge FCE (First Certificate in Espanhol) &#8211; la vida de 5 a\u00f1os<\/span><\/p>\n<p><span title=\"c) IELTS (International English Language Testing System) \u2013 m\u00ednimo de 4,5 pontos \u2013 validade 2 anos\n\n\">c) IELTS (Sistema Internacional de Evaluaci\u00f3n de Ingl\u00e9s Language) &#8211; m\u00ednimo de 4,5 puntos &#8211; de validez 2 a\u00f1os<\/span><\/p>\n<p><span title=\"d) TEAP (Test of English for Academic Purposes) - m\u00ednimo de 50 pontos \u2013 validade 2 anos\n\n\">d) PETE (Examen de Ingl\u00e9s para fines acad\u00e9micos) &#8211; m\u00ednimo de 50 puntos &#8211; de validez 2 a\u00f1os<\/p>\n<p><\/span><\/p>\n<p><span title=\"No Doutorado:\n\n\">Doctorado:<\/span><\/p>\n<p><span title=\"a) TOEFL (Test of English as a Foreign Language):\n\n\">a) TOEFL (Examen de Ingl\u00e9s como Lengua Extranjera):<\/span><\/p>\n<p><span title=\"a.1) Tradicional - Paper-based \u2013 m\u00ednimo de 550 pontos \u2013 validade 2 anos\n\n\">a.1) Tradicional &#8211; Basado en Papel &#8211; un m\u00ednimo de 550 puntos &#8211; de validez 2 a\u00f1os<\/span><\/p>\n<p><span title=\"a.2) Tradicional - Computer-based (CBT) - m\u00ednimo de 213 pontos \u2013 validade 2 anos\n\n\">a.2) Tradicional &#8211; (CBT) basado en computadora &#8211; un m\u00ednimo de 213 puntos &#8211; de validez 2 a\u00f1os<\/span><\/p>\n<p><span title=\"a.3) Tradicional \u2013 Internet-based Teste (IBT) - m\u00ednimo de 80 pontos \u2013 validade 2 anos\n\n\">a.3) Tradicional &#8211; prueba basada en Internet (IBT) &#8211; 80 puntos &#8211; de validez 2 a\u00f1os<\/span><\/p>\n<p><span title=\"b) Cambridge CAE (Certificate in Advanced English) \u2013 validade 5 anos\n\n\">b) Cambridge CAE (Certificate in Advanced Espanhol) &#8211; la vida de 5 a\u00f1os<\/span><\/p>\n<p><span title=\"c) IELTS (International English Language Testing System) \u2013 m\u00ednimo de 6,0 pontos \u2013 validade 2 anos\n\n\">c) IELTS (Sistema Internacional de Evaluaci\u00f3n de Ingl\u00e9s Language) &#8211; m\u00ednimo de 6,0 puntos &#8211; de validez 2 a\u00f1os<\/span><\/p>\n<p><span title=\"d) TEAP (Test of English for Academic Purposes) \u2013 m\u00ednimo de 70 pontos \u2013 validade 2 anos\n\n\">d) PETE (Examen de Ingl\u00e9s para fines acad\u00e9micos) &#8211; m\u00ednimo de 70 puntos &#8211; de validez 2 a\u00f1os<\/p>\n<p><\/span><\/p>\n<p><span title=\"Aos alunos estrangeiros, al\u00e9m da profici\u00eancia em l\u00edngua inglesa, \u00e9 exigida tamb\u00e9m a profici\u00eancia em l\u00edngua portuguesa, demonstrada por meio da apresenta\u00e7\u00e3o de um dos certificados mencionados abaixo, dentro do prazo de validade de 2 anos:\n\n\">Los estudiantes extranjeros, adem\u00e1s de dominio del idioma Ingl\u00e9s tambi\u00e9n se requiere dominio del idioma Ingl\u00e9s, demostrado por la presentaci\u00f3n de uno de los certificados mencionados a continuaci\u00f3n, dentro del per\u00edodo de validez de 2 a\u00f1os:<\/span><\/p>\n<p><span title=\"a) CELPE-Bras\n\n\">a) CELPE-Bras<\/span><\/p>\n<p><span title=\"b) REPORTA\n\n\">b) Informes<\/p>\n<p><\/span><\/p>\n<p><span title=\"PRAZO PARA APRESENTA\u00c7\u00c3O DO CERTIFICADO: 12 (doze) meses ap\u00f3s a data da primeira matr\u00edcula no Curso.\n\n\">PLAZO PARA CERTIFICADO DE PRESENTACI\u00d3N: doce (12) meses despu\u00e9s de la fecha de la primera inscripci\u00f3n en el Curso.<\/p>\n<p><\/span><\/p>\n<p><span title=\"ATEN\u00c7\u00c3O: A n\u00e3o apresenta\u00e7\u00e3o da comprova\u00e7\u00e3o da profici\u00eancia, com a pontua\u00e7\u00e3o m\u00ednima exigida e dentro do prazo estabelecido acarretar\u00e1 no desligamento do aluno no curso.\">ADVERTENCIA: Si no acreditaci\u00f3n de la capacitaci\u00f3n, con una puntuaci\u00f3n m\u00ednima requerida y dentro del plazo dar\u00e1 lugar a la parada del estudiante en el curso.<\/span><\/span><\/p>","protected":false},"excerpt":{"rendered":"<p>Todos los estudiantes deben demostrar su destreza en Ingl\u00e9s, tanto para el maestro como para [&hellip;]<\/p>\n","protected":false},"author":207,"featured_media":0,"parent":0,"menu_order":0,"comment_status":"closed","ping_status":"closed","template":"","meta":{"footnotes":"","_links_to":"","_links_to_target":""},"class_list":["post-417","page","type-page","status-publish","hentry"],"_links":{"self":[{"href":"https:\/\/sites.usp.br\/pgperioforp\/es\/wp-json\/wp\/v2\/pages\/417","targetHints":{"allow":["GET"]}}],"collection":[{"href":"https:\/\/sites.usp.br\/pgperioforp\/es\/wp-json\/wp\/v2\/pages"}],"about":[{"href":"https:\/\/sites.usp.br\/pgperioforp\/es\/wp-json\/wp\/v2\/types\/page"}],"author":[{"embeddable":true,"href":"https:\/\/sites.usp.br\/pgperioforp\/es\/wp-json\/wp\/v2\/users\/207"}],"replies":[{"embeddable":true,"href":"https:\/\/sites.usp.br\/pgperioforp\/es\/wp-json\/wp\/v2\/comments?post=417"}],"version-history":[{"count":3,"href":"https:\/\/sites.usp.br\/pgperioforp\/es\/wp-json\/wp\/v2\/pages\/417\/revisions"}],"predecessor-version":[{"id":979,"href":"https:\/\/sites.usp.br\/pgperioforp\/es\/wp-json\/wp\/v2\/pages\/417\/revisions\/979"}],"wp:attachment":[{"href":"https:\/\/sites.usp.br\/pgperioforp\/es\/wp-json\/wp\/v2\/media?parent=417"}],"curies":[{"name":"wp","href":"https:\/\/api.w.org\/{rel}","templated":true}]}}